{"id":518579,"date":"2025-12-03T11:12:11","date_gmt":"2025-12-03T11:12:15","guid":{"rendered":"https:\/\/www.erresse-shop.it\/?post_type=product&#038;p=518579"},"modified":"2025-12-03T14:09:49","modified_gmt":"2025-12-03T14:09:49","slug":"opposit-lot-de-6-verres","status":"publish","type":"product","link":"https:\/\/www.erresse-shop.it\/fr\/shop\/table-fr-2\/verres\/opposit-lot-de-6-verres\/","title":{"rendered":"OPPOSIT Lot de 6 Verres de No\u00ebl"},"content":{"rendered":"<p>Apportez une touche festive \u00e0 vos boissons avec nos charmants verres\u00a0! Ce ravissant ensemble de verres est orn\u00e9 de figurines de No\u00ebl miniatures. Parfaits pour maintenir vos boissons \u00e0 la temp\u00e9rature id\u00e9ale, ils y ajoutent une note de magie des f\u00eates.<\/p>\n<p>Mat\u00e9riau\u00a0: Verre<\/p>\n","protected":false},"excerpt":{"rendered":"<p>Apportez une touche festive \u00e0 vos boissons avec nos charmants verres\u00a0! Ce ravissant ensemble de verres est orn\u00e9 de figurines<\/p>\n","protected":false},"featured_media":518585,"template":"","meta":{"_acf_changed":false,"inline_featured_image":false},"product_cat":[12782,12784],"product_tag":[23910,21327,14895,14889,15730],"acf":[],"yoast_head":"<!-- This site is optimized with the Yoast SEO Premium plugin v18.6 (Yoast SEO v19.13) - https:\/\/yoast.com\/wordpress\/plugins\/seo\/ -->\n<title>OPPOSIT Lot de 6 Verres de No\u00ebl - Erresse Shop<\/title>\n<meta name=\"description\" content=\"Apportez une touche festive \u00e0 vos boissons avec nos charmants verres\u00a0! Ce ravissant ensemble de verres est orn\u00e9 de figurines de No\u00ebl miniatures. Parfaits\" \/>\n<meta name=\"robots\" content=\"index, follow, max-snippet:-1, max-image-preview:large, max-video-preview:-1\" \/>\n<link rel=\"canonical\" href=\"https:\/\/www.erresse-shop.it\/fr\/shop\/table-fr-2\/verres\/opposit-lot-de-6-verres\/\" \/>\n<meta property=\"og:locale\" content=\"fr_FR\" \/>\n<meta property=\"og:type\" content=\"article\" \/>\n<meta property=\"og:title\" content=\"OPPOSIT Lot de 6 Verres de No\u00ebl\" \/>\n<meta property=\"og:description\" content=\"Apportez une touche festive \u00e0 vos boissons avec nos charmants verres\u00a0! Ce ravissant ensemble de verres est orn\u00e9 de figurines de No\u00ebl miniatures. Parfaits\" \/>\n<meta property=\"og:url\" content=\"https:\/\/www.erresse-shop.it\/fr\/shop\/table-fr-2\/verres\/opposit-lot-de-6-verres\/\" \/>\n<meta property=\"og:site_name\" content=\"Erresse Shop\" \/>\n<meta property=\"article:modified_time\" content=\"2025-12-03T14:09:49+00:00\" \/>\n<meta property=\"og:image\" content=\"https:\/\/www.erresse-shop.it\/wp-content\/uploads\/2025\/12\/OPPOSIT-Set-6-Bicchieri.jpg\" \/>\n\t<meta property=\"og:image:width\" content=\"1200\" \/>\n\t<meta property=\"og:image:height\" content=\"1200\" \/>\n\t<meta property=\"og:image:type\" content=\"image\/jpeg\" \/>\n<meta name=\"twitter:card\" content=\"summary_large_image\" \/>\n<script type=\"application\/ld+json\" class=\"yoast-schema-graph\">{\"@context\":\"https:\/\/schema.org\",\"@graph\":[{\"@type\":\"WebPage\",\"@id\":\"https:\/\/www.erresse-shop.it\/fr\/shop\/table-fr-2\/verres\/opposit-lot-de-6-verres\/\",\"url\":\"https:\/\/www.erresse-shop.it\/fr\/shop\/table-fr-2\/verres\/opposit-lot-de-6-verres\/\",\"name\":\"OPPOSIT Lot de 6 Verres de No\u00ebl - Erresse Shop\",\"isPartOf\":{\"@id\":\"https:\/\/www.erresse-shop.it\/fr\/#website\"},\"datePublished\":\"2025-12-03T11:12:15+00:00\",\"dateModified\":\"2025-12-03T14:09:49+00:00\",\"description\":\"Apportez une touche festive \u00e0 vos boissons avec nos charmants verres\u00a0! Ce ravissant ensemble de verres est orn\u00e9 de figurines de No\u00ebl miniatures. Parfaits\",\"breadcrumb\":{\"@id\":\"https:\/\/www.erresse-shop.it\/fr\/shop\/table-fr-2\/verres\/opposit-lot-de-6-verres\/#breadcrumb\"},\"inLanguage\":\"fr-FR\",\"potentialAction\":[{\"@type\":\"ReadAction\",\"target\":[\"https:\/\/www.erresse-shop.it\/fr\/shop\/table-fr-2\/verres\/opposit-lot-de-6-verres\/\"]}]},{\"@type\":\"BreadcrumbList\",\"@id\":\"https:\/\/www.erresse-shop.it\/fr\/shop\/table-fr-2\/verres\/opposit-lot-de-6-verres\/#breadcrumb\",\"itemListElement\":[{\"@type\":\"ListItem\",\"position\":1,\"name\":\"Home\",\"item\":\"https:\/\/www.erresse-shop.it\/fr\/\"},{\"@type\":\"ListItem\",\"position\":2,\"name\":\"Shop\",\"item\":\"https:\/\/www.erresse-shop.it\/fr\/shop\/\"},{\"@type\":\"ListItem\",\"position\":3,\"name\":\"OPPOSIT Lot de 6 Verres de No\u00ebl\"}]},{\"@type\":\"WebSite\",\"@id\":\"https:\/\/www.erresse-shop.it\/fr\/#website\",\"url\":\"https:\/\/www.erresse-shop.it\/fr\/\",\"name\":\"Erresse Shop\",\"description\":\"Articoli di qualit\u00e0 per la casa\",\"potentialAction\":[{\"@type\":\"SearchAction\",\"target\":{\"@type\":\"EntryPoint\",\"urlTemplate\":\"https:\/\/www.erresse-shop.it\/fr\/?s={search_term_string}\"},\"query-input\":\"required name=search_term_string\"}],\"inLanguage\":\"fr-FR\"}]}<\/script>\n<!-- \/ Yoast SEO Premium plugin. -->","yoast_head_json":{"title":"OPPOSIT Lot de 6 Verres de No\u00ebl - Erresse Shop","description":"Apportez une touche festive \u00e0 vos boissons avec nos charmants verres\u00a0! Ce ravissant ensemble de verres est orn\u00e9 de figurines de No\u00ebl miniatures. Parfaits","robots":{"index":"index","follow":"follow","max-snippet":"max-snippet:-1","max-image-preview":"max-image-preview:large","max-video-preview":"max-video-preview:-1"},"canonical":"https:\/\/www.erresse-shop.it\/fr\/shop\/table-fr-2\/verres\/opposit-lot-de-6-verres\/","og_locale":"fr_FR","og_type":"article","og_title":"OPPOSIT Lot de 6 Verres de No\u00ebl","og_description":"Apportez une touche festive \u00e0 vos boissons avec nos charmants verres\u00a0! Ce ravissant ensemble de verres est orn\u00e9 de figurines de No\u00ebl miniatures. Parfaits","og_url":"https:\/\/www.erresse-shop.it\/fr\/shop\/table-fr-2\/verres\/opposit-lot-de-6-verres\/","og_site_name":"Erresse Shop","article_modified_time":"2025-12-03T14:09:49+00:00","og_image":[{"width":1200,"height":1200,"url":"https:\/\/www.erresse-shop.it\/wp-content\/uploads\/2025\/12\/OPPOSIT-Set-6-Bicchieri.jpg","type":"image\/jpeg"}],"twitter_card":"summary_large_image","schema":{"@context":"https:\/\/schema.org","@graph":[{"@type":"WebPage","@id":"https:\/\/www.erresse-shop.it\/fr\/shop\/table-fr-2\/verres\/opposit-lot-de-6-verres\/","url":"https:\/\/www.erresse-shop.it\/fr\/shop\/table-fr-2\/verres\/opposit-lot-de-6-verres\/","name":"OPPOSIT Lot de 6 Verres de No\u00ebl - Erresse Shop","isPartOf":{"@id":"https:\/\/www.erresse-shop.it\/fr\/#website"},"datePublished":"2025-12-03T11:12:15+00:00","dateModified":"2025-12-03T14:09:49+00:00","description":"Apportez une touche festive \u00e0 vos boissons avec nos charmants verres\u00a0! Ce ravissant ensemble de verres est orn\u00e9 de figurines de No\u00ebl miniatures. Parfaits","breadcrumb":{"@id":"https:\/\/www.erresse-shop.it\/fr\/shop\/table-fr-2\/verres\/opposit-lot-de-6-verres\/#breadcrumb"},"inLanguage":"fr-FR","potentialAction":[{"@type":"ReadAction","target":["https:\/\/www.erresse-shop.it\/fr\/shop\/table-fr-2\/verres\/opposit-lot-de-6-verres\/"]}]},{"@type":"BreadcrumbList","@id":"https:\/\/www.erresse-shop.it\/fr\/shop\/table-fr-2\/verres\/opposit-lot-de-6-verres\/#breadcrumb","itemListElement":[{"@type":"ListItem","position":1,"name":"Home","item":"https:\/\/www.erresse-shop.it\/fr\/"},{"@type":"ListItem","position":2,"name":"Shop","item":"https:\/\/www.erresse-shop.it\/fr\/shop\/"},{"@type":"ListItem","position":3,"name":"OPPOSIT Lot de 6 Verres de No\u00ebl"}]},{"@type":"WebSite","@id":"https:\/\/www.erresse-shop.it\/fr\/#website","url":"https:\/\/www.erresse-shop.it\/fr\/","name":"Erresse Shop","description":"Articoli di qualit\u00e0 per la casa","potentialAction":[{"@type":"SearchAction","target":{"@type":"EntryPoint","urlTemplate":"https:\/\/www.erresse-shop.it\/fr\/?s={search_term_string}"},"query-input":"required name=search_term_string"}],"inLanguage":"fr-FR"}]}},"df_price":51.45,"df_sale_price":51.45,"df_regular_price":73.5,"df_image_link":"https:\/\/www.erresse-shop.it\/wp-content\/uploads\/2025\/12\/OPPOSIT-Set-6-Bicchieri-300x300.jpg","_links":{"self":[{"href":"https:\/\/www.erresse-shop.it\/fr\/wp-json\/wp\/v2\/product\/518579"}],"collection":[{"href":"https:\/\/www.erresse-shop.it\/fr\/wp-json\/wp\/v2\/product"}],"about":[{"href":"https:\/\/www.erresse-shop.it\/fr\/wp-json\/wp\/v2\/types\/product"}],"wp:featuredmedia":[{"embeddable":true,"href":"https:\/\/www.erresse-shop.it\/fr\/wp-json\/wp\/v2\/media\/518585"}],"wp:attachment":[{"href":"https:\/\/www.erresse-shop.it\/fr\/wp-json\/wp\/v2\/media?parent=518579"}],"wp:term":[{"taxonomy":"product_cat","embeddable":true,"href":"https:\/\/www.erresse-shop.it\/fr\/wp-json\/wp\/v2\/product_cat?post=518579"},{"taxonomy":"product_tag","embeddable":true,"href":"https:\/\/www.erresse-shop.it\/fr\/wp-json\/wp\/v2\/product_tag?post=518579"}],"curies":[{"name":"wp","href":"https:\/\/api.w.org\/{rel}","templated":true}]}}