{"id":518445,"date":"2025-12-02T14:33:49","date_gmt":"2025-12-02T14:33:53","guid":{"rendered":"https:\/\/www.erresse-shop.it\/?post_type=product&#038;p=518445"},"modified":"2026-02-12T06:31:20","modified_gmt":"2026-02-12T06:31:20","slug":"toms-drag-plateau-m","status":"publish","type":"product","link":"https:\/\/www.erresse-shop.it\/fr\/shop\/table-fr-2\/plateaux\/toms-drag-plateau-m\/","title":{"rendered":"TOM&#8217;S DRAG Plateau M"},"content":{"rendered":"<p><strong>Dimensions<\/strong> : 38 x 38 cm, H 11,5 cm \/ <strong>Int\u00e9rieur<\/strong> : 32,5 x 32,5 cm<\/p>\n<p><strong>Mat\u00e9riau<\/strong> : Marmorin<\/p>\n<p><strong>Plateau M<\/strong> : Avec une touche de couleur vive apport\u00e9e par une pi\u00e8ce Drag\u00ae, affirmez votre style. Chaque pi\u00e8ce est plus originale et excentrique que la pr\u00e9c\u00e9dente, mais toutes attirent le regard et se distinguent dans n&#8217;importe quel int\u00e9rieur.<\/p>\n","protected":false},"excerpt":{"rendered":"<p>Dimensions : 38 x 38 cm, H 11,5 cm \/ Int\u00e9rieur : 32,5 x 32,5 cm Mat\u00e9riau : Marmorin Plateau<\/p>\n","protected":false},"featured_media":518456,"template":"","meta":{"_acf_changed":false,"inline_featured_image":false},"product_cat":[12792,12782],"product_tag":[25036,25021,14261,13499],"acf":[],"yoast_head":"<!-- This site is optimized with the Yoast SEO Premium plugin v18.6 (Yoast SEO v19.13) - https:\/\/yoast.com\/wordpress\/plugins\/seo\/ -->\n<title>TOM&#039;S DRAG Plateau M - Erresse Shop<\/title>\n<meta name=\"description\" content=\"Dimensions : 38 x 38 cm, H 11,5 cm \/ Int\u00e9rieur : 32,5 x 32,5 cm Mat\u00e9riau : Marmorin Plateau M : Avec une touche de couleur vive apport\u00e9e par une pi\u00e8ce\" \/>\n<meta name=\"robots\" content=\"index, follow, max-snippet:-1, max-image-preview:large, max-video-preview:-1\" \/>\n<link rel=\"canonical\" href=\"https:\/\/www.erresse-shop.it\/fr\/shop\/table-fr-2\/plateaux\/toms-drag-plateau-m\/\" \/>\n<meta property=\"og:locale\" content=\"fr_FR\" \/>\n<meta property=\"og:type\" content=\"article\" \/>\n<meta property=\"og:title\" content=\"TOM&#039;S DRAG Plateau M\" \/>\n<meta property=\"og:description\" content=\"Dimensions : 38 x 38 cm, H 11,5 cm \/ Int\u00e9rieur : 32,5 x 32,5 cm Mat\u00e9riau : Marmorin Plateau M : Avec une touche de couleur vive apport\u00e9e par une pi\u00e8ce\" \/>\n<meta property=\"og:url\" content=\"https:\/\/www.erresse-shop.it\/fr\/shop\/table-fr-2\/plateaux\/toms-drag-plateau-m\/\" \/>\n<meta property=\"og:site_name\" content=\"Erresse Shop\" \/>\n<meta property=\"article:modified_time\" content=\"2026-02-12T06:31:20+00:00\" \/>\n<meta property=\"og:image\" content=\"https:\/\/www.erresse-shop.it\/wp-content\/uploads\/2025\/12\/TOMS-DRAG-Vassoio-M.jpg\" \/>\n\t<meta property=\"og:image:width\" content=\"1200\" \/>\n\t<meta property=\"og:image:height\" content=\"1200\" \/>\n\t<meta property=\"og:image:type\" content=\"image\/jpeg\" \/>\n<meta name=\"twitter:card\" content=\"summary_large_image\" \/>\n<script type=\"application\/ld+json\" class=\"yoast-schema-graph\">{\"@context\":\"https:\/\/schema.org\",\"@graph\":[{\"@type\":\"WebPage\",\"@id\":\"https:\/\/www.erresse-shop.it\/fr\/shop\/table-fr-2\/plateaux\/toms-drag-plateau-m\/\",\"url\":\"https:\/\/www.erresse-shop.it\/fr\/shop\/table-fr-2\/plateaux\/toms-drag-plateau-m\/\",\"name\":\"TOM'S DRAG Plateau M - Erresse Shop\",\"isPartOf\":{\"@id\":\"https:\/\/www.erresse-shop.it\/fr\/#website\"},\"datePublished\":\"2025-12-02T14:33:53+00:00\",\"dateModified\":\"2026-02-12T06:31:20+00:00\",\"description\":\"Dimensions : 38 x 38 cm, H 11,5 cm \/ Int\u00e9rieur : 32,5 x 32,5 cm Mat\u00e9riau : Marmorin Plateau M : Avec une touche de couleur vive apport\u00e9e par une pi\u00e8ce\",\"breadcrumb\":{\"@id\":\"https:\/\/www.erresse-shop.it\/fr\/shop\/table-fr-2\/plateaux\/toms-drag-plateau-m\/#breadcrumb\"},\"inLanguage\":\"fr-FR\",\"potentialAction\":[{\"@type\":\"ReadAction\",\"target\":[\"https:\/\/www.erresse-shop.it\/fr\/shop\/table-fr-2\/plateaux\/toms-drag-plateau-m\/\"]}]},{\"@type\":\"BreadcrumbList\",\"@id\":\"https:\/\/www.erresse-shop.it\/fr\/shop\/table-fr-2\/plateaux\/toms-drag-plateau-m\/#breadcrumb\",\"itemListElement\":[{\"@type\":\"ListItem\",\"position\":1,\"name\":\"Home\",\"item\":\"https:\/\/www.erresse-shop.it\/fr\/\"},{\"@type\":\"ListItem\",\"position\":2,\"name\":\"Shop\",\"item\":\"https:\/\/www.erresse-shop.it\/fr\/shop\/\"},{\"@type\":\"ListItem\",\"position\":3,\"name\":\"TOM&#8217;S DRAG Plateau M\"}]},{\"@type\":\"WebSite\",\"@id\":\"https:\/\/www.erresse-shop.it\/fr\/#website\",\"url\":\"https:\/\/www.erresse-shop.it\/fr\/\",\"name\":\"Erresse Shop\",\"description\":\"Articoli di qualit\u00e0 per la casa\",\"potentialAction\":[{\"@type\":\"SearchAction\",\"target\":{\"@type\":\"EntryPoint\",\"urlTemplate\":\"https:\/\/www.erresse-shop.it\/fr\/?s={search_term_string}\"},\"query-input\":\"required name=search_term_string\"}],\"inLanguage\":\"fr-FR\"}]}<\/script>\n<!-- \/ Yoast SEO Premium plugin. -->","yoast_head_json":{"title":"TOM'S DRAG Plateau M - Erresse Shop","description":"Dimensions : 38 x 38 cm, H 11,5 cm \/ Int\u00e9rieur : 32,5 x 32,5 cm Mat\u00e9riau : Marmorin Plateau M : Avec une touche de couleur vive apport\u00e9e par une pi\u00e8ce","robots":{"index":"index","follow":"follow","max-snippet":"max-snippet:-1","max-image-preview":"max-image-preview:large","max-video-preview":"max-video-preview:-1"},"canonical":"https:\/\/www.erresse-shop.it\/fr\/shop\/table-fr-2\/plateaux\/toms-drag-plateau-m\/","og_locale":"fr_FR","og_type":"article","og_title":"TOM'S DRAG Plateau M","og_description":"Dimensions : 38 x 38 cm, H 11,5 cm \/ Int\u00e9rieur : 32,5 x 32,5 cm Mat\u00e9riau : Marmorin Plateau M : Avec une touche de couleur vive apport\u00e9e par une pi\u00e8ce","og_url":"https:\/\/www.erresse-shop.it\/fr\/shop\/table-fr-2\/plateaux\/toms-drag-plateau-m\/","og_site_name":"Erresse Shop","article_modified_time":"2026-02-12T06:31:20+00:00","og_image":[{"width":1200,"height":1200,"url":"https:\/\/www.erresse-shop.it\/wp-content\/uploads\/2025\/12\/TOMS-DRAG-Vassoio-M.jpg","type":"image\/jpeg"}],"twitter_card":"summary_large_image","schema":{"@context":"https:\/\/schema.org","@graph":[{"@type":"WebPage","@id":"https:\/\/www.erresse-shop.it\/fr\/shop\/table-fr-2\/plateaux\/toms-drag-plateau-m\/","url":"https:\/\/www.erresse-shop.it\/fr\/shop\/table-fr-2\/plateaux\/toms-drag-plateau-m\/","name":"TOM'S DRAG Plateau M - Erresse Shop","isPartOf":{"@id":"https:\/\/www.erresse-shop.it\/fr\/#website"},"datePublished":"2025-12-02T14:33:53+00:00","dateModified":"2026-02-12T06:31:20+00:00","description":"Dimensions : 38 x 38 cm, H 11,5 cm \/ Int\u00e9rieur : 32,5 x 32,5 cm Mat\u00e9riau : Marmorin Plateau M : Avec une touche de couleur vive apport\u00e9e par une pi\u00e8ce","breadcrumb":{"@id":"https:\/\/www.erresse-shop.it\/fr\/shop\/table-fr-2\/plateaux\/toms-drag-plateau-m\/#breadcrumb"},"inLanguage":"fr-FR","potentialAction":[{"@type":"ReadAction","target":["https:\/\/www.erresse-shop.it\/fr\/shop\/table-fr-2\/plateaux\/toms-drag-plateau-m\/"]}]},{"@type":"BreadcrumbList","@id":"https:\/\/www.erresse-shop.it\/fr\/shop\/table-fr-2\/plateaux\/toms-drag-plateau-m\/#breadcrumb","itemListElement":[{"@type":"ListItem","position":1,"name":"Home","item":"https:\/\/www.erresse-shop.it\/fr\/"},{"@type":"ListItem","position":2,"name":"Shop","item":"https:\/\/www.erresse-shop.it\/fr\/shop\/"},{"@type":"ListItem","position":3,"name":"TOM&#8217;S DRAG Plateau M"}]},{"@type":"WebSite","@id":"https:\/\/www.erresse-shop.it\/fr\/#website","url":"https:\/\/www.erresse-shop.it\/fr\/","name":"Erresse Shop","description":"Articoli di qualit\u00e0 per la casa","potentialAction":[{"@type":"SearchAction","target":{"@type":"EntryPoint","urlTemplate":"https:\/\/www.erresse-shop.it\/fr\/?s={search_term_string}"},"query-input":"required name=search_term_string"}],"inLanguage":"fr-FR"}]}},"df_price":139,"df_sale_price":139,"df_regular_price":199,"df_image_link":"https:\/\/www.erresse-shop.it\/wp-content\/uploads\/2025\/12\/TOMS-DRAG-Vassoio-M-300x300.jpg","_links":{"self":[{"href":"https:\/\/www.erresse-shop.it\/fr\/wp-json\/wp\/v2\/product\/518445"}],"collection":[{"href":"https:\/\/www.erresse-shop.it\/fr\/wp-json\/wp\/v2\/product"}],"about":[{"href":"https:\/\/www.erresse-shop.it\/fr\/wp-json\/wp\/v2\/types\/product"}],"wp:featuredmedia":[{"embeddable":true,"href":"https:\/\/www.erresse-shop.it\/fr\/wp-json\/wp\/v2\/media\/518456"}],"wp:attachment":[{"href":"https:\/\/www.erresse-shop.it\/fr\/wp-json\/wp\/v2\/media?parent=518445"}],"wp:term":[{"taxonomy":"product_cat","embeddable":true,"href":"https:\/\/www.erresse-shop.it\/fr\/wp-json\/wp\/v2\/product_cat?post=518445"},{"taxonomy":"product_tag","embeddable":true,"href":"https:\/\/www.erresse-shop.it\/fr\/wp-json\/wp\/v2\/product_tag?post=518445"}],"curies":[{"name":"wp","href":"https:\/\/api.w.org\/{rel}","templated":true}]}}