{"id":518260,"date":"2025-12-01T08:28:40","date_gmt":"2025-12-01T08:28:46","guid":{"rendered":"https:\/\/www.erresse-shop.it\/?post_type=product&#038;p=518260"},"modified":"2025-12-01T08:42:49","modified_gmt":"2025-12-01T08:42:49","slug":"opposit-lot-de-2-verres-arbre-de-noel","status":"publish","type":"product","link":"https:\/\/www.erresse-shop.it\/fr\/shop\/table-fr-2\/verres\/opposit-lot-de-2-verres-arbre-de-noel\/","title":{"rendered":"OPPOSIT Lot de 2 verres Arbre de No\u00ebl"},"content":{"rendered":"<p>Apportez une touche festive \u00e0 vos boissons avec nos adorables verres sapin de No\u00ebl\u00a0! Ce ravissant ensemble de deux verres pr\u00e9sente un mini sapin de No\u00ebl vert nich\u00e9 dans un verre transparent. Parfaits pour maintenir vos boissons \u00e0 la temp\u00e9rature id\u00e9ale, ils y insufflent une ambiance de f\u00eates.<\/p>\n<p>Mat\u00e9riau : Verre<\/p>\n","protected":false},"excerpt":{"rendered":"<p>Apportez une touche festive \u00e0 vos boissons avec nos adorables verres sapin de No\u00ebl\u00a0! Ce ravissant ensemble de deux verres<\/p>\n","protected":false},"featured_media":518271,"template":"","meta":{"_acf_changed":false,"inline_featured_image":false},"product_cat":[12782,12784],"product_tag":[23910,21327,14895,14889,15730],"acf":[],"yoast_head":"<!-- This site is optimized with the Yoast SEO Premium plugin v18.6 (Yoast SEO v19.13) - https:\/\/yoast.com\/wordpress\/plugins\/seo\/ -->\n<title>OPPOSIT Lot de 2 verres Arbre de No\u00ebl - Erresse Shop<\/title>\n<meta name=\"description\" content=\"Apportez une touche festive \u00e0 vos boissons avec nos adorables verres sapin de No\u00ebl\u00a0! Ce ravissant ensemble de deux verres pr\u00e9sente un mini sapin de No\u00ebl\" \/>\n<meta name=\"robots\" content=\"index, follow, max-snippet:-1, max-image-preview:large, max-video-preview:-1\" \/>\n<link rel=\"canonical\" href=\"https:\/\/www.erresse-shop.it\/fr\/shop\/table-fr-2\/verres\/opposit-lot-de-2-verres-arbre-de-noel\/\" \/>\n<meta property=\"og:locale\" content=\"fr_FR\" \/>\n<meta property=\"og:type\" content=\"article\" \/>\n<meta property=\"og:title\" content=\"OPPOSIT Lot de 2 verres Arbre de No\u00ebl\" \/>\n<meta property=\"og:description\" content=\"Apportez une touche festive \u00e0 vos boissons avec nos adorables verres sapin de No\u00ebl\u00a0! Ce ravissant ensemble de deux verres pr\u00e9sente un mini sapin de No\u00ebl\" \/>\n<meta property=\"og:url\" content=\"https:\/\/www.erresse-shop.it\/fr\/shop\/table-fr-2\/verres\/opposit-lot-de-2-verres-arbre-de-noel\/\" \/>\n<meta property=\"og:site_name\" content=\"Erresse Shop\" \/>\n<meta property=\"article:modified_time\" content=\"2025-12-01T08:42:49+00:00\" \/>\n<meta property=\"og:image\" content=\"https:\/\/www.erresse-shop.it\/wp-content\/uploads\/2025\/12\/OPPOSIT-Set-2-Bicchieri-Albero-di-Natale.jpg\" \/>\n\t<meta property=\"og:image:width\" content=\"1200\" \/>\n\t<meta property=\"og:image:height\" content=\"1200\" \/>\n\t<meta property=\"og:image:type\" content=\"image\/jpeg\" \/>\n<meta name=\"twitter:card\" content=\"summary_large_image\" \/>\n<script type=\"application\/ld+json\" class=\"yoast-schema-graph\">{\"@context\":\"https:\/\/schema.org\",\"@graph\":[{\"@type\":\"WebPage\",\"@id\":\"https:\/\/www.erresse-shop.it\/fr\/shop\/table-fr-2\/verres\/opposit-lot-de-2-verres-arbre-de-noel\/\",\"url\":\"https:\/\/www.erresse-shop.it\/fr\/shop\/table-fr-2\/verres\/opposit-lot-de-2-verres-arbre-de-noel\/\",\"name\":\"OPPOSIT Lot de 2 verres Arbre de No\u00ebl - Erresse Shop\",\"isPartOf\":{\"@id\":\"https:\/\/www.erresse-shop.it\/fr\/#website\"},\"datePublished\":\"2025-12-01T08:28:46+00:00\",\"dateModified\":\"2025-12-01T08:42:49+00:00\",\"description\":\"Apportez une touche festive \u00e0 vos boissons avec nos adorables verres sapin de No\u00ebl\u00a0! Ce ravissant ensemble de deux verres pr\u00e9sente un mini sapin de No\u00ebl\",\"breadcrumb\":{\"@id\":\"https:\/\/www.erresse-shop.it\/fr\/shop\/table-fr-2\/verres\/opposit-lot-de-2-verres-arbre-de-noel\/#breadcrumb\"},\"inLanguage\":\"fr-FR\",\"potentialAction\":[{\"@type\":\"ReadAction\",\"target\":[\"https:\/\/www.erresse-shop.it\/fr\/shop\/table-fr-2\/verres\/opposit-lot-de-2-verres-arbre-de-noel\/\"]}]},{\"@type\":\"BreadcrumbList\",\"@id\":\"https:\/\/www.erresse-shop.it\/fr\/shop\/table-fr-2\/verres\/opposit-lot-de-2-verres-arbre-de-noel\/#breadcrumb\",\"itemListElement\":[{\"@type\":\"ListItem\",\"position\":1,\"name\":\"Home\",\"item\":\"https:\/\/www.erresse-shop.it\/fr\/\"},{\"@type\":\"ListItem\",\"position\":2,\"name\":\"Shop\",\"item\":\"https:\/\/www.erresse-shop.it\/fr\/shop\/\"},{\"@type\":\"ListItem\",\"position\":3,\"name\":\"OPPOSIT Lot de 2 verres Arbre de No\u00ebl\"}]},{\"@type\":\"WebSite\",\"@id\":\"https:\/\/www.erresse-shop.it\/fr\/#website\",\"url\":\"https:\/\/www.erresse-shop.it\/fr\/\",\"name\":\"Erresse Shop\",\"description\":\"Articoli di qualit\u00e0 per la casa\",\"potentialAction\":[{\"@type\":\"SearchAction\",\"target\":{\"@type\":\"EntryPoint\",\"urlTemplate\":\"https:\/\/www.erresse-shop.it\/fr\/?s={search_term_string}\"},\"query-input\":\"required name=search_term_string\"}],\"inLanguage\":\"fr-FR\"}]}<\/script>\n<!-- \/ Yoast SEO Premium plugin. -->","yoast_head_json":{"title":"OPPOSIT Lot de 2 verres Arbre de No\u00ebl - Erresse Shop","description":"Apportez une touche festive \u00e0 vos boissons avec nos adorables verres sapin de No\u00ebl\u00a0! Ce ravissant ensemble de deux verres pr\u00e9sente un mini sapin de No\u00ebl","robots":{"index":"index","follow":"follow","max-snippet":"max-snippet:-1","max-image-preview":"max-image-preview:large","max-video-preview":"max-video-preview:-1"},"canonical":"https:\/\/www.erresse-shop.it\/fr\/shop\/table-fr-2\/verres\/opposit-lot-de-2-verres-arbre-de-noel\/","og_locale":"fr_FR","og_type":"article","og_title":"OPPOSIT Lot de 2 verres Arbre de No\u00ebl","og_description":"Apportez une touche festive \u00e0 vos boissons avec nos adorables verres sapin de No\u00ebl\u00a0! Ce ravissant ensemble de deux verres pr\u00e9sente un mini sapin de No\u00ebl","og_url":"https:\/\/www.erresse-shop.it\/fr\/shop\/table-fr-2\/verres\/opposit-lot-de-2-verres-arbre-de-noel\/","og_site_name":"Erresse Shop","article_modified_time":"2025-12-01T08:42:49+00:00","og_image":[{"width":1200,"height":1200,"url":"https:\/\/www.erresse-shop.it\/wp-content\/uploads\/2025\/12\/OPPOSIT-Set-2-Bicchieri-Albero-di-Natale.jpg","type":"image\/jpeg"}],"twitter_card":"summary_large_image","schema":{"@context":"https:\/\/schema.org","@graph":[{"@type":"WebPage","@id":"https:\/\/www.erresse-shop.it\/fr\/shop\/table-fr-2\/verres\/opposit-lot-de-2-verres-arbre-de-noel\/","url":"https:\/\/www.erresse-shop.it\/fr\/shop\/table-fr-2\/verres\/opposit-lot-de-2-verres-arbre-de-noel\/","name":"OPPOSIT Lot de 2 verres Arbre de No\u00ebl - Erresse Shop","isPartOf":{"@id":"https:\/\/www.erresse-shop.it\/fr\/#website"},"datePublished":"2025-12-01T08:28:46+00:00","dateModified":"2025-12-01T08:42:49+00:00","description":"Apportez une touche festive \u00e0 vos boissons avec nos adorables verres sapin de No\u00ebl\u00a0! Ce ravissant ensemble de deux verres pr\u00e9sente un mini sapin de No\u00ebl","breadcrumb":{"@id":"https:\/\/www.erresse-shop.it\/fr\/shop\/table-fr-2\/verres\/opposit-lot-de-2-verres-arbre-de-noel\/#breadcrumb"},"inLanguage":"fr-FR","potentialAction":[{"@type":"ReadAction","target":["https:\/\/www.erresse-shop.it\/fr\/shop\/table-fr-2\/verres\/opposit-lot-de-2-verres-arbre-de-noel\/"]}]},{"@type":"BreadcrumbList","@id":"https:\/\/www.erresse-shop.it\/fr\/shop\/table-fr-2\/verres\/opposit-lot-de-2-verres-arbre-de-noel\/#breadcrumb","itemListElement":[{"@type":"ListItem","position":1,"name":"Home","item":"https:\/\/www.erresse-shop.it\/fr\/"},{"@type":"ListItem","position":2,"name":"Shop","item":"https:\/\/www.erresse-shop.it\/fr\/shop\/"},{"@type":"ListItem","position":3,"name":"OPPOSIT Lot de 2 verres Arbre de No\u00ebl"}]},{"@type":"WebSite","@id":"https:\/\/www.erresse-shop.it\/fr\/#website","url":"https:\/\/www.erresse-shop.it\/fr\/","name":"Erresse Shop","description":"Articoli di qualit\u00e0 per la casa","potentialAction":[{"@type":"SearchAction","target":{"@type":"EntryPoint","urlTemplate":"https:\/\/www.erresse-shop.it\/fr\/?s={search_term_string}"},"query-input":"required name=search_term_string"}],"inLanguage":"fr-FR"}]}},"df_price":19.95,"df_sale_price":19.95,"df_regular_price":24.5,"df_image_link":"https:\/\/www.erresse-shop.it\/wp-content\/uploads\/2025\/12\/OPPOSIT-Set-2-Bicchieri-Albero-di-Natale-300x300.jpg","_links":{"self":[{"href":"https:\/\/www.erresse-shop.it\/fr\/wp-json\/wp\/v2\/product\/518260"}],"collection":[{"href":"https:\/\/www.erresse-shop.it\/fr\/wp-json\/wp\/v2\/product"}],"about":[{"href":"https:\/\/www.erresse-shop.it\/fr\/wp-json\/wp\/v2\/types\/product"}],"wp:featuredmedia":[{"embeddable":true,"href":"https:\/\/www.erresse-shop.it\/fr\/wp-json\/wp\/v2\/media\/518271"}],"wp:attachment":[{"href":"https:\/\/www.erresse-shop.it\/fr\/wp-json\/wp\/v2\/media?parent=518260"}],"wp:term":[{"taxonomy":"product_cat","embeddable":true,"href":"https:\/\/www.erresse-shop.it\/fr\/wp-json\/wp\/v2\/product_cat?post=518260"},{"taxonomy":"product_tag","embeddable":true,"href":"https:\/\/www.erresse-shop.it\/fr\/wp-json\/wp\/v2\/product_tag?post=518260"}],"curies":[{"name":"wp","href":"https:\/\/api.w.org\/{rel}","templated":true}]}}