{"id":518215,"date":"2025-12-01T07:10:38","date_gmt":"2025-12-01T07:10:42","guid":{"rendered":"https:\/\/www.erresse-shop.it\/?post_type=product&#038;p=518215"},"modified":"2026-01-30T10:39:31","modified_gmt":"2026-01-30T10:39:31","slug":"jura-machine-a-cafe-e8-cosmic-black","status":"publish","type":"product","link":"https:\/\/www.erresse-shop.it\/fr\/shop\/petits-electromenagers\/machines-cafe\/automatique\/jura-machine-a-cafe-e8-cosmic-black\/","title":{"rendered":"JURA Machine \u00e0 caf\u00e9 E8 Cosmic Black"},"content":{"rendered":"<h2>Aim\u00e9e, d\u00e9sir\u00e9e, admir\u00e9e<\/h2>\n<p>La machine \u00e0 caf\u00e9 automatique la plus populaire de JURA en est \u00e0 sa cinqui\u00e8me g\u00e9n\u00e9ration, avec des fonctionnalit\u00e9s pratiques de pointe et trois modes de d\u00e9gustation exceptionnels. Caf\u00e9 chaud classique, caf\u00e9 l\u00e9ger et mousse onctueuse offrent des moments de plaisir incomparables avec la E8.<\/p>\n<h3>Une technologie de pointe pour une simplicit\u00e9 d&#8217;utilisation optimale<\/h3>\n<p>La E8 offre un confort sans pr\u00e9c\u00e9dent. Gr\u00e2ce \u00e0 la minuterie et au syst\u00e8me J.O.E.\u00ae, votre caf\u00e9 du matin est pr\u00eat d\u00e8s votre r\u00e9veil\u00a0: le moyen id\u00e9al de bien commencer la journ\u00e9e.<\/p>\n<p>L&#8217;assistant qualit\u00e9 assure un entretien plus efficace de la E8 et une hygi\u00e8ne maximale pour un plaisir in\u00e9gal\u00e9.<\/p>\n<p>Les amateurs de caf\u00e9 peuvent facilement naviguer parmi les diff\u00e9rents modes de d\u00e9gustation, identifi\u00e9s par un code couleur pour plus de simplicit\u00e9, sur l&#8217;\u00e9cran couleur de 3,5 pouces avec boutons lat\u00e9raux.<\/p>\n<h3>Une \u00e9l\u00e9gance moderne<\/h3>\n<p>Son design est embl\u00e9matique et le souci du d\u00e9tail est \u00e9vident. La machine E8 t\u00e9moigne d&#8217;une pr\u00e9cision remarquable dans l&#8217;utilisation de mat\u00e9riaux haut de gamme, tandis que ses lignes \u00e9pur\u00e9es et sa largeur de 27 cm expriment une grande \u00e9l\u00e9gance.<\/p>\n<p>Sa couleur souligne son profil moderne et intemporel, mettant en valeur son caract\u00e8re raffin\u00e9 et \u00e9l\u00e9gant.<\/p>\n<h3>Caf\u00e9 chaud classique, caf\u00e9 l\u00e9ger tendance et caf\u00e9 sucr\u00e9 pour les amateurs<\/h3>\n<p>Dans sa derni\u00e8re g\u00e9n\u00e9ration, la E8 r\u00e9unit trois univers de plaisir. Outre le caf\u00e9 chaud traditionnel, elle sert des caf\u00e9s l\u00e9gers \u00e0 la temp\u00e9rature id\u00e9ale et vous invite \u00e9galement \u00e0 savourer une finale d\u00e9licatement sucr\u00e9e.<\/p>\n<p>Sa gamme comprend 27 sp\u00e9cialit\u00e9s qui conf\u00e8rent \u00e0 chaque instant caf\u00e9 sa note pr\u00e9f\u00e9r\u00e9e et des ar\u00f4mes harmonieux\u00a0: du caf\u00e9 chaud au caf\u00e9 l\u00e9ger en passant par le caf\u00e9 sucr\u00e9.<\/p>\n<h3>Une mouture pr\u00e9cise pour chaque sp\u00e9cialit\u00e9<\/h3>\n<p>Un caf\u00e9 d&#8217;exception est le fruit d&#8217;ingr\u00e9dients de premi\u00e8re qualit\u00e9 et d&#8217;une pr\u00e9paration irr\u00e9prochable. Pour garantir une pr\u00e9paration parfaite de chaque sp\u00e9cialit\u00e9 d\u00e8s la premi\u00e8re tasse, la E8 est \u00e9quip\u00e9e d&#8217;un broyeur P.A.G.2. Le P.A.G.2 reprend sa position initiale apr\u00e8s chaque cycle de mouture, permettant ainsi une lib\u00e9ration optimale des ar\u00f4mes du caf\u00e9.<\/p>\n<p>Ce moulin offre \u00e9galement des performances constantes et une longue dur\u00e9e de vie.<\/p>\n<p><strong>Sp\u00e9cialit\u00e9s disponibles\u00a0:<\/strong><\/p>\n<ul>\n<li><strong data-start=\"157\" data-end=\"183\">27 sp\u00e9cialit\u00e9s de caf\u00e9<\/strong>, dont\u00a0: Espresso, Light Brew, 2\u00d7, Americano, Lungo, Cortado (\u00e9galement Sweet\/Light Brew), Cappuccino (\u00e9galement Sweet\/Light Brew), Flat White (\u00e9galement Sweet\/Light Brew), Latte Macchiato (\u00e9galement Sweet\/Light Brew), portion de mousse de lait, eau chaude.<\/li>\n<\/ul>\n<p><strong>Caract\u00e9ristiques techniques\u00a0:<\/strong><\/p>\n<ul>\n<li>Capacit\u00e9 du r\u00e9servoir d&#8217;eau\u00a0: 1,9\u00a0l<\/li>\n<li>Capacit\u00e9 du bac \u00e0 grains\u00a0: 280\u00a0g<\/li>\n<li>R\u00e9cipient \u00e0 marc de caf\u00e9\u00a0: 16\u00a0portions<\/li>\n<li>Poids\u00a0: 10\u00a0kg<\/li>\n<li>Dimensions\u00a0: 27\u00a0\u00d7\u00a034,8\u00a0\u00d7\u00a044,6\u00a0cm<\/li>\n<li>Puissance\u00a0: 1450 W<\/li>\n<\/ul>\n<p><strong>Autres d\u00e9tails\u00a0:<\/strong><\/p>\n<ul>\n<li>Pays de fabrication\u00a0: Portugal<\/li>\n<li>Ann\u00e9e mod\u00e8le\u00a0: 2025<\/li>\n<\/ul>\n","protected":false},"excerpt":{"rendered":"<p>Aim\u00e9e, d\u00e9sir\u00e9e, admir\u00e9e La machine \u00e0 caf\u00e9 automatique la plus populaire de JURA en est \u00e0 sa cinqui\u00e8me g\u00e9n\u00e9ration, avec<\/p>\n","protected":false},"featured_media":518246,"template":"","meta":{"_acf_changed":false,"inline_featured_image":false},"product_cat":[25360,12764,12449],"product_tag":[23563,20780,13254,23568],"acf":[],"yoast_head":"<!-- This site is optimized with the Yoast SEO Premium plugin v18.6 (Yoast SEO v19.13) - https:\/\/yoast.com\/wordpress\/plugins\/seo\/ -->\n<title>JURA Machine \u00e0 caf\u00e9 E8 Cosmic Black - Erresse Shop<\/title>\n<meta name=\"description\" content=\"Aim\u00e9e, d\u00e9sir\u00e9e, admir\u00e9e La machine \u00e0 caf\u00e9 automatique la plus populaire de JURA en est \u00e0 sa cinqui\u00e8me g\u00e9n\u00e9ration, avec des fonctionnalit\u00e9s pratiques de\" \/>\n<meta name=\"robots\" content=\"index, follow, max-snippet:-1, max-image-preview:large, max-video-preview:-1\" \/>\n<link rel=\"canonical\" href=\"https:\/\/www.erresse-shop.it\/fr\/shop\/petits-electromenagers\/machines-cafe\/automatique\/jura-machine-a-cafe-e8-cosmic-black\/\" \/>\n<meta property=\"og:locale\" content=\"fr_FR\" \/>\n<meta property=\"og:type\" content=\"article\" \/>\n<meta property=\"og:title\" content=\"JURA Machine \u00e0 caf\u00e9 E8 Cosmic Black\" \/>\n<meta property=\"og:description\" content=\"Aim\u00e9e, d\u00e9sir\u00e9e, admir\u00e9e La machine \u00e0 caf\u00e9 automatique la plus populaire de JURA en est \u00e0 sa cinqui\u00e8me g\u00e9n\u00e9ration, avec des fonctionnalit\u00e9s pratiques de\" \/>\n<meta property=\"og:url\" content=\"https:\/\/www.erresse-shop.it\/fr\/shop\/petits-electromenagers\/machines-cafe\/automatique\/jura-machine-a-cafe-e8-cosmic-black\/\" \/>\n<meta property=\"og:site_name\" content=\"Erresse Shop\" \/>\n<meta property=\"article:modified_time\" content=\"2026-01-30T10:39:31+00:00\" \/>\n<meta property=\"og:image\" content=\"https:\/\/www.erresse-shop.it\/wp-content\/uploads\/2025\/12\/JURA-Macchina-Da-Caffe-E8-Cosmic-Black.jpg\" \/>\n\t<meta property=\"og:image:width\" content=\"1200\" \/>\n\t<meta property=\"og:image:height\" content=\"1200\" \/>\n\t<meta property=\"og:image:type\" content=\"image\/jpeg\" \/>\n<meta name=\"twitter:card\" content=\"summary_large_image\" \/>\n<script type=\"application\/ld+json\" class=\"yoast-schema-graph\">{\"@context\":\"https:\/\/schema.org\",\"@graph\":[{\"@type\":\"WebPage\",\"@id\":\"https:\/\/www.erresse-shop.it\/fr\/shop\/petits-electromenagers\/machines-cafe\/automatique\/jura-machine-a-cafe-e8-cosmic-black\/\",\"url\":\"https:\/\/www.erresse-shop.it\/fr\/shop\/petits-electromenagers\/machines-cafe\/automatique\/jura-machine-a-cafe-e8-cosmic-black\/\",\"name\":\"JURA Machine \u00e0 caf\u00e9 E8 Cosmic Black - Erresse Shop\",\"isPartOf\":{\"@id\":\"https:\/\/www.erresse-shop.it\/fr\/#website\"},\"datePublished\":\"2025-12-01T07:10:42+00:00\",\"dateModified\":\"2026-01-30T10:39:31+00:00\",\"description\":\"Aim\u00e9e, d\u00e9sir\u00e9e, admir\u00e9e La machine \u00e0 caf\u00e9 automatique la plus populaire de JURA en est \u00e0 sa cinqui\u00e8me g\u00e9n\u00e9ration, avec des fonctionnalit\u00e9s pratiques de\",\"breadcrumb\":{\"@id\":\"https:\/\/www.erresse-shop.it\/fr\/shop\/petits-electromenagers\/machines-cafe\/automatique\/jura-machine-a-cafe-e8-cosmic-black\/#breadcrumb\"},\"inLanguage\":\"fr-FR\",\"potentialAction\":[{\"@type\":\"ReadAction\",\"target\":[\"https:\/\/www.erresse-shop.it\/fr\/shop\/petits-electromenagers\/machines-cafe\/automatique\/jura-machine-a-cafe-e8-cosmic-black\/\"]}]},{\"@type\":\"BreadcrumbList\",\"@id\":\"https:\/\/www.erresse-shop.it\/fr\/shop\/petits-electromenagers\/machines-cafe\/automatique\/jura-machine-a-cafe-e8-cosmic-black\/#breadcrumb\",\"itemListElement\":[{\"@type\":\"ListItem\",\"position\":1,\"name\":\"Home\",\"item\":\"https:\/\/www.erresse-shop.it\/fr\/\"},{\"@type\":\"ListItem\",\"position\":2,\"name\":\"Shop\",\"item\":\"https:\/\/www.erresse-shop.it\/fr\/shop\/\"},{\"@type\":\"ListItem\",\"position\":3,\"name\":\"JURA Machine \u00e0 caf\u00e9 E8 Cosmic Black\"}]},{\"@type\":\"WebSite\",\"@id\":\"https:\/\/www.erresse-shop.it\/fr\/#website\",\"url\":\"https:\/\/www.erresse-shop.it\/fr\/\",\"name\":\"Erresse Shop\",\"description\":\"Articoli di qualit\u00e0 per la casa\",\"potentialAction\":[{\"@type\":\"SearchAction\",\"target\":{\"@type\":\"EntryPoint\",\"urlTemplate\":\"https:\/\/www.erresse-shop.it\/fr\/?s={search_term_string}\"},\"query-input\":\"required name=search_term_string\"}],\"inLanguage\":\"fr-FR\"}]}<\/script>\n<!-- \/ Yoast SEO Premium plugin. -->","yoast_head_json":{"title":"JURA Machine \u00e0 caf\u00e9 E8 Cosmic Black - Erresse Shop","description":"Aim\u00e9e, d\u00e9sir\u00e9e, admir\u00e9e La machine \u00e0 caf\u00e9 automatique la plus populaire de JURA en est \u00e0 sa cinqui\u00e8me g\u00e9n\u00e9ration, avec des fonctionnalit\u00e9s pratiques de","robots":{"index":"index","follow":"follow","max-snippet":"max-snippet:-1","max-image-preview":"max-image-preview:large","max-video-preview":"max-video-preview:-1"},"canonical":"https:\/\/www.erresse-shop.it\/fr\/shop\/petits-electromenagers\/machines-cafe\/automatique\/jura-machine-a-cafe-e8-cosmic-black\/","og_locale":"fr_FR","og_type":"article","og_title":"JURA Machine \u00e0 caf\u00e9 E8 Cosmic Black","og_description":"Aim\u00e9e, d\u00e9sir\u00e9e, admir\u00e9e La machine \u00e0 caf\u00e9 automatique la plus populaire de JURA en est \u00e0 sa cinqui\u00e8me g\u00e9n\u00e9ration, avec des fonctionnalit\u00e9s pratiques de","og_url":"https:\/\/www.erresse-shop.it\/fr\/shop\/petits-electromenagers\/machines-cafe\/automatique\/jura-machine-a-cafe-e8-cosmic-black\/","og_site_name":"Erresse Shop","article_modified_time":"2026-01-30T10:39:31+00:00","og_image":[{"width":1200,"height":1200,"url":"https:\/\/www.erresse-shop.it\/wp-content\/uploads\/2025\/12\/JURA-Macchina-Da-Caffe-E8-Cosmic-Black.jpg","type":"image\/jpeg"}],"twitter_card":"summary_large_image","schema":{"@context":"https:\/\/schema.org","@graph":[{"@type":"WebPage","@id":"https:\/\/www.erresse-shop.it\/fr\/shop\/petits-electromenagers\/machines-cafe\/automatique\/jura-machine-a-cafe-e8-cosmic-black\/","url":"https:\/\/www.erresse-shop.it\/fr\/shop\/petits-electromenagers\/machines-cafe\/automatique\/jura-machine-a-cafe-e8-cosmic-black\/","name":"JURA Machine \u00e0 caf\u00e9 E8 Cosmic Black - Erresse Shop","isPartOf":{"@id":"https:\/\/www.erresse-shop.it\/fr\/#website"},"datePublished":"2025-12-01T07:10:42+00:00","dateModified":"2026-01-30T10:39:31+00:00","description":"Aim\u00e9e, d\u00e9sir\u00e9e, admir\u00e9e La machine \u00e0 caf\u00e9 automatique la plus populaire de JURA en est \u00e0 sa cinqui\u00e8me g\u00e9n\u00e9ration, avec des fonctionnalit\u00e9s pratiques de","breadcrumb":{"@id":"https:\/\/www.erresse-shop.it\/fr\/shop\/petits-electromenagers\/machines-cafe\/automatique\/jura-machine-a-cafe-e8-cosmic-black\/#breadcrumb"},"inLanguage":"fr-FR","potentialAction":[{"@type":"ReadAction","target":["https:\/\/www.erresse-shop.it\/fr\/shop\/petits-electromenagers\/machines-cafe\/automatique\/jura-machine-a-cafe-e8-cosmic-black\/"]}]},{"@type":"BreadcrumbList","@id":"https:\/\/www.erresse-shop.it\/fr\/shop\/petits-electromenagers\/machines-cafe\/automatique\/jura-machine-a-cafe-e8-cosmic-black\/#breadcrumb","itemListElement":[{"@type":"ListItem","position":1,"name":"Home","item":"https:\/\/www.erresse-shop.it\/fr\/"},{"@type":"ListItem","position":2,"name":"Shop","item":"https:\/\/www.erresse-shop.it\/fr\/shop\/"},{"@type":"ListItem","position":3,"name":"JURA Machine \u00e0 caf\u00e9 E8 Cosmic Black"}]},{"@type":"WebSite","@id":"https:\/\/www.erresse-shop.it\/fr\/#website","url":"https:\/\/www.erresse-shop.it\/fr\/","name":"Erresse Shop","description":"Articoli di qualit\u00e0 per la casa","potentialAction":[{"@type":"SearchAction","target":{"@type":"EntryPoint","urlTemplate":"https:\/\/www.erresse-shop.it\/fr\/?s={search_term_string}"},"query-input":"required name=search_term_string"}],"inLanguage":"fr-FR"}]}},"df_price":1187.1000000000001,"df_sale_price":1187.1000000000001,"df_regular_price":1319,"df_image_link":"https:\/\/www.erresse-shop.it\/wp-content\/uploads\/2025\/12\/JURA-Macchina-Da-Caffe-E8-Cosmic-Black-300x300.jpg","_links":{"self":[{"href":"https:\/\/www.erresse-shop.it\/fr\/wp-json\/wp\/v2\/product\/518215"}],"collection":[{"href":"https:\/\/www.erresse-shop.it\/fr\/wp-json\/wp\/v2\/product"}],"about":[{"href":"https:\/\/www.erresse-shop.it\/fr\/wp-json\/wp\/v2\/types\/product"}],"wp:featuredmedia":[{"embeddable":true,"href":"https:\/\/www.erresse-shop.it\/fr\/wp-json\/wp\/v2\/media\/518246"}],"wp:attachment":[{"href":"https:\/\/www.erresse-shop.it\/fr\/wp-json\/wp\/v2\/media?parent=518215"}],"wp:term":[{"taxonomy":"product_cat","embeddable":true,"href":"https:\/\/www.erresse-shop.it\/fr\/wp-json\/wp\/v2\/product_cat?post=518215"},{"taxonomy":"product_tag","embeddable":true,"href":"https:\/\/www.erresse-shop.it\/fr\/wp-json\/wp\/v2\/product_tag?post=518215"}],"curies":[{"name":"wp","href":"https:\/\/api.w.org\/{rel}","templated":true}]}}