{"id":517928,"date":"2025-11-25T07:13:49","date_gmt":"2025-11-25T07:13:53","guid":{"rendered":"https:\/\/www.erresse-shop.it\/?post_type=product&#038;p=517928"},"modified":"2025-11-25T07:21:45","modified_gmt":"2025-11-25T07:21:45","slug":"toms-drag-acrobat-8","status":"publish","type":"product","link":"https:\/\/www.erresse-shop.it\/fr\/shop\/ameublement-maison\/objets-de-decoration\/toms-drag-acrobat-8\/","title":{"rendered":"TOM&#8217;S DRAG Acrobat"},"content":{"rendered":"<p><strong>Dimensions : <\/strong>L 72 x H 38 cm<strong><br \/>\nMati\u00e8re<\/strong> : r\u00e9sine<\/p>\n<p><strong>Acrobate<\/strong><\/p>\n<p>Il n&#8217;y a pas de cirque sans acrobaties \u00e0 couper le souffle. Tom s&#8217;est donc aventur\u00e9 dans l&#8217;univers onirique et magique de la piste et a cr\u00e9\u00e9 d&#8217;\u00e9l\u00e9gantes figurines aux formes fi\u00e8res et gracieuses, toutes d\u00e9cor\u00e9es dans le style caract\u00e9ristique de Tom&#8217;s Drag. Cette collection noble et exclusive s&#8217;inspire du monde du cirque. Les acrobates semblent flotter dans les airs gr\u00e2ce \u00e0 leurs mouvements incroyables.<\/p>\n<p>Cet article est fabriqu\u00e9 et peint \u00e0 la main. De ce fait, les variations de couleur, de motif, de ton, les petites imperfections de colle ou de peinture et les irr\u00e9gularit\u00e9s sont des caract\u00e9ristiques sp\u00e9cifiques du produit et t\u00e9moignent de son savoir-faire artisanal.<\/p>\n<p>Chaque article Tom&#8217;s Drag commence par quelques croquis rapides que l&#8217;artiste r\u00e9alise, puis transforme en une image d\u00e9taill\u00e9e. Une \u00e9bauche est ensuite sculpt\u00e9e \u00e0 la main dans du bois, dont la taille et les proportions refl\u00e8tent celles de la pi\u00e8ce finale. Elle est peinte \u00e0 la main par l&#8217;artiste, cr\u00e9ant ainsi le prototype \u00e0 partir duquel sera ensuite r\u00e9alis\u00e9 le moule en caoutchouc. Ce moule en caoutchouc est essentiel \u00e0 toutes les \u0153uvres de Tom&#8217;s Drag. On y coule du marmorino liquide, un m\u00e9lange de marbre broy\u00e9 et de r\u00e9sine synth\u00e9tique, qui se solidifie ensuite. La pi\u00e8ce, initialement d&#8217;un blanc opaque, est alors peinte en blanc puis ponc\u00e9e. \u00c0 ce stade, les contours des zones color\u00e9es sont dessin\u00e9s au crayon, servant de rep\u00e8re \u00e0 l&#8217;artiste pour la mise en peinture. L&#8217;\u0153uvre est achev\u00e9e par une couche de r\u00e9sine qui fixe les couleurs.<\/p>\n","protected":false},"excerpt":{"rendered":"<p>Dimensions : L 72 x H 38 cm Mati\u00e8re : r\u00e9sine Acrobate Il n&#8217;y a pas de cirque sans acrobaties<\/p>\n","protected":false},"featured_media":517939,"template":"","meta":{"_acf_changed":false,"inline_featured_image":false},"product_cat":[12738,14441],"product_tag":[25036,17145,25021,16993],"acf":[],"yoast_head":"<!-- This site is optimized with the Yoast SEO Premium plugin v18.6 (Yoast SEO v19.13) - https:\/\/yoast.com\/wordpress\/plugins\/seo\/ -->\n<title>TOM&#039;S DRAG Acrobat<\/title>\n<meta name=\"description\" content=\"D\u00e9couvrez TOM&#039;S DRAG Acrobat sur ErresseShop. Qualit\u00e9, prix r\u00e9duits et achat s\u00e9curis\u00e9 \u2013 commandez d\u00e8s maintenant en ligne !\" \/>\n<meta name=\"robots\" content=\"index, follow, max-snippet:-1, max-image-preview:large, max-video-preview:-1\" \/>\n<link rel=\"canonical\" href=\"https:\/\/www.erresse-shop.it\/fr\/shop\/ameublement-maison\/objets-de-decoration\/toms-drag-acrobat-8\/\" \/>\n<meta property=\"og:locale\" content=\"fr_FR\" \/>\n<meta property=\"og:type\" content=\"article\" \/>\n<meta property=\"og:title\" content=\"TOM&#039;S DRAG Acrobat\" \/>\n<meta property=\"og:description\" content=\"D\u00e9couvrez TOM&#039;S DRAG Acrobat sur ErresseShop. Qualit\u00e9, prix r\u00e9duits et achat s\u00e9curis\u00e9 \u2013 commandez d\u00e8s maintenant en ligne !\" \/>\n<meta property=\"og:url\" content=\"https:\/\/www.erresse-shop.it\/fr\/shop\/ameublement-maison\/objets-de-decoration\/toms-drag-acrobat-8\/\" \/>\n<meta property=\"og:site_name\" content=\"Erresse Shop\" \/>\n<meta property=\"article:modified_time\" content=\"2025-11-25T07:21:45+00:00\" \/>\n<meta property=\"og:image\" content=\"https:\/\/www.erresse-shop.it\/wp-content\/uploads\/2025\/11\/TOMS-DRAG-Acrobata-4800.jpg\" \/>\n\t<meta property=\"og:image:width\" content=\"1200\" \/>\n\t<meta property=\"og:image:height\" content=\"1200\" \/>\n\t<meta property=\"og:image:type\" content=\"image\/jpeg\" \/>\n<meta name=\"twitter:card\" content=\"summary_large_image\" \/>\n<script type=\"application\/ld+json\" class=\"yoast-schema-graph\">{\"@context\":\"https:\/\/schema.org\",\"@graph\":[{\"@type\":\"WebPage\",\"@id\":\"https:\/\/www.erresse-shop.it\/fr\/shop\/ameublement-maison\/objets-de-decoration\/toms-drag-acrobat-8\/\",\"url\":\"https:\/\/www.erresse-shop.it\/fr\/shop\/ameublement-maison\/objets-de-decoration\/toms-drag-acrobat-8\/\",\"name\":\"TOM'S DRAG Acrobat\",\"isPartOf\":{\"@id\":\"https:\/\/www.erresse-shop.it\/fr\/#website\"},\"datePublished\":\"2025-11-25T07:13:53+00:00\",\"dateModified\":\"2025-11-25T07:21:45+00:00\",\"description\":\"D\u00e9couvrez TOM'S DRAG Acrobat sur ErresseShop. Qualit\u00e9, prix r\u00e9duits et achat s\u00e9curis\u00e9 \u2013 commandez d\u00e8s maintenant en ligne !\",\"breadcrumb\":{\"@id\":\"https:\/\/www.erresse-shop.it\/fr\/shop\/ameublement-maison\/objets-de-decoration\/toms-drag-acrobat-8\/#breadcrumb\"},\"inLanguage\":\"fr-FR\",\"potentialAction\":[{\"@type\":\"ReadAction\",\"target\":[\"https:\/\/www.erresse-shop.it\/fr\/shop\/ameublement-maison\/objets-de-decoration\/toms-drag-acrobat-8\/\"]}]},{\"@type\":\"BreadcrumbList\",\"@id\":\"https:\/\/www.erresse-shop.it\/fr\/shop\/ameublement-maison\/objets-de-decoration\/toms-drag-acrobat-8\/#breadcrumb\",\"itemListElement\":[{\"@type\":\"ListItem\",\"position\":1,\"name\":\"Home\",\"item\":\"https:\/\/www.erresse-shop.it\/fr\/\"},{\"@type\":\"ListItem\",\"position\":2,\"name\":\"Shop\",\"item\":\"https:\/\/www.erresse-shop.it\/fr\/shop\/\"},{\"@type\":\"ListItem\",\"position\":3,\"name\":\"TOM&#8217;S DRAG Acrobat\"}]},{\"@type\":\"WebSite\",\"@id\":\"https:\/\/www.erresse-shop.it\/fr\/#website\",\"url\":\"https:\/\/www.erresse-shop.it\/fr\/\",\"name\":\"Erresse Shop\",\"description\":\"Articoli di qualit\u00e0 per la casa\",\"potentialAction\":[{\"@type\":\"SearchAction\",\"target\":{\"@type\":\"EntryPoint\",\"urlTemplate\":\"https:\/\/www.erresse-shop.it\/fr\/?s={search_term_string}\"},\"query-input\":\"required name=search_term_string\"}],\"inLanguage\":\"fr-FR\"}]}<\/script>\n<!-- \/ Yoast SEO Premium plugin. -->","yoast_head_json":{"title":"TOM'S DRAG Acrobat","description":"D\u00e9couvrez TOM'S DRAG Acrobat sur ErresseShop. Qualit\u00e9, prix r\u00e9duits et achat s\u00e9curis\u00e9 \u2013 commandez d\u00e8s maintenant en ligne !","robots":{"index":"index","follow":"follow","max-snippet":"max-snippet:-1","max-image-preview":"max-image-preview:large","max-video-preview":"max-video-preview:-1"},"canonical":"https:\/\/www.erresse-shop.it\/fr\/shop\/ameublement-maison\/objets-de-decoration\/toms-drag-acrobat-8\/","og_locale":"fr_FR","og_type":"article","og_title":"TOM'S DRAG Acrobat","og_description":"D\u00e9couvrez TOM'S DRAG Acrobat sur ErresseShop. Qualit\u00e9, prix r\u00e9duits et achat s\u00e9curis\u00e9 \u2013 commandez d\u00e8s maintenant en ligne !","og_url":"https:\/\/www.erresse-shop.it\/fr\/shop\/ameublement-maison\/objets-de-decoration\/toms-drag-acrobat-8\/","og_site_name":"Erresse Shop","article_modified_time":"2025-11-25T07:21:45+00:00","og_image":[{"width":1200,"height":1200,"url":"https:\/\/www.erresse-shop.it\/wp-content\/uploads\/2025\/11\/TOMS-DRAG-Acrobata-4800.jpg","type":"image\/jpeg"}],"twitter_card":"summary_large_image","schema":{"@context":"https:\/\/schema.org","@graph":[{"@type":"WebPage","@id":"https:\/\/www.erresse-shop.it\/fr\/shop\/ameublement-maison\/objets-de-decoration\/toms-drag-acrobat-8\/","url":"https:\/\/www.erresse-shop.it\/fr\/shop\/ameublement-maison\/objets-de-decoration\/toms-drag-acrobat-8\/","name":"TOM'S DRAG Acrobat","isPartOf":{"@id":"https:\/\/www.erresse-shop.it\/fr\/#website"},"datePublished":"2025-11-25T07:13:53+00:00","dateModified":"2025-11-25T07:21:45+00:00","description":"D\u00e9couvrez TOM'S DRAG Acrobat sur ErresseShop. Qualit\u00e9, prix r\u00e9duits et achat s\u00e9curis\u00e9 \u2013 commandez d\u00e8s maintenant en ligne !","breadcrumb":{"@id":"https:\/\/www.erresse-shop.it\/fr\/shop\/ameublement-maison\/objets-de-decoration\/toms-drag-acrobat-8\/#breadcrumb"},"inLanguage":"fr-FR","potentialAction":[{"@type":"ReadAction","target":["https:\/\/www.erresse-shop.it\/fr\/shop\/ameublement-maison\/objets-de-decoration\/toms-drag-acrobat-8\/"]}]},{"@type":"BreadcrumbList","@id":"https:\/\/www.erresse-shop.it\/fr\/shop\/ameublement-maison\/objets-de-decoration\/toms-drag-acrobat-8\/#breadcrumb","itemListElement":[{"@type":"ListItem","position":1,"name":"Home","item":"https:\/\/www.erresse-shop.it\/fr\/"},{"@type":"ListItem","position":2,"name":"Shop","item":"https:\/\/www.erresse-shop.it\/fr\/shop\/"},{"@type":"ListItem","position":3,"name":"TOM&#8217;S DRAG Acrobat"}]},{"@type":"WebSite","@id":"https:\/\/www.erresse-shop.it\/fr\/#website","url":"https:\/\/www.erresse-shop.it\/fr\/","name":"Erresse Shop","description":"Articoli di qualit\u00e0 per la casa","potentialAction":[{"@type":"SearchAction","target":{"@type":"EntryPoint","urlTemplate":"https:\/\/www.erresse-shop.it\/fr\/?s={search_term_string}"},"query-input":"required name=search_term_string"}],"inLanguage":"fr-FR"}]}},"df_price":258.96000000000004,"df_sale_price":258.96000000000004,"df_regular_price":498,"df_image_link":"https:\/\/www.erresse-shop.it\/wp-content\/uploads\/2025\/11\/TOMS-DRAG-Acrobata-4800-300x300.jpg","_links":{"self":[{"href":"https:\/\/www.erresse-shop.it\/fr\/wp-json\/wp\/v2\/product\/517928"}],"collection":[{"href":"https:\/\/www.erresse-shop.it\/fr\/wp-json\/wp\/v2\/product"}],"about":[{"href":"https:\/\/www.erresse-shop.it\/fr\/wp-json\/wp\/v2\/types\/product"}],"wp:featuredmedia":[{"embeddable":true,"href":"https:\/\/www.erresse-shop.it\/fr\/wp-json\/wp\/v2\/media\/517939"}],"wp:attachment":[{"href":"https:\/\/www.erresse-shop.it\/fr\/wp-json\/wp\/v2\/media?parent=517928"}],"wp:term":[{"taxonomy":"product_cat","embeddable":true,"href":"https:\/\/www.erresse-shop.it\/fr\/wp-json\/wp\/v2\/product_cat?post=517928"},{"taxonomy":"product_tag","embeddable":true,"href":"https:\/\/www.erresse-shop.it\/fr\/wp-json\/wp\/v2\/product_tag?post=517928"}],"curies":[{"name":"wp","href":"https:\/\/api.w.org\/{rel}","templated":true}]}}