{"id":517712,"date":"2025-11-21T10:07:35","date_gmt":"2025-11-21T10:07:38","guid":{"rendered":"https:\/\/www.erresse-shop.it\/?post_type=product&#038;p=517712"},"modified":"2025-11-21T10:15:09","modified_gmt":"2025-11-21T10:15:09","slug":"portmeirion-blue-italian-ensemble-de-4-bols-a-cereales","status":"publish","type":"product","link":"https:\/\/www.erresse-shop.it\/fr\/shop\/table-fr-2\/plats\/portmeirion-blue-italian-ensemble-de-4-bols-a-cereales\/","title":{"rendered":"PORTMEIRION Blue Italian Ensemble de 4 bols \u00e0 c\u00e9r\u00e9ales"},"content":{"rendered":"<p>Ce lot de quatre bols \u00e0 c\u00e9r\u00e9ales bleus italiens apportera une touche d&#8217;\u00e9l\u00e9gance intemporelle et de charme naturel \u00e0 toutes vos occasions, du petit-d\u00e9jeuner d\u00e9contract\u00e9 \u00e0 la soupe du midi, en passant par le dessert du soir. Chaque bol est orn\u00e9 d&#8217;un liser\u00e9 oriental Imari du XVIIIe si\u00e8cle finement travaill\u00e9, encadrant un paysage inspir\u00e9 de la campagne italienne, dans les tons bleus et blancs embl\u00e9matiques de la collection. Con\u00e7us dans le respect de la tradition, ces bols sont pens\u00e9s pour la vie moderne et passent au lave-vaisselle, au micro-ondes, au cong\u00e9lateur et au four.<\/p>\n<p><strong>D\u00e9tails du produit\u00a0:<\/strong><\/p>\n<p><strong>Pays de fabrication\u00a0:<\/strong> Royaume-Uni<br \/>\n<strong>Mat\u00e9riau\u00a0:<\/strong> Terre cuite<br \/>\n<strong>Hauteur\u00a0:<\/strong> 5\u00a0cm<br \/>\n<strong>Largeur\u00a0:<\/strong> 20\u00a0cm<br \/>\n<strong>Longueur\u00a0:<\/strong> 20\u00a0cm<\/p>\n","protected":false},"excerpt":{"rendered":"<p>Ce lot de quatre bols \u00e0 c\u00e9r\u00e9ales bleus italiens apportera une touche d&#8217;\u00e9l\u00e9gance intemporelle et de charme naturel \u00e0 toutes<\/p>\n","protected":false},"featured_media":517735,"template":"","meta":{"_acf_changed":false,"inline_featured_image":false},"product_cat":[12788,12782],"product_tag":[19356,15808,19357],"acf":[],"yoast_head":"<!-- This site is optimized with the Yoast SEO Premium plugin v18.6 (Yoast SEO v19.13) - https:\/\/yoast.com\/wordpress\/plugins\/seo\/ -->\n<title>PORTMEIRION Blue Italian Ensemble de 4 bols \u00e0 c\u00e9r\u00e9ales - Erresse Shop<\/title>\n<meta name=\"description\" content=\"Ce lot de quatre bols \u00e0 c\u00e9r\u00e9ales bleus italiens apportera une touche d&#039;\u00e9l\u00e9gance intemporelle et de charme naturel \u00e0 toutes vos occasions, du\" \/>\n<meta name=\"robots\" content=\"index, follow, max-snippet:-1, max-image-preview:large, max-video-preview:-1\" \/>\n<link rel=\"canonical\" href=\"https:\/\/www.erresse-shop.it\/fr\/shop\/table-fr-2\/plats\/portmeirion-blue-italian-ensemble-de-4-bols-a-cereales\/\" \/>\n<meta property=\"og:locale\" content=\"fr_FR\" \/>\n<meta property=\"og:type\" content=\"article\" \/>\n<meta property=\"og:title\" content=\"PORTMEIRION Blue Italian Ensemble de 4 bols \u00e0 c\u00e9r\u00e9ales\" \/>\n<meta property=\"og:description\" content=\"Ce lot de quatre bols \u00e0 c\u00e9r\u00e9ales bleus italiens apportera une touche d&#039;\u00e9l\u00e9gance intemporelle et de charme naturel \u00e0 toutes vos occasions, du\" \/>\n<meta property=\"og:url\" content=\"https:\/\/www.erresse-shop.it\/fr\/shop\/table-fr-2\/plats\/portmeirion-blue-italian-ensemble-de-4-bols-a-cereales\/\" \/>\n<meta property=\"og:site_name\" content=\"Erresse Shop\" \/>\n<meta property=\"article:modified_time\" content=\"2025-11-21T10:15:09+00:00\" \/>\n<meta property=\"og:image\" content=\"https:\/\/www.erresse-shop.it\/wp-content\/uploads\/2025\/11\/PORTMEIRION-Blue-Italian-Set-4-Ciotole-per-cereali.jpg\" \/>\n\t<meta property=\"og:image:width\" content=\"1200\" \/>\n\t<meta property=\"og:image:height\" content=\"1200\" \/>\n\t<meta property=\"og:image:type\" content=\"image\/jpeg\" \/>\n<meta name=\"twitter:card\" content=\"summary_large_image\" \/>\n<script type=\"application\/ld+json\" class=\"yoast-schema-graph\">{\"@context\":\"https:\/\/schema.org\",\"@graph\":[{\"@type\":\"WebPage\",\"@id\":\"https:\/\/www.erresse-shop.it\/fr\/shop\/table-fr-2\/plats\/portmeirion-blue-italian-ensemble-de-4-bols-a-cereales\/\",\"url\":\"https:\/\/www.erresse-shop.it\/fr\/shop\/table-fr-2\/plats\/portmeirion-blue-italian-ensemble-de-4-bols-a-cereales\/\",\"name\":\"PORTMEIRION Blue Italian Ensemble de 4 bols \u00e0 c\u00e9r\u00e9ales - Erresse Shop\",\"isPartOf\":{\"@id\":\"https:\/\/www.erresse-shop.it\/fr\/#website\"},\"datePublished\":\"2025-11-21T10:07:38+00:00\",\"dateModified\":\"2025-11-21T10:15:09+00:00\",\"description\":\"Ce lot de quatre bols \u00e0 c\u00e9r\u00e9ales bleus italiens apportera une touche d'\u00e9l\u00e9gance intemporelle et de charme naturel \u00e0 toutes vos occasions, du\",\"breadcrumb\":{\"@id\":\"https:\/\/www.erresse-shop.it\/fr\/shop\/table-fr-2\/plats\/portmeirion-blue-italian-ensemble-de-4-bols-a-cereales\/#breadcrumb\"},\"inLanguage\":\"fr-FR\",\"potentialAction\":[{\"@type\":\"ReadAction\",\"target\":[\"https:\/\/www.erresse-shop.it\/fr\/shop\/table-fr-2\/plats\/portmeirion-blue-italian-ensemble-de-4-bols-a-cereales\/\"]}]},{\"@type\":\"BreadcrumbList\",\"@id\":\"https:\/\/www.erresse-shop.it\/fr\/shop\/table-fr-2\/plats\/portmeirion-blue-italian-ensemble-de-4-bols-a-cereales\/#breadcrumb\",\"itemListElement\":[{\"@type\":\"ListItem\",\"position\":1,\"name\":\"Home\",\"item\":\"https:\/\/www.erresse-shop.it\/fr\/\"},{\"@type\":\"ListItem\",\"position\":2,\"name\":\"Shop\",\"item\":\"https:\/\/www.erresse-shop.it\/fr\/shop\/\"},{\"@type\":\"ListItem\",\"position\":3,\"name\":\"PORTMEIRION Blue Italian Ensemble de 4 bols \u00e0 c\u00e9r\u00e9ales\"}]},{\"@type\":\"WebSite\",\"@id\":\"https:\/\/www.erresse-shop.it\/fr\/#website\",\"url\":\"https:\/\/www.erresse-shop.it\/fr\/\",\"name\":\"Erresse Shop\",\"description\":\"Articoli di qualit\u00e0 per la casa\",\"potentialAction\":[{\"@type\":\"SearchAction\",\"target\":{\"@type\":\"EntryPoint\",\"urlTemplate\":\"https:\/\/www.erresse-shop.it\/fr\/?s={search_term_string}\"},\"query-input\":\"required name=search_term_string\"}],\"inLanguage\":\"fr-FR\"}]}<\/script>\n<!-- \/ Yoast SEO Premium plugin. -->","yoast_head_json":{"title":"PORTMEIRION Blue Italian Ensemble de 4 bols \u00e0 c\u00e9r\u00e9ales - Erresse Shop","description":"Ce lot de quatre bols \u00e0 c\u00e9r\u00e9ales bleus italiens apportera une touche d'\u00e9l\u00e9gance intemporelle et de charme naturel \u00e0 toutes vos occasions, du","robots":{"index":"index","follow":"follow","max-snippet":"max-snippet:-1","max-image-preview":"max-image-preview:large","max-video-preview":"max-video-preview:-1"},"canonical":"https:\/\/www.erresse-shop.it\/fr\/shop\/table-fr-2\/plats\/portmeirion-blue-italian-ensemble-de-4-bols-a-cereales\/","og_locale":"fr_FR","og_type":"article","og_title":"PORTMEIRION Blue Italian Ensemble de 4 bols \u00e0 c\u00e9r\u00e9ales","og_description":"Ce lot de quatre bols \u00e0 c\u00e9r\u00e9ales bleus italiens apportera une touche d'\u00e9l\u00e9gance intemporelle et de charme naturel \u00e0 toutes vos occasions, du","og_url":"https:\/\/www.erresse-shop.it\/fr\/shop\/table-fr-2\/plats\/portmeirion-blue-italian-ensemble-de-4-bols-a-cereales\/","og_site_name":"Erresse Shop","article_modified_time":"2025-11-21T10:15:09+00:00","og_image":[{"width":1200,"height":1200,"url":"https:\/\/www.erresse-shop.it\/wp-content\/uploads\/2025\/11\/PORTMEIRION-Blue-Italian-Set-4-Ciotole-per-cereali.jpg","type":"image\/jpeg"}],"twitter_card":"summary_large_image","schema":{"@context":"https:\/\/schema.org","@graph":[{"@type":"WebPage","@id":"https:\/\/www.erresse-shop.it\/fr\/shop\/table-fr-2\/plats\/portmeirion-blue-italian-ensemble-de-4-bols-a-cereales\/","url":"https:\/\/www.erresse-shop.it\/fr\/shop\/table-fr-2\/plats\/portmeirion-blue-italian-ensemble-de-4-bols-a-cereales\/","name":"PORTMEIRION Blue Italian Ensemble de 4 bols \u00e0 c\u00e9r\u00e9ales - Erresse Shop","isPartOf":{"@id":"https:\/\/www.erresse-shop.it\/fr\/#website"},"datePublished":"2025-11-21T10:07:38+00:00","dateModified":"2025-11-21T10:15:09+00:00","description":"Ce lot de quatre bols \u00e0 c\u00e9r\u00e9ales bleus italiens apportera une touche d'\u00e9l\u00e9gance intemporelle et de charme naturel \u00e0 toutes vos occasions, du","breadcrumb":{"@id":"https:\/\/www.erresse-shop.it\/fr\/shop\/table-fr-2\/plats\/portmeirion-blue-italian-ensemble-de-4-bols-a-cereales\/#breadcrumb"},"inLanguage":"fr-FR","potentialAction":[{"@type":"ReadAction","target":["https:\/\/www.erresse-shop.it\/fr\/shop\/table-fr-2\/plats\/portmeirion-blue-italian-ensemble-de-4-bols-a-cereales\/"]}]},{"@type":"BreadcrumbList","@id":"https:\/\/www.erresse-shop.it\/fr\/shop\/table-fr-2\/plats\/portmeirion-blue-italian-ensemble-de-4-bols-a-cereales\/#breadcrumb","itemListElement":[{"@type":"ListItem","position":1,"name":"Home","item":"https:\/\/www.erresse-shop.it\/fr\/"},{"@type":"ListItem","position":2,"name":"Shop","item":"https:\/\/www.erresse-shop.it\/fr\/shop\/"},{"@type":"ListItem","position":3,"name":"PORTMEIRION Blue Italian Ensemble de 4 bols \u00e0 c\u00e9r\u00e9ales"}]},{"@type":"WebSite","@id":"https:\/\/www.erresse-shop.it\/fr\/#website","url":"https:\/\/www.erresse-shop.it\/fr\/","name":"Erresse Shop","description":"Articoli di qualit\u00e0 per la casa","potentialAction":[{"@type":"SearchAction","target":{"@type":"EntryPoint","urlTemplate":"https:\/\/www.erresse-shop.it\/fr\/?s={search_term_string}"},"query-input":"required name=search_term_string"}],"inLanguage":"fr-FR"}]}},"df_price":89.95,"df_sale_price":89.95,"df_regular_price":143.87,"df_image_link":"https:\/\/www.erresse-shop.it\/wp-content\/uploads\/2025\/11\/PORTMEIRION-Blue-Italian-Set-4-Ciotole-per-cereali-300x300.jpg","_links":{"self":[{"href":"https:\/\/www.erresse-shop.it\/fr\/wp-json\/wp\/v2\/product\/517712"}],"collection":[{"href":"https:\/\/www.erresse-shop.it\/fr\/wp-json\/wp\/v2\/product"}],"about":[{"href":"https:\/\/www.erresse-shop.it\/fr\/wp-json\/wp\/v2\/types\/product"}],"wp:featuredmedia":[{"embeddable":true,"href":"https:\/\/www.erresse-shop.it\/fr\/wp-json\/wp\/v2\/media\/517735"}],"wp:attachment":[{"href":"https:\/\/www.erresse-shop.it\/fr\/wp-json\/wp\/v2\/media?parent=517712"}],"wp:term":[{"taxonomy":"product_cat","embeddable":true,"href":"https:\/\/www.erresse-shop.it\/fr\/wp-json\/wp\/v2\/product_cat?post=517712"},{"taxonomy":"product_tag","embeddable":true,"href":"https:\/\/www.erresse-shop.it\/fr\/wp-json\/wp\/v2\/product_tag?post=517712"}],"curies":[{"name":"wp","href":"https:\/\/api.w.org\/{rel}","templated":true}]}}