{"id":517683,"date":"2025-11-21T09:58:40","date_gmt":"2025-11-21T09:58:43","guid":{"rendered":"https:\/\/www.erresse-shop.it\/?post_type=product&#038;p=517683"},"modified":"2025-11-21T10:05:45","modified_gmt":"2025-11-21T10:05:45","slug":"portmeirion-blue-italian-ensemble-de-4-assiettes-a-pates","status":"publish","type":"product","link":"https:\/\/www.erresse-shop.it\/fr\/shop\/table-fr-2\/plats\/portmeirion-blue-italian-ensemble-de-4-assiettes-a-pates\/","title":{"rendered":"PORTMEIRION Blue Italian Ensemble de 4 assiettes \u00e0 p\u00e2tes"},"content":{"rendered":"<p>Servez p\u00e2tes, salades, currys, rago\u00fbts et bien plus encore avec \u00e9l\u00e9gance gr\u00e2ce \u00e0 ce lot de quatre bols \u00e0 p\u00e2tes bleus italiens. Chaque bol de 23 cm arbore le motif bleu et blanc embl\u00e9matique de la collection, rehauss\u00e9 d&#8217;une bordure orientale Imari du XVIIIe si\u00e8cle repr\u00e9sentant un paysage inspir\u00e9 de la campagne italienne. Forts d&#8217;une tradition de plus de 200 ans, ces bols \u00e0 p\u00e2tes sont con\u00e7us pour la vie moderne et les familles actives. Ils passent au lave-vaisselle, au micro-ondes, au cong\u00e9lateur et au four.<\/p>\n<p><strong>D\u00e9tails du produit\u00a0:<\/strong><\/p>\n<p><strong>Pays de fabrication\u00a0:<\/strong> Royaume-Uni<\/p>\n<p><strong>Mat\u00e9riau\u00a0:<\/strong> Terre cuite<\/p>\n<p><strong>Hauteur\u00a0:<\/strong> 2 cm<\/p>\n<p><strong>Largeur\u00a0:<\/strong> 23 cm<br \/>\n<strong>Longueur\u00a0:<\/strong> 23 cm<\/p>\n","protected":false},"excerpt":{"rendered":"<p>Servez p\u00e2tes, salades, currys, rago\u00fbts et bien plus encore avec \u00e9l\u00e9gance gr\u00e2ce \u00e0 ce lot de quatre bols \u00e0 p\u00e2tes<\/p>\n","protected":false},"featured_media":517706,"template":"","meta":{"_acf_changed":false,"inline_featured_image":false},"product_cat":[12788,12782],"product_tag":[19356,15808,19357],"acf":[],"yoast_head":"<!-- This site is optimized with the Yoast SEO Premium plugin v18.6 (Yoast SEO v19.13) - https:\/\/yoast.com\/wordpress\/plugins\/seo\/ -->\n<title>PORTMEIRION Blue Italian Ensemble de 4 assiettes \u00e0 p\u00e2tes - Erresse Shop<\/title>\n<meta name=\"description\" content=\"Servez p\u00e2tes, salades, currys, rago\u00fbts et bien plus encore avec \u00e9l\u00e9gance gr\u00e2ce \u00e0 ce lot de quatre bols \u00e0 p\u00e2tes bleus italiens. Chaque bol de 23 cm arbore\" \/>\n<meta name=\"robots\" content=\"index, follow, max-snippet:-1, max-image-preview:large, max-video-preview:-1\" \/>\n<link rel=\"canonical\" href=\"https:\/\/www.erresse-shop.it\/fr\/shop\/table-fr-2\/plats\/portmeirion-blue-italian-ensemble-de-4-assiettes-a-pates\/\" \/>\n<meta property=\"og:locale\" content=\"fr_FR\" \/>\n<meta property=\"og:type\" content=\"article\" \/>\n<meta property=\"og:title\" content=\"PORTMEIRION Blue Italian Ensemble de 4 assiettes \u00e0 p\u00e2tes\" \/>\n<meta property=\"og:description\" content=\"Servez p\u00e2tes, salades, currys, rago\u00fbts et bien plus encore avec \u00e9l\u00e9gance gr\u00e2ce \u00e0 ce lot de quatre bols \u00e0 p\u00e2tes bleus italiens. Chaque bol de 23 cm arbore\" \/>\n<meta property=\"og:url\" content=\"https:\/\/www.erresse-shop.it\/fr\/shop\/table-fr-2\/plats\/portmeirion-blue-italian-ensemble-de-4-assiettes-a-pates\/\" \/>\n<meta property=\"og:site_name\" content=\"Erresse Shop\" \/>\n<meta property=\"article:modified_time\" content=\"2025-11-21T10:05:45+00:00\" \/>\n<meta property=\"og:image\" content=\"https:\/\/www.erresse-shop.it\/wp-content\/uploads\/2025\/11\/PORTMEIRION-Blue-Italian-Set-4-Piatti-Pasta.jpg\" \/>\n\t<meta property=\"og:image:width\" content=\"1200\" \/>\n\t<meta property=\"og:image:height\" content=\"1200\" \/>\n\t<meta property=\"og:image:type\" content=\"image\/jpeg\" \/>\n<meta name=\"twitter:card\" content=\"summary_large_image\" \/>\n<script type=\"application\/ld+json\" class=\"yoast-schema-graph\">{\"@context\":\"https:\/\/schema.org\",\"@graph\":[{\"@type\":\"WebPage\",\"@id\":\"https:\/\/www.erresse-shop.it\/fr\/shop\/table-fr-2\/plats\/portmeirion-blue-italian-ensemble-de-4-assiettes-a-pates\/\",\"url\":\"https:\/\/www.erresse-shop.it\/fr\/shop\/table-fr-2\/plats\/portmeirion-blue-italian-ensemble-de-4-assiettes-a-pates\/\",\"name\":\"PORTMEIRION Blue Italian Ensemble de 4 assiettes \u00e0 p\u00e2tes - Erresse Shop\",\"isPartOf\":{\"@id\":\"https:\/\/www.erresse-shop.it\/fr\/#website\"},\"datePublished\":\"2025-11-21T09:58:43+00:00\",\"dateModified\":\"2025-11-21T10:05:45+00:00\",\"description\":\"Servez p\u00e2tes, salades, currys, rago\u00fbts et bien plus encore avec \u00e9l\u00e9gance gr\u00e2ce \u00e0 ce lot de quatre bols \u00e0 p\u00e2tes bleus italiens. Chaque bol de 23 cm arbore\",\"breadcrumb\":{\"@id\":\"https:\/\/www.erresse-shop.it\/fr\/shop\/table-fr-2\/plats\/portmeirion-blue-italian-ensemble-de-4-assiettes-a-pates\/#breadcrumb\"},\"inLanguage\":\"fr-FR\",\"potentialAction\":[{\"@type\":\"ReadAction\",\"target\":[\"https:\/\/www.erresse-shop.it\/fr\/shop\/table-fr-2\/plats\/portmeirion-blue-italian-ensemble-de-4-assiettes-a-pates\/\"]}]},{\"@type\":\"BreadcrumbList\",\"@id\":\"https:\/\/www.erresse-shop.it\/fr\/shop\/table-fr-2\/plats\/portmeirion-blue-italian-ensemble-de-4-assiettes-a-pates\/#breadcrumb\",\"itemListElement\":[{\"@type\":\"ListItem\",\"position\":1,\"name\":\"Home\",\"item\":\"https:\/\/www.erresse-shop.it\/fr\/\"},{\"@type\":\"ListItem\",\"position\":2,\"name\":\"Shop\",\"item\":\"https:\/\/www.erresse-shop.it\/fr\/shop\/\"},{\"@type\":\"ListItem\",\"position\":3,\"name\":\"PORTMEIRION Blue Italian Ensemble de 4 assiettes \u00e0 p\u00e2tes\"}]},{\"@type\":\"WebSite\",\"@id\":\"https:\/\/www.erresse-shop.it\/fr\/#website\",\"url\":\"https:\/\/www.erresse-shop.it\/fr\/\",\"name\":\"Erresse Shop\",\"description\":\"Articoli di qualit\u00e0 per la casa\",\"potentialAction\":[{\"@type\":\"SearchAction\",\"target\":{\"@type\":\"EntryPoint\",\"urlTemplate\":\"https:\/\/www.erresse-shop.it\/fr\/?s={search_term_string}\"},\"query-input\":\"required name=search_term_string\"}],\"inLanguage\":\"fr-FR\"}]}<\/script>\n<!-- \/ Yoast SEO Premium plugin. -->","yoast_head_json":{"title":"PORTMEIRION Blue Italian Ensemble de 4 assiettes \u00e0 p\u00e2tes - Erresse Shop","description":"Servez p\u00e2tes, salades, currys, rago\u00fbts et bien plus encore avec \u00e9l\u00e9gance gr\u00e2ce \u00e0 ce lot de quatre bols \u00e0 p\u00e2tes bleus italiens. Chaque bol de 23 cm arbore","robots":{"index":"index","follow":"follow","max-snippet":"max-snippet:-1","max-image-preview":"max-image-preview:large","max-video-preview":"max-video-preview:-1"},"canonical":"https:\/\/www.erresse-shop.it\/fr\/shop\/table-fr-2\/plats\/portmeirion-blue-italian-ensemble-de-4-assiettes-a-pates\/","og_locale":"fr_FR","og_type":"article","og_title":"PORTMEIRION Blue Italian Ensemble de 4 assiettes \u00e0 p\u00e2tes","og_description":"Servez p\u00e2tes, salades, currys, rago\u00fbts et bien plus encore avec \u00e9l\u00e9gance gr\u00e2ce \u00e0 ce lot de quatre bols \u00e0 p\u00e2tes bleus italiens. Chaque bol de 23 cm arbore","og_url":"https:\/\/www.erresse-shop.it\/fr\/shop\/table-fr-2\/plats\/portmeirion-blue-italian-ensemble-de-4-assiettes-a-pates\/","og_site_name":"Erresse Shop","article_modified_time":"2025-11-21T10:05:45+00:00","og_image":[{"width":1200,"height":1200,"url":"https:\/\/www.erresse-shop.it\/wp-content\/uploads\/2025\/11\/PORTMEIRION-Blue-Italian-Set-4-Piatti-Pasta.jpg","type":"image\/jpeg"}],"twitter_card":"summary_large_image","schema":{"@context":"https:\/\/schema.org","@graph":[{"@type":"WebPage","@id":"https:\/\/www.erresse-shop.it\/fr\/shop\/table-fr-2\/plats\/portmeirion-blue-italian-ensemble-de-4-assiettes-a-pates\/","url":"https:\/\/www.erresse-shop.it\/fr\/shop\/table-fr-2\/plats\/portmeirion-blue-italian-ensemble-de-4-assiettes-a-pates\/","name":"PORTMEIRION Blue Italian Ensemble de 4 assiettes \u00e0 p\u00e2tes - Erresse Shop","isPartOf":{"@id":"https:\/\/www.erresse-shop.it\/fr\/#website"},"datePublished":"2025-11-21T09:58:43+00:00","dateModified":"2025-11-21T10:05:45+00:00","description":"Servez p\u00e2tes, salades, currys, rago\u00fbts et bien plus encore avec \u00e9l\u00e9gance gr\u00e2ce \u00e0 ce lot de quatre bols \u00e0 p\u00e2tes bleus italiens. Chaque bol de 23 cm arbore","breadcrumb":{"@id":"https:\/\/www.erresse-shop.it\/fr\/shop\/table-fr-2\/plats\/portmeirion-blue-italian-ensemble-de-4-assiettes-a-pates\/#breadcrumb"},"inLanguage":"fr-FR","potentialAction":[{"@type":"ReadAction","target":["https:\/\/www.erresse-shop.it\/fr\/shop\/table-fr-2\/plats\/portmeirion-blue-italian-ensemble-de-4-assiettes-a-pates\/"]}]},{"@type":"BreadcrumbList","@id":"https:\/\/www.erresse-shop.it\/fr\/shop\/table-fr-2\/plats\/portmeirion-blue-italian-ensemble-de-4-assiettes-a-pates\/#breadcrumb","itemListElement":[{"@type":"ListItem","position":1,"name":"Home","item":"https:\/\/www.erresse-shop.it\/fr\/"},{"@type":"ListItem","position":2,"name":"Shop","item":"https:\/\/www.erresse-shop.it\/fr\/shop\/"},{"@type":"ListItem","position":3,"name":"PORTMEIRION Blue Italian Ensemble de 4 assiettes \u00e0 p\u00e2tes"}]},{"@type":"WebSite","@id":"https:\/\/www.erresse-shop.it\/fr\/#website","url":"https:\/\/www.erresse-shop.it\/fr\/","name":"Erresse Shop","description":"Articoli di qualit\u00e0 per la casa","potentialAction":[{"@type":"SearchAction","target":{"@type":"EntryPoint","urlTemplate":"https:\/\/www.erresse-shop.it\/fr\/?s={search_term_string}"},"query-input":"required name=search_term_string"}],"inLanguage":"fr-FR"}]}},"df_price":89.95,"df_sale_price":89.95,"df_regular_price":140.76,"df_image_link":"https:\/\/www.erresse-shop.it\/wp-content\/uploads\/2025\/11\/PORTMEIRION-Blue-Italian-Set-4-Piatti-Pasta-300x300.jpg","_links":{"self":[{"href":"https:\/\/www.erresse-shop.it\/fr\/wp-json\/wp\/v2\/product\/517683"}],"collection":[{"href":"https:\/\/www.erresse-shop.it\/fr\/wp-json\/wp\/v2\/product"}],"about":[{"href":"https:\/\/www.erresse-shop.it\/fr\/wp-json\/wp\/v2\/types\/product"}],"wp:featuredmedia":[{"embeddable":true,"href":"https:\/\/www.erresse-shop.it\/fr\/wp-json\/wp\/v2\/media\/517706"}],"wp:attachment":[{"href":"https:\/\/www.erresse-shop.it\/fr\/wp-json\/wp\/v2\/media?parent=517683"}],"wp:term":[{"taxonomy":"product_cat","embeddable":true,"href":"https:\/\/www.erresse-shop.it\/fr\/wp-json\/wp\/v2\/product_cat?post=517683"},{"taxonomy":"product_tag","embeddable":true,"href":"https:\/\/www.erresse-shop.it\/fr\/wp-json\/wp\/v2\/product_tag?post=517683"}],"curies":[{"name":"wp","href":"https:\/\/api.w.org\/{rel}","templated":true}]}}