{"id":517654,"date":"2025-11-21T09:50:34","date_gmt":"2025-11-21T09:50:37","guid":{"rendered":"https:\/\/www.erresse-shop.it\/?post_type=product&#038;p=517654"},"modified":"2025-11-21T09:56:47","modified_gmt":"2025-11-21T09:56:47","slug":"portmeirion-blue-italian-ensemble-de-4-assiettes-plates","status":"publish","type":"product","link":"https:\/\/www.erresse-shop.it\/fr\/shop\/table-fr-2\/plats\/portmeirion-blue-italian-ensemble-de-4-assiettes-plates\/","title":{"rendered":"PORTMEIRION Blue Italian Ensemble de 4 assiettes plates"},"content":{"rendered":"<p>Ce service de quatre assiettes plates Blue Italian apportera une touche d&#8217;\u00e9l\u00e9gance intemporelle \u00e0 votre table. La bordure orientale Imari du XVIIIe si\u00e8cle, finement travaill\u00e9e, et le d\u00e9cor champ\u00eatre italien caract\u00e9ristique qui orne ces magnifiques assiettes rendront vos repas encore plus m\u00e9morables. Blue Italian est pr\u00e9sent dans les foyers du monde entier depuis 1816. Fortes de plus de 200 ans de tradition, ces assiettes sont con\u00e7ues pour la vie moderne et passent au lave-vaisselle, au micro-ondes et au four.<\/p>\n<p><strong>D\u00e9tails du produit\u00a0:<\/strong><\/p>\n<p><strong>Pays de fabrication\u00a0:<\/strong> Royaume-Uni<br \/>\n<strong>Mat\u00e9riau\u00a0:<\/strong> Terre cuite<br \/>\n<strong>Hauteur\u00a0:<\/strong> 2\u00a0cm<br \/>\n<strong>Largeur\u00a0:<\/strong> 27\u00a0cm<br \/>\n<strong>Longueur\u00a0:<\/strong> 27\u00a0cm<\/p>\n","protected":false},"excerpt":{"rendered":"<p>Ce service de quatre assiettes plates Blue Italian apportera une touche d&#8217;\u00e9l\u00e9gance intemporelle \u00e0 votre table. La bordure orientale Imari<\/p>\n","protected":false},"featured_media":517677,"template":"","meta":{"_acf_changed":false,"inline_featured_image":false},"product_cat":[12788,12782],"product_tag":[21969,19357],"acf":[],"yoast_head":"<!-- This site is optimized with the Yoast SEO Premium plugin v18.6 (Yoast SEO v19.13) - https:\/\/yoast.com\/wordpress\/plugins\/seo\/ -->\n<title>PORTMEIRION Blue Italian Ensemble de 4 assiettes plates - Erresse Shop<\/title>\n<meta name=\"description\" content=\"Ce service de quatre assiettes plates Blue Italian apportera une touche d&#039;\u00e9l\u00e9gance intemporelle \u00e0 votre table. La bordure orientale Imari du XVIIIe\" \/>\n<meta name=\"robots\" content=\"index, follow, max-snippet:-1, max-image-preview:large, max-video-preview:-1\" \/>\n<link rel=\"canonical\" href=\"https:\/\/www.erresse-shop.it\/fr\/shop\/table-fr-2\/plats\/portmeirion-blue-italian-ensemble-de-4-assiettes-plates\/\" \/>\n<meta property=\"og:locale\" content=\"fr_FR\" \/>\n<meta property=\"og:type\" content=\"article\" \/>\n<meta property=\"og:title\" content=\"PORTMEIRION Blue Italian Ensemble de 4 assiettes plates\" \/>\n<meta property=\"og:description\" content=\"Ce service de quatre assiettes plates Blue Italian apportera une touche d&#039;\u00e9l\u00e9gance intemporelle \u00e0 votre table. La bordure orientale Imari du XVIIIe\" \/>\n<meta property=\"og:url\" content=\"https:\/\/www.erresse-shop.it\/fr\/shop\/table-fr-2\/plats\/portmeirion-blue-italian-ensemble-de-4-assiettes-plates\/\" \/>\n<meta property=\"og:site_name\" content=\"Erresse Shop\" \/>\n<meta property=\"article:modified_time\" content=\"2025-11-21T09:56:47+00:00\" \/>\n<meta property=\"og:image\" content=\"https:\/\/www.erresse-shop.it\/wp-content\/uploads\/2025\/11\/PORTMEIRION-Blue-Italian-Set-4-Piatti-Piani.jpg\" \/>\n\t<meta property=\"og:image:width\" content=\"1200\" \/>\n\t<meta property=\"og:image:height\" content=\"1200\" \/>\n\t<meta property=\"og:image:type\" content=\"image\/jpeg\" \/>\n<meta name=\"twitter:card\" content=\"summary_large_image\" \/>\n<script type=\"application\/ld+json\" class=\"yoast-schema-graph\">{\"@context\":\"https:\/\/schema.org\",\"@graph\":[{\"@type\":\"WebPage\",\"@id\":\"https:\/\/www.erresse-shop.it\/fr\/shop\/table-fr-2\/plats\/portmeirion-blue-italian-ensemble-de-4-assiettes-plates\/\",\"url\":\"https:\/\/www.erresse-shop.it\/fr\/shop\/table-fr-2\/plats\/portmeirion-blue-italian-ensemble-de-4-assiettes-plates\/\",\"name\":\"PORTMEIRION Blue Italian Ensemble de 4 assiettes plates - Erresse Shop\",\"isPartOf\":{\"@id\":\"https:\/\/www.erresse-shop.it\/fr\/#website\"},\"datePublished\":\"2025-11-21T09:50:37+00:00\",\"dateModified\":\"2025-11-21T09:56:47+00:00\",\"description\":\"Ce service de quatre assiettes plates Blue Italian apportera une touche d'\u00e9l\u00e9gance intemporelle \u00e0 votre table. La bordure orientale Imari du XVIIIe\",\"breadcrumb\":{\"@id\":\"https:\/\/www.erresse-shop.it\/fr\/shop\/table-fr-2\/plats\/portmeirion-blue-italian-ensemble-de-4-assiettes-plates\/#breadcrumb\"},\"inLanguage\":\"fr-FR\",\"potentialAction\":[{\"@type\":\"ReadAction\",\"target\":[\"https:\/\/www.erresse-shop.it\/fr\/shop\/table-fr-2\/plats\/portmeirion-blue-italian-ensemble-de-4-assiettes-plates\/\"]}]},{\"@type\":\"BreadcrumbList\",\"@id\":\"https:\/\/www.erresse-shop.it\/fr\/shop\/table-fr-2\/plats\/portmeirion-blue-italian-ensemble-de-4-assiettes-plates\/#breadcrumb\",\"itemListElement\":[{\"@type\":\"ListItem\",\"position\":1,\"name\":\"Home\",\"item\":\"https:\/\/www.erresse-shop.it\/fr\/\"},{\"@type\":\"ListItem\",\"position\":2,\"name\":\"Shop\",\"item\":\"https:\/\/www.erresse-shop.it\/fr\/shop\/\"},{\"@type\":\"ListItem\",\"position\":3,\"name\":\"PORTMEIRION Blue Italian Ensemble de 4 assiettes plates\"}]},{\"@type\":\"WebSite\",\"@id\":\"https:\/\/www.erresse-shop.it\/fr\/#website\",\"url\":\"https:\/\/www.erresse-shop.it\/fr\/\",\"name\":\"Erresse Shop\",\"description\":\"Articoli di qualit\u00e0 per la casa\",\"potentialAction\":[{\"@type\":\"SearchAction\",\"target\":{\"@type\":\"EntryPoint\",\"urlTemplate\":\"https:\/\/www.erresse-shop.it\/fr\/?s={search_term_string}\"},\"query-input\":\"required name=search_term_string\"}],\"inLanguage\":\"fr-FR\"}]}<\/script>\n<!-- \/ Yoast SEO Premium plugin. -->","yoast_head_json":{"title":"PORTMEIRION Blue Italian Ensemble de 4 assiettes plates - Erresse Shop","description":"Ce service de quatre assiettes plates Blue Italian apportera une touche d'\u00e9l\u00e9gance intemporelle \u00e0 votre table. La bordure orientale Imari du XVIIIe","robots":{"index":"index","follow":"follow","max-snippet":"max-snippet:-1","max-image-preview":"max-image-preview:large","max-video-preview":"max-video-preview:-1"},"canonical":"https:\/\/www.erresse-shop.it\/fr\/shop\/table-fr-2\/plats\/portmeirion-blue-italian-ensemble-de-4-assiettes-plates\/","og_locale":"fr_FR","og_type":"article","og_title":"PORTMEIRION Blue Italian Ensemble de 4 assiettes plates","og_description":"Ce service de quatre assiettes plates Blue Italian apportera une touche d'\u00e9l\u00e9gance intemporelle \u00e0 votre table. La bordure orientale Imari du XVIIIe","og_url":"https:\/\/www.erresse-shop.it\/fr\/shop\/table-fr-2\/plats\/portmeirion-blue-italian-ensemble-de-4-assiettes-plates\/","og_site_name":"Erresse Shop","article_modified_time":"2025-11-21T09:56:47+00:00","og_image":[{"width":1200,"height":1200,"url":"https:\/\/www.erresse-shop.it\/wp-content\/uploads\/2025\/11\/PORTMEIRION-Blue-Italian-Set-4-Piatti-Piani.jpg","type":"image\/jpeg"}],"twitter_card":"summary_large_image","schema":{"@context":"https:\/\/schema.org","@graph":[{"@type":"WebPage","@id":"https:\/\/www.erresse-shop.it\/fr\/shop\/table-fr-2\/plats\/portmeirion-blue-italian-ensemble-de-4-assiettes-plates\/","url":"https:\/\/www.erresse-shop.it\/fr\/shop\/table-fr-2\/plats\/portmeirion-blue-italian-ensemble-de-4-assiettes-plates\/","name":"PORTMEIRION Blue Italian Ensemble de 4 assiettes plates - Erresse Shop","isPartOf":{"@id":"https:\/\/www.erresse-shop.it\/fr\/#website"},"datePublished":"2025-11-21T09:50:37+00:00","dateModified":"2025-11-21T09:56:47+00:00","description":"Ce service de quatre assiettes plates Blue Italian apportera une touche d'\u00e9l\u00e9gance intemporelle \u00e0 votre table. La bordure orientale Imari du XVIIIe","breadcrumb":{"@id":"https:\/\/www.erresse-shop.it\/fr\/shop\/table-fr-2\/plats\/portmeirion-blue-italian-ensemble-de-4-assiettes-plates\/#breadcrumb"},"inLanguage":"fr-FR","potentialAction":[{"@type":"ReadAction","target":["https:\/\/www.erresse-shop.it\/fr\/shop\/table-fr-2\/plats\/portmeirion-blue-italian-ensemble-de-4-assiettes-plates\/"]}]},{"@type":"BreadcrumbList","@id":"https:\/\/www.erresse-shop.it\/fr\/shop\/table-fr-2\/plats\/portmeirion-blue-italian-ensemble-de-4-assiettes-plates\/#breadcrumb","itemListElement":[{"@type":"ListItem","position":1,"name":"Home","item":"https:\/\/www.erresse-shop.it\/fr\/"},{"@type":"ListItem","position":2,"name":"Shop","item":"https:\/\/www.erresse-shop.it\/fr\/shop\/"},{"@type":"ListItem","position":3,"name":"PORTMEIRION Blue Italian Ensemble de 4 assiettes plates"}]},{"@type":"WebSite","@id":"https:\/\/www.erresse-shop.it\/fr\/#website","url":"https:\/\/www.erresse-shop.it\/fr\/","name":"Erresse Shop","description":"Articoli di qualit\u00e0 per la casa","potentialAction":[{"@type":"SearchAction","target":{"@type":"EntryPoint","urlTemplate":"https:\/\/www.erresse-shop.it\/fr\/?s={search_term_string}"},"query-input":"required name=search_term_string"}],"inLanguage":"fr-FR"}]}},"df_price":89.95,"df_sale_price":89.95,"df_regular_price":139,"df_image_link":"https:\/\/www.erresse-shop.it\/wp-content\/uploads\/2025\/11\/PORTMEIRION-Blue-Italian-Set-4-Piatti-Piani-300x300.jpg","_links":{"self":[{"href":"https:\/\/www.erresse-shop.it\/fr\/wp-json\/wp\/v2\/product\/517654"}],"collection":[{"href":"https:\/\/www.erresse-shop.it\/fr\/wp-json\/wp\/v2\/product"}],"about":[{"href":"https:\/\/www.erresse-shop.it\/fr\/wp-json\/wp\/v2\/types\/product"}],"wp:featuredmedia":[{"embeddable":true,"href":"https:\/\/www.erresse-shop.it\/fr\/wp-json\/wp\/v2\/media\/517677"}],"wp:attachment":[{"href":"https:\/\/www.erresse-shop.it\/fr\/wp-json\/wp\/v2\/media?parent=517654"}],"wp:term":[{"taxonomy":"product_cat","embeddable":true,"href":"https:\/\/www.erresse-shop.it\/fr\/wp-json\/wp\/v2\/product_cat?post=517654"},{"taxonomy":"product_tag","embeddable":true,"href":"https:\/\/www.erresse-shop.it\/fr\/wp-json\/wp\/v2\/product_tag?post=517654"}],"curies":[{"name":"wp","href":"https:\/\/api.w.org\/{rel}","templated":true}]}}