{"id":517576,"date":"2025-11-21T09:11:13","date_gmt":"2025-11-21T09:11:16","guid":{"rendered":"https:\/\/www.erresse-shop.it\/?post_type=product&#038;p=517576"},"modified":"2025-11-21T09:23:00","modified_gmt":"2025-11-21T09:23:00","slug":"portmeirion-christmas-tree-ensemble-de-4-grandes-tasses","status":"publish","type":"product","link":"https:\/\/www.erresse-shop.it\/fr\/shop\/table-fr-2\/tasses\/portmeirion-christmas-tree-ensemble-de-4-grandes-tasses\/","title":{"rendered":"PORTMEIRION Christmas Tree Ensemble de 4 grandes tasses"},"content":{"rendered":"<p>Cette tasse en gr\u00e8s lui conf\u00e8re une durabilit\u00e9 exceptionnelle et un charme l\u00e9g\u00e8rement rustique. Un sapin de No\u00ebl orne le fond clair de la tasse, nous transportant instantan\u00e9ment dans l&#8217;univers magique des f\u00eates. Bien plus qu&#8217;un simple r\u00e9cipient, c&#8217;est un morceau de tradition et de magie de No\u00ebl \u00e0 tenir entre vos mains.<\/p>\n<p>Sa confortable anse \u00e0 rayures rouges et blanches apporte une touche festive distinctive et assure une prise en main agr\u00e9able. Cette tasse est id\u00e9ale pour vos soir\u00e9es d\u00e9tente sur le canap\u00e9, bien au chaud sous une couverture. Remplissez-la de chocolat chaud et regardez les guimauves fondre \u00e0 la surface : la magie de No\u00ebl devient alors r\u00e9alit\u00e9.<\/p>\n<p><strong>D\u00e9tails du produit :<\/strong><\/p>\n<p><strong>Hauteur<\/strong> : 10 cm<br \/>\n<strong>Largeur<\/strong> : 8 cm<br \/>\n<b>Longueur<\/b> : 12 cm<\/p>\n","protected":false},"excerpt":{"rendered":"<p>Cette tasse en gr\u00e8s lui conf\u00e8re une durabilit\u00e9 exceptionnelle et un charme l\u00e9g\u00e8rement rustique. Un sapin de No\u00ebl orne le<\/p>\n","protected":false},"featured_media":517587,"template":"","meta":{"_acf_changed":false,"inline_featured_image":false},"product_cat":[12782,12791],"product_tag":[19356,23910,21935,14276,16572,21934,21644],"acf":[],"yoast_head":"<!-- This site is optimized with the Yoast SEO Premium plugin v18.6 (Yoast SEO v19.13) - https:\/\/yoast.com\/wordpress\/plugins\/seo\/ -->\n<title>PORTMEIRION Christmas Tree Ensemble de 4 grandes tasses - Erresse Shop<\/title>\n<meta name=\"description\" content=\"Cette tasse en gr\u00e8s lui conf\u00e8re une durabilit\u00e9 exceptionnelle et un charme l\u00e9g\u00e8rement rustique. Un sapin de No\u00ebl orne le fond clair de la tasse, nous\" \/>\n<meta name=\"robots\" content=\"index, follow, max-snippet:-1, max-image-preview:large, max-video-preview:-1\" \/>\n<link rel=\"canonical\" href=\"https:\/\/www.erresse-shop.it\/fr\/shop\/table-fr-2\/tasses\/portmeirion-christmas-tree-ensemble-de-4-grandes-tasses\/\" \/>\n<meta property=\"og:locale\" content=\"fr_FR\" \/>\n<meta property=\"og:type\" content=\"article\" \/>\n<meta property=\"og:title\" content=\"PORTMEIRION Christmas Tree Ensemble de 4 grandes tasses\" \/>\n<meta property=\"og:description\" content=\"Cette tasse en gr\u00e8s lui conf\u00e8re une durabilit\u00e9 exceptionnelle et un charme l\u00e9g\u00e8rement rustique. Un sapin de No\u00ebl orne le fond clair de la tasse, nous\" \/>\n<meta property=\"og:url\" content=\"https:\/\/www.erresse-shop.it\/fr\/shop\/table-fr-2\/tasses\/portmeirion-christmas-tree-ensemble-de-4-grandes-tasses\/\" \/>\n<meta property=\"og:site_name\" content=\"Erresse Shop\" \/>\n<meta property=\"article:modified_time\" content=\"2025-11-21T09:23:00+00:00\" \/>\n<meta property=\"og:image\" content=\"https:\/\/www.erresse-shop.it\/wp-content\/uploads\/2025\/11\/PORTMEIRION-Christmas-Tree-Set-4-Tazze-Grandi.jpg\" \/>\n\t<meta property=\"og:image:width\" content=\"1200\" \/>\n\t<meta property=\"og:image:height\" content=\"1200\" \/>\n\t<meta property=\"og:image:type\" content=\"image\/jpeg\" \/>\n<meta name=\"twitter:card\" content=\"summary_large_image\" \/>\n<script type=\"application\/ld+json\" class=\"yoast-schema-graph\">{\"@context\":\"https:\/\/schema.org\",\"@graph\":[{\"@type\":\"WebPage\",\"@id\":\"https:\/\/www.erresse-shop.it\/fr\/shop\/table-fr-2\/tasses\/portmeirion-christmas-tree-ensemble-de-4-grandes-tasses\/\",\"url\":\"https:\/\/www.erresse-shop.it\/fr\/shop\/table-fr-2\/tasses\/portmeirion-christmas-tree-ensemble-de-4-grandes-tasses\/\",\"name\":\"PORTMEIRION Christmas Tree Ensemble de 4 grandes tasses - Erresse Shop\",\"isPartOf\":{\"@id\":\"https:\/\/www.erresse-shop.it\/fr\/#website\"},\"datePublished\":\"2025-11-21T09:11:16+00:00\",\"dateModified\":\"2025-11-21T09:23:00+00:00\",\"description\":\"Cette tasse en gr\u00e8s lui conf\u00e8re une durabilit\u00e9 exceptionnelle et un charme l\u00e9g\u00e8rement rustique. Un sapin de No\u00ebl orne le fond clair de la tasse, nous\",\"breadcrumb\":{\"@id\":\"https:\/\/www.erresse-shop.it\/fr\/shop\/table-fr-2\/tasses\/portmeirion-christmas-tree-ensemble-de-4-grandes-tasses\/#breadcrumb\"},\"inLanguage\":\"fr-FR\",\"potentialAction\":[{\"@type\":\"ReadAction\",\"target\":[\"https:\/\/www.erresse-shop.it\/fr\/shop\/table-fr-2\/tasses\/portmeirion-christmas-tree-ensemble-de-4-grandes-tasses\/\"]}]},{\"@type\":\"BreadcrumbList\",\"@id\":\"https:\/\/www.erresse-shop.it\/fr\/shop\/table-fr-2\/tasses\/portmeirion-christmas-tree-ensemble-de-4-grandes-tasses\/#breadcrumb\",\"itemListElement\":[{\"@type\":\"ListItem\",\"position\":1,\"name\":\"Home\",\"item\":\"https:\/\/www.erresse-shop.it\/fr\/\"},{\"@type\":\"ListItem\",\"position\":2,\"name\":\"Shop\",\"item\":\"https:\/\/www.erresse-shop.it\/fr\/shop\/\"},{\"@type\":\"ListItem\",\"position\":3,\"name\":\"PORTMEIRION Christmas Tree Ensemble de 4 grandes tasses\"}]},{\"@type\":\"WebSite\",\"@id\":\"https:\/\/www.erresse-shop.it\/fr\/#website\",\"url\":\"https:\/\/www.erresse-shop.it\/fr\/\",\"name\":\"Erresse Shop\",\"description\":\"Articoli di qualit\u00e0 per la casa\",\"potentialAction\":[{\"@type\":\"SearchAction\",\"target\":{\"@type\":\"EntryPoint\",\"urlTemplate\":\"https:\/\/www.erresse-shop.it\/fr\/?s={search_term_string}\"},\"query-input\":\"required name=search_term_string\"}],\"inLanguage\":\"fr-FR\"}]}<\/script>\n<!-- \/ Yoast SEO Premium plugin. -->","yoast_head_json":{"title":"PORTMEIRION Christmas Tree Ensemble de 4 grandes tasses - Erresse Shop","description":"Cette tasse en gr\u00e8s lui conf\u00e8re une durabilit\u00e9 exceptionnelle et un charme l\u00e9g\u00e8rement rustique. Un sapin de No\u00ebl orne le fond clair de la tasse, nous","robots":{"index":"index","follow":"follow","max-snippet":"max-snippet:-1","max-image-preview":"max-image-preview:large","max-video-preview":"max-video-preview:-1"},"canonical":"https:\/\/www.erresse-shop.it\/fr\/shop\/table-fr-2\/tasses\/portmeirion-christmas-tree-ensemble-de-4-grandes-tasses\/","og_locale":"fr_FR","og_type":"article","og_title":"PORTMEIRION Christmas Tree Ensemble de 4 grandes tasses","og_description":"Cette tasse en gr\u00e8s lui conf\u00e8re une durabilit\u00e9 exceptionnelle et un charme l\u00e9g\u00e8rement rustique. Un sapin de No\u00ebl orne le fond clair de la tasse, nous","og_url":"https:\/\/www.erresse-shop.it\/fr\/shop\/table-fr-2\/tasses\/portmeirion-christmas-tree-ensemble-de-4-grandes-tasses\/","og_site_name":"Erresse Shop","article_modified_time":"2025-11-21T09:23:00+00:00","og_image":[{"width":1200,"height":1200,"url":"https:\/\/www.erresse-shop.it\/wp-content\/uploads\/2025\/11\/PORTMEIRION-Christmas-Tree-Set-4-Tazze-Grandi.jpg","type":"image\/jpeg"}],"twitter_card":"summary_large_image","schema":{"@context":"https:\/\/schema.org","@graph":[{"@type":"WebPage","@id":"https:\/\/www.erresse-shop.it\/fr\/shop\/table-fr-2\/tasses\/portmeirion-christmas-tree-ensemble-de-4-grandes-tasses\/","url":"https:\/\/www.erresse-shop.it\/fr\/shop\/table-fr-2\/tasses\/portmeirion-christmas-tree-ensemble-de-4-grandes-tasses\/","name":"PORTMEIRION Christmas Tree Ensemble de 4 grandes tasses - Erresse Shop","isPartOf":{"@id":"https:\/\/www.erresse-shop.it\/fr\/#website"},"datePublished":"2025-11-21T09:11:16+00:00","dateModified":"2025-11-21T09:23:00+00:00","description":"Cette tasse en gr\u00e8s lui conf\u00e8re une durabilit\u00e9 exceptionnelle et un charme l\u00e9g\u00e8rement rustique. Un sapin de No\u00ebl orne le fond clair de la tasse, nous","breadcrumb":{"@id":"https:\/\/www.erresse-shop.it\/fr\/shop\/table-fr-2\/tasses\/portmeirion-christmas-tree-ensemble-de-4-grandes-tasses\/#breadcrumb"},"inLanguage":"fr-FR","potentialAction":[{"@type":"ReadAction","target":["https:\/\/www.erresse-shop.it\/fr\/shop\/table-fr-2\/tasses\/portmeirion-christmas-tree-ensemble-de-4-grandes-tasses\/"]}]},{"@type":"BreadcrumbList","@id":"https:\/\/www.erresse-shop.it\/fr\/shop\/table-fr-2\/tasses\/portmeirion-christmas-tree-ensemble-de-4-grandes-tasses\/#breadcrumb","itemListElement":[{"@type":"ListItem","position":1,"name":"Home","item":"https:\/\/www.erresse-shop.it\/fr\/"},{"@type":"ListItem","position":2,"name":"Shop","item":"https:\/\/www.erresse-shop.it\/fr\/shop\/"},{"@type":"ListItem","position":3,"name":"PORTMEIRION Christmas Tree Ensemble de 4 grandes tasses"}]},{"@type":"WebSite","@id":"https:\/\/www.erresse-shop.it\/fr\/#website","url":"https:\/\/www.erresse-shop.it\/fr\/","name":"Erresse Shop","description":"Articoli di qualit\u00e0 per la casa","potentialAction":[{"@type":"SearchAction","target":{"@type":"EntryPoint","urlTemplate":"https:\/\/www.erresse-shop.it\/fr\/?s={search_term_string}"},"query-input":"required name=search_term_string"}],"inLanguage":"fr-FR"}]}},"df_price":78.95,"df_sale_price":78.95,"df_regular_price":116.96,"df_image_link":"https:\/\/www.erresse-shop.it\/wp-content\/uploads\/2025\/11\/PORTMEIRION-Christmas-Tree-Set-4-Tazze-Grandi-300x300.jpg","_links":{"self":[{"href":"https:\/\/www.erresse-shop.it\/fr\/wp-json\/wp\/v2\/product\/517576"}],"collection":[{"href":"https:\/\/www.erresse-shop.it\/fr\/wp-json\/wp\/v2\/product"}],"about":[{"href":"https:\/\/www.erresse-shop.it\/fr\/wp-json\/wp\/v2\/types\/product"}],"wp:featuredmedia":[{"embeddable":true,"href":"https:\/\/www.erresse-shop.it\/fr\/wp-json\/wp\/v2\/media\/517587"}],"wp:attachment":[{"href":"https:\/\/www.erresse-shop.it\/fr\/wp-json\/wp\/v2\/media?parent=517576"}],"wp:term":[{"taxonomy":"product_cat","embeddable":true,"href":"https:\/\/www.erresse-shop.it\/fr\/wp-json\/wp\/v2\/product_cat?post=517576"},{"taxonomy":"product_tag","embeddable":true,"href":"https:\/\/www.erresse-shop.it\/fr\/wp-json\/wp\/v2\/product_tag?post=517576"}],"curies":[{"name":"wp","href":"https:\/\/api.w.org\/{rel}","templated":true}]}}