{"id":517553,"date":"2025-11-21T08:57:44","date_gmt":"2025-11-21T08:57:47","guid":{"rendered":"https:\/\/www.erresse-shop.it\/?post_type=product&#038;p=517553"},"modified":"2025-11-21T09:07:45","modified_gmt":"2025-11-21T09:07:45","slug":"portmeirion-christmas-tree-plateau","status":"publish","type":"product","link":"https:\/\/www.erresse-shop.it\/fr\/shop\/table-fr-2\/plateaux\/portmeirion-christmas-tree-plateau\/","title":{"rendered":"PORTMEIRION Christmas Tree Plateau"},"content":{"rendered":"<p>Que vous organisiez un d\u00eener de No\u00ebl, un d\u00e9jeuner d\u00e9contract\u00e9 ou une f\u00eate la veille de No\u00ebl, ce plateau \u00e0 sandwichs Spode en forme de sapin de No\u00ebl apportera une touche traditionnelle \u00e0 vos f\u00eates. D\u00e9cor\u00e9 de verdure, de branches de houx et de gui, et orn\u00e9 d&#8217;un sapin classique, il \u00e9voque les souvenirs des No\u00ebls d&#8217;antan. Servez-y les restes du lendemain de No\u00ebl, des sandwichs \u00e0 la dinde ou des canap\u00e9s festifs lors de vos r\u00e9unions de famille et entretenez la magie de No\u00ebl chez vous chaque ann\u00e9e.<\/p>\n<p><strong>D\u00e9tails du produit\u00a0:<\/strong><\/p>\n<p><strong>Mat\u00e9riau\u00a0:<\/strong> Porcelaine<br \/>\n<strong>Hauteur\u00a0:<\/strong> 2,9\u00a0cm<br \/>\n<strong>Largeur\u00a0:<\/strong> 33\u00a0cm<br \/>\n<strong>Profondeur\u00a0:<\/strong> 1\u00a0cm<\/p>\n","protected":false},"excerpt":{"rendered":"<p>Que vous organisiez un d\u00eener de No\u00ebl, un d\u00e9jeuner d\u00e9contract\u00e9 ou une f\u00eate la veille de No\u00ebl, ce plateau \u00e0<\/p>\n","protected":false},"featured_media":517570,"template":"","meta":{"_acf_changed":false,"inline_featured_image":false},"product_cat":[12792,12782],"product_tag":[19356,23910,13499,22618],"acf":[],"yoast_head":"<!-- This site is optimized with the Yoast SEO Premium plugin v18.6 (Yoast SEO v19.13) - https:\/\/yoast.com\/wordpress\/plugins\/seo\/ -->\n<title>PORTMEIRION Christmas Tree Plateau - Erresse Shop<\/title>\n<meta name=\"description\" content=\"Que vous organisiez un d\u00eener de No\u00ebl, un d\u00e9jeuner d\u00e9contract\u00e9 ou une f\u00eate la veille de No\u00ebl, ce plateau \u00e0 sandwichs Spode en forme de sapin de No\u00ebl\" \/>\n<meta name=\"robots\" content=\"index, follow, max-snippet:-1, max-image-preview:large, max-video-preview:-1\" \/>\n<link rel=\"canonical\" href=\"https:\/\/www.erresse-shop.it\/fr\/shop\/table-fr-2\/plateaux\/portmeirion-christmas-tree-plateau\/\" \/>\n<meta property=\"og:locale\" content=\"fr_FR\" \/>\n<meta property=\"og:type\" content=\"article\" \/>\n<meta property=\"og:title\" content=\"PORTMEIRION Christmas Tree Plateau\" \/>\n<meta property=\"og:description\" content=\"Que vous organisiez un d\u00eener de No\u00ebl, un d\u00e9jeuner d\u00e9contract\u00e9 ou une f\u00eate la veille de No\u00ebl, ce plateau \u00e0 sandwichs Spode en forme de sapin de No\u00ebl\" \/>\n<meta property=\"og:url\" content=\"https:\/\/www.erresse-shop.it\/fr\/shop\/table-fr-2\/plateaux\/portmeirion-christmas-tree-plateau\/\" \/>\n<meta property=\"og:site_name\" content=\"Erresse Shop\" \/>\n<meta property=\"article:modified_time\" content=\"2025-11-21T09:07:45+00:00\" \/>\n<meta property=\"og:image\" content=\"https:\/\/www.erresse-shop.it\/wp-content\/uploads\/2025\/11\/PORTMEIRION-Christmas-Tree-Vassoio.jpg\" \/>\n\t<meta property=\"og:image:width\" content=\"1200\" \/>\n\t<meta property=\"og:image:height\" content=\"1200\" \/>\n\t<meta property=\"og:image:type\" content=\"image\/jpeg\" \/>\n<meta name=\"twitter:card\" content=\"summary_large_image\" \/>\n<script type=\"application\/ld+json\" class=\"yoast-schema-graph\">{\"@context\":\"https:\/\/schema.org\",\"@graph\":[{\"@type\":\"WebPage\",\"@id\":\"https:\/\/www.erresse-shop.it\/fr\/shop\/table-fr-2\/plateaux\/portmeirion-christmas-tree-plateau\/\",\"url\":\"https:\/\/www.erresse-shop.it\/fr\/shop\/table-fr-2\/plateaux\/portmeirion-christmas-tree-plateau\/\",\"name\":\"PORTMEIRION Christmas Tree Plateau - Erresse Shop\",\"isPartOf\":{\"@id\":\"https:\/\/www.erresse-shop.it\/fr\/#website\"},\"datePublished\":\"2025-11-21T08:57:47+00:00\",\"dateModified\":\"2025-11-21T09:07:45+00:00\",\"description\":\"Que vous organisiez un d\u00eener de No\u00ebl, un d\u00e9jeuner d\u00e9contract\u00e9 ou une f\u00eate la veille de No\u00ebl, ce plateau \u00e0 sandwichs Spode en forme de sapin de No\u00ebl\",\"breadcrumb\":{\"@id\":\"https:\/\/www.erresse-shop.it\/fr\/shop\/table-fr-2\/plateaux\/portmeirion-christmas-tree-plateau\/#breadcrumb\"},\"inLanguage\":\"fr-FR\",\"potentialAction\":[{\"@type\":\"ReadAction\",\"target\":[\"https:\/\/www.erresse-shop.it\/fr\/shop\/table-fr-2\/plateaux\/portmeirion-christmas-tree-plateau\/\"]}]},{\"@type\":\"BreadcrumbList\",\"@id\":\"https:\/\/www.erresse-shop.it\/fr\/shop\/table-fr-2\/plateaux\/portmeirion-christmas-tree-plateau\/#breadcrumb\",\"itemListElement\":[{\"@type\":\"ListItem\",\"position\":1,\"name\":\"Home\",\"item\":\"https:\/\/www.erresse-shop.it\/fr\/\"},{\"@type\":\"ListItem\",\"position\":2,\"name\":\"Shop\",\"item\":\"https:\/\/www.erresse-shop.it\/fr\/shop\/\"},{\"@type\":\"ListItem\",\"position\":3,\"name\":\"PORTMEIRION Christmas Tree Plateau\"}]},{\"@type\":\"WebSite\",\"@id\":\"https:\/\/www.erresse-shop.it\/fr\/#website\",\"url\":\"https:\/\/www.erresse-shop.it\/fr\/\",\"name\":\"Erresse Shop\",\"description\":\"Articoli di qualit\u00e0 per la casa\",\"potentialAction\":[{\"@type\":\"SearchAction\",\"target\":{\"@type\":\"EntryPoint\",\"urlTemplate\":\"https:\/\/www.erresse-shop.it\/fr\/?s={search_term_string}\"},\"query-input\":\"required name=search_term_string\"}],\"inLanguage\":\"fr-FR\"}]}<\/script>\n<!-- \/ Yoast SEO Premium plugin. -->","yoast_head_json":{"title":"PORTMEIRION Christmas Tree Plateau - Erresse Shop","description":"Que vous organisiez un d\u00eener de No\u00ebl, un d\u00e9jeuner d\u00e9contract\u00e9 ou une f\u00eate la veille de No\u00ebl, ce plateau \u00e0 sandwichs Spode en forme de sapin de No\u00ebl","robots":{"index":"index","follow":"follow","max-snippet":"max-snippet:-1","max-image-preview":"max-image-preview:large","max-video-preview":"max-video-preview:-1"},"canonical":"https:\/\/www.erresse-shop.it\/fr\/shop\/table-fr-2\/plateaux\/portmeirion-christmas-tree-plateau\/","og_locale":"fr_FR","og_type":"article","og_title":"PORTMEIRION Christmas Tree Plateau","og_description":"Que vous organisiez un d\u00eener de No\u00ebl, un d\u00e9jeuner d\u00e9contract\u00e9 ou une f\u00eate la veille de No\u00ebl, ce plateau \u00e0 sandwichs Spode en forme de sapin de No\u00ebl","og_url":"https:\/\/www.erresse-shop.it\/fr\/shop\/table-fr-2\/plateaux\/portmeirion-christmas-tree-plateau\/","og_site_name":"Erresse Shop","article_modified_time":"2025-11-21T09:07:45+00:00","og_image":[{"width":1200,"height":1200,"url":"https:\/\/www.erresse-shop.it\/wp-content\/uploads\/2025\/11\/PORTMEIRION-Christmas-Tree-Vassoio.jpg","type":"image\/jpeg"}],"twitter_card":"summary_large_image","schema":{"@context":"https:\/\/schema.org","@graph":[{"@type":"WebPage","@id":"https:\/\/www.erresse-shop.it\/fr\/shop\/table-fr-2\/plateaux\/portmeirion-christmas-tree-plateau\/","url":"https:\/\/www.erresse-shop.it\/fr\/shop\/table-fr-2\/plateaux\/portmeirion-christmas-tree-plateau\/","name":"PORTMEIRION Christmas Tree Plateau - Erresse Shop","isPartOf":{"@id":"https:\/\/www.erresse-shop.it\/fr\/#website"},"datePublished":"2025-11-21T08:57:47+00:00","dateModified":"2025-11-21T09:07:45+00:00","description":"Que vous organisiez un d\u00eener de No\u00ebl, un d\u00e9jeuner d\u00e9contract\u00e9 ou une f\u00eate la veille de No\u00ebl, ce plateau \u00e0 sandwichs Spode en forme de sapin de No\u00ebl","breadcrumb":{"@id":"https:\/\/www.erresse-shop.it\/fr\/shop\/table-fr-2\/plateaux\/portmeirion-christmas-tree-plateau\/#breadcrumb"},"inLanguage":"fr-FR","potentialAction":[{"@type":"ReadAction","target":["https:\/\/www.erresse-shop.it\/fr\/shop\/table-fr-2\/plateaux\/portmeirion-christmas-tree-plateau\/"]}]},{"@type":"BreadcrumbList","@id":"https:\/\/www.erresse-shop.it\/fr\/shop\/table-fr-2\/plateaux\/portmeirion-christmas-tree-plateau\/#breadcrumb","itemListElement":[{"@type":"ListItem","position":1,"name":"Home","item":"https:\/\/www.erresse-shop.it\/fr\/"},{"@type":"ListItem","position":2,"name":"Shop","item":"https:\/\/www.erresse-shop.it\/fr\/shop\/"},{"@type":"ListItem","position":3,"name":"PORTMEIRION Christmas Tree Plateau"}]},{"@type":"WebSite","@id":"https:\/\/www.erresse-shop.it\/fr\/#website","url":"https:\/\/www.erresse-shop.it\/fr\/","name":"Erresse Shop","description":"Articoli di qualit\u00e0 per la casa","potentialAction":[{"@type":"SearchAction","target":{"@type":"EntryPoint","urlTemplate":"https:\/\/www.erresse-shop.it\/fr\/?s={search_term_string}"},"query-input":"required name=search_term_string"}],"inLanguage":"fr-FR"}]}},"df_price":44.95,"df_sale_price":44.95,"df_regular_price":71.95,"df_image_link":"https:\/\/www.erresse-shop.it\/wp-content\/uploads\/2025\/11\/PORTMEIRION-Christmas-Tree-Vassoio-300x300.jpg","_links":{"self":[{"href":"https:\/\/www.erresse-shop.it\/fr\/wp-json\/wp\/v2\/product\/517553"}],"collection":[{"href":"https:\/\/www.erresse-shop.it\/fr\/wp-json\/wp\/v2\/product"}],"about":[{"href":"https:\/\/www.erresse-shop.it\/fr\/wp-json\/wp\/v2\/types\/product"}],"wp:featuredmedia":[{"embeddable":true,"href":"https:\/\/www.erresse-shop.it\/fr\/wp-json\/wp\/v2\/media\/517570"}],"wp:attachment":[{"href":"https:\/\/www.erresse-shop.it\/fr\/wp-json\/wp\/v2\/media?parent=517553"}],"wp:term":[{"taxonomy":"product_cat","embeddable":true,"href":"https:\/\/www.erresse-shop.it\/fr\/wp-json\/wp\/v2\/product_cat?post=517553"},{"taxonomy":"product_tag","embeddable":true,"href":"https:\/\/www.erresse-shop.it\/fr\/wp-json\/wp\/v2\/product_tag?post=517553"}],"curies":[{"name":"wp","href":"https:\/\/api.w.org\/{rel}","templated":true}]}}