{"id":517523,"date":"2025-11-21T08:45:36","date_gmt":"2025-11-21T08:45:39","guid":{"rendered":"https:\/\/www.erresse-shop.it\/?post_type=product&#038;p=517523"},"modified":"2025-11-21T08:55:37","modified_gmt":"2025-11-21T08:55:37","slug":"portmeirion-christmas-tree-plaque-en-forme-de-coeur","status":"publish","type":"product","link":"https:\/\/www.erresse-shop.it\/fr\/shop\/table-fr-2\/plats\/portmeirion-christmas-tree-plaque-en-forme-de-coeur\/","title":{"rendered":"PORTMEIRION Christmas Tree Plaque en forme de c\u0153ur"},"content":{"rendered":"<p>Nous savons combien d&#8217;amour vous mettez dans la pr\u00e9paration de votre repas de No\u00ebl, et ce plat en forme de c\u0153ur est une merveilleuse fa\u00e7on de le t\u00e9moigner. Issu de la collection Sapin de No\u00ebl de Spode, il arbore un motif traditionnel chaleureux au centre, rehauss\u00e9 d&#8217;un liser\u00e9 vert pin et de d\u00e9coupes en forme de branches de houx sur les c\u00f4t\u00e9s. Son format compact s&#8217;int\u00e8gre parfaitement parmi les autres plats de votre table et constitue \u00e9galement un bel \u00e9l\u00e9ment d\u00e9coratif.<\/p>\n<p><strong>D\u00e9tails du produit\u00a0:<\/strong><\/p>\n<p><strong>Pays de fabrication\u00a0:<\/strong> Chine<br \/>\n<strong>Mat\u00e9riau\u00a0:<\/strong> Gr\u00e8s<br \/>\n<strong>Hauteur\u00a0:<\/strong> 3,5\u00a0cm<br \/>\n<strong>Largeur\u00a0:<\/strong> 18\u00a0cm<br \/>\n<strong>Longueur\u00a0:<\/strong> 18\u00a0cm<\/p>\n","protected":false},"excerpt":{"rendered":"<p>Nous savons combien d&#8217;amour vous mettez dans la pr\u00e9paration de votre repas de No\u00ebl, et ce plat en forme de<\/p>\n","protected":false},"featured_media":517547,"template":"","meta":{"_acf_changed":false,"inline_featured_image":false},"product_cat":[12788,12782],"product_tag":[19356,13169,23910,13170,21969,19357],"acf":[],"yoast_head":"<!-- This site is optimized with the Yoast SEO Premium plugin v18.6 (Yoast SEO v19.13) - https:\/\/yoast.com\/wordpress\/plugins\/seo\/ -->\n<title>PORTMEIRION Christmas Tree Plaque en forme de c\u0153ur - Erresse Shop<\/title>\n<meta name=\"description\" content=\"Nous savons combien d&#039;amour vous mettez dans la pr\u00e9paration de votre repas de No\u00ebl, et ce plat en forme de c\u0153ur est une merveilleuse fa\u00e7on de le\" \/>\n<meta name=\"robots\" content=\"index, follow, max-snippet:-1, max-image-preview:large, max-video-preview:-1\" \/>\n<link rel=\"canonical\" href=\"https:\/\/www.erresse-shop.it\/fr\/shop\/table-fr-2\/plats\/portmeirion-christmas-tree-plaque-en-forme-de-coeur\/\" \/>\n<meta property=\"og:locale\" content=\"fr_FR\" \/>\n<meta property=\"og:type\" content=\"article\" \/>\n<meta property=\"og:title\" content=\"PORTMEIRION Christmas Tree Plaque en forme de c\u0153ur\" \/>\n<meta property=\"og:description\" content=\"Nous savons combien d&#039;amour vous mettez dans la pr\u00e9paration de votre repas de No\u00ebl, et ce plat en forme de c\u0153ur est une merveilleuse fa\u00e7on de le\" \/>\n<meta property=\"og:url\" content=\"https:\/\/www.erresse-shop.it\/fr\/shop\/table-fr-2\/plats\/portmeirion-christmas-tree-plaque-en-forme-de-coeur\/\" \/>\n<meta property=\"og:site_name\" content=\"Erresse Shop\" \/>\n<meta property=\"article:modified_time\" content=\"2025-11-21T08:55:37+00:00\" \/>\n<meta property=\"og:image\" content=\"https:\/\/www.erresse-shop.it\/wp-content\/uploads\/2025\/11\/PORTMEIRION-Christmas-Tree-Piatto-Cuore.jpg\" \/>\n\t<meta property=\"og:image:width\" content=\"1200\" \/>\n\t<meta property=\"og:image:height\" content=\"1200\" \/>\n\t<meta property=\"og:image:type\" content=\"image\/jpeg\" \/>\n<meta name=\"twitter:card\" content=\"summary_large_image\" \/>\n<script type=\"application\/ld+json\" class=\"yoast-schema-graph\">{\"@context\":\"https:\/\/schema.org\",\"@graph\":[{\"@type\":\"WebPage\",\"@id\":\"https:\/\/www.erresse-shop.it\/fr\/shop\/table-fr-2\/plats\/portmeirion-christmas-tree-plaque-en-forme-de-coeur\/\",\"url\":\"https:\/\/www.erresse-shop.it\/fr\/shop\/table-fr-2\/plats\/portmeirion-christmas-tree-plaque-en-forme-de-coeur\/\",\"name\":\"PORTMEIRION Christmas Tree Plaque en forme de c\u0153ur - Erresse Shop\",\"isPartOf\":{\"@id\":\"https:\/\/www.erresse-shop.it\/fr\/#website\"},\"datePublished\":\"2025-11-21T08:45:39+00:00\",\"dateModified\":\"2025-11-21T08:55:37+00:00\",\"description\":\"Nous savons combien d'amour vous mettez dans la pr\u00e9paration de votre repas de No\u00ebl, et ce plat en forme de c\u0153ur est une merveilleuse fa\u00e7on de le\",\"breadcrumb\":{\"@id\":\"https:\/\/www.erresse-shop.it\/fr\/shop\/table-fr-2\/plats\/portmeirion-christmas-tree-plaque-en-forme-de-coeur\/#breadcrumb\"},\"inLanguage\":\"fr-FR\",\"potentialAction\":[{\"@type\":\"ReadAction\",\"target\":[\"https:\/\/www.erresse-shop.it\/fr\/shop\/table-fr-2\/plats\/portmeirion-christmas-tree-plaque-en-forme-de-coeur\/\"]}]},{\"@type\":\"BreadcrumbList\",\"@id\":\"https:\/\/www.erresse-shop.it\/fr\/shop\/table-fr-2\/plats\/portmeirion-christmas-tree-plaque-en-forme-de-coeur\/#breadcrumb\",\"itemListElement\":[{\"@type\":\"ListItem\",\"position\":1,\"name\":\"Home\",\"item\":\"https:\/\/www.erresse-shop.it\/fr\/\"},{\"@type\":\"ListItem\",\"position\":2,\"name\":\"Shop\",\"item\":\"https:\/\/www.erresse-shop.it\/fr\/shop\/\"},{\"@type\":\"ListItem\",\"position\":3,\"name\":\"PORTMEIRION Christmas Tree Plaque en forme de c\u0153ur\"}]},{\"@type\":\"WebSite\",\"@id\":\"https:\/\/www.erresse-shop.it\/fr\/#website\",\"url\":\"https:\/\/www.erresse-shop.it\/fr\/\",\"name\":\"Erresse Shop\",\"description\":\"Articoli di qualit\u00e0 per la casa\",\"potentialAction\":[{\"@type\":\"SearchAction\",\"target\":{\"@type\":\"EntryPoint\",\"urlTemplate\":\"https:\/\/www.erresse-shop.it\/fr\/?s={search_term_string}\"},\"query-input\":\"required name=search_term_string\"}],\"inLanguage\":\"fr-FR\"}]}<\/script>\n<!-- \/ Yoast SEO Premium plugin. -->","yoast_head_json":{"title":"PORTMEIRION Christmas Tree Plaque en forme de c\u0153ur - Erresse Shop","description":"Nous savons combien d'amour vous mettez dans la pr\u00e9paration de votre repas de No\u00ebl, et ce plat en forme de c\u0153ur est une merveilleuse fa\u00e7on de le","robots":{"index":"index","follow":"follow","max-snippet":"max-snippet:-1","max-image-preview":"max-image-preview:large","max-video-preview":"max-video-preview:-1"},"canonical":"https:\/\/www.erresse-shop.it\/fr\/shop\/table-fr-2\/plats\/portmeirion-christmas-tree-plaque-en-forme-de-coeur\/","og_locale":"fr_FR","og_type":"article","og_title":"PORTMEIRION Christmas Tree Plaque en forme de c\u0153ur","og_description":"Nous savons combien d'amour vous mettez dans la pr\u00e9paration de votre repas de No\u00ebl, et ce plat en forme de c\u0153ur est une merveilleuse fa\u00e7on de le","og_url":"https:\/\/www.erresse-shop.it\/fr\/shop\/table-fr-2\/plats\/portmeirion-christmas-tree-plaque-en-forme-de-coeur\/","og_site_name":"Erresse Shop","article_modified_time":"2025-11-21T08:55:37+00:00","og_image":[{"width":1200,"height":1200,"url":"https:\/\/www.erresse-shop.it\/wp-content\/uploads\/2025\/11\/PORTMEIRION-Christmas-Tree-Piatto-Cuore.jpg","type":"image\/jpeg"}],"twitter_card":"summary_large_image","schema":{"@context":"https:\/\/schema.org","@graph":[{"@type":"WebPage","@id":"https:\/\/www.erresse-shop.it\/fr\/shop\/table-fr-2\/plats\/portmeirion-christmas-tree-plaque-en-forme-de-coeur\/","url":"https:\/\/www.erresse-shop.it\/fr\/shop\/table-fr-2\/plats\/portmeirion-christmas-tree-plaque-en-forme-de-coeur\/","name":"PORTMEIRION Christmas Tree Plaque en forme de c\u0153ur - Erresse Shop","isPartOf":{"@id":"https:\/\/www.erresse-shop.it\/fr\/#website"},"datePublished":"2025-11-21T08:45:39+00:00","dateModified":"2025-11-21T08:55:37+00:00","description":"Nous savons combien d'amour vous mettez dans la pr\u00e9paration de votre repas de No\u00ebl, et ce plat en forme de c\u0153ur est une merveilleuse fa\u00e7on de le","breadcrumb":{"@id":"https:\/\/www.erresse-shop.it\/fr\/shop\/table-fr-2\/plats\/portmeirion-christmas-tree-plaque-en-forme-de-coeur\/#breadcrumb"},"inLanguage":"fr-FR","potentialAction":[{"@type":"ReadAction","target":["https:\/\/www.erresse-shop.it\/fr\/shop\/table-fr-2\/plats\/portmeirion-christmas-tree-plaque-en-forme-de-coeur\/"]}]},{"@type":"BreadcrumbList","@id":"https:\/\/www.erresse-shop.it\/fr\/shop\/table-fr-2\/plats\/portmeirion-christmas-tree-plaque-en-forme-de-coeur\/#breadcrumb","itemListElement":[{"@type":"ListItem","position":1,"name":"Home","item":"https:\/\/www.erresse-shop.it\/fr\/"},{"@type":"ListItem","position":2,"name":"Shop","item":"https:\/\/www.erresse-shop.it\/fr\/shop\/"},{"@type":"ListItem","position":3,"name":"PORTMEIRION Christmas Tree Plaque en forme de c\u0153ur"}]},{"@type":"WebSite","@id":"https:\/\/www.erresse-shop.it\/fr\/#website","url":"https:\/\/www.erresse-shop.it\/fr\/","name":"Erresse Shop","description":"Articoli di qualit\u00e0 per la casa","potentialAction":[{"@type":"SearchAction","target":{"@type":"EntryPoint","urlTemplate":"https:\/\/www.erresse-shop.it\/fr\/?s={search_term_string}"},"query-input":"required name=search_term_string"}],"inLanguage":"fr-FR"}]}},"df_price":38.95,"df_sale_price":38.95,"df_regular_price":40.37,"df_image_link":"https:\/\/www.erresse-shop.it\/wp-content\/uploads\/2025\/11\/PORTMEIRION-Christmas-Tree-Piatto-Cuore-300x300.jpg","_links":{"self":[{"href":"https:\/\/www.erresse-shop.it\/fr\/wp-json\/wp\/v2\/product\/517523"}],"collection":[{"href":"https:\/\/www.erresse-shop.it\/fr\/wp-json\/wp\/v2\/product"}],"about":[{"href":"https:\/\/www.erresse-shop.it\/fr\/wp-json\/wp\/v2\/types\/product"}],"wp:featuredmedia":[{"embeddable":true,"href":"https:\/\/www.erresse-shop.it\/fr\/wp-json\/wp\/v2\/media\/517547"}],"wp:attachment":[{"href":"https:\/\/www.erresse-shop.it\/fr\/wp-json\/wp\/v2\/media?parent=517523"}],"wp:term":[{"taxonomy":"product_cat","embeddable":true,"href":"https:\/\/www.erresse-shop.it\/fr\/wp-json\/wp\/v2\/product_cat?post=517523"},{"taxonomy":"product_tag","embeddable":true,"href":"https:\/\/www.erresse-shop.it\/fr\/wp-json\/wp\/v2\/product_tag?post=517523"}],"curies":[{"name":"wp","href":"https:\/\/api.w.org\/{rel}","templated":true}]}}