{"id":517453,"date":"2025-11-21T08:12:53","date_gmt":"2025-11-21T08:12:57","guid":{"rendered":"https:\/\/www.erresse-shop.it\/?post_type=product&#038;p=517453"},"modified":"2025-11-21T08:21:41","modified_gmt":"2025-11-21T08:21:41","slug":"portmeirion-christmas-tree-ensemble-de-4-tasses","status":"publish","type":"product","link":"https:\/\/www.erresse-shop.it\/fr\/shop\/table-fr-2\/tasses\/portmeirion-christmas-tree-ensemble-de-4-tasses\/","title":{"rendered":"PORTMEIRION Christmas Tree Ensemble de 4 tasses"},"content":{"rendered":"<p>Chocolat chaud napp\u00e9 de cr\u00e8me fouett\u00e9e, vin chaud parfum\u00e9 ou zabaglione maison onctueux\u00a0: quel que soit votre choix, ce lot de 4 tasses, avec son ravissant motif festif, rendra ce moment encore plus joyeux. Issues de la collection Sapin de No\u00ebl Spode, elles arborent un sapin classique orn\u00e9 de gui qui se devine \u00e0 l\u2019int\u00e9rieur du bord. Et si quelqu\u2019un s\u2019endort le jour de No\u00ebl, pas de panique\u00a0: ces tasses passent au micro-ondes\u00a0! Leur contenu se r\u00e9chauffe en un clin d\u2019\u0153il.<\/p>\n<p><strong>D\u00e9tails du produit\u00a0:<\/strong><\/p>\n<p><strong>Hauteur<\/strong>\u00a0: 10,5\u00a0cm<br \/>\n<strong>Largeur<\/strong>\u00a0: 8,5\u00a0cm<br \/>\n<strong>Profondeur<\/strong>\u00a0: 12\u00a0cm<br \/>\n<strong>Contenance<\/strong>\u00a0: 340\u00a0ml<\/p>\n","protected":false},"excerpt":{"rendered":"<p>Chocolat chaud napp\u00e9 de cr\u00e8me fouett\u00e9e, vin chaud parfum\u00e9 ou zabaglione maison onctueux\u00a0: quel que soit votre choix, ce lot<\/p>\n","protected":false},"featured_media":517482,"template":"","meta":{"_acf_changed":false,"inline_featured_image":false},"product_cat":[12782,12791],"product_tag":[19356,23910,14276,15712,16572,14579],"acf":[],"yoast_head":"<!-- This site is optimized with the Yoast SEO Premium plugin v18.6 (Yoast SEO v19.13) - https:\/\/yoast.com\/wordpress\/plugins\/seo\/ -->\n<title>PORTMEIRION Christmas Tree Ensemble de 4 tasses - Erresse Shop<\/title>\n<meta name=\"description\" content=\"Chocolat chaud napp\u00e9 de cr\u00e8me fouett\u00e9e, vin chaud parfum\u00e9 ou zabaglione maison onctueux\u00a0: quel que soit votre choix, ce lot de 4 tasses, avec son\" \/>\n<meta name=\"robots\" content=\"index, follow, max-snippet:-1, max-image-preview:large, max-video-preview:-1\" \/>\n<link rel=\"canonical\" href=\"https:\/\/www.erresse-shop.it\/fr\/shop\/table-fr-2\/tasses\/portmeirion-christmas-tree-ensemble-de-4-tasses\/\" \/>\n<meta property=\"og:locale\" content=\"fr_FR\" \/>\n<meta property=\"og:type\" content=\"article\" \/>\n<meta property=\"og:title\" content=\"PORTMEIRION Christmas Tree Ensemble de 4 tasses\" \/>\n<meta property=\"og:description\" content=\"Chocolat chaud napp\u00e9 de cr\u00e8me fouett\u00e9e, vin chaud parfum\u00e9 ou zabaglione maison onctueux\u00a0: quel que soit votre choix, ce lot de 4 tasses, avec son\" \/>\n<meta property=\"og:url\" content=\"https:\/\/www.erresse-shop.it\/fr\/shop\/table-fr-2\/tasses\/portmeirion-christmas-tree-ensemble-de-4-tasses\/\" \/>\n<meta property=\"og:site_name\" content=\"Erresse Shop\" \/>\n<meta property=\"article:modified_time\" content=\"2025-11-21T08:21:41+00:00\" \/>\n<meta property=\"og:image\" content=\"https:\/\/www.erresse-shop.it\/wp-content\/uploads\/2025\/11\/PORTMEIRION-Christmas-Tree-Set-4-Tazze.jpg\" \/>\n\t<meta property=\"og:image:width\" content=\"1200\" \/>\n\t<meta property=\"og:image:height\" content=\"1200\" \/>\n\t<meta property=\"og:image:type\" content=\"image\/jpeg\" \/>\n<meta name=\"twitter:card\" content=\"summary_large_image\" \/>\n<script type=\"application\/ld+json\" class=\"yoast-schema-graph\">{\"@context\":\"https:\/\/schema.org\",\"@graph\":[{\"@type\":\"WebPage\",\"@id\":\"https:\/\/www.erresse-shop.it\/fr\/shop\/table-fr-2\/tasses\/portmeirion-christmas-tree-ensemble-de-4-tasses\/\",\"url\":\"https:\/\/www.erresse-shop.it\/fr\/shop\/table-fr-2\/tasses\/portmeirion-christmas-tree-ensemble-de-4-tasses\/\",\"name\":\"PORTMEIRION Christmas Tree Ensemble de 4 tasses - Erresse Shop\",\"isPartOf\":{\"@id\":\"https:\/\/www.erresse-shop.it\/fr\/#website\"},\"datePublished\":\"2025-11-21T08:12:57+00:00\",\"dateModified\":\"2025-11-21T08:21:41+00:00\",\"description\":\"Chocolat chaud napp\u00e9 de cr\u00e8me fouett\u00e9e, vin chaud parfum\u00e9 ou zabaglione maison onctueux\u00a0: quel que soit votre choix, ce lot de 4 tasses, avec son\",\"breadcrumb\":{\"@id\":\"https:\/\/www.erresse-shop.it\/fr\/shop\/table-fr-2\/tasses\/portmeirion-christmas-tree-ensemble-de-4-tasses\/#breadcrumb\"},\"inLanguage\":\"fr-FR\",\"potentialAction\":[{\"@type\":\"ReadAction\",\"target\":[\"https:\/\/www.erresse-shop.it\/fr\/shop\/table-fr-2\/tasses\/portmeirion-christmas-tree-ensemble-de-4-tasses\/\"]}]},{\"@type\":\"BreadcrumbList\",\"@id\":\"https:\/\/www.erresse-shop.it\/fr\/shop\/table-fr-2\/tasses\/portmeirion-christmas-tree-ensemble-de-4-tasses\/#breadcrumb\",\"itemListElement\":[{\"@type\":\"ListItem\",\"position\":1,\"name\":\"Home\",\"item\":\"https:\/\/www.erresse-shop.it\/fr\/\"},{\"@type\":\"ListItem\",\"position\":2,\"name\":\"Shop\",\"item\":\"https:\/\/www.erresse-shop.it\/fr\/shop\/\"},{\"@type\":\"ListItem\",\"position\":3,\"name\":\"PORTMEIRION Christmas Tree Ensemble de 4 tasses\"}]},{\"@type\":\"WebSite\",\"@id\":\"https:\/\/www.erresse-shop.it\/fr\/#website\",\"url\":\"https:\/\/www.erresse-shop.it\/fr\/\",\"name\":\"Erresse Shop\",\"description\":\"Articoli di qualit\u00e0 per la casa\",\"potentialAction\":[{\"@type\":\"SearchAction\",\"target\":{\"@type\":\"EntryPoint\",\"urlTemplate\":\"https:\/\/www.erresse-shop.it\/fr\/?s={search_term_string}\"},\"query-input\":\"required name=search_term_string\"}],\"inLanguage\":\"fr-FR\"}]}<\/script>\n<!-- \/ Yoast SEO Premium plugin. -->","yoast_head_json":{"title":"PORTMEIRION Christmas Tree Ensemble de 4 tasses - Erresse Shop","description":"Chocolat chaud napp\u00e9 de cr\u00e8me fouett\u00e9e, vin chaud parfum\u00e9 ou zabaglione maison onctueux\u00a0: quel que soit votre choix, ce lot de 4 tasses, avec son","robots":{"index":"index","follow":"follow","max-snippet":"max-snippet:-1","max-image-preview":"max-image-preview:large","max-video-preview":"max-video-preview:-1"},"canonical":"https:\/\/www.erresse-shop.it\/fr\/shop\/table-fr-2\/tasses\/portmeirion-christmas-tree-ensemble-de-4-tasses\/","og_locale":"fr_FR","og_type":"article","og_title":"PORTMEIRION Christmas Tree Ensemble de 4 tasses","og_description":"Chocolat chaud napp\u00e9 de cr\u00e8me fouett\u00e9e, vin chaud parfum\u00e9 ou zabaglione maison onctueux\u00a0: quel que soit votre choix, ce lot de 4 tasses, avec son","og_url":"https:\/\/www.erresse-shop.it\/fr\/shop\/table-fr-2\/tasses\/portmeirion-christmas-tree-ensemble-de-4-tasses\/","og_site_name":"Erresse Shop","article_modified_time":"2025-11-21T08:21:41+00:00","og_image":[{"width":1200,"height":1200,"url":"https:\/\/www.erresse-shop.it\/wp-content\/uploads\/2025\/11\/PORTMEIRION-Christmas-Tree-Set-4-Tazze.jpg","type":"image\/jpeg"}],"twitter_card":"summary_large_image","schema":{"@context":"https:\/\/schema.org","@graph":[{"@type":"WebPage","@id":"https:\/\/www.erresse-shop.it\/fr\/shop\/table-fr-2\/tasses\/portmeirion-christmas-tree-ensemble-de-4-tasses\/","url":"https:\/\/www.erresse-shop.it\/fr\/shop\/table-fr-2\/tasses\/portmeirion-christmas-tree-ensemble-de-4-tasses\/","name":"PORTMEIRION Christmas Tree Ensemble de 4 tasses - Erresse Shop","isPartOf":{"@id":"https:\/\/www.erresse-shop.it\/fr\/#website"},"datePublished":"2025-11-21T08:12:57+00:00","dateModified":"2025-11-21T08:21:41+00:00","description":"Chocolat chaud napp\u00e9 de cr\u00e8me fouett\u00e9e, vin chaud parfum\u00e9 ou zabaglione maison onctueux\u00a0: quel que soit votre choix, ce lot de 4 tasses, avec son","breadcrumb":{"@id":"https:\/\/www.erresse-shop.it\/fr\/shop\/table-fr-2\/tasses\/portmeirion-christmas-tree-ensemble-de-4-tasses\/#breadcrumb"},"inLanguage":"fr-FR","potentialAction":[{"@type":"ReadAction","target":["https:\/\/www.erresse-shop.it\/fr\/shop\/table-fr-2\/tasses\/portmeirion-christmas-tree-ensemble-de-4-tasses\/"]}]},{"@type":"BreadcrumbList","@id":"https:\/\/www.erresse-shop.it\/fr\/shop\/table-fr-2\/tasses\/portmeirion-christmas-tree-ensemble-de-4-tasses\/#breadcrumb","itemListElement":[{"@type":"ListItem","position":1,"name":"Home","item":"https:\/\/www.erresse-shop.it\/fr\/"},{"@type":"ListItem","position":2,"name":"Shop","item":"https:\/\/www.erresse-shop.it\/fr\/shop\/"},{"@type":"ListItem","position":3,"name":"PORTMEIRION Christmas Tree Ensemble de 4 tasses"}]},{"@type":"WebSite","@id":"https:\/\/www.erresse-shop.it\/fr\/#website","url":"https:\/\/www.erresse-shop.it\/fr\/","name":"Erresse Shop","description":"Articoli di qualit\u00e0 per la casa","potentialAction":[{"@type":"SearchAction","target":{"@type":"EntryPoint","urlTemplate":"https:\/\/www.erresse-shop.it\/fr\/?s={search_term_string}"},"query-input":"required name=search_term_string"}],"inLanguage":"fr-FR"}]}},"df_price":47.95,"df_sale_price":47.95,"df_regular_price":57.96,"df_image_link":"https:\/\/www.erresse-shop.it\/wp-content\/uploads\/2025\/11\/PORTMEIRION-Christmas-Tree-Set-4-Tazze-300x300.jpg","_links":{"self":[{"href":"https:\/\/www.erresse-shop.it\/fr\/wp-json\/wp\/v2\/product\/517453"}],"collection":[{"href":"https:\/\/www.erresse-shop.it\/fr\/wp-json\/wp\/v2\/product"}],"about":[{"href":"https:\/\/www.erresse-shop.it\/fr\/wp-json\/wp\/v2\/types\/product"}],"wp:featuredmedia":[{"embeddable":true,"href":"https:\/\/www.erresse-shop.it\/fr\/wp-json\/wp\/v2\/media\/517482"}],"wp:attachment":[{"href":"https:\/\/www.erresse-shop.it\/fr\/wp-json\/wp\/v2\/media?parent=517453"}],"wp:term":[{"taxonomy":"product_cat","embeddable":true,"href":"https:\/\/www.erresse-shop.it\/fr\/wp-json\/wp\/v2\/product_cat?post=517453"},{"taxonomy":"product_tag","embeddable":true,"href":"https:\/\/www.erresse-shop.it\/fr\/wp-json\/wp\/v2\/product_tag?post=517453"}],"curies":[{"name":"wp","href":"https:\/\/api.w.org\/{rel}","templated":true}]}}