{"id":517418,"date":"2025-11-21T07:55:55","date_gmt":"2025-11-21T07:55:58","guid":{"rendered":"https:\/\/www.erresse-shop.it\/?post_type=product&#038;p=517418"},"modified":"2025-11-21T08:10:47","modified_gmt":"2025-11-21T08:10:47","slug":"portmeirion-christmas-tree-service-de-4-tasses-et-soucoupes-a-the-copia","status":"publish","type":"product","link":"https:\/\/www.erresse-shop.it\/fr\/shop\/table-fr-2\/tasses\/portmeirion-christmas-tree-service-de-4-tasses-et-soucoupes-a-the-copia\/","title":{"rendered":"PORTMEIRION Christmas Tree Ensemble de 4 tasses et soucoupes \u00e0 caf\u00e9"},"content":{"rendered":"<p>Lorsque la fr\u00e9n\u00e9sie des f\u00eates vous \u00e9puise, un bon espresso est la solution id\u00e9ale pour vous redonner de l&#8217;\u00e9nergie. Ce service de quatre tasses et soucoupes \u00e0 espresso Spode, fabriqu\u00e9 au Royaume-Uni, arbore le motif embl\u00e9matique du sapin de No\u00ebl, un motif traditionnel empreint de charme festif. \u00c0 toute heure de la journ\u00e9e, ces tasses \u00e0 espresso vous garantissent une pause caf\u00e9in\u00e9e d\u00e9licieusement festive et feront sensation aupr\u00e8s de vos invit\u00e9s.<\/p>\n<p><strong>D\u00e9tails du produit\u00a0:<\/strong><\/p>\n<p><strong>Pays de fabrication\u00a0:<\/strong> Royaume-Uni<br \/>\n<strong>Mati\u00e8re\u00a0:<\/strong> Terre cuite<br \/>\n<strong>Hauteur\u00a0:<\/strong> 6,5\u00a0cm<br \/>\n<strong>Largeur\u00a0:<\/strong> 12,2\u00a0cm<br \/>\n<strong>Profondeur\u00a0:<\/strong> 12,2\u00a0cm<br \/>\n<strong>Contenance\u00a0:<\/strong> 90\u00a0ml<\/p>\n","protected":false},"excerpt":{"rendered":"<p>Lorsque la fr\u00e9n\u00e9sie des f\u00eates vous \u00e9puise, un bon espresso est la solution id\u00e9ale pour vous redonner de l&#8217;\u00e9nergie. Ce<\/p>\n","protected":false},"featured_media":517447,"template":"","meta":{"_acf_changed":false,"inline_featured_image":false},"product_cat":[12782,12791],"product_tag":[19356,23910,21935,16572,21934,21644],"acf":[],"yoast_head":"<!-- This site is optimized with the Yoast SEO Premium plugin v18.6 (Yoast SEO v19.13) - https:\/\/yoast.com\/wordpress\/plugins\/seo\/ -->\n<title>PORTMEIRION Christmas Tree Ensemble de 4 tasses et soucoupes \u00e0 caf\u00e9 - Erresse Shop<\/title>\n<meta name=\"description\" content=\"Lorsque la fr\u00e9n\u00e9sie des f\u00eates vous \u00e9puise, un bon espresso est la solution id\u00e9ale pour vous redonner de l&#039;\u00e9nergie. Ce service de quatre tasses et\" \/>\n<meta name=\"robots\" content=\"index, follow, max-snippet:-1, max-image-preview:large, max-video-preview:-1\" \/>\n<link rel=\"canonical\" href=\"https:\/\/www.erresse-shop.it\/fr\/shop\/table-fr-2\/tasses\/portmeirion-christmas-tree-service-de-4-tasses-et-soucoupes-a-the-copia\/\" \/>\n<meta property=\"og:locale\" content=\"fr_FR\" \/>\n<meta property=\"og:type\" content=\"article\" \/>\n<meta property=\"og:title\" content=\"PORTMEIRION Christmas Tree Ensemble de 4 tasses et soucoupes \u00e0 caf\u00e9\" \/>\n<meta property=\"og:description\" content=\"Lorsque la fr\u00e9n\u00e9sie des f\u00eates vous \u00e9puise, un bon espresso est la solution id\u00e9ale pour vous redonner de l&#039;\u00e9nergie. Ce service de quatre tasses et\" \/>\n<meta property=\"og:url\" content=\"https:\/\/www.erresse-shop.it\/fr\/shop\/table-fr-2\/tasses\/portmeirion-christmas-tree-service-de-4-tasses-et-soucoupes-a-the-copia\/\" \/>\n<meta property=\"og:site_name\" content=\"Erresse Shop\" \/>\n<meta property=\"article:modified_time\" content=\"2025-11-21T08:10:47+00:00\" \/>\n<meta property=\"og:image\" content=\"https:\/\/www.erresse-shop.it\/wp-content\/uploads\/2025\/11\/PORTMEIRION-Christmas-Tree-Set-4-Tazze-da-Caffe-e-Piattini.jpg\" \/>\n\t<meta property=\"og:image:width\" content=\"1200\" \/>\n\t<meta property=\"og:image:height\" content=\"1200\" \/>\n\t<meta property=\"og:image:type\" content=\"image\/jpeg\" \/>\n<meta name=\"twitter:card\" content=\"summary_large_image\" \/>\n<script type=\"application\/ld+json\" class=\"yoast-schema-graph\">{\"@context\":\"https:\/\/schema.org\",\"@graph\":[{\"@type\":\"WebPage\",\"@id\":\"https:\/\/www.erresse-shop.it\/fr\/shop\/table-fr-2\/tasses\/portmeirion-christmas-tree-service-de-4-tasses-et-soucoupes-a-the-copia\/\",\"url\":\"https:\/\/www.erresse-shop.it\/fr\/shop\/table-fr-2\/tasses\/portmeirion-christmas-tree-service-de-4-tasses-et-soucoupes-a-the-copia\/\",\"name\":\"PORTMEIRION Christmas Tree Ensemble de 4 tasses et soucoupes \u00e0 caf\u00e9 - Erresse Shop\",\"isPartOf\":{\"@id\":\"https:\/\/www.erresse-shop.it\/fr\/#website\"},\"datePublished\":\"2025-11-21T07:55:58+00:00\",\"dateModified\":\"2025-11-21T08:10:47+00:00\",\"description\":\"Lorsque la fr\u00e9n\u00e9sie des f\u00eates vous \u00e9puise, un bon espresso est la solution id\u00e9ale pour vous redonner de l'\u00e9nergie. Ce service de quatre tasses et\",\"breadcrumb\":{\"@id\":\"https:\/\/www.erresse-shop.it\/fr\/shop\/table-fr-2\/tasses\/portmeirion-christmas-tree-service-de-4-tasses-et-soucoupes-a-the-copia\/#breadcrumb\"},\"inLanguage\":\"fr-FR\",\"potentialAction\":[{\"@type\":\"ReadAction\",\"target\":[\"https:\/\/www.erresse-shop.it\/fr\/shop\/table-fr-2\/tasses\/portmeirion-christmas-tree-service-de-4-tasses-et-soucoupes-a-the-copia\/\"]}]},{\"@type\":\"BreadcrumbList\",\"@id\":\"https:\/\/www.erresse-shop.it\/fr\/shop\/table-fr-2\/tasses\/portmeirion-christmas-tree-service-de-4-tasses-et-soucoupes-a-the-copia\/#breadcrumb\",\"itemListElement\":[{\"@type\":\"ListItem\",\"position\":1,\"name\":\"Home\",\"item\":\"https:\/\/www.erresse-shop.it\/fr\/\"},{\"@type\":\"ListItem\",\"position\":2,\"name\":\"Shop\",\"item\":\"https:\/\/www.erresse-shop.it\/fr\/shop\/\"},{\"@type\":\"ListItem\",\"position\":3,\"name\":\"PORTMEIRION Christmas Tree Ensemble de 4 tasses et soucoupes \u00e0 caf\u00e9\"}]},{\"@type\":\"WebSite\",\"@id\":\"https:\/\/www.erresse-shop.it\/fr\/#website\",\"url\":\"https:\/\/www.erresse-shop.it\/fr\/\",\"name\":\"Erresse Shop\",\"description\":\"Articoli di qualit\u00e0 per la casa\",\"potentialAction\":[{\"@type\":\"SearchAction\",\"target\":{\"@type\":\"EntryPoint\",\"urlTemplate\":\"https:\/\/www.erresse-shop.it\/fr\/?s={search_term_string}\"},\"query-input\":\"required name=search_term_string\"}],\"inLanguage\":\"fr-FR\"}]}<\/script>\n<!-- \/ Yoast SEO Premium plugin. -->","yoast_head_json":{"title":"PORTMEIRION Christmas Tree Ensemble de 4 tasses et soucoupes \u00e0 caf\u00e9 - Erresse Shop","description":"Lorsque la fr\u00e9n\u00e9sie des f\u00eates vous \u00e9puise, un bon espresso est la solution id\u00e9ale pour vous redonner de l'\u00e9nergie. Ce service de quatre tasses et","robots":{"index":"index","follow":"follow","max-snippet":"max-snippet:-1","max-image-preview":"max-image-preview:large","max-video-preview":"max-video-preview:-1"},"canonical":"https:\/\/www.erresse-shop.it\/fr\/shop\/table-fr-2\/tasses\/portmeirion-christmas-tree-service-de-4-tasses-et-soucoupes-a-the-copia\/","og_locale":"fr_FR","og_type":"article","og_title":"PORTMEIRION Christmas Tree Ensemble de 4 tasses et soucoupes \u00e0 caf\u00e9","og_description":"Lorsque la fr\u00e9n\u00e9sie des f\u00eates vous \u00e9puise, un bon espresso est la solution id\u00e9ale pour vous redonner de l'\u00e9nergie. Ce service de quatre tasses et","og_url":"https:\/\/www.erresse-shop.it\/fr\/shop\/table-fr-2\/tasses\/portmeirion-christmas-tree-service-de-4-tasses-et-soucoupes-a-the-copia\/","og_site_name":"Erresse Shop","article_modified_time":"2025-11-21T08:10:47+00:00","og_image":[{"width":1200,"height":1200,"url":"https:\/\/www.erresse-shop.it\/wp-content\/uploads\/2025\/11\/PORTMEIRION-Christmas-Tree-Set-4-Tazze-da-Caffe-e-Piattini.jpg","type":"image\/jpeg"}],"twitter_card":"summary_large_image","schema":{"@context":"https:\/\/schema.org","@graph":[{"@type":"WebPage","@id":"https:\/\/www.erresse-shop.it\/fr\/shop\/table-fr-2\/tasses\/portmeirion-christmas-tree-service-de-4-tasses-et-soucoupes-a-the-copia\/","url":"https:\/\/www.erresse-shop.it\/fr\/shop\/table-fr-2\/tasses\/portmeirion-christmas-tree-service-de-4-tasses-et-soucoupes-a-the-copia\/","name":"PORTMEIRION Christmas Tree Ensemble de 4 tasses et soucoupes \u00e0 caf\u00e9 - Erresse Shop","isPartOf":{"@id":"https:\/\/www.erresse-shop.it\/fr\/#website"},"datePublished":"2025-11-21T07:55:58+00:00","dateModified":"2025-11-21T08:10:47+00:00","description":"Lorsque la fr\u00e9n\u00e9sie des f\u00eates vous \u00e9puise, un bon espresso est la solution id\u00e9ale pour vous redonner de l'\u00e9nergie. Ce service de quatre tasses et","breadcrumb":{"@id":"https:\/\/www.erresse-shop.it\/fr\/shop\/table-fr-2\/tasses\/portmeirion-christmas-tree-service-de-4-tasses-et-soucoupes-a-the-copia\/#breadcrumb"},"inLanguage":"fr-FR","potentialAction":[{"@type":"ReadAction","target":["https:\/\/www.erresse-shop.it\/fr\/shop\/table-fr-2\/tasses\/portmeirion-christmas-tree-service-de-4-tasses-et-soucoupes-a-the-copia\/"]}]},{"@type":"BreadcrumbList","@id":"https:\/\/www.erresse-shop.it\/fr\/shop\/table-fr-2\/tasses\/portmeirion-christmas-tree-service-de-4-tasses-et-soucoupes-a-the-copia\/#breadcrumb","itemListElement":[{"@type":"ListItem","position":1,"name":"Home","item":"https:\/\/www.erresse-shop.it\/fr\/"},{"@type":"ListItem","position":2,"name":"Shop","item":"https:\/\/www.erresse-shop.it\/fr\/shop\/"},{"@type":"ListItem","position":3,"name":"PORTMEIRION Christmas Tree Ensemble de 4 tasses et soucoupes \u00e0 caf\u00e9"}]},{"@type":"WebSite","@id":"https:\/\/www.erresse-shop.it\/fr\/#website","url":"https:\/\/www.erresse-shop.it\/fr\/","name":"Erresse Shop","description":"Articoli di qualit\u00e0 per la casa","potentialAction":[{"@type":"SearchAction","target":{"@type":"EntryPoint","urlTemplate":"https:\/\/www.erresse-shop.it\/fr\/?s={search_term_string}"},"query-input":"required name=search_term_string"}],"inLanguage":"fr-FR"}]}},"df_price":159.95,"df_sale_price":159.95,"df_regular_price":270.14,"df_image_link":"https:\/\/www.erresse-shop.it\/wp-content\/uploads\/2025\/11\/PORTMEIRION-Christmas-Tree-Set-4-Tazze-da-Caffe-e-Piattini-300x300.jpg","_links":{"self":[{"href":"https:\/\/www.erresse-shop.it\/fr\/wp-json\/wp\/v2\/product\/517418"}],"collection":[{"href":"https:\/\/www.erresse-shop.it\/fr\/wp-json\/wp\/v2\/product"}],"about":[{"href":"https:\/\/www.erresse-shop.it\/fr\/wp-json\/wp\/v2\/types\/product"}],"wp:featuredmedia":[{"embeddable":true,"href":"https:\/\/www.erresse-shop.it\/fr\/wp-json\/wp\/v2\/media\/517447"}],"wp:attachment":[{"href":"https:\/\/www.erresse-shop.it\/fr\/wp-json\/wp\/v2\/media?parent=517418"}],"wp:term":[{"taxonomy":"product_cat","embeddable":true,"href":"https:\/\/www.erresse-shop.it\/fr\/wp-json\/wp\/v2\/product_cat?post=517418"},{"taxonomy":"product_tag","embeddable":true,"href":"https:\/\/www.erresse-shop.it\/fr\/wp-json\/wp\/v2\/product_tag?post=517418"}],"curies":[{"name":"wp","href":"https:\/\/api.w.org\/{rel}","templated":true}]}}