{"id":517216,"date":"2025-11-20T14:30:21","date_gmt":"2025-11-20T14:30:24","guid":{"rendered":"https:\/\/www.erresse-shop.it\/?post_type=product&#038;p=517216"},"modified":"2025-11-20T14:47:41","modified_gmt":"2025-11-20T14:47:41","slug":"portmeirion-christmas-tree-plateau-merry-christmas","status":"publish","type":"product","link":"https:\/\/www.erresse-shop.it\/fr\/shop\/table-fr-2\/plateaux\/portmeirion-christmas-tree-plateau-merry-christmas\/","title":{"rendered":"PORTMEIRION Christmas Tree Plateau Merry Christmas"},"content":{"rendered":"<p>Les plus beaux souvenirs de No\u00ebl sont souvent li\u00e9s \u00e0 nos objets pr\u00e9f\u00e9r\u00e9s, et ce plat de No\u00ebl apportera la magie des f\u00eates ann\u00e9e apr\u00e8s ann\u00e9e. Orn\u00e9 du c\u00e9l\u00e8bre sapin de No\u00ebl Spode dans des tons rouges et verts, des baies de houx, un sapin et une montagne de cadeaux ajoutent une touche de nostalgie \u00e0 ce plat. Fabriqu\u00e9 en porcelaine de haute qualit\u00e9 avec un rebord d\u00e9coratif en relief, il est id\u00e9al pour servir desserts et gourmandises de No\u00ebl. D&#8217;une r\u00e9sistance surprenante, il passe au four, au micro-ondes et au lave-vaisselle.<\/p>\n<p><strong>D\u00e9tails du produit\u00a0:<\/strong><\/p>\n<p><strong>Pays de fabrication\u00a0:<\/strong> Chine<\/p>\n<p><strong>Mati\u00e8re\u00a0:<\/strong> 100\u00a0% porcelaine<\/p>\n<p><strong>Hauteur\u00a0:<\/strong> 3,5\u00a0cm<\/p>\n<p><strong>Largeur\u00a0:<\/strong> 28\u00a0cm<\/p>\n<p><strong>Profondeur\u00a0:<\/strong> 3\u00a0cm<\/p>\n","protected":false},"excerpt":{"rendered":"<p>Les plus beaux souvenirs de No\u00ebl sont souvent li\u00e9s \u00e0 nos objets pr\u00e9f\u00e9r\u00e9s, et ce plat de No\u00ebl apportera la<\/p>\n","protected":false},"featured_media":517239,"template":"","meta":{"_acf_changed":false,"inline_featured_image":false},"product_cat":[12792,12782],"product_tag":[19356,23910,13499],"acf":[],"yoast_head":"<!-- This site is optimized with the Yoast SEO Premium plugin v18.6 (Yoast SEO v19.13) - https:\/\/yoast.com\/wordpress\/plugins\/seo\/ -->\n<title>PORTMEIRION Christmas Tree Plateau Merry Christmas - Erresse Shop<\/title>\n<meta name=\"description\" content=\"Les plus beaux souvenirs de No\u00ebl sont souvent li\u00e9s \u00e0 nos objets pr\u00e9f\u00e9r\u00e9s, et ce plat de No\u00ebl apportera la magie des f\u00eates ann\u00e9e apr\u00e8s ann\u00e9e. Orn\u00e9 du\" \/>\n<meta name=\"robots\" content=\"index, follow, max-snippet:-1, max-image-preview:large, max-video-preview:-1\" \/>\n<link rel=\"canonical\" href=\"https:\/\/www.erresse-shop.it\/fr\/shop\/table-fr-2\/plateaux\/portmeirion-christmas-tree-plateau-merry-christmas\/\" \/>\n<meta property=\"og:locale\" content=\"fr_FR\" \/>\n<meta property=\"og:type\" content=\"article\" \/>\n<meta property=\"og:title\" content=\"PORTMEIRION Christmas Tree Plateau Merry Christmas\" \/>\n<meta property=\"og:description\" content=\"Les plus beaux souvenirs de No\u00ebl sont souvent li\u00e9s \u00e0 nos objets pr\u00e9f\u00e9r\u00e9s, et ce plat de No\u00ebl apportera la magie des f\u00eates ann\u00e9e apr\u00e8s ann\u00e9e. Orn\u00e9 du\" \/>\n<meta property=\"og:url\" content=\"https:\/\/www.erresse-shop.it\/fr\/shop\/table-fr-2\/plateaux\/portmeirion-christmas-tree-plateau-merry-christmas\/\" \/>\n<meta property=\"og:site_name\" content=\"Erresse Shop\" \/>\n<meta property=\"article:modified_time\" content=\"2025-11-20T14:47:41+00:00\" \/>\n<meta property=\"og:image\" content=\"https:\/\/www.erresse-shop.it\/wp-content\/uploads\/2025\/11\/PORTMEIRION-Christmas-Tree-Vassoio-Merry-Christmas.jpg\" \/>\n\t<meta property=\"og:image:width\" content=\"1200\" \/>\n\t<meta property=\"og:image:height\" content=\"1200\" \/>\n\t<meta property=\"og:image:type\" content=\"image\/jpeg\" \/>\n<meta name=\"twitter:card\" content=\"summary_large_image\" \/>\n<script type=\"application\/ld+json\" class=\"yoast-schema-graph\">{\"@context\":\"https:\/\/schema.org\",\"@graph\":[{\"@type\":\"WebPage\",\"@id\":\"https:\/\/www.erresse-shop.it\/fr\/shop\/table-fr-2\/plateaux\/portmeirion-christmas-tree-plateau-merry-christmas\/\",\"url\":\"https:\/\/www.erresse-shop.it\/fr\/shop\/table-fr-2\/plateaux\/portmeirion-christmas-tree-plateau-merry-christmas\/\",\"name\":\"PORTMEIRION Christmas Tree Plateau Merry Christmas - Erresse Shop\",\"isPartOf\":{\"@id\":\"https:\/\/www.erresse-shop.it\/fr\/#website\"},\"datePublished\":\"2025-11-20T14:30:24+00:00\",\"dateModified\":\"2025-11-20T14:47:41+00:00\",\"description\":\"Les plus beaux souvenirs de No\u00ebl sont souvent li\u00e9s \u00e0 nos objets pr\u00e9f\u00e9r\u00e9s, et ce plat de No\u00ebl apportera la magie des f\u00eates ann\u00e9e apr\u00e8s ann\u00e9e. Orn\u00e9 du\",\"breadcrumb\":{\"@id\":\"https:\/\/www.erresse-shop.it\/fr\/shop\/table-fr-2\/plateaux\/portmeirion-christmas-tree-plateau-merry-christmas\/#breadcrumb\"},\"inLanguage\":\"fr-FR\",\"potentialAction\":[{\"@type\":\"ReadAction\",\"target\":[\"https:\/\/www.erresse-shop.it\/fr\/shop\/table-fr-2\/plateaux\/portmeirion-christmas-tree-plateau-merry-christmas\/\"]}]},{\"@type\":\"BreadcrumbList\",\"@id\":\"https:\/\/www.erresse-shop.it\/fr\/shop\/table-fr-2\/plateaux\/portmeirion-christmas-tree-plateau-merry-christmas\/#breadcrumb\",\"itemListElement\":[{\"@type\":\"ListItem\",\"position\":1,\"name\":\"Home\",\"item\":\"https:\/\/www.erresse-shop.it\/fr\/\"},{\"@type\":\"ListItem\",\"position\":2,\"name\":\"Shop\",\"item\":\"https:\/\/www.erresse-shop.it\/fr\/shop\/\"},{\"@type\":\"ListItem\",\"position\":3,\"name\":\"PORTMEIRION Christmas Tree Plateau Merry Christmas\"}]},{\"@type\":\"WebSite\",\"@id\":\"https:\/\/www.erresse-shop.it\/fr\/#website\",\"url\":\"https:\/\/www.erresse-shop.it\/fr\/\",\"name\":\"Erresse Shop\",\"description\":\"Articoli di qualit\u00e0 per la casa\",\"potentialAction\":[{\"@type\":\"SearchAction\",\"target\":{\"@type\":\"EntryPoint\",\"urlTemplate\":\"https:\/\/www.erresse-shop.it\/fr\/?s={search_term_string}\"},\"query-input\":\"required name=search_term_string\"}],\"inLanguage\":\"fr-FR\"}]}<\/script>\n<!-- \/ Yoast SEO Premium plugin. -->","yoast_head_json":{"title":"PORTMEIRION Christmas Tree Plateau Merry Christmas - Erresse Shop","description":"Les plus beaux souvenirs de No\u00ebl sont souvent li\u00e9s \u00e0 nos objets pr\u00e9f\u00e9r\u00e9s, et ce plat de No\u00ebl apportera la magie des f\u00eates ann\u00e9e apr\u00e8s ann\u00e9e. Orn\u00e9 du","robots":{"index":"index","follow":"follow","max-snippet":"max-snippet:-1","max-image-preview":"max-image-preview:large","max-video-preview":"max-video-preview:-1"},"canonical":"https:\/\/www.erresse-shop.it\/fr\/shop\/table-fr-2\/plateaux\/portmeirion-christmas-tree-plateau-merry-christmas\/","og_locale":"fr_FR","og_type":"article","og_title":"PORTMEIRION Christmas Tree Plateau Merry Christmas","og_description":"Les plus beaux souvenirs de No\u00ebl sont souvent li\u00e9s \u00e0 nos objets pr\u00e9f\u00e9r\u00e9s, et ce plat de No\u00ebl apportera la magie des f\u00eates ann\u00e9e apr\u00e8s ann\u00e9e. Orn\u00e9 du","og_url":"https:\/\/www.erresse-shop.it\/fr\/shop\/table-fr-2\/plateaux\/portmeirion-christmas-tree-plateau-merry-christmas\/","og_site_name":"Erresse Shop","article_modified_time":"2025-11-20T14:47:41+00:00","og_image":[{"width":1200,"height":1200,"url":"https:\/\/www.erresse-shop.it\/wp-content\/uploads\/2025\/11\/PORTMEIRION-Christmas-Tree-Vassoio-Merry-Christmas.jpg","type":"image\/jpeg"}],"twitter_card":"summary_large_image","schema":{"@context":"https:\/\/schema.org","@graph":[{"@type":"WebPage","@id":"https:\/\/www.erresse-shop.it\/fr\/shop\/table-fr-2\/plateaux\/portmeirion-christmas-tree-plateau-merry-christmas\/","url":"https:\/\/www.erresse-shop.it\/fr\/shop\/table-fr-2\/plateaux\/portmeirion-christmas-tree-plateau-merry-christmas\/","name":"PORTMEIRION Christmas Tree Plateau Merry Christmas - Erresse Shop","isPartOf":{"@id":"https:\/\/www.erresse-shop.it\/fr\/#website"},"datePublished":"2025-11-20T14:30:24+00:00","dateModified":"2025-11-20T14:47:41+00:00","description":"Les plus beaux souvenirs de No\u00ebl sont souvent li\u00e9s \u00e0 nos objets pr\u00e9f\u00e9r\u00e9s, et ce plat de No\u00ebl apportera la magie des f\u00eates ann\u00e9e apr\u00e8s ann\u00e9e. Orn\u00e9 du","breadcrumb":{"@id":"https:\/\/www.erresse-shop.it\/fr\/shop\/table-fr-2\/plateaux\/portmeirion-christmas-tree-plateau-merry-christmas\/#breadcrumb"},"inLanguage":"fr-FR","potentialAction":[{"@type":"ReadAction","target":["https:\/\/www.erresse-shop.it\/fr\/shop\/table-fr-2\/plateaux\/portmeirion-christmas-tree-plateau-merry-christmas\/"]}]},{"@type":"BreadcrumbList","@id":"https:\/\/www.erresse-shop.it\/fr\/shop\/table-fr-2\/plateaux\/portmeirion-christmas-tree-plateau-merry-christmas\/#breadcrumb","itemListElement":[{"@type":"ListItem","position":1,"name":"Home","item":"https:\/\/www.erresse-shop.it\/fr\/"},{"@type":"ListItem","position":2,"name":"Shop","item":"https:\/\/www.erresse-shop.it\/fr\/shop\/"},{"@type":"ListItem","position":3,"name":"PORTMEIRION Christmas Tree Plateau Merry Christmas"}]},{"@type":"WebSite","@id":"https:\/\/www.erresse-shop.it\/fr\/#website","url":"https:\/\/www.erresse-shop.it\/fr\/","name":"Erresse Shop","description":"Articoli di qualit\u00e0 per la casa","potentialAction":[{"@type":"SearchAction","target":{"@type":"EntryPoint","urlTemplate":"https:\/\/www.erresse-shop.it\/fr\/?s={search_term_string}"},"query-input":"required name=search_term_string"}],"inLanguage":"fr-FR"}]}},"df_price":49.95,"df_sale_price":49.95,"df_regular_price":67.28,"df_image_link":"https:\/\/www.erresse-shop.it\/wp-content\/uploads\/2025\/11\/PORTMEIRION-Christmas-Tree-Vassoio-Merry-Christmas-300x300.jpg","_links":{"self":[{"href":"https:\/\/www.erresse-shop.it\/fr\/wp-json\/wp\/v2\/product\/517216"}],"collection":[{"href":"https:\/\/www.erresse-shop.it\/fr\/wp-json\/wp\/v2\/product"}],"about":[{"href":"https:\/\/www.erresse-shop.it\/fr\/wp-json\/wp\/v2\/types\/product"}],"wp:featuredmedia":[{"embeddable":true,"href":"https:\/\/www.erresse-shop.it\/fr\/wp-json\/wp\/v2\/media\/517239"}],"wp:attachment":[{"href":"https:\/\/www.erresse-shop.it\/fr\/wp-json\/wp\/v2\/media?parent=517216"}],"wp:term":[{"taxonomy":"product_cat","embeddable":true,"href":"https:\/\/www.erresse-shop.it\/fr\/wp-json\/wp\/v2\/product_cat?post=517216"},{"taxonomy":"product_tag","embeddable":true,"href":"https:\/\/www.erresse-shop.it\/fr\/wp-json\/wp\/v2\/product_tag?post=517216"}],"curies":[{"name":"wp","href":"https:\/\/api.w.org\/{rel}","templated":true}]}}