{"id":517175,"date":"2025-11-20T13:55:03","date_gmt":"2025-11-20T13:55:07","guid":{"rendered":"https:\/\/www.erresse-shop.it\/?post_type=product&#038;p=517175"},"modified":"2025-11-20T14:12:00","modified_gmt":"2025-11-20T14:12:00","slug":"portmeirion-sophie-conran-mistletoe-set-12-pz","status":"publish","type":"product","link":"https:\/\/www.erresse-shop.it\/fr\/shop\/table-fr-2\/plats\/portmeirion-sophie-conran-mistletoe-set-12-pz\/","title":{"rendered":"PORTMEIRION Sophie Conran Mistletoe Set 12 pz"},"content":{"rendered":"<p>Parfait pour un repas de famille, ce service de 12 pi\u00e8ces sign\u00e9 Sophie Conran pour Portmeirion arbore un d\u00e9licat motif de gui, apportant une touche d&#8217;\u00e9l\u00e9gance \u00e0 toutes les occasions.<\/p>\n<p>Compos\u00e9 d&#8217;assiettes plates, d&#8217;assiettes \u00e0 dessert et de bols en porcelaine blanche, chacun orn\u00e9 d&#8217;une texture ondul\u00e9e caract\u00e9ristique, ce service est con\u00e7u pour les moments conviviaux, quelle que soit la saison.<\/p>\n<p>Chaque pi\u00e8ce passe au four, au lave-vaisselle et au micro-ondes pour r\u00e9chauffer les restes.<\/p>\n<p><strong>D\u00e9tails du produit\u00a0:<\/strong><\/p>\n<p><strong>Pays de fabrication\u00a0:<\/strong> Chine<\/p>\n<p><strong>Mat\u00e9riau\u00a0:<\/strong> 100\u00a0% porcelaine<\/p>\n<p><strong>Dimensions\u00a0:<\/strong><\/p>\n<ul>\n<li><strong>Assiette plate<\/strong>\u00a0: 28\u00a0x\u00a028\u00a0cm, H\u00a02,7\u00a0cm<\/li>\n<li><strong>Assiette \u00e0 dessert<\/strong>\u00a0: 20,5\u00a0x\u00a020,5\u00a0cm, H\u00a02\u00a0cm<\/li>\n<li><strong>Bol<\/strong>\u00a0: 18,5\u00a0x\u00a016,5\u00a0cm, H\u00a06,5\u00a0cm<\/li>\n<\/ul>\n","protected":false},"excerpt":{"rendered":"<p>Parfait pour un repas de famille, ce service de 12 pi\u00e8ces sign\u00e9 Sophie Conran pour Portmeirion arbore un d\u00e9licat motif<\/p>\n","protected":false},"featured_media":517192,"template":"","meta":{"_acf_changed":false,"inline_featured_image":false},"product_cat":[12788,12782],"product_tag":[19356,13169,14551,20876,23910,15414,15901,13170,21969,19357],"acf":[],"yoast_head":"<!-- This site is optimized with the Yoast SEO Premium plugin v18.6 (Yoast SEO v19.13) - https:\/\/yoast.com\/wordpress\/plugins\/seo\/ -->\n<title>PORTMEIRION Sophie Conran Mistletoe Set 12 pz - Erresse Shop<\/title>\n<meta name=\"description\" content=\"Parfait pour un repas de famille, ce service de 12 pi\u00e8ces sign\u00e9 Sophie Conran pour Portmeirion arbore un d\u00e9licat motif de gui, apportant une touche\" \/>\n<meta name=\"robots\" content=\"index, follow, max-snippet:-1, max-image-preview:large, max-video-preview:-1\" \/>\n<link rel=\"canonical\" href=\"https:\/\/www.erresse-shop.it\/fr\/shop\/table-fr-2\/plats\/portmeirion-sophie-conran-mistletoe-set-12-pz\/\" \/>\n<meta property=\"og:locale\" content=\"fr_FR\" \/>\n<meta property=\"og:type\" content=\"article\" \/>\n<meta property=\"og:title\" content=\"PORTMEIRION Sophie Conran Mistletoe Set 12 pz\" \/>\n<meta property=\"og:description\" content=\"Parfait pour un repas de famille, ce service de 12 pi\u00e8ces sign\u00e9 Sophie Conran pour Portmeirion arbore un d\u00e9licat motif de gui, apportant une touche\" \/>\n<meta property=\"og:url\" content=\"https:\/\/www.erresse-shop.it\/fr\/shop\/table-fr-2\/plats\/portmeirion-sophie-conran-mistletoe-set-12-pz\/\" \/>\n<meta property=\"og:site_name\" content=\"Erresse Shop\" \/>\n<meta property=\"article:modified_time\" content=\"2025-11-20T14:12:00+00:00\" \/>\n<meta property=\"og:image\" content=\"https:\/\/www.erresse-shop.it\/wp-content\/uploads\/2025\/11\/PORTMEIRION-Sophie-Conran-Mistletoe-Set-12-pz.jpg\" \/>\n\t<meta property=\"og:image:width\" content=\"1200\" \/>\n\t<meta property=\"og:image:height\" content=\"1200\" \/>\n\t<meta property=\"og:image:type\" content=\"image\/jpeg\" \/>\n<meta name=\"twitter:card\" content=\"summary_large_image\" \/>\n<script type=\"application\/ld+json\" class=\"yoast-schema-graph\">{\"@context\":\"https:\/\/schema.org\",\"@graph\":[{\"@type\":\"WebPage\",\"@id\":\"https:\/\/www.erresse-shop.it\/fr\/shop\/table-fr-2\/plats\/portmeirion-sophie-conran-mistletoe-set-12-pz\/\",\"url\":\"https:\/\/www.erresse-shop.it\/fr\/shop\/table-fr-2\/plats\/portmeirion-sophie-conran-mistletoe-set-12-pz\/\",\"name\":\"PORTMEIRION Sophie Conran Mistletoe Set 12 pz - Erresse Shop\",\"isPartOf\":{\"@id\":\"https:\/\/www.erresse-shop.it\/fr\/#website\"},\"datePublished\":\"2025-11-20T13:55:07+00:00\",\"dateModified\":\"2025-11-20T14:12:00+00:00\",\"description\":\"Parfait pour un repas de famille, ce service de 12 pi\u00e8ces sign\u00e9 Sophie Conran pour Portmeirion arbore un d\u00e9licat motif de gui, apportant une touche\",\"breadcrumb\":{\"@id\":\"https:\/\/www.erresse-shop.it\/fr\/shop\/table-fr-2\/plats\/portmeirion-sophie-conran-mistletoe-set-12-pz\/#breadcrumb\"},\"inLanguage\":\"fr-FR\",\"potentialAction\":[{\"@type\":\"ReadAction\",\"target\":[\"https:\/\/www.erresse-shop.it\/fr\/shop\/table-fr-2\/plats\/portmeirion-sophie-conran-mistletoe-set-12-pz\/\"]}]},{\"@type\":\"BreadcrumbList\",\"@id\":\"https:\/\/www.erresse-shop.it\/fr\/shop\/table-fr-2\/plats\/portmeirion-sophie-conran-mistletoe-set-12-pz\/#breadcrumb\",\"itemListElement\":[{\"@type\":\"ListItem\",\"position\":1,\"name\":\"Home\",\"item\":\"https:\/\/www.erresse-shop.it\/fr\/\"},{\"@type\":\"ListItem\",\"position\":2,\"name\":\"Shop\",\"item\":\"https:\/\/www.erresse-shop.it\/fr\/shop\/\"},{\"@type\":\"ListItem\",\"position\":3,\"name\":\"PORTMEIRION Sophie Conran Mistletoe Set 12 pz\"}]},{\"@type\":\"WebSite\",\"@id\":\"https:\/\/www.erresse-shop.it\/fr\/#website\",\"url\":\"https:\/\/www.erresse-shop.it\/fr\/\",\"name\":\"Erresse Shop\",\"description\":\"Articoli di qualit\u00e0 per la casa\",\"potentialAction\":[{\"@type\":\"SearchAction\",\"target\":{\"@type\":\"EntryPoint\",\"urlTemplate\":\"https:\/\/www.erresse-shop.it\/fr\/?s={search_term_string}\"},\"query-input\":\"required name=search_term_string\"}],\"inLanguage\":\"fr-FR\"}]}<\/script>\n<!-- \/ Yoast SEO Premium plugin. -->","yoast_head_json":{"title":"PORTMEIRION Sophie Conran Mistletoe Set 12 pz - Erresse Shop","description":"Parfait pour un repas de famille, ce service de 12 pi\u00e8ces sign\u00e9 Sophie Conran pour Portmeirion arbore un d\u00e9licat motif de gui, apportant une touche","robots":{"index":"index","follow":"follow","max-snippet":"max-snippet:-1","max-image-preview":"max-image-preview:large","max-video-preview":"max-video-preview:-1"},"canonical":"https:\/\/www.erresse-shop.it\/fr\/shop\/table-fr-2\/plats\/portmeirion-sophie-conran-mistletoe-set-12-pz\/","og_locale":"fr_FR","og_type":"article","og_title":"PORTMEIRION Sophie Conran Mistletoe Set 12 pz","og_description":"Parfait pour un repas de famille, ce service de 12 pi\u00e8ces sign\u00e9 Sophie Conran pour Portmeirion arbore un d\u00e9licat motif de gui, apportant une touche","og_url":"https:\/\/www.erresse-shop.it\/fr\/shop\/table-fr-2\/plats\/portmeirion-sophie-conran-mistletoe-set-12-pz\/","og_site_name":"Erresse Shop","article_modified_time":"2025-11-20T14:12:00+00:00","og_image":[{"width":1200,"height":1200,"url":"https:\/\/www.erresse-shop.it\/wp-content\/uploads\/2025\/11\/PORTMEIRION-Sophie-Conran-Mistletoe-Set-12-pz.jpg","type":"image\/jpeg"}],"twitter_card":"summary_large_image","schema":{"@context":"https:\/\/schema.org","@graph":[{"@type":"WebPage","@id":"https:\/\/www.erresse-shop.it\/fr\/shop\/table-fr-2\/plats\/portmeirion-sophie-conran-mistletoe-set-12-pz\/","url":"https:\/\/www.erresse-shop.it\/fr\/shop\/table-fr-2\/plats\/portmeirion-sophie-conran-mistletoe-set-12-pz\/","name":"PORTMEIRION Sophie Conran Mistletoe Set 12 pz - Erresse Shop","isPartOf":{"@id":"https:\/\/www.erresse-shop.it\/fr\/#website"},"datePublished":"2025-11-20T13:55:07+00:00","dateModified":"2025-11-20T14:12:00+00:00","description":"Parfait pour un repas de famille, ce service de 12 pi\u00e8ces sign\u00e9 Sophie Conran pour Portmeirion arbore un d\u00e9licat motif de gui, apportant une touche","breadcrumb":{"@id":"https:\/\/www.erresse-shop.it\/fr\/shop\/table-fr-2\/plats\/portmeirion-sophie-conran-mistletoe-set-12-pz\/#breadcrumb"},"inLanguage":"fr-FR","potentialAction":[{"@type":"ReadAction","target":["https:\/\/www.erresse-shop.it\/fr\/shop\/table-fr-2\/plats\/portmeirion-sophie-conran-mistletoe-set-12-pz\/"]}]},{"@type":"BreadcrumbList","@id":"https:\/\/www.erresse-shop.it\/fr\/shop\/table-fr-2\/plats\/portmeirion-sophie-conran-mistletoe-set-12-pz\/#breadcrumb","itemListElement":[{"@type":"ListItem","position":1,"name":"Home","item":"https:\/\/www.erresse-shop.it\/fr\/"},{"@type":"ListItem","position":2,"name":"Shop","item":"https:\/\/www.erresse-shop.it\/fr\/shop\/"},{"@type":"ListItem","position":3,"name":"PORTMEIRION Sophie Conran Mistletoe Set 12 pz"}]},{"@type":"WebSite","@id":"https:\/\/www.erresse-shop.it\/fr\/#website","url":"https:\/\/www.erresse-shop.it\/fr\/","name":"Erresse Shop","description":"Articoli di qualit\u00e0 per la casa","potentialAction":[{"@type":"SearchAction","target":{"@type":"EntryPoint","urlTemplate":"https:\/\/www.erresse-shop.it\/fr\/?s={search_term_string}"},"query-input":"required name=search_term_string"}],"inLanguage":"fr-FR"}]}},"df_price":199.95,"df_sale_price":199.95,"df_regular_price":347.8,"df_image_link":"https:\/\/www.erresse-shop.it\/wp-content\/uploads\/2025\/11\/PORTMEIRION-Sophie-Conran-Mistletoe-Set-12-pz-300x300.jpg","_links":{"self":[{"href":"https:\/\/www.erresse-shop.it\/fr\/wp-json\/wp\/v2\/product\/517175"}],"collection":[{"href":"https:\/\/www.erresse-shop.it\/fr\/wp-json\/wp\/v2\/product"}],"about":[{"href":"https:\/\/www.erresse-shop.it\/fr\/wp-json\/wp\/v2\/types\/product"}],"wp:featuredmedia":[{"embeddable":true,"href":"https:\/\/www.erresse-shop.it\/fr\/wp-json\/wp\/v2\/media\/517192"}],"wp:attachment":[{"href":"https:\/\/www.erresse-shop.it\/fr\/wp-json\/wp\/v2\/media?parent=517175"}],"wp:term":[{"taxonomy":"product_cat","embeddable":true,"href":"https:\/\/www.erresse-shop.it\/fr\/wp-json\/wp\/v2\/product_cat?post=517175"},{"taxonomy":"product_tag","embeddable":true,"href":"https:\/\/www.erresse-shop.it\/fr\/wp-json\/wp\/v2\/product_tag?post=517175"}],"curies":[{"name":"wp","href":"https:\/\/api.w.org\/{rel}","templated":true}]}}