{"id":517123,"date":"2025-11-20T13:23:06","date_gmt":"2025-11-20T13:23:10","guid":{"rendered":"https:\/\/www.erresse-shop.it\/?post_type=product&#038;p=517123"},"modified":"2025-11-20T13:33:12","modified_gmt":"2025-11-20T13:33:12","slug":"portmeirion-sara-miller-artisanne-noir-ensemble-de-4-bols-a-pates-22-cm","status":"publish","type":"product","link":"https:\/\/www.erresse-shop.it\/fr\/shop\/table-fr-2\/recipients-et-bols\/portmeirion-sara-miller-artisanne-noir-ensemble-de-4-bols-a-pates-22-cm\/","title":{"rendered":"PORTMEIRION Sara Miller Artisanne Noir Ensemble de 4 bols \u00e0 p\u00e2tes 22 cm"},"content":{"rendered":"<p>Partagez de d\u00e9licieux repas entre amis ou en famille avec ce superbe ensemble de 4 bols \u00e0 p\u00e2tes sign\u00e9 Sara Miller London. Compos\u00e9 de quatre motifs \u00e0 assortir issus de la collection Artisanne Noir (Boh\u00e8me, Mandala, Lotus et Paisley), cet ensemble monochrome est rehauss\u00e9 de d\u00e9licats d\u00e9tails dor\u00e9s. Compatibles micro-ondes et lave-vaisselle, ces bols en porcelaine, agr\u00e9ables au toucher, sont parfaits pour toutes les occasions.<\/p>\n<p><strong>D\u00e9tails du produit\u00a0:<\/strong><\/p>\n<p><strong>Pays de fabrication\u00a0:<\/strong> Indon\u00e9sie<br \/>\n<strong>Composition\u00a0:<\/strong> 100\u00a0% porcelaine<br \/>\n<strong>Hauteur\u00a0:<\/strong> 4,9\u00a0cm<br \/>\n<strong>Largeur\u00a0:<\/strong> 21,8\u00a0cm<br \/>\n<strong>Profondeur\u00a0:<\/strong> 21,8\u00a0cm<br \/>\n<strong>Contenance\u00a0:<\/strong> 800\u00a0ml<\/p>\n","protected":false},"excerpt":{"rendered":"<p>Partagez de d\u00e9licieux repas entre amis ou en famille avec ce superbe ensemble de 4 bols \u00e0 p\u00e2tes sign\u00e9 Sara<\/p>\n","protected":false},"featured_media":517140,"template":"","meta":{"_acf_changed":false,"inline_featured_image":false},"product_cat":[14244,12782],"product_tag":[19356,23910,15414,15901,21603],"acf":[],"yoast_head":"<!-- This site is optimized with the Yoast SEO Premium plugin v18.6 (Yoast SEO v19.13) - https:\/\/yoast.com\/wordpress\/plugins\/seo\/ -->\n<title>PORTMEIRION Sara Miller Artisanne Noir Ensemble de 4 bols \u00e0 p\u00e2tes 22 cm - Erresse Shop<\/title>\n<meta name=\"description\" content=\"Partagez de d\u00e9licieux repas entre amis ou en famille avec ce superbe ensemble de 4 bols \u00e0 p\u00e2tes sign\u00e9 Sara Miller London. Compos\u00e9 de quatre motifs \u00e0\" \/>\n<meta name=\"robots\" content=\"index, follow, max-snippet:-1, max-image-preview:large, max-video-preview:-1\" \/>\n<link rel=\"canonical\" href=\"https:\/\/www.erresse-shop.it\/fr\/shop\/table-fr-2\/recipients-et-bols\/portmeirion-sara-miller-artisanne-noir-ensemble-de-4-bols-a-pates-22-cm\/\" \/>\n<meta property=\"og:locale\" content=\"fr_FR\" \/>\n<meta property=\"og:type\" content=\"article\" \/>\n<meta property=\"og:title\" content=\"PORTMEIRION Sara Miller Artisanne Noir Ensemble de 4 bols \u00e0 p\u00e2tes 22 cm\" \/>\n<meta property=\"og:description\" content=\"Partagez de d\u00e9licieux repas entre amis ou en famille avec ce superbe ensemble de 4 bols \u00e0 p\u00e2tes sign\u00e9 Sara Miller London. Compos\u00e9 de quatre motifs \u00e0\" \/>\n<meta property=\"og:url\" content=\"https:\/\/www.erresse-shop.it\/fr\/shop\/table-fr-2\/recipients-et-bols\/portmeirion-sara-miller-artisanne-noir-ensemble-de-4-bols-a-pates-22-cm\/\" \/>\n<meta property=\"og:site_name\" content=\"Erresse Shop\" \/>\n<meta property=\"article:modified_time\" content=\"2025-11-20T13:33:12+00:00\" \/>\n<meta property=\"og:image\" content=\"https:\/\/www.erresse-shop.it\/wp-content\/uploads\/2025\/11\/PORTMEIRION-Sara-Miller-Artisanne-Noir-Set-4-Ciotole-per-Pasta-22-cm.jpg\" \/>\n\t<meta property=\"og:image:width\" content=\"1200\" \/>\n\t<meta property=\"og:image:height\" content=\"1200\" \/>\n\t<meta property=\"og:image:type\" content=\"image\/jpeg\" \/>\n<meta name=\"twitter:card\" content=\"summary_large_image\" \/>\n<script type=\"application\/ld+json\" class=\"yoast-schema-graph\">{\"@context\":\"https:\/\/schema.org\",\"@graph\":[{\"@type\":\"WebPage\",\"@id\":\"https:\/\/www.erresse-shop.it\/fr\/shop\/table-fr-2\/recipients-et-bols\/portmeirion-sara-miller-artisanne-noir-ensemble-de-4-bols-a-pates-22-cm\/\",\"url\":\"https:\/\/www.erresse-shop.it\/fr\/shop\/table-fr-2\/recipients-et-bols\/portmeirion-sara-miller-artisanne-noir-ensemble-de-4-bols-a-pates-22-cm\/\",\"name\":\"PORTMEIRION Sara Miller Artisanne Noir Ensemble de 4 bols \u00e0 p\u00e2tes 22 cm - Erresse Shop\",\"isPartOf\":{\"@id\":\"https:\/\/www.erresse-shop.it\/fr\/#website\"},\"datePublished\":\"2025-11-20T13:23:10+00:00\",\"dateModified\":\"2025-11-20T13:33:12+00:00\",\"description\":\"Partagez de d\u00e9licieux repas entre amis ou en famille avec ce superbe ensemble de 4 bols \u00e0 p\u00e2tes sign\u00e9 Sara Miller London. Compos\u00e9 de quatre motifs \u00e0\",\"breadcrumb\":{\"@id\":\"https:\/\/www.erresse-shop.it\/fr\/shop\/table-fr-2\/recipients-et-bols\/portmeirion-sara-miller-artisanne-noir-ensemble-de-4-bols-a-pates-22-cm\/#breadcrumb\"},\"inLanguage\":\"fr-FR\",\"potentialAction\":[{\"@type\":\"ReadAction\",\"target\":[\"https:\/\/www.erresse-shop.it\/fr\/shop\/table-fr-2\/recipients-et-bols\/portmeirion-sara-miller-artisanne-noir-ensemble-de-4-bols-a-pates-22-cm\/\"]}]},{\"@type\":\"BreadcrumbList\",\"@id\":\"https:\/\/www.erresse-shop.it\/fr\/shop\/table-fr-2\/recipients-et-bols\/portmeirion-sara-miller-artisanne-noir-ensemble-de-4-bols-a-pates-22-cm\/#breadcrumb\",\"itemListElement\":[{\"@type\":\"ListItem\",\"position\":1,\"name\":\"Home\",\"item\":\"https:\/\/www.erresse-shop.it\/fr\/\"},{\"@type\":\"ListItem\",\"position\":2,\"name\":\"Shop\",\"item\":\"https:\/\/www.erresse-shop.it\/fr\/shop\/\"},{\"@type\":\"ListItem\",\"position\":3,\"name\":\"PORTMEIRION Sara Miller Artisanne Noir Ensemble de 4 bols \u00e0 p\u00e2tes 22 cm\"}]},{\"@type\":\"WebSite\",\"@id\":\"https:\/\/www.erresse-shop.it\/fr\/#website\",\"url\":\"https:\/\/www.erresse-shop.it\/fr\/\",\"name\":\"Erresse Shop\",\"description\":\"Articoli di qualit\u00e0 per la casa\",\"potentialAction\":[{\"@type\":\"SearchAction\",\"target\":{\"@type\":\"EntryPoint\",\"urlTemplate\":\"https:\/\/www.erresse-shop.it\/fr\/?s={search_term_string}\"},\"query-input\":\"required name=search_term_string\"}],\"inLanguage\":\"fr-FR\"}]}<\/script>\n<!-- \/ Yoast SEO Premium plugin. -->","yoast_head_json":{"title":"PORTMEIRION Sara Miller Artisanne Noir Ensemble de 4 bols \u00e0 p\u00e2tes 22 cm - Erresse Shop","description":"Partagez de d\u00e9licieux repas entre amis ou en famille avec ce superbe ensemble de 4 bols \u00e0 p\u00e2tes sign\u00e9 Sara Miller London. Compos\u00e9 de quatre motifs \u00e0","robots":{"index":"index","follow":"follow","max-snippet":"max-snippet:-1","max-image-preview":"max-image-preview:large","max-video-preview":"max-video-preview:-1"},"canonical":"https:\/\/www.erresse-shop.it\/fr\/shop\/table-fr-2\/recipients-et-bols\/portmeirion-sara-miller-artisanne-noir-ensemble-de-4-bols-a-pates-22-cm\/","og_locale":"fr_FR","og_type":"article","og_title":"PORTMEIRION Sara Miller Artisanne Noir Ensemble de 4 bols \u00e0 p\u00e2tes 22 cm","og_description":"Partagez de d\u00e9licieux repas entre amis ou en famille avec ce superbe ensemble de 4 bols \u00e0 p\u00e2tes sign\u00e9 Sara Miller London. Compos\u00e9 de quatre motifs \u00e0","og_url":"https:\/\/www.erresse-shop.it\/fr\/shop\/table-fr-2\/recipients-et-bols\/portmeirion-sara-miller-artisanne-noir-ensemble-de-4-bols-a-pates-22-cm\/","og_site_name":"Erresse Shop","article_modified_time":"2025-11-20T13:33:12+00:00","og_image":[{"width":1200,"height":1200,"url":"https:\/\/www.erresse-shop.it\/wp-content\/uploads\/2025\/11\/PORTMEIRION-Sara-Miller-Artisanne-Noir-Set-4-Ciotole-per-Pasta-22-cm.jpg","type":"image\/jpeg"}],"twitter_card":"summary_large_image","schema":{"@context":"https:\/\/schema.org","@graph":[{"@type":"WebPage","@id":"https:\/\/www.erresse-shop.it\/fr\/shop\/table-fr-2\/recipients-et-bols\/portmeirion-sara-miller-artisanne-noir-ensemble-de-4-bols-a-pates-22-cm\/","url":"https:\/\/www.erresse-shop.it\/fr\/shop\/table-fr-2\/recipients-et-bols\/portmeirion-sara-miller-artisanne-noir-ensemble-de-4-bols-a-pates-22-cm\/","name":"PORTMEIRION Sara Miller Artisanne Noir Ensemble de 4 bols \u00e0 p\u00e2tes 22 cm - Erresse Shop","isPartOf":{"@id":"https:\/\/www.erresse-shop.it\/fr\/#website"},"datePublished":"2025-11-20T13:23:10+00:00","dateModified":"2025-11-20T13:33:12+00:00","description":"Partagez de d\u00e9licieux repas entre amis ou en famille avec ce superbe ensemble de 4 bols \u00e0 p\u00e2tes sign\u00e9 Sara Miller London. Compos\u00e9 de quatre motifs \u00e0","breadcrumb":{"@id":"https:\/\/www.erresse-shop.it\/fr\/shop\/table-fr-2\/recipients-et-bols\/portmeirion-sara-miller-artisanne-noir-ensemble-de-4-bols-a-pates-22-cm\/#breadcrumb"},"inLanguage":"fr-FR","potentialAction":[{"@type":"ReadAction","target":["https:\/\/www.erresse-shop.it\/fr\/shop\/table-fr-2\/recipients-et-bols\/portmeirion-sara-miller-artisanne-noir-ensemble-de-4-bols-a-pates-22-cm\/"]}]},{"@type":"BreadcrumbList","@id":"https:\/\/www.erresse-shop.it\/fr\/shop\/table-fr-2\/recipients-et-bols\/portmeirion-sara-miller-artisanne-noir-ensemble-de-4-bols-a-pates-22-cm\/#breadcrumb","itemListElement":[{"@type":"ListItem","position":1,"name":"Home","item":"https:\/\/www.erresse-shop.it\/fr\/"},{"@type":"ListItem","position":2,"name":"Shop","item":"https:\/\/www.erresse-shop.it\/fr\/shop\/"},{"@type":"ListItem","position":3,"name":"PORTMEIRION Sara Miller Artisanne Noir Ensemble de 4 bols \u00e0 p\u00e2tes 22 cm"}]},{"@type":"WebSite","@id":"https:\/\/www.erresse-shop.it\/fr\/#website","url":"https:\/\/www.erresse-shop.it\/fr\/","name":"Erresse Shop","description":"Articoli di qualit\u00e0 per la casa","potentialAction":[{"@type":"SearchAction","target":{"@type":"EntryPoint","urlTemplate":"https:\/\/www.erresse-shop.it\/fr\/?s={search_term_string}"},"query-input":"required name=search_term_string"}],"inLanguage":"fr-FR"}]}},"df_price":82.95,"df_sale_price":82.95,"df_regular_price":123.9,"df_image_link":"https:\/\/www.erresse-shop.it\/wp-content\/uploads\/2025\/11\/PORTMEIRION-Sara-Miller-Artisanne-Noir-Set-4-Ciotole-per-Pasta-22-cm-300x300.jpg","_links":{"self":[{"href":"https:\/\/www.erresse-shop.it\/fr\/wp-json\/wp\/v2\/product\/517123"}],"collection":[{"href":"https:\/\/www.erresse-shop.it\/fr\/wp-json\/wp\/v2\/product"}],"about":[{"href":"https:\/\/www.erresse-shop.it\/fr\/wp-json\/wp\/v2\/types\/product"}],"wp:featuredmedia":[{"embeddable":true,"href":"https:\/\/www.erresse-shop.it\/fr\/wp-json\/wp\/v2\/media\/517140"}],"wp:attachment":[{"href":"https:\/\/www.erresse-shop.it\/fr\/wp-json\/wp\/v2\/media?parent=517123"}],"wp:term":[{"taxonomy":"product_cat","embeddable":true,"href":"https:\/\/www.erresse-shop.it\/fr\/wp-json\/wp\/v2\/product_cat?post=517123"},{"taxonomy":"product_tag","embeddable":true,"href":"https:\/\/www.erresse-shop.it\/fr\/wp-json\/wp\/v2\/product_tag?post=517123"}],"curies":[{"name":"wp","href":"https:\/\/api.w.org\/{rel}","templated":true}]}}