{"id":517088,"date":"2025-11-20T13:11:16","date_gmt":"2025-11-20T13:11:20","guid":{"rendered":"https:\/\/www.erresse-shop.it\/?post_type=product&#038;p=517088"},"modified":"2025-11-20T13:19:51","modified_gmt":"2025-11-20T13:19:51","slug":"portmeirion-sara-miller-artisanne-noir-ensemble-de-2-grands-bols","status":"publish","type":"product","link":"https:\/\/www.erresse-shop.it\/fr\/shop\/table-fr-2\/recipients-et-bols\/portmeirion-sara-miller-artisanne-noir-ensemble-de-2-grands-bols\/","title":{"rendered":"PORTMEIRION Sara Miller Artisanne Noir Ensemble de 2 grands bols"},"content":{"rendered":"<p>Ce lot de deux grands bols de la collection Artisanne Noir pr\u00e9sente deux motifs monochromes \u00e0 associer \u2013 Mandala et Paisley \u2013 qui \u00e9pousent avec \u00e9l\u00e9gance les douces courbes de chaque pi\u00e8ce.<\/p>\n<p>Parfaits pour servir nouilles, p\u00e2tes g\u00e9n\u00e9reuses et soupes, ces bols en porcelaine sont un ajout irr\u00e9sistible \u00e0 votre collection.<\/p>\n<p>Orn\u00e9s de d\u00e9tails dor\u00e9s, et compatibles avec le micro-ondes et le lave-vaisselle, ces bols allient beaut\u00e9 et praticit\u00e9.<\/p>\n<p>Pr\u00e9sent\u00e9s dans un coffret assorti, ces bols constituent un merveilleux cadeau de pendaison de cr\u00e9maill\u00e8re.<\/p>\n<p><strong>D\u00e9tails du produit\u00a0:<\/strong><\/p>\n<p><strong>Pays de fabrication\u00a0:<\/strong> Indon\u00e9sie<br \/>\n<strong>Mati\u00e8re\u00a0:<\/strong> 100\u00a0% porcelaine<br \/>\n<strong>Hauteur\u00a0:<\/strong> 9\u00a0cm<br \/>\n<strong>Largeur\u00a0:<\/strong> 22,2 cm<br \/>\n<strong>Profondeur\u00a0:<\/strong> 22,2\u00a0cm<br \/>\n<strong>Contenance\u00a0:<\/strong> 1862\u00a0ml<\/p>\n","protected":false},"excerpt":{"rendered":"<p>Ce lot de deux grands bols de la collection Artisanne Noir pr\u00e9sente deux motifs monochromes \u00e0 associer \u2013 Mandala et<\/p>\n","protected":false},"featured_media":517117,"template":"","meta":{"_acf_changed":false,"inline_featured_image":false},"product_cat":[14244,12782],"product_tag":[19356,23910,15414,15901,21603],"acf":[],"yoast_head":"<!-- This site is optimized with the Yoast SEO Premium plugin v18.6 (Yoast SEO v19.13) - https:\/\/yoast.com\/wordpress\/plugins\/seo\/ -->\n<title>PORTMEIRION Sara Miller Artisanne Noir Ensemble de 2 grands bols - Erresse Shop<\/title>\n<meta name=\"description\" content=\"Ce lot de deux grands bols de la collection Artisanne Noir pr\u00e9sente deux motifs monochromes \u00e0 associer \u2013 Mandala et Paisley \u2013 qui \u00e9pousent avec \u00e9l\u00e9gance\" \/>\n<meta name=\"robots\" content=\"index, follow, max-snippet:-1, max-image-preview:large, max-video-preview:-1\" \/>\n<link rel=\"canonical\" href=\"https:\/\/www.erresse-shop.it\/fr\/shop\/table-fr-2\/recipients-et-bols\/portmeirion-sara-miller-artisanne-noir-ensemble-de-2-grands-bols\/\" \/>\n<meta property=\"og:locale\" content=\"fr_FR\" \/>\n<meta property=\"og:type\" content=\"article\" \/>\n<meta property=\"og:title\" content=\"PORTMEIRION Sara Miller Artisanne Noir Ensemble de 2 grands bols\" \/>\n<meta property=\"og:description\" content=\"Ce lot de deux grands bols de la collection Artisanne Noir pr\u00e9sente deux motifs monochromes \u00e0 associer \u2013 Mandala et Paisley \u2013 qui \u00e9pousent avec \u00e9l\u00e9gance\" \/>\n<meta property=\"og:url\" content=\"https:\/\/www.erresse-shop.it\/fr\/shop\/table-fr-2\/recipients-et-bols\/portmeirion-sara-miller-artisanne-noir-ensemble-de-2-grands-bols\/\" \/>\n<meta property=\"og:site_name\" content=\"Erresse Shop\" \/>\n<meta property=\"article:modified_time\" content=\"2025-11-20T13:19:51+00:00\" \/>\n<meta property=\"og:image\" content=\"https:\/\/www.erresse-shop.it\/wp-content\/uploads\/2025\/11\/PORTMEIRION-Sara-Miller-Artisanne-Noir-Set-2-Ciotole-Grandi.jpg\" \/>\n\t<meta property=\"og:image:width\" content=\"1200\" \/>\n\t<meta property=\"og:image:height\" content=\"1200\" \/>\n\t<meta property=\"og:image:type\" content=\"image\/jpeg\" \/>\n<meta name=\"twitter:card\" content=\"summary_large_image\" \/>\n<script type=\"application\/ld+json\" class=\"yoast-schema-graph\">{\"@context\":\"https:\/\/schema.org\",\"@graph\":[{\"@type\":\"WebPage\",\"@id\":\"https:\/\/www.erresse-shop.it\/fr\/shop\/table-fr-2\/recipients-et-bols\/portmeirion-sara-miller-artisanne-noir-ensemble-de-2-grands-bols\/\",\"url\":\"https:\/\/www.erresse-shop.it\/fr\/shop\/table-fr-2\/recipients-et-bols\/portmeirion-sara-miller-artisanne-noir-ensemble-de-2-grands-bols\/\",\"name\":\"PORTMEIRION Sara Miller Artisanne Noir Ensemble de 2 grands bols - Erresse Shop\",\"isPartOf\":{\"@id\":\"https:\/\/www.erresse-shop.it\/fr\/#website\"},\"datePublished\":\"2025-11-20T13:11:20+00:00\",\"dateModified\":\"2025-11-20T13:19:51+00:00\",\"description\":\"Ce lot de deux grands bols de la collection Artisanne Noir pr\u00e9sente deux motifs monochromes \u00e0 associer \u2013 Mandala et Paisley \u2013 qui \u00e9pousent avec \u00e9l\u00e9gance\",\"breadcrumb\":{\"@id\":\"https:\/\/www.erresse-shop.it\/fr\/shop\/table-fr-2\/recipients-et-bols\/portmeirion-sara-miller-artisanne-noir-ensemble-de-2-grands-bols\/#breadcrumb\"},\"inLanguage\":\"fr-FR\",\"potentialAction\":[{\"@type\":\"ReadAction\",\"target\":[\"https:\/\/www.erresse-shop.it\/fr\/shop\/table-fr-2\/recipients-et-bols\/portmeirion-sara-miller-artisanne-noir-ensemble-de-2-grands-bols\/\"]}]},{\"@type\":\"BreadcrumbList\",\"@id\":\"https:\/\/www.erresse-shop.it\/fr\/shop\/table-fr-2\/recipients-et-bols\/portmeirion-sara-miller-artisanne-noir-ensemble-de-2-grands-bols\/#breadcrumb\",\"itemListElement\":[{\"@type\":\"ListItem\",\"position\":1,\"name\":\"Home\",\"item\":\"https:\/\/www.erresse-shop.it\/fr\/\"},{\"@type\":\"ListItem\",\"position\":2,\"name\":\"Shop\",\"item\":\"https:\/\/www.erresse-shop.it\/fr\/shop\/\"},{\"@type\":\"ListItem\",\"position\":3,\"name\":\"PORTMEIRION Sara Miller Artisanne Noir Ensemble de 2 grands bols\"}]},{\"@type\":\"WebSite\",\"@id\":\"https:\/\/www.erresse-shop.it\/fr\/#website\",\"url\":\"https:\/\/www.erresse-shop.it\/fr\/\",\"name\":\"Erresse Shop\",\"description\":\"Articoli di qualit\u00e0 per la casa\",\"potentialAction\":[{\"@type\":\"SearchAction\",\"target\":{\"@type\":\"EntryPoint\",\"urlTemplate\":\"https:\/\/www.erresse-shop.it\/fr\/?s={search_term_string}\"},\"query-input\":\"required name=search_term_string\"}],\"inLanguage\":\"fr-FR\"}]}<\/script>\n<!-- \/ Yoast SEO Premium plugin. -->","yoast_head_json":{"title":"PORTMEIRION Sara Miller Artisanne Noir Ensemble de 2 grands bols - Erresse Shop","description":"Ce lot de deux grands bols de la collection Artisanne Noir pr\u00e9sente deux motifs monochromes \u00e0 associer \u2013 Mandala et Paisley \u2013 qui \u00e9pousent avec \u00e9l\u00e9gance","robots":{"index":"index","follow":"follow","max-snippet":"max-snippet:-1","max-image-preview":"max-image-preview:large","max-video-preview":"max-video-preview:-1"},"canonical":"https:\/\/www.erresse-shop.it\/fr\/shop\/table-fr-2\/recipients-et-bols\/portmeirion-sara-miller-artisanne-noir-ensemble-de-2-grands-bols\/","og_locale":"fr_FR","og_type":"article","og_title":"PORTMEIRION Sara Miller Artisanne Noir Ensemble de 2 grands bols","og_description":"Ce lot de deux grands bols de la collection Artisanne Noir pr\u00e9sente deux motifs monochromes \u00e0 associer \u2013 Mandala et Paisley \u2013 qui \u00e9pousent avec \u00e9l\u00e9gance","og_url":"https:\/\/www.erresse-shop.it\/fr\/shop\/table-fr-2\/recipients-et-bols\/portmeirion-sara-miller-artisanne-noir-ensemble-de-2-grands-bols\/","og_site_name":"Erresse Shop","article_modified_time":"2025-11-20T13:19:51+00:00","og_image":[{"width":1200,"height":1200,"url":"https:\/\/www.erresse-shop.it\/wp-content\/uploads\/2025\/11\/PORTMEIRION-Sara-Miller-Artisanne-Noir-Set-2-Ciotole-Grandi.jpg","type":"image\/jpeg"}],"twitter_card":"summary_large_image","schema":{"@context":"https:\/\/schema.org","@graph":[{"@type":"WebPage","@id":"https:\/\/www.erresse-shop.it\/fr\/shop\/table-fr-2\/recipients-et-bols\/portmeirion-sara-miller-artisanne-noir-ensemble-de-2-grands-bols\/","url":"https:\/\/www.erresse-shop.it\/fr\/shop\/table-fr-2\/recipients-et-bols\/portmeirion-sara-miller-artisanne-noir-ensemble-de-2-grands-bols\/","name":"PORTMEIRION Sara Miller Artisanne Noir Ensemble de 2 grands bols - Erresse Shop","isPartOf":{"@id":"https:\/\/www.erresse-shop.it\/fr\/#website"},"datePublished":"2025-11-20T13:11:20+00:00","dateModified":"2025-11-20T13:19:51+00:00","description":"Ce lot de deux grands bols de la collection Artisanne Noir pr\u00e9sente deux motifs monochromes \u00e0 associer \u2013 Mandala et Paisley \u2013 qui \u00e9pousent avec \u00e9l\u00e9gance","breadcrumb":{"@id":"https:\/\/www.erresse-shop.it\/fr\/shop\/table-fr-2\/recipients-et-bols\/portmeirion-sara-miller-artisanne-noir-ensemble-de-2-grands-bols\/#breadcrumb"},"inLanguage":"fr-FR","potentialAction":[{"@type":"ReadAction","target":["https:\/\/www.erresse-shop.it\/fr\/shop\/table-fr-2\/recipients-et-bols\/portmeirion-sara-miller-artisanne-noir-ensemble-de-2-grands-bols\/"]}]},{"@type":"BreadcrumbList","@id":"https:\/\/www.erresse-shop.it\/fr\/shop\/table-fr-2\/recipients-et-bols\/portmeirion-sara-miller-artisanne-noir-ensemble-de-2-grands-bols\/#breadcrumb","itemListElement":[{"@type":"ListItem","position":1,"name":"Home","item":"https:\/\/www.erresse-shop.it\/fr\/"},{"@type":"ListItem","position":2,"name":"Shop","item":"https:\/\/www.erresse-shop.it\/fr\/shop\/"},{"@type":"ListItem","position":3,"name":"PORTMEIRION Sara Miller Artisanne Noir Ensemble de 2 grands bols"}]},{"@type":"WebSite","@id":"https:\/\/www.erresse-shop.it\/fr\/#website","url":"https:\/\/www.erresse-shop.it\/fr\/","name":"Erresse Shop","description":"Articoli di qualit\u00e0 per la casa","potentialAction":[{"@type":"SearchAction","target":{"@type":"EntryPoint","urlTemplate":"https:\/\/www.erresse-shop.it\/fr\/?s={search_term_string}"},"query-input":"required name=search_term_string"}],"inLanguage":"fr-FR"}]}},"df_price":59.95,"df_sale_price":59.95,"df_regular_price":80.5,"df_image_link":"https:\/\/www.erresse-shop.it\/wp-content\/uploads\/2025\/11\/PORTMEIRION-Sara-Miller-Artisanne-Noir-Set-2-Ciotole-Grandi-300x300.jpg","_links":{"self":[{"href":"https:\/\/www.erresse-shop.it\/fr\/wp-json\/wp\/v2\/product\/517088"}],"collection":[{"href":"https:\/\/www.erresse-shop.it\/fr\/wp-json\/wp\/v2\/product"}],"about":[{"href":"https:\/\/www.erresse-shop.it\/fr\/wp-json\/wp\/v2\/types\/product"}],"wp:featuredmedia":[{"embeddable":true,"href":"https:\/\/www.erresse-shop.it\/fr\/wp-json\/wp\/v2\/media\/517117"}],"wp:attachment":[{"href":"https:\/\/www.erresse-shop.it\/fr\/wp-json\/wp\/v2\/media?parent=517088"}],"wp:term":[{"taxonomy":"product_cat","embeddable":true,"href":"https:\/\/www.erresse-shop.it\/fr\/wp-json\/wp\/v2\/product_cat?post=517088"},{"taxonomy":"product_tag","embeddable":true,"href":"https:\/\/www.erresse-shop.it\/fr\/wp-json\/wp\/v2\/product_tag?post=517088"}],"curies":[{"name":"wp","href":"https:\/\/api.w.org\/{rel}","templated":true}]}}