{"id":516983,"date":"2025-11-20T11:06:07","date_gmt":"2025-11-20T11:06:11","guid":{"rendered":"https:\/\/www.erresse-shop.it\/?post_type=product&#038;p=516983"},"modified":"2025-11-25T09:51:37","modified_gmt":"2025-11-25T09:51:37","slug":"portmeirion-sara-miller-artisanne-noir-set-12-pz","status":"publish","type":"product","link":"https:\/\/www.erresse-shop.it\/fr\/shop\/table-fr-2\/plats\/portmeirion-sara-miller-artisanne-noir-set-12-pz\/","title":{"rendered":"PORTMEIRION Sara Miller Artisanne Noir Set 12 pz"},"content":{"rendered":"<p>Une collection de services de table d&#8217;exception, qui apporte les saveurs du Moyen-Orient chez vous.<\/p>\n<p>Ce service de 12 pi\u00e8ces de la collection Artisanne Noir comprend quatre assiettes, quatre assiettes \u00e0 dessert et quatre assiettes \u00e0 dessert, d\u00e9clin\u00e9es en quatre d\u00e9cors : Boh\u00e8me, Lotus, Paisley et Mandala.<\/p>\n<p>Dans un monochrome saisissant, le motif habille chaque pi\u00e8ce de porcelaine et est sublim\u00e9 par de splendides d\u00e9tails dor\u00e9s.<\/p>\n<p>Parfait pour un usage quotidien, ce service passe au micro-ondes et au lave-vaisselle.<\/p>\n<p><strong>D\u00e9tails du produit\u00a0:<\/strong><\/p>\n<p><strong>Pays de production\u00a0:<\/strong> Islande<\/p>\n<p><strong>Mat\u00e9riau\u00a0:<\/strong> 100\u00a0% porcelaine<\/p>\n<p><strong>Dimensions\u00a0:<\/strong><\/p>\n<ul>\n<li><strong>Plat \u00e0 dessert<\/strong>\u00a0: 26,8\u00a0x\u00a026,8\u00a0cm, H\u00a02,75\u00a0cm<\/li>\n<li><strong>Plat \u00e0 dessert<\/strong>\u00a0: 20,9\u00a0x\u00a020,9\u00a0cm, H\u00a02,5\u00a0cm<\/li>\n<li><strong>Coupe \u00e0 dessert<\/strong>\u00a0: 14,8\u00a0x\u00a014,8\u00a0cm, H\u00a06,4\u00a0cm<\/li>\n<\/ul>\n<p><strong>Poids\u00a0:<\/strong><\/p>\n<ul>\n<li><strong>Plat \u00e0 dessert<\/strong>\u00a0: 835\u00a0g<\/li>\n<li><strong>Plat \u00e0 dessert<\/strong>\u00a0: 470\u00a0g<\/li>\n<li><strong>Ciotola<\/strong>: 340 g<\/li>\n<\/ul>\n","protected":false},"excerpt":{"rendered":"<p>Une collection de services de table d&#8217;exception, qui apporte les saveurs du Moyen-Orient chez vous. Ce service de 12 pi\u00e8ces<\/p>\n","protected":false},"featured_media":517006,"template":"","meta":{"_acf_changed":false,"inline_featured_image":false},"product_cat":[12788,12782],"product_tag":[19356,13169,14551,20876,23910,15414,15901,13170,21969,19357],"acf":[],"yoast_head":"<!-- This site is optimized with the Yoast SEO Premium plugin v18.6 (Yoast SEO v19.13) - https:\/\/yoast.com\/wordpress\/plugins\/seo\/ -->\n<title>PORTMEIRION Sara Miller Artisanne Noir Set 12 pz - Erresse Shop<\/title>\n<meta name=\"description\" content=\"Une collection de services de table d&#039;exception, qui apporte les saveurs du Moyen-Orient chez vous. Ce service de 12 pi\u00e8ces de la collection Artisanne\" \/>\n<meta name=\"robots\" content=\"index, follow, max-snippet:-1, max-image-preview:large, max-video-preview:-1\" \/>\n<link rel=\"canonical\" href=\"https:\/\/www.erresse-shop.it\/fr\/shop\/table-fr-2\/plats\/portmeirion-sara-miller-artisanne-noir-set-12-pz\/\" \/>\n<meta property=\"og:locale\" content=\"fr_FR\" \/>\n<meta property=\"og:type\" content=\"article\" \/>\n<meta property=\"og:title\" content=\"PORTMEIRION Sara Miller Artisanne Noir Set 12 pz\" \/>\n<meta property=\"og:description\" content=\"Une collection de services de table d&#039;exception, qui apporte les saveurs du Moyen-Orient chez vous. Ce service de 12 pi\u00e8ces de la collection Artisanne\" \/>\n<meta property=\"og:url\" content=\"https:\/\/www.erresse-shop.it\/fr\/shop\/table-fr-2\/plats\/portmeirion-sara-miller-artisanne-noir-set-12-pz\/\" \/>\n<meta property=\"og:site_name\" content=\"Erresse Shop\" \/>\n<meta property=\"article:modified_time\" content=\"2025-11-25T09:51:37+00:00\" \/>\n<meta property=\"og:image\" content=\"https:\/\/www.erresse-shop.it\/wp-content\/uploads\/2025\/11\/PORTMEIRION-Sara-Miller-Artisanne-Noir-Set-12-pz.jpg\" \/>\n\t<meta property=\"og:image:width\" content=\"1200\" \/>\n\t<meta property=\"og:image:height\" content=\"1200\" \/>\n\t<meta property=\"og:image:type\" content=\"image\/jpeg\" \/>\n<meta name=\"twitter:card\" content=\"summary_large_image\" \/>\n<script type=\"application\/ld+json\" class=\"yoast-schema-graph\">{\"@context\":\"https:\/\/schema.org\",\"@graph\":[{\"@type\":\"WebPage\",\"@id\":\"https:\/\/www.erresse-shop.it\/fr\/shop\/table-fr-2\/plats\/portmeirion-sara-miller-artisanne-noir-set-12-pz\/\",\"url\":\"https:\/\/www.erresse-shop.it\/fr\/shop\/table-fr-2\/plats\/portmeirion-sara-miller-artisanne-noir-set-12-pz\/\",\"name\":\"PORTMEIRION Sara Miller Artisanne Noir Set 12 pz - Erresse Shop\",\"isPartOf\":{\"@id\":\"https:\/\/www.erresse-shop.it\/fr\/#website\"},\"datePublished\":\"2025-11-20T11:06:11+00:00\",\"dateModified\":\"2025-11-25T09:51:37+00:00\",\"description\":\"Une collection de services de table d'exception, qui apporte les saveurs du Moyen-Orient chez vous. Ce service de 12 pi\u00e8ces de la collection Artisanne\",\"breadcrumb\":{\"@id\":\"https:\/\/www.erresse-shop.it\/fr\/shop\/table-fr-2\/plats\/portmeirion-sara-miller-artisanne-noir-set-12-pz\/#breadcrumb\"},\"inLanguage\":\"fr-FR\",\"potentialAction\":[{\"@type\":\"ReadAction\",\"target\":[\"https:\/\/www.erresse-shop.it\/fr\/shop\/table-fr-2\/plats\/portmeirion-sara-miller-artisanne-noir-set-12-pz\/\"]}]},{\"@type\":\"BreadcrumbList\",\"@id\":\"https:\/\/www.erresse-shop.it\/fr\/shop\/table-fr-2\/plats\/portmeirion-sara-miller-artisanne-noir-set-12-pz\/#breadcrumb\",\"itemListElement\":[{\"@type\":\"ListItem\",\"position\":1,\"name\":\"Home\",\"item\":\"https:\/\/www.erresse-shop.it\/fr\/\"},{\"@type\":\"ListItem\",\"position\":2,\"name\":\"Shop\",\"item\":\"https:\/\/www.erresse-shop.it\/fr\/shop\/\"},{\"@type\":\"ListItem\",\"position\":3,\"name\":\"PORTMEIRION Sara Miller Artisanne Noir Set 12 pz\"}]},{\"@type\":\"WebSite\",\"@id\":\"https:\/\/www.erresse-shop.it\/fr\/#website\",\"url\":\"https:\/\/www.erresse-shop.it\/fr\/\",\"name\":\"Erresse Shop\",\"description\":\"Articoli di qualit\u00e0 per la casa\",\"potentialAction\":[{\"@type\":\"SearchAction\",\"target\":{\"@type\":\"EntryPoint\",\"urlTemplate\":\"https:\/\/www.erresse-shop.it\/fr\/?s={search_term_string}\"},\"query-input\":\"required name=search_term_string\"}],\"inLanguage\":\"fr-FR\"}]}<\/script>\n<!-- \/ Yoast SEO Premium plugin. -->","yoast_head_json":{"title":"PORTMEIRION Sara Miller Artisanne Noir Set 12 pz - Erresse Shop","description":"Une collection de services de table d'exception, qui apporte les saveurs du Moyen-Orient chez vous. Ce service de 12 pi\u00e8ces de la collection Artisanne","robots":{"index":"index","follow":"follow","max-snippet":"max-snippet:-1","max-image-preview":"max-image-preview:large","max-video-preview":"max-video-preview:-1"},"canonical":"https:\/\/www.erresse-shop.it\/fr\/shop\/table-fr-2\/plats\/portmeirion-sara-miller-artisanne-noir-set-12-pz\/","og_locale":"fr_FR","og_type":"article","og_title":"PORTMEIRION Sara Miller Artisanne Noir Set 12 pz","og_description":"Une collection de services de table d'exception, qui apporte les saveurs du Moyen-Orient chez vous. Ce service de 12 pi\u00e8ces de la collection Artisanne","og_url":"https:\/\/www.erresse-shop.it\/fr\/shop\/table-fr-2\/plats\/portmeirion-sara-miller-artisanne-noir-set-12-pz\/","og_site_name":"Erresse Shop","article_modified_time":"2025-11-25T09:51:37+00:00","og_image":[{"width":1200,"height":1200,"url":"https:\/\/www.erresse-shop.it\/wp-content\/uploads\/2025\/11\/PORTMEIRION-Sara-Miller-Artisanne-Noir-Set-12-pz.jpg","type":"image\/jpeg"}],"twitter_card":"summary_large_image","schema":{"@context":"https:\/\/schema.org","@graph":[{"@type":"WebPage","@id":"https:\/\/www.erresse-shop.it\/fr\/shop\/table-fr-2\/plats\/portmeirion-sara-miller-artisanne-noir-set-12-pz\/","url":"https:\/\/www.erresse-shop.it\/fr\/shop\/table-fr-2\/plats\/portmeirion-sara-miller-artisanne-noir-set-12-pz\/","name":"PORTMEIRION Sara Miller Artisanne Noir Set 12 pz - Erresse Shop","isPartOf":{"@id":"https:\/\/www.erresse-shop.it\/fr\/#website"},"datePublished":"2025-11-20T11:06:11+00:00","dateModified":"2025-11-25T09:51:37+00:00","description":"Une collection de services de table d'exception, qui apporte les saveurs du Moyen-Orient chez vous. Ce service de 12 pi\u00e8ces de la collection Artisanne","breadcrumb":{"@id":"https:\/\/www.erresse-shop.it\/fr\/shop\/table-fr-2\/plats\/portmeirion-sara-miller-artisanne-noir-set-12-pz\/#breadcrumb"},"inLanguage":"fr-FR","potentialAction":[{"@type":"ReadAction","target":["https:\/\/www.erresse-shop.it\/fr\/shop\/table-fr-2\/plats\/portmeirion-sara-miller-artisanne-noir-set-12-pz\/"]}]},{"@type":"BreadcrumbList","@id":"https:\/\/www.erresse-shop.it\/fr\/shop\/table-fr-2\/plats\/portmeirion-sara-miller-artisanne-noir-set-12-pz\/#breadcrumb","itemListElement":[{"@type":"ListItem","position":1,"name":"Home","item":"https:\/\/www.erresse-shop.it\/fr\/"},{"@type":"ListItem","position":2,"name":"Shop","item":"https:\/\/www.erresse-shop.it\/fr\/shop\/"},{"@type":"ListItem","position":3,"name":"PORTMEIRION Sara Miller Artisanne Noir Set 12 pz"}]},{"@type":"WebSite","@id":"https:\/\/www.erresse-shop.it\/fr\/#website","url":"https:\/\/www.erresse-shop.it\/fr\/","name":"Erresse Shop","description":"Articoli di qualit\u00e0 per la casa","potentialAction":[{"@type":"SearchAction","target":{"@type":"EntryPoint","urlTemplate":"https:\/\/www.erresse-shop.it\/fr\/?s={search_term_string}"},"query-input":"required name=search_term_string"}],"inLanguage":"fr-FR"}]}},"df_price":199.95,"df_sale_price":199.95,"df_regular_price":337,"df_image_link":"https:\/\/www.erresse-shop.it\/wp-content\/uploads\/2025\/11\/PORTMEIRION-Sara-Miller-Artisanne-Noir-Set-12-pz-300x300.jpg","_links":{"self":[{"href":"https:\/\/www.erresse-shop.it\/fr\/wp-json\/wp\/v2\/product\/516983"}],"collection":[{"href":"https:\/\/www.erresse-shop.it\/fr\/wp-json\/wp\/v2\/product"}],"about":[{"href":"https:\/\/www.erresse-shop.it\/fr\/wp-json\/wp\/v2\/types\/product"}],"wp:featuredmedia":[{"embeddable":true,"href":"https:\/\/www.erresse-shop.it\/fr\/wp-json\/wp\/v2\/media\/517006"}],"wp:attachment":[{"href":"https:\/\/www.erresse-shop.it\/fr\/wp-json\/wp\/v2\/media?parent=516983"}],"wp:term":[{"taxonomy":"product_cat","embeddable":true,"href":"https:\/\/www.erresse-shop.it\/fr\/wp-json\/wp\/v2\/product_cat?post=516983"},{"taxonomy":"product_tag","embeddable":true,"href":"https:\/\/www.erresse-shop.it\/fr\/wp-json\/wp\/v2\/product_tag?post=516983"}],"curies":[{"name":"wp","href":"https:\/\/api.w.org\/{rel}","templated":true}]}}