{"id":516937,"date":"2025-11-20T10:28:29","date_gmt":"2025-11-20T10:28:33","guid":{"rendered":"https:\/\/www.erresse-shop.it\/?post_type=product&#038;p=516937"},"modified":"2025-11-20T10:40:43","modified_gmt":"2025-11-20T10:40:43","slug":"portmeirion-sara-miller-artisanne-noir-plat-de-service-moyen-32-cm","status":"publish","type":"product","link":"https:\/\/www.erresse-shop.it\/fr\/shop\/table-fr-2\/plats\/portmeirion-sara-miller-artisanne-noir-plat-de-service-moyen-32-cm\/","title":{"rendered":"PORTMEIRION Sara Miller Artisanne Noir Plat de service moyen 32 cm"},"content":{"rendered":"<p>Pr\u00e9sentez vos mets avec \u00e9l\u00e9gance gr\u00e2ce \u00e0 ce plat ovale de Sara Miller London.<\/p>\n<p>Capturant l&#8217;essence de la cuisine marocaine et moyen-orientale, ce plat en porcelaine fait partie de la collection Artisanne Noir, inspir\u00e9e des voyages de Sara et con\u00e7ue pour recevoir vos invit\u00e9s.<\/p>\n<p>Un ravissant motif cachemire orne les douces courbes de ce plat monochrome et est d\u00e9licatement rehauss\u00e9 de d\u00e9tails dor\u00e9s.<\/p>\n<p>Compatible avec le micro-ondes et le lave-vaisselle, ce plat deviendra vite un incontournable de votre collection.<\/p>\n<p><strong>D\u00e9tails du produit\u00a0:<\/strong><\/p>\n<p><strong>Hauteur<\/strong>\u00a0: 2,8\u00a0cm<br \/>\n<strong>Largeur<\/strong>\u00a0: 31,7\u00a0cm<br \/>\n<strong>Profondeur<\/strong>\u00a0: 18,2\u00a0cm<\/p>\n","protected":false},"excerpt":{"rendered":"<p>Pr\u00e9sentez vos mets avec \u00e9l\u00e9gance gr\u00e2ce \u00e0 ce plat ovale de Sara Miller London. Capturant l&#8217;essence de la cuisine marocaine<\/p>\n","protected":false},"featured_media":516954,"template":"","meta":{"_acf_changed":false,"inline_featured_image":false},"product_cat":[12788,12782],"product_tag":[19356,13169,23910,13170,14261,21969,19357],"acf":[],"yoast_head":"<!-- This site is optimized with the Yoast SEO Premium plugin v18.6 (Yoast SEO v19.13) - https:\/\/yoast.com\/wordpress\/plugins\/seo\/ -->\n<title>PORTMEIRION Sara Miller Artisanne Noir Plat de service moyen 32 cm - Erresse Shop<\/title>\n<meta name=\"description\" content=\"Pr\u00e9sentez vos mets avec \u00e9l\u00e9gance gr\u00e2ce \u00e0 ce plat ovale de Sara Miller London. Capturant l&#039;essence de la cuisine marocaine et moyen-orientale, ce plat en\" \/>\n<meta name=\"robots\" content=\"index, follow, max-snippet:-1, max-image-preview:large, max-video-preview:-1\" \/>\n<link rel=\"canonical\" href=\"https:\/\/www.erresse-shop.it\/fr\/shop\/table-fr-2\/plats\/portmeirion-sara-miller-artisanne-noir-plat-de-service-moyen-32-cm\/\" \/>\n<meta property=\"og:locale\" content=\"fr_FR\" \/>\n<meta property=\"og:type\" content=\"article\" \/>\n<meta property=\"og:title\" content=\"PORTMEIRION Sara Miller Artisanne Noir Plat de service moyen 32 cm\" \/>\n<meta property=\"og:description\" content=\"Pr\u00e9sentez vos mets avec \u00e9l\u00e9gance gr\u00e2ce \u00e0 ce plat ovale de Sara Miller London. Capturant l&#039;essence de la cuisine marocaine et moyen-orientale, ce plat en\" \/>\n<meta property=\"og:url\" content=\"https:\/\/www.erresse-shop.it\/fr\/shop\/table-fr-2\/plats\/portmeirion-sara-miller-artisanne-noir-plat-de-service-moyen-32-cm\/\" \/>\n<meta property=\"og:site_name\" content=\"Erresse Shop\" \/>\n<meta property=\"article:modified_time\" content=\"2025-11-20T10:40:43+00:00\" \/>\n<meta property=\"og:image\" content=\"https:\/\/www.erresse-shop.it\/wp-content\/uploads\/2025\/11\/PORTMEIRION-Sara-Miller-Artisanne-Noir-Piatto-da-Portata-Medio-32-cm.jpg\" \/>\n\t<meta property=\"og:image:width\" content=\"1200\" \/>\n\t<meta property=\"og:image:height\" content=\"1200\" \/>\n\t<meta property=\"og:image:type\" content=\"image\/jpeg\" \/>\n<meta name=\"twitter:card\" content=\"summary_large_image\" \/>\n<script type=\"application\/ld+json\" class=\"yoast-schema-graph\">{\"@context\":\"https:\/\/schema.org\",\"@graph\":[{\"@type\":\"WebPage\",\"@id\":\"https:\/\/www.erresse-shop.it\/fr\/shop\/table-fr-2\/plats\/portmeirion-sara-miller-artisanne-noir-plat-de-service-moyen-32-cm\/\",\"url\":\"https:\/\/www.erresse-shop.it\/fr\/shop\/table-fr-2\/plats\/portmeirion-sara-miller-artisanne-noir-plat-de-service-moyen-32-cm\/\",\"name\":\"PORTMEIRION Sara Miller Artisanne Noir Plat de service moyen 32 cm - Erresse Shop\",\"isPartOf\":{\"@id\":\"https:\/\/www.erresse-shop.it\/fr\/#website\"},\"datePublished\":\"2025-11-20T10:28:33+00:00\",\"dateModified\":\"2025-11-20T10:40:43+00:00\",\"description\":\"Pr\u00e9sentez vos mets avec \u00e9l\u00e9gance gr\u00e2ce \u00e0 ce plat ovale de Sara Miller London. Capturant l'essence de la cuisine marocaine et moyen-orientale, ce plat en\",\"breadcrumb\":{\"@id\":\"https:\/\/www.erresse-shop.it\/fr\/shop\/table-fr-2\/plats\/portmeirion-sara-miller-artisanne-noir-plat-de-service-moyen-32-cm\/#breadcrumb\"},\"inLanguage\":\"fr-FR\",\"potentialAction\":[{\"@type\":\"ReadAction\",\"target\":[\"https:\/\/www.erresse-shop.it\/fr\/shop\/table-fr-2\/plats\/portmeirion-sara-miller-artisanne-noir-plat-de-service-moyen-32-cm\/\"]}]},{\"@type\":\"BreadcrumbList\",\"@id\":\"https:\/\/www.erresse-shop.it\/fr\/shop\/table-fr-2\/plats\/portmeirion-sara-miller-artisanne-noir-plat-de-service-moyen-32-cm\/#breadcrumb\",\"itemListElement\":[{\"@type\":\"ListItem\",\"position\":1,\"name\":\"Home\",\"item\":\"https:\/\/www.erresse-shop.it\/fr\/\"},{\"@type\":\"ListItem\",\"position\":2,\"name\":\"Shop\",\"item\":\"https:\/\/www.erresse-shop.it\/fr\/shop\/\"},{\"@type\":\"ListItem\",\"position\":3,\"name\":\"PORTMEIRION Sara Miller Artisanne Noir Plat de service moyen 32 cm\"}]},{\"@type\":\"WebSite\",\"@id\":\"https:\/\/www.erresse-shop.it\/fr\/#website\",\"url\":\"https:\/\/www.erresse-shop.it\/fr\/\",\"name\":\"Erresse Shop\",\"description\":\"Articoli di qualit\u00e0 per la casa\",\"potentialAction\":[{\"@type\":\"SearchAction\",\"target\":{\"@type\":\"EntryPoint\",\"urlTemplate\":\"https:\/\/www.erresse-shop.it\/fr\/?s={search_term_string}\"},\"query-input\":\"required name=search_term_string\"}],\"inLanguage\":\"fr-FR\"}]}<\/script>\n<!-- \/ Yoast SEO Premium plugin. -->","yoast_head_json":{"title":"PORTMEIRION Sara Miller Artisanne Noir Plat de service moyen 32 cm - Erresse Shop","description":"Pr\u00e9sentez vos mets avec \u00e9l\u00e9gance gr\u00e2ce \u00e0 ce plat ovale de Sara Miller London. Capturant l'essence de la cuisine marocaine et moyen-orientale, ce plat en","robots":{"index":"index","follow":"follow","max-snippet":"max-snippet:-1","max-image-preview":"max-image-preview:large","max-video-preview":"max-video-preview:-1"},"canonical":"https:\/\/www.erresse-shop.it\/fr\/shop\/table-fr-2\/plats\/portmeirion-sara-miller-artisanne-noir-plat-de-service-moyen-32-cm\/","og_locale":"fr_FR","og_type":"article","og_title":"PORTMEIRION Sara Miller Artisanne Noir Plat de service moyen 32 cm","og_description":"Pr\u00e9sentez vos mets avec \u00e9l\u00e9gance gr\u00e2ce \u00e0 ce plat ovale de Sara Miller London. Capturant l'essence de la cuisine marocaine et moyen-orientale, ce plat en","og_url":"https:\/\/www.erresse-shop.it\/fr\/shop\/table-fr-2\/plats\/portmeirion-sara-miller-artisanne-noir-plat-de-service-moyen-32-cm\/","og_site_name":"Erresse Shop","article_modified_time":"2025-11-20T10:40:43+00:00","og_image":[{"width":1200,"height":1200,"url":"https:\/\/www.erresse-shop.it\/wp-content\/uploads\/2025\/11\/PORTMEIRION-Sara-Miller-Artisanne-Noir-Piatto-da-Portata-Medio-32-cm.jpg","type":"image\/jpeg"}],"twitter_card":"summary_large_image","schema":{"@context":"https:\/\/schema.org","@graph":[{"@type":"WebPage","@id":"https:\/\/www.erresse-shop.it\/fr\/shop\/table-fr-2\/plats\/portmeirion-sara-miller-artisanne-noir-plat-de-service-moyen-32-cm\/","url":"https:\/\/www.erresse-shop.it\/fr\/shop\/table-fr-2\/plats\/portmeirion-sara-miller-artisanne-noir-plat-de-service-moyen-32-cm\/","name":"PORTMEIRION Sara Miller Artisanne Noir Plat de service moyen 32 cm - Erresse Shop","isPartOf":{"@id":"https:\/\/www.erresse-shop.it\/fr\/#website"},"datePublished":"2025-11-20T10:28:33+00:00","dateModified":"2025-11-20T10:40:43+00:00","description":"Pr\u00e9sentez vos mets avec \u00e9l\u00e9gance gr\u00e2ce \u00e0 ce plat ovale de Sara Miller London. Capturant l'essence de la cuisine marocaine et moyen-orientale, ce plat en","breadcrumb":{"@id":"https:\/\/www.erresse-shop.it\/fr\/shop\/table-fr-2\/plats\/portmeirion-sara-miller-artisanne-noir-plat-de-service-moyen-32-cm\/#breadcrumb"},"inLanguage":"fr-FR","potentialAction":[{"@type":"ReadAction","target":["https:\/\/www.erresse-shop.it\/fr\/shop\/table-fr-2\/plats\/portmeirion-sara-miller-artisanne-noir-plat-de-service-moyen-32-cm\/"]}]},{"@type":"BreadcrumbList","@id":"https:\/\/www.erresse-shop.it\/fr\/shop\/table-fr-2\/plats\/portmeirion-sara-miller-artisanne-noir-plat-de-service-moyen-32-cm\/#breadcrumb","itemListElement":[{"@type":"ListItem","position":1,"name":"Home","item":"https:\/\/www.erresse-shop.it\/fr\/"},{"@type":"ListItem","position":2,"name":"Shop","item":"https:\/\/www.erresse-shop.it\/fr\/shop\/"},{"@type":"ListItem","position":3,"name":"PORTMEIRION Sara Miller Artisanne Noir Plat de service moyen 32 cm"}]},{"@type":"WebSite","@id":"https:\/\/www.erresse-shop.it\/fr\/#website","url":"https:\/\/www.erresse-shop.it\/fr\/","name":"Erresse Shop","description":"Articoli di qualit\u00e0 per la casa","potentialAction":[{"@type":"SearchAction","target":{"@type":"EntryPoint","urlTemplate":"https:\/\/www.erresse-shop.it\/fr\/?s={search_term_string}"},"query-input":"required name=search_term_string"}],"inLanguage":"fr-FR"}]}},"df_price":59.95,"df_sale_price":59.95,"df_regular_price":80,"df_image_link":"https:\/\/www.erresse-shop.it\/wp-content\/uploads\/2025\/11\/PORTMEIRION-Sara-Miller-Artisanne-Noir-Piatto-da-Portata-Medio-32-cm-300x300.jpg","_links":{"self":[{"href":"https:\/\/www.erresse-shop.it\/fr\/wp-json\/wp\/v2\/product\/516937"}],"collection":[{"href":"https:\/\/www.erresse-shop.it\/fr\/wp-json\/wp\/v2\/product"}],"about":[{"href":"https:\/\/www.erresse-shop.it\/fr\/wp-json\/wp\/v2\/types\/product"}],"wp:featuredmedia":[{"embeddable":true,"href":"https:\/\/www.erresse-shop.it\/fr\/wp-json\/wp\/v2\/media\/516954"}],"wp:attachment":[{"href":"https:\/\/www.erresse-shop.it\/fr\/wp-json\/wp\/v2\/media?parent=516937"}],"wp:term":[{"taxonomy":"product_cat","embeddable":true,"href":"https:\/\/www.erresse-shop.it\/fr\/wp-json\/wp\/v2\/product_cat?post=516937"},{"taxonomy":"product_tag","embeddable":true,"href":"https:\/\/www.erresse-shop.it\/fr\/wp-json\/wp\/v2\/product_tag?post=516937"}],"curies":[{"name":"wp","href":"https:\/\/api.w.org\/{rel}","templated":true}]}}