{"id":516920,"date":"2025-11-20T10:06:32","date_gmt":"2025-11-20T10:06:36","guid":{"rendered":"https:\/\/www.erresse-shop.it\/?post_type=product&#038;p=516920"},"modified":"2025-11-20T10:24:19","modified_gmt":"2025-11-20T10:24:19","slug":"portmeirion-sara-miller-artisanne-noir-bol-de-service-36-cm","status":"publish","type":"product","link":"https:\/\/www.erresse-shop.it\/fr\/shop\/table-fr-2\/plats\/portmeirion-sara-miller-artisanne-noir-bol-de-service-36-cm\/","title":{"rendered":"PORTMEIRION Sara Miller Artisanne Noir bol de service 36 cm"},"content":{"rendered":"<p>Un motif mandala enchanteur orne ce plat de service sign\u00e9 Sara Miller London.<\/p>\n<p>Issu de la collection Artisanne Noir, qui allie un design f\u00e9\u00e9rique aux influences culturelles des voyages de Sara, ce motif saisissant se d\u00e9cline en monochrome, subtilement rehauss\u00e9 de touches dor\u00e9es opulentes.<\/p>\n<p>Parfait pour recevoir, ce plat se marie \u00e0 merveille avec le grand saladier assorti pour une table \u00e9l\u00e9gante et raffin\u00e9e. Fabriqu\u00e9 en porcelaine, il passe au micro-ondes et au lave-vaisselle.<\/p>\n<p><strong>D\u00e9tails du produit\u00a0:<\/strong><\/p>\n<p><strong>Pays de fabrication\u00a0:<\/strong> Indon\u00e9sie<br \/>\n<strong>Mati\u00e8re\u00a0:<\/strong> 100\u00a0% porcelaine<strong><br \/>\n<\/strong><strong>Hauteur\u00a0:<\/strong> 5,7\u00a0cm<strong><br \/>\n<\/strong><strong>Largeur\u00a0: <\/strong>36,2\u00a0cm<strong><br \/>\n<\/strong><strong>Profondeur\u00a0: <\/strong>35,5\u00a0cm<strong><br \/>\n<\/strong><strong>Contenance\u00a0:<\/strong> 2100\u00a0ml<\/p>\n","protected":false},"excerpt":{"rendered":"<p>Un motif mandala enchanteur orne ce plat de service sign\u00e9 Sara Miller London. Issu de la collection Artisanne Noir, qui<\/p>\n","protected":false},"featured_media":516931,"template":"","meta":{"_acf_changed":false,"inline_featured_image":false},"product_cat":[12788,12782],"product_tag":[19356,13169,16711,23910,13170,21969,19357],"acf":[],"yoast_head":"<!-- This site is optimized with the Yoast SEO Premium plugin v18.6 (Yoast SEO v19.13) - https:\/\/yoast.com\/wordpress\/plugins\/seo\/ -->\n<title>PORTMEIRION Sara Miller Artisanne Noir bol de service 36 cm - Erresse Shop<\/title>\n<meta name=\"description\" content=\"Un motif mandala enchanteur orne ce plat de service sign\u00e9 Sara Miller London. Issu de la collection Artisanne Noir, qui allie un design f\u00e9\u00e9rique aux\" \/>\n<meta name=\"robots\" content=\"index, follow, max-snippet:-1, max-image-preview:large, max-video-preview:-1\" \/>\n<link rel=\"canonical\" href=\"https:\/\/www.erresse-shop.it\/fr\/shop\/table-fr-2\/plats\/portmeirion-sara-miller-artisanne-noir-bol-de-service-36-cm\/\" \/>\n<meta property=\"og:locale\" content=\"fr_FR\" \/>\n<meta property=\"og:type\" content=\"article\" \/>\n<meta property=\"og:title\" content=\"PORTMEIRION Sara Miller Artisanne Noir bol de service 36 cm\" \/>\n<meta property=\"og:description\" content=\"Un motif mandala enchanteur orne ce plat de service sign\u00e9 Sara Miller London. Issu de la collection Artisanne Noir, qui allie un design f\u00e9\u00e9rique aux\" \/>\n<meta property=\"og:url\" content=\"https:\/\/www.erresse-shop.it\/fr\/shop\/table-fr-2\/plats\/portmeirion-sara-miller-artisanne-noir-bol-de-service-36-cm\/\" \/>\n<meta property=\"og:site_name\" content=\"Erresse Shop\" \/>\n<meta property=\"article:modified_time\" content=\"2025-11-20T10:24:19+00:00\" \/>\n<meta property=\"og:image\" content=\"https:\/\/www.erresse-shop.it\/wp-content\/uploads\/2025\/11\/PORTMEIRION-Sara-Miller-Artisanne-Noir-Ciotola-da-Portata.jpg\" \/>\n\t<meta property=\"og:image:width\" content=\"1200\" \/>\n\t<meta property=\"og:image:height\" content=\"1200\" \/>\n\t<meta property=\"og:image:type\" content=\"image\/jpeg\" \/>\n<meta name=\"twitter:card\" content=\"summary_large_image\" \/>\n<script type=\"application\/ld+json\" class=\"yoast-schema-graph\">{\"@context\":\"https:\/\/schema.org\",\"@graph\":[{\"@type\":\"WebPage\",\"@id\":\"https:\/\/www.erresse-shop.it\/fr\/shop\/table-fr-2\/plats\/portmeirion-sara-miller-artisanne-noir-bol-de-service-36-cm\/\",\"url\":\"https:\/\/www.erresse-shop.it\/fr\/shop\/table-fr-2\/plats\/portmeirion-sara-miller-artisanne-noir-bol-de-service-36-cm\/\",\"name\":\"PORTMEIRION Sara Miller Artisanne Noir bol de service 36 cm - Erresse Shop\",\"isPartOf\":{\"@id\":\"https:\/\/www.erresse-shop.it\/fr\/#website\"},\"datePublished\":\"2025-11-20T10:06:36+00:00\",\"dateModified\":\"2025-11-20T10:24:19+00:00\",\"description\":\"Un motif mandala enchanteur orne ce plat de service sign\u00e9 Sara Miller London. Issu de la collection Artisanne Noir, qui allie un design f\u00e9\u00e9rique aux\",\"breadcrumb\":{\"@id\":\"https:\/\/www.erresse-shop.it\/fr\/shop\/table-fr-2\/plats\/portmeirion-sara-miller-artisanne-noir-bol-de-service-36-cm\/#breadcrumb\"},\"inLanguage\":\"fr-FR\",\"potentialAction\":[{\"@type\":\"ReadAction\",\"target\":[\"https:\/\/www.erresse-shop.it\/fr\/shop\/table-fr-2\/plats\/portmeirion-sara-miller-artisanne-noir-bol-de-service-36-cm\/\"]}]},{\"@type\":\"BreadcrumbList\",\"@id\":\"https:\/\/www.erresse-shop.it\/fr\/shop\/table-fr-2\/plats\/portmeirion-sara-miller-artisanne-noir-bol-de-service-36-cm\/#breadcrumb\",\"itemListElement\":[{\"@type\":\"ListItem\",\"position\":1,\"name\":\"Home\",\"item\":\"https:\/\/www.erresse-shop.it\/fr\/\"},{\"@type\":\"ListItem\",\"position\":2,\"name\":\"Shop\",\"item\":\"https:\/\/www.erresse-shop.it\/fr\/shop\/\"},{\"@type\":\"ListItem\",\"position\":3,\"name\":\"PORTMEIRION Sara Miller Artisanne Noir bol de service 36 cm\"}]},{\"@type\":\"WebSite\",\"@id\":\"https:\/\/www.erresse-shop.it\/fr\/#website\",\"url\":\"https:\/\/www.erresse-shop.it\/fr\/\",\"name\":\"Erresse Shop\",\"description\":\"Articoli di qualit\u00e0 per la casa\",\"potentialAction\":[{\"@type\":\"SearchAction\",\"target\":{\"@type\":\"EntryPoint\",\"urlTemplate\":\"https:\/\/www.erresse-shop.it\/fr\/?s={search_term_string}\"},\"query-input\":\"required name=search_term_string\"}],\"inLanguage\":\"fr-FR\"}]}<\/script>\n<!-- \/ Yoast SEO Premium plugin. -->","yoast_head_json":{"title":"PORTMEIRION Sara Miller Artisanne Noir bol de service 36 cm - Erresse Shop","description":"Un motif mandala enchanteur orne ce plat de service sign\u00e9 Sara Miller London. Issu de la collection Artisanne Noir, qui allie un design f\u00e9\u00e9rique aux","robots":{"index":"index","follow":"follow","max-snippet":"max-snippet:-1","max-image-preview":"max-image-preview:large","max-video-preview":"max-video-preview:-1"},"canonical":"https:\/\/www.erresse-shop.it\/fr\/shop\/table-fr-2\/plats\/portmeirion-sara-miller-artisanne-noir-bol-de-service-36-cm\/","og_locale":"fr_FR","og_type":"article","og_title":"PORTMEIRION Sara Miller Artisanne Noir bol de service 36 cm","og_description":"Un motif mandala enchanteur orne ce plat de service sign\u00e9 Sara Miller London. Issu de la collection Artisanne Noir, qui allie un design f\u00e9\u00e9rique aux","og_url":"https:\/\/www.erresse-shop.it\/fr\/shop\/table-fr-2\/plats\/portmeirion-sara-miller-artisanne-noir-bol-de-service-36-cm\/","og_site_name":"Erresse Shop","article_modified_time":"2025-11-20T10:24:19+00:00","og_image":[{"width":1200,"height":1200,"url":"https:\/\/www.erresse-shop.it\/wp-content\/uploads\/2025\/11\/PORTMEIRION-Sara-Miller-Artisanne-Noir-Ciotola-da-Portata.jpg","type":"image\/jpeg"}],"twitter_card":"summary_large_image","schema":{"@context":"https:\/\/schema.org","@graph":[{"@type":"WebPage","@id":"https:\/\/www.erresse-shop.it\/fr\/shop\/table-fr-2\/plats\/portmeirion-sara-miller-artisanne-noir-bol-de-service-36-cm\/","url":"https:\/\/www.erresse-shop.it\/fr\/shop\/table-fr-2\/plats\/portmeirion-sara-miller-artisanne-noir-bol-de-service-36-cm\/","name":"PORTMEIRION Sara Miller Artisanne Noir bol de service 36 cm - Erresse Shop","isPartOf":{"@id":"https:\/\/www.erresse-shop.it\/fr\/#website"},"datePublished":"2025-11-20T10:06:36+00:00","dateModified":"2025-11-20T10:24:19+00:00","description":"Un motif mandala enchanteur orne ce plat de service sign\u00e9 Sara Miller London. Issu de la collection Artisanne Noir, qui allie un design f\u00e9\u00e9rique aux","breadcrumb":{"@id":"https:\/\/www.erresse-shop.it\/fr\/shop\/table-fr-2\/plats\/portmeirion-sara-miller-artisanne-noir-bol-de-service-36-cm\/#breadcrumb"},"inLanguage":"fr-FR","potentialAction":[{"@type":"ReadAction","target":["https:\/\/www.erresse-shop.it\/fr\/shop\/table-fr-2\/plats\/portmeirion-sara-miller-artisanne-noir-bol-de-service-36-cm\/"]}]},{"@type":"BreadcrumbList","@id":"https:\/\/www.erresse-shop.it\/fr\/shop\/table-fr-2\/plats\/portmeirion-sara-miller-artisanne-noir-bol-de-service-36-cm\/#breadcrumb","itemListElement":[{"@type":"ListItem","position":1,"name":"Home","item":"https:\/\/www.erresse-shop.it\/fr\/"},{"@type":"ListItem","position":2,"name":"Shop","item":"https:\/\/www.erresse-shop.it\/fr\/shop\/"},{"@type":"ListItem","position":3,"name":"PORTMEIRION Sara Miller Artisanne Noir bol de service 36 cm"}]},{"@type":"WebSite","@id":"https:\/\/www.erresse-shop.it\/fr\/#website","url":"https:\/\/www.erresse-shop.it\/fr\/","name":"Erresse Shop","description":"Articoli di qualit\u00e0 per la casa","potentialAction":[{"@type":"SearchAction","target":{"@type":"EntryPoint","urlTemplate":"https:\/\/www.erresse-shop.it\/fr\/?s={search_term_string}"},"query-input":"required name=search_term_string"}],"inLanguage":"fr-FR"}]}},"df_price":82.95,"df_sale_price":82.95,"df_regular_price":123.9,"df_image_link":"https:\/\/www.erresse-shop.it\/wp-content\/uploads\/2025\/11\/PORTMEIRION-Sara-Miller-Artisanne-Noir-Ciotola-da-Portata-300x300.jpg","_links":{"self":[{"href":"https:\/\/www.erresse-shop.it\/fr\/wp-json\/wp\/v2\/product\/516920"}],"collection":[{"href":"https:\/\/www.erresse-shop.it\/fr\/wp-json\/wp\/v2\/product"}],"about":[{"href":"https:\/\/www.erresse-shop.it\/fr\/wp-json\/wp\/v2\/types\/product"}],"wp:featuredmedia":[{"embeddable":true,"href":"https:\/\/www.erresse-shop.it\/fr\/wp-json\/wp\/v2\/media\/516931"}],"wp:attachment":[{"href":"https:\/\/www.erresse-shop.it\/fr\/wp-json\/wp\/v2\/media?parent=516920"}],"wp:term":[{"taxonomy":"product_cat","embeddable":true,"href":"https:\/\/www.erresse-shop.it\/fr\/wp-json\/wp\/v2\/product_cat?post=516920"},{"taxonomy":"product_tag","embeddable":true,"href":"https:\/\/www.erresse-shop.it\/fr\/wp-json\/wp\/v2\/product_tag?post=516920"}],"curies":[{"name":"wp","href":"https:\/\/api.w.org\/{rel}","templated":true}]}}