{"id":516873,"date":"2025-11-20T09:32:19","date_gmt":"2025-11-20T09:32:23","guid":{"rendered":"https:\/\/www.erresse-shop.it\/?post_type=product&#038;p=516873"},"modified":"2025-11-20T09:45:34","modified_gmt":"2025-11-20T09:45:34","slug":"portmeirion-sara-miller-artisanne-noir-set-de-4-assiettes-plates","status":"publish","type":"product","link":"https:\/\/www.erresse-shop.it\/fr\/shop\/table-fr-2\/plats\/portmeirion-sara-miller-artisanne-noir-set-de-4-assiettes-plates\/","title":{"rendered":"PORTMEIRION Sara Miller Artisanne Noir Set de 4 assiettes plates"},"content":{"rendered":"<p>Apportez une touche orientale \u00e0 votre table avec ce service de 4 assiettes plates Artisanne Noir de Sara Miller London.<\/p>\n<p>Inspir\u00e9es des voyages de Sara, ces assiettes monochromes arborent des motifs vari\u00e9s : Boh\u00e8me, Mandala, Lotus et Paisley, qui \u00e9pousent avec \u00e9l\u00e9gance les douces courbes de la porcelaine.<\/p>\n<p>Orn\u00e9es de d\u00e9tails dor\u00e9s et compatibles avec le micro-ondes et le lave-vaisselle, ces assiettes modulables allient harmonieusement style raffin\u00e9 et praticit\u00e9.<\/p>\n<p><strong>D\u00e9tails du produit\u00a0:<\/strong><\/p>\n<p><strong>Pays de fabrication\u00a0:<\/strong> Indon\u00e9sie<\/p>\n<p><strong>Mati\u00e8re\u00a0:<\/strong> 100\u00a0% porcelaine<\/p>\n<p><strong>Hauteur\u00a0:<\/strong> 2,75\u00a0cm<\/p>\n<p><strong>Largeur\u00a0:<\/strong> 26,8\u00a0cm<\/p>\n<p><strong>Profondeur\u00a0:<\/strong> 26,8\u00a0cm<\/p>\n","protected":false},"excerpt":{"rendered":"<p>Apportez une touche orientale \u00e0 votre table avec ce service de 4 assiettes plates Artisanne Noir de Sara Miller London.<\/p>\n","protected":false},"featured_media":516890,"template":"","meta":{"_acf_changed":false,"inline_featured_image":false},"product_cat":[12788,12782],"product_tag":[19356,13169,16711,23910,13170,21969,19357],"acf":[],"yoast_head":"<!-- This site is optimized with the Yoast SEO Premium plugin v18.6 (Yoast SEO v19.13) - https:\/\/yoast.com\/wordpress\/plugins\/seo\/ -->\n<title>PORTMEIRION Sara Miller Artisanne Noir Set de 4 assiettes plates - Erresse Shop<\/title>\n<meta name=\"description\" content=\"Apportez une touche orientale \u00e0 votre table avec ce service de 4 assiettes plates Artisanne Noir de Sara Miller London. Inspir\u00e9es des voyages de Sara, ces\" \/>\n<meta name=\"robots\" content=\"index, follow, max-snippet:-1, max-image-preview:large, max-video-preview:-1\" \/>\n<link rel=\"canonical\" href=\"https:\/\/www.erresse-shop.it\/fr\/shop\/table-fr-2\/plats\/portmeirion-sara-miller-artisanne-noir-set-de-4-assiettes-plates\/\" \/>\n<meta property=\"og:locale\" content=\"fr_FR\" \/>\n<meta property=\"og:type\" content=\"article\" \/>\n<meta property=\"og:title\" content=\"PORTMEIRION Sara Miller Artisanne Noir Set de 4 assiettes plates\" \/>\n<meta property=\"og:description\" content=\"Apportez une touche orientale \u00e0 votre table avec ce service de 4 assiettes plates Artisanne Noir de Sara Miller London. Inspir\u00e9es des voyages de Sara, ces\" \/>\n<meta property=\"og:url\" content=\"https:\/\/www.erresse-shop.it\/fr\/shop\/table-fr-2\/plats\/portmeirion-sara-miller-artisanne-noir-set-de-4-assiettes-plates\/\" \/>\n<meta property=\"og:site_name\" content=\"Erresse Shop\" \/>\n<meta property=\"article:modified_time\" content=\"2025-11-20T09:45:34+00:00\" \/>\n<meta property=\"og:image\" content=\"https:\/\/www.erresse-shop.it\/wp-content\/uploads\/2025\/11\/PORTMEIRION-Sara-Miller-Artisanne-Noir-Set-4-Piatti-Piani-27-cm.jpg\" \/>\n\t<meta property=\"og:image:width\" content=\"1200\" \/>\n\t<meta property=\"og:image:height\" content=\"1200\" \/>\n\t<meta property=\"og:image:type\" content=\"image\/jpeg\" \/>\n<meta name=\"twitter:card\" content=\"summary_large_image\" \/>\n<script type=\"application\/ld+json\" class=\"yoast-schema-graph\">{\"@context\":\"https:\/\/schema.org\",\"@graph\":[{\"@type\":\"WebPage\",\"@id\":\"https:\/\/www.erresse-shop.it\/fr\/shop\/table-fr-2\/plats\/portmeirion-sara-miller-artisanne-noir-set-de-4-assiettes-plates\/\",\"url\":\"https:\/\/www.erresse-shop.it\/fr\/shop\/table-fr-2\/plats\/portmeirion-sara-miller-artisanne-noir-set-de-4-assiettes-plates\/\",\"name\":\"PORTMEIRION Sara Miller Artisanne Noir Set de 4 assiettes plates - Erresse Shop\",\"isPartOf\":{\"@id\":\"https:\/\/www.erresse-shop.it\/fr\/#website\"},\"datePublished\":\"2025-11-20T09:32:23+00:00\",\"dateModified\":\"2025-11-20T09:45:34+00:00\",\"description\":\"Apportez une touche orientale \u00e0 votre table avec ce service de 4 assiettes plates Artisanne Noir de Sara Miller London. Inspir\u00e9es des voyages de Sara, ces\",\"breadcrumb\":{\"@id\":\"https:\/\/www.erresse-shop.it\/fr\/shop\/table-fr-2\/plats\/portmeirion-sara-miller-artisanne-noir-set-de-4-assiettes-plates\/#breadcrumb\"},\"inLanguage\":\"fr-FR\",\"potentialAction\":[{\"@type\":\"ReadAction\",\"target\":[\"https:\/\/www.erresse-shop.it\/fr\/shop\/table-fr-2\/plats\/portmeirion-sara-miller-artisanne-noir-set-de-4-assiettes-plates\/\"]}]},{\"@type\":\"BreadcrumbList\",\"@id\":\"https:\/\/www.erresse-shop.it\/fr\/shop\/table-fr-2\/plats\/portmeirion-sara-miller-artisanne-noir-set-de-4-assiettes-plates\/#breadcrumb\",\"itemListElement\":[{\"@type\":\"ListItem\",\"position\":1,\"name\":\"Home\",\"item\":\"https:\/\/www.erresse-shop.it\/fr\/\"},{\"@type\":\"ListItem\",\"position\":2,\"name\":\"Shop\",\"item\":\"https:\/\/www.erresse-shop.it\/fr\/shop\/\"},{\"@type\":\"ListItem\",\"position\":3,\"name\":\"PORTMEIRION Sara Miller Artisanne Noir Set de 4 assiettes plates\"}]},{\"@type\":\"WebSite\",\"@id\":\"https:\/\/www.erresse-shop.it\/fr\/#website\",\"url\":\"https:\/\/www.erresse-shop.it\/fr\/\",\"name\":\"Erresse Shop\",\"description\":\"Articoli di qualit\u00e0 per la casa\",\"potentialAction\":[{\"@type\":\"SearchAction\",\"target\":{\"@type\":\"EntryPoint\",\"urlTemplate\":\"https:\/\/www.erresse-shop.it\/fr\/?s={search_term_string}\"},\"query-input\":\"required name=search_term_string\"}],\"inLanguage\":\"fr-FR\"}]}<\/script>\n<!-- \/ Yoast SEO Premium plugin. -->","yoast_head_json":{"title":"PORTMEIRION Sara Miller Artisanne Noir Set de 4 assiettes plates - Erresse Shop","description":"Apportez une touche orientale \u00e0 votre table avec ce service de 4 assiettes plates Artisanne Noir de Sara Miller London. Inspir\u00e9es des voyages de Sara, ces","robots":{"index":"index","follow":"follow","max-snippet":"max-snippet:-1","max-image-preview":"max-image-preview:large","max-video-preview":"max-video-preview:-1"},"canonical":"https:\/\/www.erresse-shop.it\/fr\/shop\/table-fr-2\/plats\/portmeirion-sara-miller-artisanne-noir-set-de-4-assiettes-plates\/","og_locale":"fr_FR","og_type":"article","og_title":"PORTMEIRION Sara Miller Artisanne Noir Set de 4 assiettes plates","og_description":"Apportez une touche orientale \u00e0 votre table avec ce service de 4 assiettes plates Artisanne Noir de Sara Miller London. Inspir\u00e9es des voyages de Sara, ces","og_url":"https:\/\/www.erresse-shop.it\/fr\/shop\/table-fr-2\/plats\/portmeirion-sara-miller-artisanne-noir-set-de-4-assiettes-plates\/","og_site_name":"Erresse Shop","article_modified_time":"2025-11-20T09:45:34+00:00","og_image":[{"width":1200,"height":1200,"url":"https:\/\/www.erresse-shop.it\/wp-content\/uploads\/2025\/11\/PORTMEIRION-Sara-Miller-Artisanne-Noir-Set-4-Piatti-Piani-27-cm.jpg","type":"image\/jpeg"}],"twitter_card":"summary_large_image","schema":{"@context":"https:\/\/schema.org","@graph":[{"@type":"WebPage","@id":"https:\/\/www.erresse-shop.it\/fr\/shop\/table-fr-2\/plats\/portmeirion-sara-miller-artisanne-noir-set-de-4-assiettes-plates\/","url":"https:\/\/www.erresse-shop.it\/fr\/shop\/table-fr-2\/plats\/portmeirion-sara-miller-artisanne-noir-set-de-4-assiettes-plates\/","name":"PORTMEIRION Sara Miller Artisanne Noir Set de 4 assiettes plates - Erresse Shop","isPartOf":{"@id":"https:\/\/www.erresse-shop.it\/fr\/#website"},"datePublished":"2025-11-20T09:32:23+00:00","dateModified":"2025-11-20T09:45:34+00:00","description":"Apportez une touche orientale \u00e0 votre table avec ce service de 4 assiettes plates Artisanne Noir de Sara Miller London. Inspir\u00e9es des voyages de Sara, ces","breadcrumb":{"@id":"https:\/\/www.erresse-shop.it\/fr\/shop\/table-fr-2\/plats\/portmeirion-sara-miller-artisanne-noir-set-de-4-assiettes-plates\/#breadcrumb"},"inLanguage":"fr-FR","potentialAction":[{"@type":"ReadAction","target":["https:\/\/www.erresse-shop.it\/fr\/shop\/table-fr-2\/plats\/portmeirion-sara-miller-artisanne-noir-set-de-4-assiettes-plates\/"]}]},{"@type":"BreadcrumbList","@id":"https:\/\/www.erresse-shop.it\/fr\/shop\/table-fr-2\/plats\/portmeirion-sara-miller-artisanne-noir-set-de-4-assiettes-plates\/#breadcrumb","itemListElement":[{"@type":"ListItem","position":1,"name":"Home","item":"https:\/\/www.erresse-shop.it\/fr\/"},{"@type":"ListItem","position":2,"name":"Shop","item":"https:\/\/www.erresse-shop.it\/fr\/shop\/"},{"@type":"ListItem","position":3,"name":"PORTMEIRION Sara Miller Artisanne Noir Set de 4 assiettes plates"}]},{"@type":"WebSite","@id":"https:\/\/www.erresse-shop.it\/fr\/#website","url":"https:\/\/www.erresse-shop.it\/fr\/","name":"Erresse Shop","description":"Articoli di qualit\u00e0 per la casa","potentialAction":[{"@type":"SearchAction","target":{"@type":"EntryPoint","urlTemplate":"https:\/\/www.erresse-shop.it\/fr\/?s={search_term_string}"},"query-input":"required name=search_term_string"}],"inLanguage":"fr-FR"}]}},"df_price":82.95,"df_sale_price":82.95,"df_regular_price":125.9,"df_image_link":"https:\/\/www.erresse-shop.it\/wp-content\/uploads\/2025\/11\/PORTMEIRION-Sara-Miller-Artisanne-Noir-Set-4-Piatti-Piani-27-cm-300x300.jpg","_links":{"self":[{"href":"https:\/\/www.erresse-shop.it\/fr\/wp-json\/wp\/v2\/product\/516873"}],"collection":[{"href":"https:\/\/www.erresse-shop.it\/fr\/wp-json\/wp\/v2\/product"}],"about":[{"href":"https:\/\/www.erresse-shop.it\/fr\/wp-json\/wp\/v2\/types\/product"}],"wp:featuredmedia":[{"embeddable":true,"href":"https:\/\/www.erresse-shop.it\/fr\/wp-json\/wp\/v2\/media\/516890"}],"wp:attachment":[{"href":"https:\/\/www.erresse-shop.it\/fr\/wp-json\/wp\/v2\/media?parent=516873"}],"wp:term":[{"taxonomy":"product_cat","embeddable":true,"href":"https:\/\/www.erresse-shop.it\/fr\/wp-json\/wp\/v2\/product_cat?post=516873"},{"taxonomy":"product_tag","embeddable":true,"href":"https:\/\/www.erresse-shop.it\/fr\/wp-json\/wp\/v2\/product_tag?post=516873"}],"curies":[{"name":"wp","href":"https:\/\/api.w.org\/{rel}","templated":true}]}}