{"id":516859,"date":"2025-11-20T09:03:46","date_gmt":"2025-11-20T09:03:46","guid":{"rendered":"https:\/\/www.erresse-shop.it\/?post_type=product&#038;p=516859"},"modified":"2025-11-20T09:22:11","modified_gmt":"2025-11-20T09:22:11","slug":"mauviel-1830-mminis-plat-a-four-14x10-cuivre","status":"publish","type":"product","link":"https:\/\/www.erresse-shop.it\/fr\/shop\/poeles-pots\/plats-et-casseroles-a-four\/mauviel-1830-mminis-plat-a-four-14x10-cuivre\/","title":{"rendered":"MAUVIEL 1830 M&#8217;MINIS Plat \u00e0 four 14&#215;10 Cuivre"},"content":{"rendered":"<p>Plat \u00e0 r\u00f4tir en acier inoxydable cuivr\u00e9 avec cadre en fonte bilamin\u00e9e, 14 x 10 cm, de la collection M&#8217;Minis.<\/p>\n<p><strong>CARACT\u00c9RISTIQUES TECHNIQUES\u00a0:<\/strong><\/p>\n<ul>\n<li>Dimensions\u00a0: 18,5 x 11,5 cm, H 5 cm<\/li>\n<li>Mat\u00e9riau\u00a0: Acier inoxydable cuivr\u00e9 &#8211; \u00c9paisseur\u00a0: 1,5 mm &#8211; Poign\u00e9e en acier inoxydable<\/li>\n<li>Utilisation\u00a0: Compatible tous feux sauf induction &#8211; Passe au four &#8211; Ne passe pas au lave-vaisselle<\/li>\n<li>Poids\u00a0: 0,55 kg<\/li>\n<li>Composition int\u00e9rieure\u00a0: Acier inoxydable 18\/10<\/li>\n<\/ul>\n","protected":false},"excerpt":{"rendered":"<p>Plat \u00e0 r\u00f4tir en acier inoxydable cuivr\u00e9 avec cadre en fonte bilamin\u00e9e, 14 x 10 cm, de la collection M&#8217;Minis.<\/p>\n","protected":false},"featured_media":516864,"template":"","meta":{"_acf_changed":false,"inline_featured_image":false},"product_cat":[12748,14805],"product_tag":[12856,12854,15900,19085],"acf":[],"yoast_head":"<!-- This site is optimized with the Yoast SEO Premium plugin v18.6 (Yoast SEO v19.13) - https:\/\/yoast.com\/wordpress\/plugins\/seo\/ -->\n<title>MAUVIEL 1830 M&#039;MINIS Plat \u00e0 four 14x10 Cuivre - Erresse Shop<\/title>\n<meta name=\"description\" content=\"Plat \u00e0 r\u00f4tir en acier inoxydable cuivr\u00e9 avec cadre en fonte bilamin\u00e9e, 14 x 10 cm, de la collection M&#039;Minis. CARACT\u00c9RISTIQUES TECHNIQUES\u00a0: Dimensions\u00a0:\" \/>\n<meta name=\"robots\" content=\"index, follow, max-snippet:-1, max-image-preview:large, max-video-preview:-1\" \/>\n<link rel=\"canonical\" href=\"https:\/\/www.erresse-shop.it\/fr\/shop\/poeles-pots\/plats-et-casseroles-a-four\/mauviel-1830-mminis-plat-a-four-14x10-cuivre\/\" \/>\n<meta property=\"og:locale\" content=\"fr_FR\" \/>\n<meta property=\"og:type\" content=\"article\" \/>\n<meta property=\"og:title\" content=\"MAUVIEL 1830 M&#039;MINIS Plat \u00e0 four 14x10 Cuivre\" \/>\n<meta property=\"og:description\" content=\"Plat \u00e0 r\u00f4tir en acier inoxydable cuivr\u00e9 avec cadre en fonte bilamin\u00e9e, 14 x 10 cm, de la collection M&#039;Minis. CARACT\u00c9RISTIQUES TECHNIQUES\u00a0: Dimensions\u00a0:\" \/>\n<meta property=\"og:url\" content=\"https:\/\/www.erresse-shop.it\/fr\/shop\/poeles-pots\/plats-et-casseroles-a-four\/mauviel-1830-mminis-plat-a-four-14x10-cuivre\/\" \/>\n<meta property=\"og:site_name\" content=\"Erresse Shop\" \/>\n<meta property=\"article:modified_time\" content=\"2025-11-20T09:22:11+00:00\" \/>\n<meta property=\"og:image\" content=\"https:\/\/www.erresse-shop.it\/wp-content\/uploads\/2025\/11\/MAUVIEL-1830-MMINIS-Teglia-da-Forno-14x10-Rame.jpg\" \/>\n\t<meta property=\"og:image:width\" content=\"1200\" \/>\n\t<meta property=\"og:image:height\" content=\"1200\" \/>\n\t<meta property=\"og:image:type\" content=\"image\/jpeg\" \/>\n<meta name=\"twitter:card\" content=\"summary_large_image\" \/>\n<script type=\"application\/ld+json\" class=\"yoast-schema-graph\">{\"@context\":\"https:\/\/schema.org\",\"@graph\":[{\"@type\":\"WebPage\",\"@id\":\"https:\/\/www.erresse-shop.it\/fr\/shop\/poeles-pots\/plats-et-casseroles-a-four\/mauviel-1830-mminis-plat-a-four-14x10-cuivre\/\",\"url\":\"https:\/\/www.erresse-shop.it\/fr\/shop\/poeles-pots\/plats-et-casseroles-a-four\/mauviel-1830-mminis-plat-a-four-14x10-cuivre\/\",\"name\":\"MAUVIEL 1830 M'MINIS Plat \u00e0 four 14x10 Cuivre - Erresse Shop\",\"isPartOf\":{\"@id\":\"https:\/\/www.erresse-shop.it\/fr\/#website\"},\"datePublished\":\"2025-11-20T09:03:46+00:00\",\"dateModified\":\"2025-11-20T09:22:11+00:00\",\"description\":\"Plat \u00e0 r\u00f4tir en acier inoxydable cuivr\u00e9 avec cadre en fonte bilamin\u00e9e, 14 x 10 cm, de la collection M'Minis. CARACT\u00c9RISTIQUES TECHNIQUES\u00a0: Dimensions\u00a0:\",\"breadcrumb\":{\"@id\":\"https:\/\/www.erresse-shop.it\/fr\/shop\/poeles-pots\/plats-et-casseroles-a-four\/mauviel-1830-mminis-plat-a-four-14x10-cuivre\/#breadcrumb\"},\"inLanguage\":\"fr-FR\",\"potentialAction\":[{\"@type\":\"ReadAction\",\"target\":[\"https:\/\/www.erresse-shop.it\/fr\/shop\/poeles-pots\/plats-et-casseroles-a-four\/mauviel-1830-mminis-plat-a-four-14x10-cuivre\/\"]}]},{\"@type\":\"BreadcrumbList\",\"@id\":\"https:\/\/www.erresse-shop.it\/fr\/shop\/poeles-pots\/plats-et-casseroles-a-four\/mauviel-1830-mminis-plat-a-four-14x10-cuivre\/#breadcrumb\",\"itemListElement\":[{\"@type\":\"ListItem\",\"position\":1,\"name\":\"Home\",\"item\":\"https:\/\/www.erresse-shop.it\/fr\/\"},{\"@type\":\"ListItem\",\"position\":2,\"name\":\"Shop\",\"item\":\"https:\/\/www.erresse-shop.it\/fr\/shop\/\"},{\"@type\":\"ListItem\",\"position\":3,\"name\":\"MAUVIEL 1830 M&#8217;MINIS Plat \u00e0 four 14&#215;10 Cuivre\"}]},{\"@type\":\"WebSite\",\"@id\":\"https:\/\/www.erresse-shop.it\/fr\/#website\",\"url\":\"https:\/\/www.erresse-shop.it\/fr\/\",\"name\":\"Erresse Shop\",\"description\":\"Articoli di qualit\u00e0 per la casa\",\"potentialAction\":[{\"@type\":\"SearchAction\",\"target\":{\"@type\":\"EntryPoint\",\"urlTemplate\":\"https:\/\/www.erresse-shop.it\/fr\/?s={search_term_string}\"},\"query-input\":\"required name=search_term_string\"}],\"inLanguage\":\"fr-FR\"}]}<\/script>\n<!-- \/ Yoast SEO Premium plugin. -->","yoast_head_json":{"title":"MAUVIEL 1830 M'MINIS Plat \u00e0 four 14x10 Cuivre - Erresse Shop","description":"Plat \u00e0 r\u00f4tir en acier inoxydable cuivr\u00e9 avec cadre en fonte bilamin\u00e9e, 14 x 10 cm, de la collection M'Minis. CARACT\u00c9RISTIQUES TECHNIQUES\u00a0: Dimensions\u00a0:","robots":{"index":"index","follow":"follow","max-snippet":"max-snippet:-1","max-image-preview":"max-image-preview:large","max-video-preview":"max-video-preview:-1"},"canonical":"https:\/\/www.erresse-shop.it\/fr\/shop\/poeles-pots\/plats-et-casseroles-a-four\/mauviel-1830-mminis-plat-a-four-14x10-cuivre\/","og_locale":"fr_FR","og_type":"article","og_title":"MAUVIEL 1830 M'MINIS Plat \u00e0 four 14x10 Cuivre","og_description":"Plat \u00e0 r\u00f4tir en acier inoxydable cuivr\u00e9 avec cadre en fonte bilamin\u00e9e, 14 x 10 cm, de la collection M'Minis. CARACT\u00c9RISTIQUES TECHNIQUES\u00a0: Dimensions\u00a0:","og_url":"https:\/\/www.erresse-shop.it\/fr\/shop\/poeles-pots\/plats-et-casseroles-a-four\/mauviel-1830-mminis-plat-a-four-14x10-cuivre\/","og_site_name":"Erresse Shop","article_modified_time":"2025-11-20T09:22:11+00:00","og_image":[{"width":1200,"height":1200,"url":"https:\/\/www.erresse-shop.it\/wp-content\/uploads\/2025\/11\/MAUVIEL-1830-MMINIS-Teglia-da-Forno-14x10-Rame.jpg","type":"image\/jpeg"}],"twitter_card":"summary_large_image","schema":{"@context":"https:\/\/schema.org","@graph":[{"@type":"WebPage","@id":"https:\/\/www.erresse-shop.it\/fr\/shop\/poeles-pots\/plats-et-casseroles-a-four\/mauviel-1830-mminis-plat-a-four-14x10-cuivre\/","url":"https:\/\/www.erresse-shop.it\/fr\/shop\/poeles-pots\/plats-et-casseroles-a-four\/mauviel-1830-mminis-plat-a-four-14x10-cuivre\/","name":"MAUVIEL 1830 M'MINIS Plat \u00e0 four 14x10 Cuivre - Erresse Shop","isPartOf":{"@id":"https:\/\/www.erresse-shop.it\/fr\/#website"},"datePublished":"2025-11-20T09:03:46+00:00","dateModified":"2025-11-20T09:22:11+00:00","description":"Plat \u00e0 r\u00f4tir en acier inoxydable cuivr\u00e9 avec cadre en fonte bilamin\u00e9e, 14 x 10 cm, de la collection M'Minis. CARACT\u00c9RISTIQUES TECHNIQUES\u00a0: Dimensions\u00a0:","breadcrumb":{"@id":"https:\/\/www.erresse-shop.it\/fr\/shop\/poeles-pots\/plats-et-casseroles-a-four\/mauviel-1830-mminis-plat-a-four-14x10-cuivre\/#breadcrumb"},"inLanguage":"fr-FR","potentialAction":[{"@type":"ReadAction","target":["https:\/\/www.erresse-shop.it\/fr\/shop\/poeles-pots\/plats-et-casseroles-a-four\/mauviel-1830-mminis-plat-a-four-14x10-cuivre\/"]}]},{"@type":"BreadcrumbList","@id":"https:\/\/www.erresse-shop.it\/fr\/shop\/poeles-pots\/plats-et-casseroles-a-four\/mauviel-1830-mminis-plat-a-four-14x10-cuivre\/#breadcrumb","itemListElement":[{"@type":"ListItem","position":1,"name":"Home","item":"https:\/\/www.erresse-shop.it\/fr\/"},{"@type":"ListItem","position":2,"name":"Shop","item":"https:\/\/www.erresse-shop.it\/fr\/shop\/"},{"@type":"ListItem","position":3,"name":"MAUVIEL 1830 M&#8217;MINIS Plat \u00e0 four 14&#215;10 Cuivre"}]},{"@type":"WebSite","@id":"https:\/\/www.erresse-shop.it\/fr\/#website","url":"https:\/\/www.erresse-shop.it\/fr\/","name":"Erresse Shop","description":"Articoli di qualit\u00e0 per la casa","potentialAction":[{"@type":"SearchAction","target":{"@type":"EntryPoint","urlTemplate":"https:\/\/www.erresse-shop.it\/fr\/?s={search_term_string}"},"query-input":"required name=search_term_string"}],"inLanguage":"fr-FR"}]}},"df_price":141.62,"df_sale_price":141.62,"df_regular_price":141.62,"df_image_link":"https:\/\/www.erresse-shop.it\/wp-content\/uploads\/2025\/11\/MAUVIEL-1830-MMINIS-Teglia-da-Forno-14x10-Rame-300x300.jpg","_links":{"self":[{"href":"https:\/\/www.erresse-shop.it\/fr\/wp-json\/wp\/v2\/product\/516859"}],"collection":[{"href":"https:\/\/www.erresse-shop.it\/fr\/wp-json\/wp\/v2\/product"}],"about":[{"href":"https:\/\/www.erresse-shop.it\/fr\/wp-json\/wp\/v2\/types\/product"}],"wp:featuredmedia":[{"embeddable":true,"href":"https:\/\/www.erresse-shop.it\/fr\/wp-json\/wp\/v2\/media\/516864"}],"wp:attachment":[{"href":"https:\/\/www.erresse-shop.it\/fr\/wp-json\/wp\/v2\/media?parent=516859"}],"wp:term":[{"taxonomy":"product_cat","embeddable":true,"href":"https:\/\/www.erresse-shop.it\/fr\/wp-json\/wp\/v2\/product_cat?post=516859"},{"taxonomy":"product_tag","embeddable":true,"href":"https:\/\/www.erresse-shop.it\/fr\/wp-json\/wp\/v2\/product_tag?post=516859"}],"curies":[{"name":"wp","href":"https:\/\/api.w.org\/{rel}","templated":true}]}}