{"id":516513,"date":"2025-11-12T13:31:50","date_gmt":"2025-11-12T13:31:55","guid":{"rendered":"https:\/\/www.erresse-shop.it\/?post_type=product&#038;p=516513"},"modified":"2025-11-12T14:09:46","modified_gmt":"2025-11-12T14:09:46","slug":"jura-machine-a-cafe-c9-piano-black","status":"publish","type":"product","link":"https:\/\/www.erresse-shop.it\/fr\/shop\/petits-electromenagers\/machines-cafe\/automatique\/jura-machine-a-cafe-c9-piano-black\/","title":{"rendered":"JURA Machine \u00e0 caf\u00e9 C9 Piano Black"},"content":{"rendered":"<div class=\"page-subtitle\">\n<div class=\"page-subtitle\">\n<div class=\"page-subtitle\">\n<div class=\"page-subtitle\">\n<div class=\"page-subtitle\">\n<div class=\"page-subtitle\">\n<div class=\"page-subtitle\">\n<div class=\"page-subtitle\">\n<div class=\"page-subtitle\">\n<div class=\"page-subtitle\"><\/div>\n<\/div>\n<\/div>\n<\/div>\n<\/div>\n<\/div>\n<\/div>\n<\/div>\n<\/div>\n<\/div>\n<div class=\"page-info\">\n<h3>Deux univers de plaisir dans un format compact<\/h3>\n<p>Elle s\u00e9duit par une infusion chaleureuse et l\u00e9g\u00e8re et offre en tasse des ar\u00f4mes de caf\u00e9 allant des plus cors\u00e9s aux plus a\u00e9riens. Gr\u00e2ce \u00e0 son broyeur Aroma Grinder professionnel, ses trois m\u00e9thodes d&#8217;infusion et son grand groupe d&#8217;infusion, la C9 ma\u00eetrise 17 sp\u00e9cialit\u00e9s de caf\u00e9. La s\u00e9lection comprend des classiques populaires et les sp\u00e9cialit\u00e9s tendance Flat White, Cortado et Espresso Macchiato. Elle offre un plaisir optimal de d\u00e9gustation avec des sp\u00e9cialit\u00e9s l\u00e9g\u00e8res, d\u00e9licates et aromatiques.<\/p>\n<p>Les technologies innovantes de la C9 vous permettent de personnaliser l&#8217;ar\u00f4me, la quantit\u00e9 de caf\u00e9 et de lait, ainsi que la temp\u00e9rature. Le compartiment \u00e0 poudre, facilement accessible via le menu, est id\u00e9al pour savourer un caf\u00e9 d\u00e9caf\u00e9in\u00e9.<\/p>\n<p>\u00c9quip\u00e9e de la connexion Wi-Fi (en option), cette machine \u00e0 caf\u00e9 automatique est compatible avec l&#8217;application J.O.E.\u00ae. Cette application simplifie les r\u00e9glages personnalis\u00e9s et offre des fonctions suppl\u00e9mentaires.<\/p>\n<p>Le design compact de la C9 s&#8217;inspire des machines haut de gamme de JURA. Le r\u00e9servoir d&#8217;eau et le porte-tasses chrom\u00e9 pr\u00e9sentent des formes ondul\u00e9es.<\/p>\n<p>La fa\u00e7ade concave-convexe allie \u00e9l\u00e9gance et raffinement, et int\u00e8gre harmonieusement l&#8217;\u00e9cran couleur de 2,8 pouces au design global.<\/p>\n<h3>Deux univers de plaisir caf\u00e9in\u00e9<\/h3>\n<p>La C9 propose une s\u00e9lection de sp\u00e9cialit\u00e9s dans deux univers de plaisir : classique et avant-gardiste.<\/p>\n<p>Elle sublime le caf\u00e9 pur, r\u00e9v\u00e9lant toute sa palette aromatique, et cr\u00e9e une infusion l\u00e9g\u00e8re pour un plaisir ultime, pr\u00eate \u00e0 d\u00e9guster.<\/p>\n<p>Avec espresso macchiato, cortado et flat white, cette machine compacte enrichit sa gamme de caf\u00e9s de sp\u00e9cialit\u00e9 et ravit les amateurs de caf\u00e9 appr\u00e9ciant les saveurs intenses, avec mousse de lait ou alternatives v\u00e9g\u00e9tales.<\/p>\n<h3>Extraction l\u00e9g\u00e8re et extraction \u00e0 chaud pour des moments de plaisir toujours renouvel\u00e9s<\/h3>\n<p>Doublez votre choix et votre plaisir caf\u00e9in\u00e9 gr\u00e2ce \u00e0 deux univers : la C9 pr\u00e9pare des boissons chaudes classiques et des boissons l\u00e9g\u00e8res innovantes.<\/p>\n<p>Gr\u00e2ce \u00e0 son proc\u00e9d\u00e9 d&#8217;extraction l\u00e9g\u00e8re, elle offre un plaisir pr\u00eat \u00e0 d\u00e9guster, aux ar\u00f4mes d\u00e9licats et subtils.<\/p>\n<p>Infus\u00e9e \u00e0 environ 60 \u00b0C avec une quantit\u00e9 de caf\u00e9 r\u00e9duite, cette extraction douce d\u00e9veloppe un profil aromatique unique, \u00e0 une temp\u00e9rature id\u00e9ale pour la d\u00e9gustation. Les caf\u00e9s de sp\u00e9cialit\u00e9 pr\u00e9par\u00e9s avec la C9 b\u00e9n\u00e9ficient \u00e9galement du groupe d&#8217;infusion standard et, en plus du processus d&#8217;extraction classique, du processus d&#8217;extraction par impulsions (P.E.P.\u00ae).<\/p>\n<h3>Design \u00e9l\u00e9gant et compact<\/h3>\n<p>Inspir\u00e9e des machines haut de gamme, la C9 se distingue par son design \u00e0 la fois classique et moderne. Sa fa\u00e7ade concave-convexe invite \u00e0 la d\u00e9gustation, offrant un espace id\u00e9al pour admirer le r\u00e9sultat dans la tasse.<\/p>\n<p>Le r\u00e9servoir d&#8217;eau et le porte-tasses chrom\u00e9 arborent un design ondul\u00e9 qui souligne l&#8217;harmonie entre les d\u00e9tails et l&#8217;esth\u00e9tique g\u00e9n\u00e9rale.<\/p>\n<p>La C9 allie \u00e9l\u00e9gance et simplicit\u00e9, concentrant des performances exceptionnelles dans un format compact\u00a0: minimaliste, intemporelle et unique.<\/p>\n<\/div>\n<h3><strong>Caract\u00e9ristiques principales<\/strong><\/h3>\n<ul>\n<li>Caract\u00e9ristiques principales<\/li>\n<li>17 sp\u00e9cialit\u00e9s de caf\u00e9, dont : Espresso, Caff\u00e8, Cortado, Cappuccino, Flat White, Latte Macchiato et versions Light Brew<\/li>\n<li>Technologies JURA :\n<ul>\n<li>Proc\u00e9d\u00e9 d&#8217;extraction puls\u00e9e P.E.P.\u00ae pour un ar\u00f4me intense<\/li>\n<li>Proc\u00e9d\u00e9 Light Brew pour des boissons plus l\u00e9g\u00e8res<\/li>\n<li>Broyeur \u00e0 ar\u00f4mes professionnel (P.A.G.) avec 7 r\u00e9glages de mouture<\/li>\n<li>Thermobloc pour un chauffage rapide et constant<\/li>\n<li>Groupe d&#8217;infusion variable de 5 \u00e0 16 g<\/li>\n<li>Syst\u00e8me de lait interchangeable HP1\/CX1<\/li>\n<\/ul>\n<\/li>\n<li>\u00c9cran couleur 2,8&#8243; avec boutons intuitifs<\/li>\n<li>Complet Personnalisation\u00a0:\n<ul>\n<li>Intensit\u00e9 du caf\u00e9 (10 niveaux)<\/li>\n<li>Temp\u00e9rature (3 niveaux)<\/li>\n<li>Quantit\u00e9s d&#8217;eau et de lait r\u00e9glables<\/li>\n<\/ul>\n<\/li>\n<li>Compatible avec l&#8217;application J.O.E.\u00ae via Wi-Fi<\/li>\n<\/ul>\n<h3>Efficacit\u00e9 \u00e9nerg\u00e9tique<\/h3>\n<ul>\n<li>Mode \u00e9conomie d&#8217;\u00e9nergie (E.S.M.\u00a9)<\/li>\n<li>Interrupteur z\u00e9ro \u00e9nergie et arr\u00eat programmable<\/li>\n<li>Consommation en veille &lt;\u00a00,5\u00a0W<\/li>\n<\/ul>\n<h3>Caract\u00e9ristiques techniques<\/h3>\n<ul>\n<li>R\u00e9servoir d&#8217;eau\u00a0: 1,6\u00a0L<\/li>\n<li>R\u00e9servoir \u00e0 grains\u00a0: 200\u00a0g<\/li>\n<li>R\u00e9servoir \u00e0 caf\u00e9 moulu\u00a0: 16\u00a0portions<\/li>\n<li>Pression de la pompe\u00a0: 15\u00a0bars<\/li>\n<li>Dimensions (L \u00d7 H \u00d7 P) : 26 \u00d7 32,5 \u00d7 43,7 cm<\/li>\n<li>Poids : 9,5 kg<\/li>\n<li>Tension\/Puissance : 230 V ~ \/ 1450 W<\/li>\n<\/ul>\n<p><strong>Made in Portugal<\/strong><\/p>\n","protected":false},"excerpt":{"rendered":"<p>Deux univers de plaisir dans un format compact Elle s\u00e9duit par une infusion chaleureuse et l\u00e9g\u00e8re et offre en tasse<\/p>\n","protected":false},"featured_media":516537,"template":"","meta":{"_acf_changed":false,"inline_featured_image":false},"product_cat":[25360,12764,12449],"product_tag":[23563,20780,13254,23568],"acf":[],"yoast_head":"<!-- This site is optimized with the Yoast SEO Premium plugin v18.6 (Yoast SEO v19.13) - https:\/\/yoast.com\/wordpress\/plugins\/seo\/ -->\n<title>JURA Machine \u00e0 caf\u00e9 C9 Piano Black - Erresse Shop<\/title>\n<meta name=\"description\" content=\"Deux univers de plaisir dans un format compact Elle s\u00e9duit par une infusion chaleureuse et l\u00e9g\u00e8re et offre en tasse des ar\u00f4mes de caf\u00e9 allant des plus\" \/>\n<meta name=\"robots\" content=\"index, follow, max-snippet:-1, max-image-preview:large, max-video-preview:-1\" \/>\n<link rel=\"canonical\" href=\"https:\/\/www.erresse-shop.it\/fr\/shop\/petits-electromenagers\/machines-cafe\/automatique\/jura-machine-a-cafe-c9-piano-black\/\" \/>\n<meta property=\"og:locale\" content=\"fr_FR\" \/>\n<meta property=\"og:type\" content=\"article\" \/>\n<meta property=\"og:title\" content=\"JURA Machine \u00e0 caf\u00e9 C9 Piano Black\" \/>\n<meta property=\"og:description\" content=\"Deux univers de plaisir dans un format compact Elle s\u00e9duit par une infusion chaleureuse et l\u00e9g\u00e8re et offre en tasse des ar\u00f4mes de caf\u00e9 allant des plus\" \/>\n<meta property=\"og:url\" content=\"https:\/\/www.erresse-shop.it\/fr\/shop\/petits-electromenagers\/machines-cafe\/automatique\/jura-machine-a-cafe-c9-piano-black\/\" \/>\n<meta property=\"og:site_name\" content=\"Erresse Shop\" \/>\n<meta property=\"article:modified_time\" content=\"2025-11-12T14:09:46+00:00\" \/>\n<meta property=\"og:image\" content=\"https:\/\/www.erresse-shop.it\/wp-content\/uploads\/2025\/11\/JURA-Macchina-Da-Caffe-C9-Piano-Black.jpg\" \/>\n\t<meta property=\"og:image:width\" content=\"1200\" \/>\n\t<meta property=\"og:image:height\" content=\"1200\" \/>\n\t<meta property=\"og:image:type\" content=\"image\/jpeg\" \/>\n<meta name=\"twitter:card\" content=\"summary_large_image\" \/>\n<script type=\"application\/ld+json\" class=\"yoast-schema-graph\">{\"@context\":\"https:\/\/schema.org\",\"@graph\":[{\"@type\":\"WebPage\",\"@id\":\"https:\/\/www.erresse-shop.it\/fr\/shop\/petits-electromenagers\/machines-cafe\/automatique\/jura-machine-a-cafe-c9-piano-black\/\",\"url\":\"https:\/\/www.erresse-shop.it\/fr\/shop\/petits-electromenagers\/machines-cafe\/automatique\/jura-machine-a-cafe-c9-piano-black\/\",\"name\":\"JURA Machine \u00e0 caf\u00e9 C9 Piano Black - Erresse Shop\",\"isPartOf\":{\"@id\":\"https:\/\/www.erresse-shop.it\/fr\/#website\"},\"datePublished\":\"2025-11-12T13:31:55+00:00\",\"dateModified\":\"2025-11-12T14:09:46+00:00\",\"description\":\"Deux univers de plaisir dans un format compact Elle s\u00e9duit par une infusion chaleureuse et l\u00e9g\u00e8re et offre en tasse des ar\u00f4mes de caf\u00e9 allant des plus\",\"breadcrumb\":{\"@id\":\"https:\/\/www.erresse-shop.it\/fr\/shop\/petits-electromenagers\/machines-cafe\/automatique\/jura-machine-a-cafe-c9-piano-black\/#breadcrumb\"},\"inLanguage\":\"fr-FR\",\"potentialAction\":[{\"@type\":\"ReadAction\",\"target\":[\"https:\/\/www.erresse-shop.it\/fr\/shop\/petits-electromenagers\/machines-cafe\/automatique\/jura-machine-a-cafe-c9-piano-black\/\"]}]},{\"@type\":\"BreadcrumbList\",\"@id\":\"https:\/\/www.erresse-shop.it\/fr\/shop\/petits-electromenagers\/machines-cafe\/automatique\/jura-machine-a-cafe-c9-piano-black\/#breadcrumb\",\"itemListElement\":[{\"@type\":\"ListItem\",\"position\":1,\"name\":\"Home\",\"item\":\"https:\/\/www.erresse-shop.it\/fr\/\"},{\"@type\":\"ListItem\",\"position\":2,\"name\":\"Shop\",\"item\":\"https:\/\/www.erresse-shop.it\/fr\/shop\/\"},{\"@type\":\"ListItem\",\"position\":3,\"name\":\"JURA Machine \u00e0 caf\u00e9 C9 Piano Black\"}]},{\"@type\":\"WebSite\",\"@id\":\"https:\/\/www.erresse-shop.it\/fr\/#website\",\"url\":\"https:\/\/www.erresse-shop.it\/fr\/\",\"name\":\"Erresse Shop\",\"description\":\"Articoli di qualit\u00e0 per la casa\",\"potentialAction\":[{\"@type\":\"SearchAction\",\"target\":{\"@type\":\"EntryPoint\",\"urlTemplate\":\"https:\/\/www.erresse-shop.it\/fr\/?s={search_term_string}\"},\"query-input\":\"required name=search_term_string\"}],\"inLanguage\":\"fr-FR\"}]}<\/script>\n<!-- \/ Yoast SEO Premium plugin. -->","yoast_head_json":{"title":"JURA Machine \u00e0 caf\u00e9 C9 Piano Black - Erresse Shop","description":"Deux univers de plaisir dans un format compact Elle s\u00e9duit par une infusion chaleureuse et l\u00e9g\u00e8re et offre en tasse des ar\u00f4mes de caf\u00e9 allant des plus","robots":{"index":"index","follow":"follow","max-snippet":"max-snippet:-1","max-image-preview":"max-image-preview:large","max-video-preview":"max-video-preview:-1"},"canonical":"https:\/\/www.erresse-shop.it\/fr\/shop\/petits-electromenagers\/machines-cafe\/automatique\/jura-machine-a-cafe-c9-piano-black\/","og_locale":"fr_FR","og_type":"article","og_title":"JURA Machine \u00e0 caf\u00e9 C9 Piano Black","og_description":"Deux univers de plaisir dans un format compact Elle s\u00e9duit par une infusion chaleureuse et l\u00e9g\u00e8re et offre en tasse des ar\u00f4mes de caf\u00e9 allant des plus","og_url":"https:\/\/www.erresse-shop.it\/fr\/shop\/petits-electromenagers\/machines-cafe\/automatique\/jura-machine-a-cafe-c9-piano-black\/","og_site_name":"Erresse Shop","article_modified_time":"2025-11-12T14:09:46+00:00","og_image":[{"width":1200,"height":1200,"url":"https:\/\/www.erresse-shop.it\/wp-content\/uploads\/2025\/11\/JURA-Macchina-Da-Caffe-C9-Piano-Black.jpg","type":"image\/jpeg"}],"twitter_card":"summary_large_image","schema":{"@context":"https:\/\/schema.org","@graph":[{"@type":"WebPage","@id":"https:\/\/www.erresse-shop.it\/fr\/shop\/petits-electromenagers\/machines-cafe\/automatique\/jura-machine-a-cafe-c9-piano-black\/","url":"https:\/\/www.erresse-shop.it\/fr\/shop\/petits-electromenagers\/machines-cafe\/automatique\/jura-machine-a-cafe-c9-piano-black\/","name":"JURA Machine \u00e0 caf\u00e9 C9 Piano Black - Erresse Shop","isPartOf":{"@id":"https:\/\/www.erresse-shop.it\/fr\/#website"},"datePublished":"2025-11-12T13:31:55+00:00","dateModified":"2025-11-12T14:09:46+00:00","description":"Deux univers de plaisir dans un format compact Elle s\u00e9duit par une infusion chaleureuse et l\u00e9g\u00e8re et offre en tasse des ar\u00f4mes de caf\u00e9 allant des plus","breadcrumb":{"@id":"https:\/\/www.erresse-shop.it\/fr\/shop\/petits-electromenagers\/machines-cafe\/automatique\/jura-machine-a-cafe-c9-piano-black\/#breadcrumb"},"inLanguage":"fr-FR","potentialAction":[{"@type":"ReadAction","target":["https:\/\/www.erresse-shop.it\/fr\/shop\/petits-electromenagers\/machines-cafe\/automatique\/jura-machine-a-cafe-c9-piano-black\/"]}]},{"@type":"BreadcrumbList","@id":"https:\/\/www.erresse-shop.it\/fr\/shop\/petits-electromenagers\/machines-cafe\/automatique\/jura-machine-a-cafe-c9-piano-black\/#breadcrumb","itemListElement":[{"@type":"ListItem","position":1,"name":"Home","item":"https:\/\/www.erresse-shop.it\/fr\/"},{"@type":"ListItem","position":2,"name":"Shop","item":"https:\/\/www.erresse-shop.it\/fr\/shop\/"},{"@type":"ListItem","position":3,"name":"JURA Machine \u00e0 caf\u00e9 C9 Piano Black"}]},{"@type":"WebSite","@id":"https:\/\/www.erresse-shop.it\/fr\/#website","url":"https:\/\/www.erresse-shop.it\/fr\/","name":"Erresse Shop","description":"Articoli di qualit\u00e0 per la casa","potentialAction":[{"@type":"SearchAction","target":{"@type":"EntryPoint","urlTemplate":"https:\/\/www.erresse-shop.it\/fr\/?s={search_term_string}"},"query-input":"required name=search_term_string"}],"inLanguage":"fr-FR"}]}},"df_price":854.1,"df_sale_price":854.1,"df_regular_price":949,"df_image_link":"https:\/\/www.erresse-shop.it\/wp-content\/uploads\/2025\/11\/JURA-Macchina-Da-Caffe-C9-Piano-Black-300x300.jpg","_links":{"self":[{"href":"https:\/\/www.erresse-shop.it\/fr\/wp-json\/wp\/v2\/product\/516513"}],"collection":[{"href":"https:\/\/www.erresse-shop.it\/fr\/wp-json\/wp\/v2\/product"}],"about":[{"href":"https:\/\/www.erresse-shop.it\/fr\/wp-json\/wp\/v2\/types\/product"}],"wp:featuredmedia":[{"embeddable":true,"href":"https:\/\/www.erresse-shop.it\/fr\/wp-json\/wp\/v2\/media\/516537"}],"wp:attachment":[{"href":"https:\/\/www.erresse-shop.it\/fr\/wp-json\/wp\/v2\/media?parent=516513"}],"wp:term":[{"taxonomy":"product_cat","embeddable":true,"href":"https:\/\/www.erresse-shop.it\/fr\/wp-json\/wp\/v2\/product_cat?post=516513"},{"taxonomy":"product_tag","embeddable":true,"href":"https:\/\/www.erresse-shop.it\/fr\/wp-json\/wp\/v2\/product_tag?post=516513"}],"curies":[{"name":"wp","href":"https:\/\/api.w.org\/{rel}","templated":true}]}}