{"id":516340,"date":"2025-11-12T09:23:36","date_gmt":"2025-11-12T09:23:36","guid":{"rendered":"https:\/\/www.erresse-shop.it\/?post_type=product&#038;p=516340"},"modified":"2025-11-12T09:43:03","modified_gmt":"2025-11-12T09:43:03","slug":"torre-machine-a-cafe-manuelle-alfredo-bois","status":"publish","type":"product","link":"https:\/\/www.erresse-shop.it\/fr\/shop\/petits-electromenagers\/machines-cafe\/manuels\/torre-machine-a-cafe-manuelle-alfredo-bois\/","title":{"rendered":"TORRE Machine \u00e0 caf\u00e9 manuelle Alfredo Bois"},"content":{"rendered":"<h3>Compacte, tout acier, style professionnel<\/h3>\n<p>Une machine \u00e0 caf\u00e9 domestique enti\u00e8rement en acier, dot\u00e9e de composants professionnels, con\u00e7ue pour les amateurs d&#8217;espresso exigeants en mati\u00e8re de pr\u00e9cision et de polyvalence.<\/p>\n<p>Le contr\u00f4le de la temp\u00e9rature est assur\u00e9 par un thermostat PID de conception r\u00e9cente. Ce dernier permet d&#8217;ajuster la temp\u00e9rature de l&#8217;eau distribu\u00e9e par le groupe entre 80 et 100 \u00b0C, optimisant ainsi l&#8217;extraction selon le type de caf\u00e9 et la torr\u00e9faction, tout en garantissant une stabilit\u00e9 thermique constante.<\/p>\n<p>Les <strong data-start=\"873\" data-end=\"903\">boutons en bois<\/strong> apportent une touche d&#8217;\u00e9l\u00e9gance et de chaleur \u00e0 son design, transformant chaque utilisation en un moment agr\u00e9able et raffin\u00e9.<\/p>\n<h3 data-start=\"1019\" data-end=\"1049\">Caract\u00e9ristiques principales\u00a0:<\/h3>\n<ul>\n<li data-start=\"1052\" data-end=\"1141\"><strong data-start=\"1052\" data-end=\"1076\">Groupe d&#8217;infusion E61<\/strong> avec circulation par thermosiphon pour une stabilit\u00e9 thermique constante.<\/li>\n<li data-start=\"1052\" data-end=\"1141\"><strong>Pompe \u00e0 vibrations silencieuse<\/strong><\/li>\n<li data-start=\"1144\" data-end=\"1234\"><strong data-start=\"1144\" data-end=\"1172\">Chaudi\u00e8re en cuivre de 1,5\u00a0L<\/strong> avec \u00e9changeur de chaleur interne<\/li>\n<li data-start=\"1237\" data-end=\"1306\"><strong data-start=\"1237\" data-end=\"1286\">Construction en acier inoxydable poli miroir, Finition \u00e0 la main.<\/li>\n<li data-start=\"1309\" data-end=\"1361\"><strong data-start=\"1309\" data-end=\"1328\">Double manom\u00e8tre pour la pression de la chaudi\u00e8re et de la pompe.<\/li>\n<li data-start=\"1364\" data-end=\"1451\"><strong data-start=\"1364\" data-end=\"1405\">Syst\u00e8me \u00e9lectronique de gestion de l&#8217;eau et contr\u00f4le automatique du niveau de la chaudi\u00e8re.<\/li>\n<li data-start=\"1454\" data-end=\"1567\"><strong data-start=\"1454\" data-end=\"1499\">Option de configuration \u00ab\u00a0SMART PID\u00a0\u00bb\u00a0: minuterie, pr\u00e9-infusion r\u00e9glable et mode ECO.<\/li>\n<li data-start=\"1454\" data-end=\"1567\"><strong>Fonction Steam Boost<\/strong> pour une vapeur maximale en toutes circonstances.<\/li>\n<li data-start=\"1454\" data-end=\"1567\"><strong>Minuterie de distribution.<\/strong><\/li>\n<li data-start=\"1454\" data-end=\"1567\"><strong>Algorithme anti-surchauffe int\u00e9gr\u00e9.<\/li>\n<li data-start=\"1454\" data-end=\"1567\"><strong>Alarme intelligente de niveau de r\u00e9servoir<\/strong> (m\u00eame avec un r\u00e9servoir vide, la machine reste chaude\u00a0; il suffit de remplir le r\u00e9servoir sans attendre qu&#8217;il chauffe).<\/li>\n<\/ul>\n<h3>Caract\u00e9ristiques techniques\u00a0:<\/h3>\n<ul>\n<li><strong>Groupe d&#8217;infusion traditionnel E61<\/strong>\n<li><strong>Chaudi\u00e8re en cuivre de 1,5\u00a0L avec \u00e9changeur de chaleur<\/li>\n<li><strong>Capacit\u00e9 du r\u00e9servoir d&#8217;eau\u00a0: 2,5\u00a0L (amovible)\n<li><strong>Mat\u00e9riau\u00a0: Acier inoxydable\n<li><strong>Dimensions\u00a0: 38,5\u00a0\u00d7\u00a027,5\u00a0cm, H\u00a041 cm\n<li><strong>Poids\u00a0: 24\u00a0kg\n<li><strong>Alimentation\u00a0: 110-120\u00a0V CA \/ 50-60\u00a0Hz\n<\/ul>\n","protected":false},"excerpt":{"rendered":"<p>Compacte, tout acier, style professionnel Une machine \u00e0 caf\u00e9 domestique enti\u00e8rement en acier, dot\u00e9e de composants professionnels, con\u00e7ue pour les<\/p>\n","protected":false},"featured_media":516353,"template":"","meta":{"_acf_changed":false,"inline_featured_image":false},"product_cat":[12764,25365,12449],"product_tag":[23563,25021,12950,23581],"acf":[],"yoast_head":"<!-- This site is optimized with the Yoast SEO Premium plugin v18.6 (Yoast SEO v19.13) - https:\/\/yoast.com\/wordpress\/plugins\/seo\/ -->\n<title>TORRE Machine \u00e0 caf\u00e9 manuelle Alfredo Bois - Erresse Shop<\/title>\n<meta name=\"description\" content=\"Compacte, tout acier, style professionnel Une machine \u00e0 caf\u00e9 domestique enti\u00e8rement en acier, dot\u00e9e de composants professionnels, con\u00e7ue pour les amateurs\" \/>\n<meta name=\"robots\" content=\"index, follow, max-snippet:-1, max-image-preview:large, max-video-preview:-1\" \/>\n<link rel=\"canonical\" href=\"https:\/\/www.erresse-shop.it\/fr\/shop\/petits-electromenagers\/machines-cafe\/manuels\/torre-machine-a-cafe-manuelle-alfredo-bois\/\" \/>\n<meta property=\"og:locale\" content=\"fr_FR\" \/>\n<meta property=\"og:type\" content=\"article\" \/>\n<meta property=\"og:title\" content=\"TORRE Machine \u00e0 caf\u00e9 manuelle Alfredo Bois\" \/>\n<meta property=\"og:description\" content=\"Compacte, tout acier, style professionnel Une machine \u00e0 caf\u00e9 domestique enti\u00e8rement en acier, dot\u00e9e de composants professionnels, con\u00e7ue pour les amateurs\" \/>\n<meta property=\"og:url\" content=\"https:\/\/www.erresse-shop.it\/fr\/shop\/petits-electromenagers\/machines-cafe\/manuels\/torre-machine-a-cafe-manuelle-alfredo-bois\/\" \/>\n<meta property=\"og:site_name\" content=\"Erresse Shop\" \/>\n<meta property=\"article:modified_time\" content=\"2025-11-12T09:43:03+00:00\" \/>\n<meta property=\"og:image\" content=\"https:\/\/www.erresse-shop.it\/wp-content\/uploads\/2025\/11\/TORRE-Macchina-da-Caffe-Manuale-Alfredo-Legno.jpg\" \/>\n\t<meta property=\"og:image:width\" content=\"1200\" \/>\n\t<meta property=\"og:image:height\" content=\"1200\" \/>\n\t<meta property=\"og:image:type\" content=\"image\/jpeg\" \/>\n<meta name=\"twitter:card\" content=\"summary_large_image\" \/>\n<script type=\"application\/ld+json\" class=\"yoast-schema-graph\">{\"@context\":\"https:\/\/schema.org\",\"@graph\":[{\"@type\":\"WebPage\",\"@id\":\"https:\/\/www.erresse-shop.it\/fr\/shop\/petits-electromenagers\/machines-cafe\/manuels\/torre-machine-a-cafe-manuelle-alfredo-bois\/\",\"url\":\"https:\/\/www.erresse-shop.it\/fr\/shop\/petits-electromenagers\/machines-cafe\/manuels\/torre-machine-a-cafe-manuelle-alfredo-bois\/\",\"name\":\"TORRE Machine \u00e0 caf\u00e9 manuelle Alfredo Bois - Erresse Shop\",\"isPartOf\":{\"@id\":\"https:\/\/www.erresse-shop.it\/fr\/#website\"},\"datePublished\":\"2025-11-12T09:23:36+00:00\",\"dateModified\":\"2025-11-12T09:43:03+00:00\",\"description\":\"Compacte, tout acier, style professionnel Une machine \u00e0 caf\u00e9 domestique enti\u00e8rement en acier, dot\u00e9e de composants professionnels, con\u00e7ue pour les amateurs\",\"breadcrumb\":{\"@id\":\"https:\/\/www.erresse-shop.it\/fr\/shop\/petits-electromenagers\/machines-cafe\/manuels\/torre-machine-a-cafe-manuelle-alfredo-bois\/#breadcrumb\"},\"inLanguage\":\"fr-FR\",\"potentialAction\":[{\"@type\":\"ReadAction\",\"target\":[\"https:\/\/www.erresse-shop.it\/fr\/shop\/petits-electromenagers\/machines-cafe\/manuels\/torre-machine-a-cafe-manuelle-alfredo-bois\/\"]}]},{\"@type\":\"BreadcrumbList\",\"@id\":\"https:\/\/www.erresse-shop.it\/fr\/shop\/petits-electromenagers\/machines-cafe\/manuels\/torre-machine-a-cafe-manuelle-alfredo-bois\/#breadcrumb\",\"itemListElement\":[{\"@type\":\"ListItem\",\"position\":1,\"name\":\"Home\",\"item\":\"https:\/\/www.erresse-shop.it\/fr\/\"},{\"@type\":\"ListItem\",\"position\":2,\"name\":\"Shop\",\"item\":\"https:\/\/www.erresse-shop.it\/fr\/shop\/\"},{\"@type\":\"ListItem\",\"position\":3,\"name\":\"TORRE Machine \u00e0 caf\u00e9 manuelle Alfredo Bois\"}]},{\"@type\":\"WebSite\",\"@id\":\"https:\/\/www.erresse-shop.it\/fr\/#website\",\"url\":\"https:\/\/www.erresse-shop.it\/fr\/\",\"name\":\"Erresse Shop\",\"description\":\"Articoli di qualit\u00e0 per la casa\",\"potentialAction\":[{\"@type\":\"SearchAction\",\"target\":{\"@type\":\"EntryPoint\",\"urlTemplate\":\"https:\/\/www.erresse-shop.it\/fr\/?s={search_term_string}\"},\"query-input\":\"required name=search_term_string\"}],\"inLanguage\":\"fr-FR\"}]}<\/script>\n<!-- \/ Yoast SEO Premium plugin. -->","yoast_head_json":{"title":"TORRE Machine \u00e0 caf\u00e9 manuelle Alfredo Bois - Erresse Shop","description":"Compacte, tout acier, style professionnel Une machine \u00e0 caf\u00e9 domestique enti\u00e8rement en acier, dot\u00e9e de composants professionnels, con\u00e7ue pour les amateurs","robots":{"index":"index","follow":"follow","max-snippet":"max-snippet:-1","max-image-preview":"max-image-preview:large","max-video-preview":"max-video-preview:-1"},"canonical":"https:\/\/www.erresse-shop.it\/fr\/shop\/petits-electromenagers\/machines-cafe\/manuels\/torre-machine-a-cafe-manuelle-alfredo-bois\/","og_locale":"fr_FR","og_type":"article","og_title":"TORRE Machine \u00e0 caf\u00e9 manuelle Alfredo Bois","og_description":"Compacte, tout acier, style professionnel Une machine \u00e0 caf\u00e9 domestique enti\u00e8rement en acier, dot\u00e9e de composants professionnels, con\u00e7ue pour les amateurs","og_url":"https:\/\/www.erresse-shop.it\/fr\/shop\/petits-electromenagers\/machines-cafe\/manuels\/torre-machine-a-cafe-manuelle-alfredo-bois\/","og_site_name":"Erresse Shop","article_modified_time":"2025-11-12T09:43:03+00:00","og_image":[{"width":1200,"height":1200,"url":"https:\/\/www.erresse-shop.it\/wp-content\/uploads\/2025\/11\/TORRE-Macchina-da-Caffe-Manuale-Alfredo-Legno.jpg","type":"image\/jpeg"}],"twitter_card":"summary_large_image","schema":{"@context":"https:\/\/schema.org","@graph":[{"@type":"WebPage","@id":"https:\/\/www.erresse-shop.it\/fr\/shop\/petits-electromenagers\/machines-cafe\/manuels\/torre-machine-a-cafe-manuelle-alfredo-bois\/","url":"https:\/\/www.erresse-shop.it\/fr\/shop\/petits-electromenagers\/machines-cafe\/manuels\/torre-machine-a-cafe-manuelle-alfredo-bois\/","name":"TORRE Machine \u00e0 caf\u00e9 manuelle Alfredo Bois - Erresse Shop","isPartOf":{"@id":"https:\/\/www.erresse-shop.it\/fr\/#website"},"datePublished":"2025-11-12T09:23:36+00:00","dateModified":"2025-11-12T09:43:03+00:00","description":"Compacte, tout acier, style professionnel Une machine \u00e0 caf\u00e9 domestique enti\u00e8rement en acier, dot\u00e9e de composants professionnels, con\u00e7ue pour les amateurs","breadcrumb":{"@id":"https:\/\/www.erresse-shop.it\/fr\/shop\/petits-electromenagers\/machines-cafe\/manuels\/torre-machine-a-cafe-manuelle-alfredo-bois\/#breadcrumb"},"inLanguage":"fr-FR","potentialAction":[{"@type":"ReadAction","target":["https:\/\/www.erresse-shop.it\/fr\/shop\/petits-electromenagers\/machines-cafe\/manuels\/torre-machine-a-cafe-manuelle-alfredo-bois\/"]}]},{"@type":"BreadcrumbList","@id":"https:\/\/www.erresse-shop.it\/fr\/shop\/petits-electromenagers\/machines-cafe\/manuels\/torre-machine-a-cafe-manuelle-alfredo-bois\/#breadcrumb","itemListElement":[{"@type":"ListItem","position":1,"name":"Home","item":"https:\/\/www.erresse-shop.it\/fr\/"},{"@type":"ListItem","position":2,"name":"Shop","item":"https:\/\/www.erresse-shop.it\/fr\/shop\/"},{"@type":"ListItem","position":3,"name":"TORRE Machine \u00e0 caf\u00e9 manuelle Alfredo Bois"}]},{"@type":"WebSite","@id":"https:\/\/www.erresse-shop.it\/fr\/#website","url":"https:\/\/www.erresse-shop.it\/fr\/","name":"Erresse Shop","description":"Articoli di qualit\u00e0 per la casa","potentialAction":[{"@type":"SearchAction","target":{"@type":"EntryPoint","urlTemplate":"https:\/\/www.erresse-shop.it\/fr\/?s={search_term_string}"},"query-input":"required name=search_term_string"}],"inLanguage":"fr-FR"}]}},"df_price":1664.28,"df_sale_price":1664.28,"df_regular_price":1809,"df_image_link":"https:\/\/www.erresse-shop.it\/wp-content\/uploads\/2025\/11\/TORRE-Macchina-da-Caffe-Manuale-Alfredo-Legno-300x300.jpg","_links":{"self":[{"href":"https:\/\/www.erresse-shop.it\/fr\/wp-json\/wp\/v2\/product\/516340"}],"collection":[{"href":"https:\/\/www.erresse-shop.it\/fr\/wp-json\/wp\/v2\/product"}],"about":[{"href":"https:\/\/www.erresse-shop.it\/fr\/wp-json\/wp\/v2\/types\/product"}],"wp:featuredmedia":[{"embeddable":true,"href":"https:\/\/www.erresse-shop.it\/fr\/wp-json\/wp\/v2\/media\/516353"}],"wp:attachment":[{"href":"https:\/\/www.erresse-shop.it\/fr\/wp-json\/wp\/v2\/media?parent=516340"}],"wp:term":[{"taxonomy":"product_cat","embeddable":true,"href":"https:\/\/www.erresse-shop.it\/fr\/wp-json\/wp\/v2\/product_cat?post=516340"},{"taxonomy":"product_tag","embeddable":true,"href":"https:\/\/www.erresse-shop.it\/fr\/wp-json\/wp\/v2\/product_tag?post=516340"}],"curies":[{"name":"wp","href":"https:\/\/api.w.org\/{rel}","templated":true}]}}