{"id":516235,"date":"2025-11-11T13:25:05","date_gmt":"2025-11-11T13:25:08","guid":{"rendered":"https:\/\/www.erresse-shop.it\/?post_type=product&#038;p=516235"},"modified":"2025-11-11T13:33:31","modified_gmt":"2025-11-11T13:33:31","slug":"torre-machine-a-cafe-manuelle-luigino-tsp-pompe-rotative-joystick-taps-bois","status":"publish","type":"product","link":"https:\/\/www.erresse-shop.it\/fr\/shop\/petits-electromenagers\/machines-cafe\/manuels\/torre-machine-a-cafe-manuelle-luigino-tsp-pompe-rotative-joystick-taps-bois\/","title":{"rendered":"TORRE Machine \u00e0 caf\u00e9 manuelle Luigino TSP Pompe rotative Joystick Taps Bois"},"content":{"rendered":"<h3>Compacte et fiable, un c\u0153ur de professionnel<\/h3>\n<p>La machine \u00e0 espresso artisanale italienne Torre Luigino TSP Joystick Taps \u00e0 pompe rotative est compacte et \u00e9l\u00e9gante. Con\u00e7ue pour offrir des performances dignes d&#8217;un barista, elle est id\u00e9ale \u00e0 la maison comme au bureau.<\/p>\n<p>Enti\u00e8rement fabriqu\u00e9e en acier inoxydable poli miroir et finie \u00e0 la main, elle allie \u00e0 la perfection design \u00e9l\u00e9gant, fiabilit\u00e9 m\u00e9canique et simplicit\u00e9 d&#8217;utilisation.<\/p>\n<p>Les boutons en bois ajoutent une touche d&#8217;\u00e9l\u00e9gance et de chaleur au design, faisant de chaque utilisation une exp\u00e9rience agr\u00e9able et raffin\u00e9e.<\/p>\n<p>Son syst\u00e8me de distribution de vapeur et d&#8217;eau chaude par joystick rend l&#8217;exp\u00e9rience utilisateur encore plus fluide et pr\u00e9cise\u00a0: un simple mouvement suffit pour contr\u00f4ler le d\u00e9bit, garantissant une r\u00e9activit\u00e9 imm\u00e9diate et une ergonomie optimale.<\/p>\n<p><strong>Sous son bo\u00eetier compact, la pompe rotative professionnelle assure un d\u00e9bit constant, un fonctionnement extr\u00eamement silencieux et la possibilit\u00e9 d&#8217;un raccordement direct \u00e0 l&#8217;arriv\u00e9e d&#8217;eau, pour une utilisation confortable et sans effort.<\/strong><\/p>\n<p>Le syst\u00e8me d&#8217;\u00e9changeur de chaleur (HX) permet la distribution simultan\u00e9e d&#8217;espresso et de vapeur, tandis que la gestion \u00e9lectronique de l&#8217;eau et les deux manom\u00e8tres offrent un contr\u00f4le total \u00e0 chaque \u00e9tape de la pr\u00e9paration.<\/p>\n<h3 data-start=\"1019\" data-end=\"1049\">Caract\u00e9ristiques principales\u00a0:<\/h3>\n<ul>\n<li><strong>Robinets de type joystick<\/strong> pour la vapeur et l&#8217;eau chaude\u00a0: contr\u00f4le imm\u00e9diat, pr\u00e9cis et professionnel.<\/li>\n<li><strong>Groupe d&#8217;infusion E61<\/strong> avec thermosiphon pour une stabilit\u00e9 thermique constante.<\/li>\n<li data-start=\"1052\" data-end=\"1141\"><strong>Pompe rotative professionnelle<\/strong>\u00a0: silencieuse, durable et compatible avec le raccordement direct au r\u00e9seau d&#8217;eau.<\/li>\n<li><strong>Chaudi\u00e8re en cuivre de 1,5\u00a0L<\/strong> avec \u00e9changeur de chaleur pour la pr\u00e9paration simultan\u00e9e d&#8217;espresso et de vapeur.<\/li>\n<li><strong>Ch\u00e2ssis en acier inoxydable poli miroir et fini \u00e0 la main<\/strong>.<\/li>\n<li><strong>Double manom\u00e8tre<\/strong> pour la pression de la chaudi\u00e8re et de la pompe.<\/li>\n<li><strong>Syst\u00e8me \u00e9lectronique de gestion de l&#8217;eau et niveau automatique de la chaudi\u00e8re Contr\u00f4le<\/strong>.<\/li>\n<li><strong>Configuration \u00ab\u00a0SMART PID\u00a0\u00bb optionnelle<\/strong> avec \u00e9cran OLED, minuteur d&#8217;extraction, pr\u00e9-infusion r\u00e9glable et mode ECO.<\/li>\n<li><strong>Fonction Steam Boost<\/strong> pour une vapeur maximale, m\u00eame lors des sessions les plus intenses.<\/li>\n<li><strong>Minuteur d&#8217;infusion int\u00e9gr\u00e9.<\/strong><\/li>\n<li><strong>Algorithme anti-surchauffe<\/strong> et alarme intelligente de niveau de r\u00e9servoir (la machine reste chaude m\u00eame si le r\u00e9servoir est vide).<\/li>\n<li><strong>Quatre r\u00e9glages de temp\u00e9rature g\u00e9r\u00e9s par la r\u00e9gulation PID.<\/strong><\/li>\n<li><strong>Pr\u00e9-infusion \u00e9lectronique r\u00e9glable.<\/strong><\/li>\n<li><strong>Mode ECO programmable<\/strong> pour r\u00e9duire la consommation d&#8217;\u00e9nergie.<\/li>\n<\/ul>\n<h3>Sp\u00e9cifications techniques\u00a0:<\/h3>\n<ul>\n<li><strong>Infusion traditionnelle E61 Groupe<\/strong><\/li>\n<li><strong>Chaudi\u00e8re en cuivre de 1,5 L avec \u00e9changeur de chaleur<\/strong><\/li>\n<li><strong>R\u00e9servoir d&#8217;eau de 2,5 L (amovible)<\/strong><\/li>\n<li><strong>Mat\u00e9riau<\/strong> Acier inoxydable<\/li>\n<li><strong>Dimensions<\/strong> 38,5 x 20,6 cm, H 41 cm<\/li>\n<li><strong>Poids<\/strong> 22,5 kg<\/li>\n<li><strong>Alimentation<\/strong> 220-240 V CA \/ 50-60 Hz<\/li>\n<\/ul>\n","protected":false},"excerpt":{"rendered":"<p>Compacte et fiable, un c\u0153ur de professionnel La machine \u00e0 espresso artisanale italienne Torre Luigino TSP Joystick Taps \u00e0 pompe<\/p>\n","protected":false},"featured_media":516247,"template":"","meta":{"_acf_changed":false,"inline_featured_image":false},"product_cat":[12764,25365,12449],"product_tag":[23563,25021,12950],"acf":[],"yoast_head":"<!-- This site is optimized with the Yoast SEO Premium plugin v18.6 (Yoast SEO v19.13) - https:\/\/yoast.com\/wordpress\/plugins\/seo\/ -->\n<title>TORRE Machine \u00e0 caf\u00e9 manuelle Luigino TSP Pompe rotative Joystick Taps Bois - Erresse Shop<\/title>\n<meta name=\"description\" content=\"Compacte et fiable, un c\u0153ur de professionnel La machine \u00e0 espresso artisanale italienne Torre Luigino TSP Joystick Taps \u00e0 pompe rotative est compacte et\" \/>\n<meta name=\"robots\" content=\"index, follow, max-snippet:-1, max-image-preview:large, max-video-preview:-1\" \/>\n<link rel=\"canonical\" href=\"https:\/\/www.erresse-shop.it\/fr\/shop\/petits-electromenagers\/machines-cafe\/manuels\/torre-machine-a-cafe-manuelle-luigino-tsp-pompe-rotative-joystick-taps-bois\/\" \/>\n<meta property=\"og:locale\" content=\"fr_FR\" \/>\n<meta property=\"og:type\" content=\"article\" \/>\n<meta property=\"og:title\" content=\"TORRE Machine \u00e0 caf\u00e9 manuelle Luigino TSP Pompe rotative Joystick Taps Bois\" \/>\n<meta property=\"og:description\" content=\"Compacte et fiable, un c\u0153ur de professionnel La machine \u00e0 espresso artisanale italienne Torre Luigino TSP Joystick Taps \u00e0 pompe rotative est compacte et\" \/>\n<meta property=\"og:url\" content=\"https:\/\/www.erresse-shop.it\/fr\/shop\/petits-electromenagers\/machines-cafe\/manuels\/torre-machine-a-cafe-manuelle-luigino-tsp-pompe-rotative-joystick-taps-bois\/\" \/>\n<meta property=\"og:site_name\" content=\"Erresse Shop\" \/>\n<meta property=\"article:modified_time\" content=\"2025-11-11T13:33:31+00:00\" \/>\n<meta property=\"og:image\" content=\"https:\/\/www.erresse-shop.it\/wp-content\/uploads\/2025\/11\/TORRE-Macchina-da-Caffe-Manuale-Luigino-TSP-Pompa-Rotativa-Joystick-Taps-Legno.jpg\" \/>\n\t<meta property=\"og:image:width\" content=\"1200\" \/>\n\t<meta property=\"og:image:height\" content=\"1200\" \/>\n\t<meta property=\"og:image:type\" content=\"image\/jpeg\" \/>\n<meta name=\"twitter:card\" content=\"summary_large_image\" \/>\n<script type=\"application\/ld+json\" class=\"yoast-schema-graph\">{\"@context\":\"https:\/\/schema.org\",\"@graph\":[{\"@type\":\"WebPage\",\"@id\":\"https:\/\/www.erresse-shop.it\/fr\/shop\/petits-electromenagers\/machines-cafe\/manuels\/torre-machine-a-cafe-manuelle-luigino-tsp-pompe-rotative-joystick-taps-bois\/\",\"url\":\"https:\/\/www.erresse-shop.it\/fr\/shop\/petits-electromenagers\/machines-cafe\/manuels\/torre-machine-a-cafe-manuelle-luigino-tsp-pompe-rotative-joystick-taps-bois\/\",\"name\":\"TORRE Machine \u00e0 caf\u00e9 manuelle Luigino TSP Pompe rotative Joystick Taps Bois - Erresse Shop\",\"isPartOf\":{\"@id\":\"https:\/\/www.erresse-shop.it\/fr\/#website\"},\"datePublished\":\"2025-11-11T13:25:08+00:00\",\"dateModified\":\"2025-11-11T13:33:31+00:00\",\"description\":\"Compacte et fiable, un c\u0153ur de professionnel La machine \u00e0 espresso artisanale italienne Torre Luigino TSP Joystick Taps \u00e0 pompe rotative est compacte et\",\"breadcrumb\":{\"@id\":\"https:\/\/www.erresse-shop.it\/fr\/shop\/petits-electromenagers\/machines-cafe\/manuels\/torre-machine-a-cafe-manuelle-luigino-tsp-pompe-rotative-joystick-taps-bois\/#breadcrumb\"},\"inLanguage\":\"fr-FR\",\"potentialAction\":[{\"@type\":\"ReadAction\",\"target\":[\"https:\/\/www.erresse-shop.it\/fr\/shop\/petits-electromenagers\/machines-cafe\/manuels\/torre-machine-a-cafe-manuelle-luigino-tsp-pompe-rotative-joystick-taps-bois\/\"]}]},{\"@type\":\"BreadcrumbList\",\"@id\":\"https:\/\/www.erresse-shop.it\/fr\/shop\/petits-electromenagers\/machines-cafe\/manuels\/torre-machine-a-cafe-manuelle-luigino-tsp-pompe-rotative-joystick-taps-bois\/#breadcrumb\",\"itemListElement\":[{\"@type\":\"ListItem\",\"position\":1,\"name\":\"Home\",\"item\":\"https:\/\/www.erresse-shop.it\/fr\/\"},{\"@type\":\"ListItem\",\"position\":2,\"name\":\"Shop\",\"item\":\"https:\/\/www.erresse-shop.it\/fr\/shop\/\"},{\"@type\":\"ListItem\",\"position\":3,\"name\":\"TORRE Machine \u00e0 caf\u00e9 manuelle Luigino TSP Pompe rotative Joystick Taps Bois\"}]},{\"@type\":\"WebSite\",\"@id\":\"https:\/\/www.erresse-shop.it\/fr\/#website\",\"url\":\"https:\/\/www.erresse-shop.it\/fr\/\",\"name\":\"Erresse Shop\",\"description\":\"Articoli di qualit\u00e0 per la casa\",\"potentialAction\":[{\"@type\":\"SearchAction\",\"target\":{\"@type\":\"EntryPoint\",\"urlTemplate\":\"https:\/\/www.erresse-shop.it\/fr\/?s={search_term_string}\"},\"query-input\":\"required name=search_term_string\"}],\"inLanguage\":\"fr-FR\"}]}<\/script>\n<!-- \/ Yoast SEO Premium plugin. -->","yoast_head_json":{"title":"TORRE Machine \u00e0 caf\u00e9 manuelle Luigino TSP Pompe rotative Joystick Taps Bois - Erresse Shop","description":"Compacte et fiable, un c\u0153ur de professionnel La machine \u00e0 espresso artisanale italienne Torre Luigino TSP Joystick Taps \u00e0 pompe rotative est compacte et","robots":{"index":"index","follow":"follow","max-snippet":"max-snippet:-1","max-image-preview":"max-image-preview:large","max-video-preview":"max-video-preview:-1"},"canonical":"https:\/\/www.erresse-shop.it\/fr\/shop\/petits-electromenagers\/machines-cafe\/manuels\/torre-machine-a-cafe-manuelle-luigino-tsp-pompe-rotative-joystick-taps-bois\/","og_locale":"fr_FR","og_type":"article","og_title":"TORRE Machine \u00e0 caf\u00e9 manuelle Luigino TSP Pompe rotative Joystick Taps Bois","og_description":"Compacte et fiable, un c\u0153ur de professionnel La machine \u00e0 espresso artisanale italienne Torre Luigino TSP Joystick Taps \u00e0 pompe rotative est compacte et","og_url":"https:\/\/www.erresse-shop.it\/fr\/shop\/petits-electromenagers\/machines-cafe\/manuels\/torre-machine-a-cafe-manuelle-luigino-tsp-pompe-rotative-joystick-taps-bois\/","og_site_name":"Erresse Shop","article_modified_time":"2025-11-11T13:33:31+00:00","og_image":[{"width":1200,"height":1200,"url":"https:\/\/www.erresse-shop.it\/wp-content\/uploads\/2025\/11\/TORRE-Macchina-da-Caffe-Manuale-Luigino-TSP-Pompa-Rotativa-Joystick-Taps-Legno.jpg","type":"image\/jpeg"}],"twitter_card":"summary_large_image","schema":{"@context":"https:\/\/schema.org","@graph":[{"@type":"WebPage","@id":"https:\/\/www.erresse-shop.it\/fr\/shop\/petits-electromenagers\/machines-cafe\/manuels\/torre-machine-a-cafe-manuelle-luigino-tsp-pompe-rotative-joystick-taps-bois\/","url":"https:\/\/www.erresse-shop.it\/fr\/shop\/petits-electromenagers\/machines-cafe\/manuels\/torre-machine-a-cafe-manuelle-luigino-tsp-pompe-rotative-joystick-taps-bois\/","name":"TORRE Machine \u00e0 caf\u00e9 manuelle Luigino TSP Pompe rotative Joystick Taps Bois - Erresse Shop","isPartOf":{"@id":"https:\/\/www.erresse-shop.it\/fr\/#website"},"datePublished":"2025-11-11T13:25:08+00:00","dateModified":"2025-11-11T13:33:31+00:00","description":"Compacte et fiable, un c\u0153ur de professionnel La machine \u00e0 espresso artisanale italienne Torre Luigino TSP Joystick Taps \u00e0 pompe rotative est compacte et","breadcrumb":{"@id":"https:\/\/www.erresse-shop.it\/fr\/shop\/petits-electromenagers\/machines-cafe\/manuels\/torre-machine-a-cafe-manuelle-luigino-tsp-pompe-rotative-joystick-taps-bois\/#breadcrumb"},"inLanguage":"fr-FR","potentialAction":[{"@type":"ReadAction","target":["https:\/\/www.erresse-shop.it\/fr\/shop\/petits-electromenagers\/machines-cafe\/manuels\/torre-machine-a-cafe-manuelle-luigino-tsp-pompe-rotative-joystick-taps-bois\/"]}]},{"@type":"BreadcrumbList","@id":"https:\/\/www.erresse-shop.it\/fr\/shop\/petits-electromenagers\/machines-cafe\/manuels\/torre-machine-a-cafe-manuelle-luigino-tsp-pompe-rotative-joystick-taps-bois\/#breadcrumb","itemListElement":[{"@type":"ListItem","position":1,"name":"Home","item":"https:\/\/www.erresse-shop.it\/fr\/"},{"@type":"ListItem","position":2,"name":"Shop","item":"https:\/\/www.erresse-shop.it\/fr\/shop\/"},{"@type":"ListItem","position":3,"name":"TORRE Machine \u00e0 caf\u00e9 manuelle Luigino TSP Pompe rotative Joystick Taps Bois"}]},{"@type":"WebSite","@id":"https:\/\/www.erresse-shop.it\/fr\/#website","url":"https:\/\/www.erresse-shop.it\/fr\/","name":"Erresse Shop","description":"Articoli di qualit\u00e0 per la casa","potentialAction":[{"@type":"SearchAction","target":{"@type":"EntryPoint","urlTemplate":"https:\/\/www.erresse-shop.it\/fr\/?s={search_term_string}"},"query-input":"required name=search_term_string"}],"inLanguage":"fr-FR"}]}},"df_price":1967.88,"df_sale_price":1967.88,"df_regular_price":2139,"df_image_link":"https:\/\/www.erresse-shop.it\/wp-content\/uploads\/2025\/11\/TORRE-Macchina-da-Caffe-Manuale-Luigino-TSP-Pompa-Rotativa-Joystick-Taps-Legno-300x300.jpg","_links":{"self":[{"href":"https:\/\/www.erresse-shop.it\/fr\/wp-json\/wp\/v2\/product\/516235"}],"collection":[{"href":"https:\/\/www.erresse-shop.it\/fr\/wp-json\/wp\/v2\/product"}],"about":[{"href":"https:\/\/www.erresse-shop.it\/fr\/wp-json\/wp\/v2\/types\/product"}],"wp:featuredmedia":[{"embeddable":true,"href":"https:\/\/www.erresse-shop.it\/fr\/wp-json\/wp\/v2\/media\/516247"}],"wp:attachment":[{"href":"https:\/\/www.erresse-shop.it\/fr\/wp-json\/wp\/v2\/media?parent=516235"}],"wp:term":[{"taxonomy":"product_cat","embeddable":true,"href":"https:\/\/www.erresse-shop.it\/fr\/wp-json\/wp\/v2\/product_cat?post=516235"},{"taxonomy":"product_tag","embeddable":true,"href":"https:\/\/www.erresse-shop.it\/fr\/wp-json\/wp\/v2\/product_tag?post=516235"}],"curies":[{"name":"wp","href":"https:\/\/api.w.org\/{rel}","templated":true}]}}