{"id":516157,"date":"2025-11-11T10:34:45","date_gmt":"2025-11-11T10:34:48","guid":{"rendered":"https:\/\/www.erresse-shop.it\/?post_type=product&#038;p=516157"},"modified":"2025-11-11T13:11:04","modified_gmt":"2025-11-11T13:11:04","slug":"torre-machine-a-cafe-manuelle-luigino-tsp-pompe-rotative-wood","status":"publish","type":"product","link":"https:\/\/www.erresse-shop.it\/fr\/shop\/petits-electromenagers\/machines-cafe\/manuels\/torre-machine-a-cafe-manuelle-luigino-tsp-pompe-rotative-wood\/","title":{"rendered":"TORRE Machine \u00e0 caf\u00e9 manuelle Luigino TSP Pompe Rotative Bois"},"content":{"rendered":"<h3>Compacte et fiable, dot\u00e9e d&#8217;un c\u0153ur professionnel<\/h3>\n<p>La Luigino TSP pompe rotative est une machine \u00e0 espresso artisanale italienne con\u00e7ue pour offrir des performances professionnelles dans un format compact, \u00e9l\u00e9gant et silencieux.<\/p>\n<p>Son design \u00e9pur\u00e9 s&#8217;int\u00e8gre parfaitement \u00e0 tous les environnements, \u00e0 la maison comme au bureau, alliant esth\u00e9tique raffin\u00e9e et fonctionnalit\u00e9 sup\u00e9rieure.<\/p>\n<p>Enti\u00e8rement fabriqu\u00e9e en acier inoxydable poli miroir et finie \u00e0 la main, la Luigino TSP incarne l&#8217;excellence de l&#8217;ing\u00e9nierie italienne dans l&#8217;univers du caf\u00e9.<\/p>\n<p>Au c\u0153ur de la machine se trouve la pompe rotative professionnelle, qui garantit un d\u00e9bit constant, un silence absolu et la possibilit\u00e9 d&#8217;un raccordement direct \u00e0 l&#8217;arriv\u00e9e d&#8217;eau, pour une exp\u00e9rience optimale.<\/p>\n<p>\u00c9quip\u00e9e du groupe d&#8217;infusion E61, cette machine assure une stabilit\u00e9 thermique impeccable, des extractions pr\u00e9cises et un espresso cors\u00e9 \u00e0 l&#8217;ar\u00f4me intense, comme au bar.<\/p>\n<p>Les boutons en bois ajoutent une touche d&#8217;\u00e9l\u00e9gance et de chaleur au design, faisant de chaque utilisation une exp\u00e9rience agr\u00e9able et raffin\u00e9e.<\/p>\n<p>Le syst\u00e8me d&#8217;\u00e9changeur de chaleur (HX) permet de pr\u00e9parer un espresso et d&#8217;utiliser de la vapeur simultan\u00e9ment, tandis que la gestion \u00e9lectronique de l&#8217;eau et les deux manom\u00e8tres offrent un contr\u00f4le total \u00e0 chaque \u00e9tape de la pr\u00e9paration.<\/p>\n<h3 data-start=\"1019\" data-end=\"1049\">Caract\u00e9ristiques principales\u00a0:<\/h3>\n<ul>\n<li data-start=\"1052\" data-end=\"1141\"><strong data-start=\"1052\" data-end=\"1076\">Groupe d&#8217;infusion E61<\/strong> avec circulation par thermosiphon pour une stabilit\u00e9 thermique constante.<\/li>\n<li data-start=\"1052\" data-end=\"1141\"><strong>Pompe rotative professionnelle<\/strong>\u00a0: silencieuse, durable et compatible avec un raccordement direct au r\u00e9seau d&#8217;eau.<\/li>\n<li data-start=\"1144\" data-end=\"1234\"><strong data-start=\"1144\" data-end=\"1172\">Chaudi\u00e8re en cuivre de 1,5\u00a0L<\/strong> avec \u00e9changeur de chaleur pour la pr\u00e9paration simultan\u00e9e d&#8217;espresso et de vapeur.<\/li>\n<li data-start=\"1237\" data-end=\"1306\"><strong data-start=\"1237\"><strong data-start=\"1237\">Double manom\u00e8tre pour la pression de la chaudi\u00e8re et de la pompe.<\/strong><\/strong>Syst\u00e8me \u00e9lectronique de gestion de l&#8217;eau et contr\u00f4le automatique du niveau de la chaudi\u00e8re.Option de configuration \u00ab\u00a0SMART PID\u00a0\u00bb avec \u00e9cran OLED, minuterie, pr\u00e9-infusion r\u00e9glable et mode automatique. ECO.<\/li>\n<li data-start=\"1454\" data-end=\"1567\"><strong>Fonction Steam Boost<\/strong> pour une production de vapeur maximale en toutes circonstances.<\/li>\n<li data-start=\"1454\" data-end=\"1567\"><strong>Minuterie de distribution.<\/strong><\/li>\n<li data-start=\"1454\" data-end=\"1567\"><strong>Algorithme anti-surchauffe int\u00e9gr\u00e9.<\/strong><\/li>\n<li data-start=\"1454\" data-end=\"1567\"><strong>Alarme intelligente de niveau de r\u00e9servoir<\/strong> (m\u00eame avec un r\u00e9servoir vide, la machine reste chaude\u00a0; il suffit de remplir le r\u00e9servoir sans attendre qu&#8217;il chauffe).<\/li>\n<li data-start=\"1454\" data-end=\"1567\">Quatre r\u00e9glages de temp\u00e9rature diff\u00e9rents avec r\u00e9gulation PID.<\/li>\n<li data-start=\"1454\" data-end=\"1567\">R\u00e9glage \u00e9lectronique Pr\u00e9-infusion.<\/li>\n<li data-start=\"1454\" data-end=\"1567\">Mode ECO r\u00e9glable.<\/li>\n<\/ul>\n<h3>Caract\u00e9ristiques techniques\u00a0:<\/h3>\n<ul>\n<li><strong>Groupe d&#8217;infusion traditionnel E61<\/strong><\/li>\n<li><strong>Chaudi\u00e8re en cuivre de 1,5\u00a0L avec \u00e9changeur de chaleur<\/strong><\/li>\n<li><strong>R\u00e9servoir d&#8217;eau de 2,5\u00a0L (amovible)<\/strong><\/li>\n<li><strong>Mat\u00e9riau<\/strong> Acier inoxydable<\/li>\n<li><strong>Dimensions<\/strong> 38,5\u00a0\u00d7\u00a020,6\u00a0cm, H\u00a041<\/li>\n<li><strong>Poids<\/strong> 22,5\u00a0kg<\/li>\n<li><strong>Alimentation<\/strong> 220-240\u00a0V\u00a0CA \/ 50-60\u00a0Hz<\/li>\n<\/ul>\n","protected":false},"excerpt":{"rendered":"<p>Compacte et fiable, dot\u00e9e d&#8217;un c\u0153ur professionnel La Luigino TSP pompe rotative est une machine \u00e0 espresso artisanale italienne con\u00e7ue<\/p>\n","protected":false},"featured_media":516170,"template":"","meta":{"_acf_changed":false,"inline_featured_image":false},"product_cat":[12764,25365,12449],"product_tag":[23563,25021,12950],"acf":[],"yoast_head":"<!-- This site is optimized with the Yoast SEO Premium plugin v18.6 (Yoast SEO v19.13) - https:\/\/yoast.com\/wordpress\/plugins\/seo\/ -->\n<title>TORRE Machine \u00e0 caf\u00e9 manuelle Luigino TSP Pompe Rotative Bois - Erresse Shop<\/title>\n<meta name=\"description\" content=\"Compacte et fiable, dot\u00e9e d&#039;un c\u0153ur professionnel La Luigino TSP pompe rotative est une machine \u00e0 espresso artisanale italienne con\u00e7ue pour offrir des\" \/>\n<meta name=\"robots\" content=\"index, follow, max-snippet:-1, max-image-preview:large, max-video-preview:-1\" \/>\n<link rel=\"canonical\" href=\"https:\/\/www.erresse-shop.it\/fr\/shop\/petits-electromenagers\/machines-cafe\/manuels\/torre-machine-a-cafe-manuelle-luigino-tsp-pompe-rotative-wood\/\" \/>\n<meta property=\"og:locale\" content=\"fr_FR\" \/>\n<meta property=\"og:type\" content=\"article\" \/>\n<meta property=\"og:title\" content=\"TORRE Machine \u00e0 caf\u00e9 manuelle Luigino TSP Pompe Rotative Bois\" \/>\n<meta property=\"og:description\" content=\"Compacte et fiable, dot\u00e9e d&#039;un c\u0153ur professionnel La Luigino TSP pompe rotative est une machine \u00e0 espresso artisanale italienne con\u00e7ue pour offrir des\" \/>\n<meta property=\"og:url\" content=\"https:\/\/www.erresse-shop.it\/fr\/shop\/petits-electromenagers\/machines-cafe\/manuels\/torre-machine-a-cafe-manuelle-luigino-tsp-pompe-rotative-wood\/\" \/>\n<meta property=\"og:site_name\" content=\"Erresse Shop\" \/>\n<meta property=\"article:modified_time\" content=\"2025-11-11T13:11:04+00:00\" \/>\n<meta property=\"og:image\" content=\"https:\/\/www.erresse-shop.it\/wp-content\/uploads\/2025\/11\/TORRE-Macchina-da-Caffe-Manuale-Luigino-TSP-Pompa-Rotativa-Wood.jpg\" \/>\n\t<meta property=\"og:image:width\" content=\"1200\" \/>\n\t<meta property=\"og:image:height\" content=\"1200\" \/>\n\t<meta property=\"og:image:type\" content=\"image\/jpeg\" \/>\n<meta name=\"twitter:card\" content=\"summary_large_image\" \/>\n<script type=\"application\/ld+json\" class=\"yoast-schema-graph\">{\"@context\":\"https:\/\/schema.org\",\"@graph\":[{\"@type\":\"WebPage\",\"@id\":\"https:\/\/www.erresse-shop.it\/fr\/shop\/petits-electromenagers\/machines-cafe\/manuels\/torre-machine-a-cafe-manuelle-luigino-tsp-pompe-rotative-wood\/\",\"url\":\"https:\/\/www.erresse-shop.it\/fr\/shop\/petits-electromenagers\/machines-cafe\/manuels\/torre-machine-a-cafe-manuelle-luigino-tsp-pompe-rotative-wood\/\",\"name\":\"TORRE Machine \u00e0 caf\u00e9 manuelle Luigino TSP Pompe Rotative Bois - Erresse Shop\",\"isPartOf\":{\"@id\":\"https:\/\/www.erresse-shop.it\/fr\/#website\"},\"datePublished\":\"2025-11-11T10:34:48+00:00\",\"dateModified\":\"2025-11-11T13:11:04+00:00\",\"description\":\"Compacte et fiable, dot\u00e9e d'un c\u0153ur professionnel La Luigino TSP pompe rotative est une machine \u00e0 espresso artisanale italienne con\u00e7ue pour offrir des\",\"breadcrumb\":{\"@id\":\"https:\/\/www.erresse-shop.it\/fr\/shop\/petits-electromenagers\/machines-cafe\/manuels\/torre-machine-a-cafe-manuelle-luigino-tsp-pompe-rotative-wood\/#breadcrumb\"},\"inLanguage\":\"fr-FR\",\"potentialAction\":[{\"@type\":\"ReadAction\",\"target\":[\"https:\/\/www.erresse-shop.it\/fr\/shop\/petits-electromenagers\/machines-cafe\/manuels\/torre-machine-a-cafe-manuelle-luigino-tsp-pompe-rotative-wood\/\"]}]},{\"@type\":\"BreadcrumbList\",\"@id\":\"https:\/\/www.erresse-shop.it\/fr\/shop\/petits-electromenagers\/machines-cafe\/manuels\/torre-machine-a-cafe-manuelle-luigino-tsp-pompe-rotative-wood\/#breadcrumb\",\"itemListElement\":[{\"@type\":\"ListItem\",\"position\":1,\"name\":\"Home\",\"item\":\"https:\/\/www.erresse-shop.it\/fr\/\"},{\"@type\":\"ListItem\",\"position\":2,\"name\":\"Shop\",\"item\":\"https:\/\/www.erresse-shop.it\/fr\/shop\/\"},{\"@type\":\"ListItem\",\"position\":3,\"name\":\"TORRE Machine \u00e0 caf\u00e9 manuelle Luigino TSP Pompe Rotative Bois\"}]},{\"@type\":\"WebSite\",\"@id\":\"https:\/\/www.erresse-shop.it\/fr\/#website\",\"url\":\"https:\/\/www.erresse-shop.it\/fr\/\",\"name\":\"Erresse Shop\",\"description\":\"Articoli di qualit\u00e0 per la casa\",\"potentialAction\":[{\"@type\":\"SearchAction\",\"target\":{\"@type\":\"EntryPoint\",\"urlTemplate\":\"https:\/\/www.erresse-shop.it\/fr\/?s={search_term_string}\"},\"query-input\":\"required name=search_term_string\"}],\"inLanguage\":\"fr-FR\"}]}<\/script>\n<!-- \/ Yoast SEO Premium plugin. -->","yoast_head_json":{"title":"TORRE Machine \u00e0 caf\u00e9 manuelle Luigino TSP Pompe Rotative Bois - Erresse Shop","description":"Compacte et fiable, dot\u00e9e d'un c\u0153ur professionnel La Luigino TSP pompe rotative est une machine \u00e0 espresso artisanale italienne con\u00e7ue pour offrir des","robots":{"index":"index","follow":"follow","max-snippet":"max-snippet:-1","max-image-preview":"max-image-preview:large","max-video-preview":"max-video-preview:-1"},"canonical":"https:\/\/www.erresse-shop.it\/fr\/shop\/petits-electromenagers\/machines-cafe\/manuels\/torre-machine-a-cafe-manuelle-luigino-tsp-pompe-rotative-wood\/","og_locale":"fr_FR","og_type":"article","og_title":"TORRE Machine \u00e0 caf\u00e9 manuelle Luigino TSP Pompe Rotative Bois","og_description":"Compacte et fiable, dot\u00e9e d'un c\u0153ur professionnel La Luigino TSP pompe rotative est une machine \u00e0 espresso artisanale italienne con\u00e7ue pour offrir des","og_url":"https:\/\/www.erresse-shop.it\/fr\/shop\/petits-electromenagers\/machines-cafe\/manuels\/torre-machine-a-cafe-manuelle-luigino-tsp-pompe-rotative-wood\/","og_site_name":"Erresse Shop","article_modified_time":"2025-11-11T13:11:04+00:00","og_image":[{"width":1200,"height":1200,"url":"https:\/\/www.erresse-shop.it\/wp-content\/uploads\/2025\/11\/TORRE-Macchina-da-Caffe-Manuale-Luigino-TSP-Pompa-Rotativa-Wood.jpg","type":"image\/jpeg"}],"twitter_card":"summary_large_image","schema":{"@context":"https:\/\/schema.org","@graph":[{"@type":"WebPage","@id":"https:\/\/www.erresse-shop.it\/fr\/shop\/petits-electromenagers\/machines-cafe\/manuels\/torre-machine-a-cafe-manuelle-luigino-tsp-pompe-rotative-wood\/","url":"https:\/\/www.erresse-shop.it\/fr\/shop\/petits-electromenagers\/machines-cafe\/manuels\/torre-machine-a-cafe-manuelle-luigino-tsp-pompe-rotative-wood\/","name":"TORRE Machine \u00e0 caf\u00e9 manuelle Luigino TSP Pompe Rotative Bois - Erresse Shop","isPartOf":{"@id":"https:\/\/www.erresse-shop.it\/fr\/#website"},"datePublished":"2025-11-11T10:34:48+00:00","dateModified":"2025-11-11T13:11:04+00:00","description":"Compacte et fiable, dot\u00e9e d'un c\u0153ur professionnel La Luigino TSP pompe rotative est une machine \u00e0 espresso artisanale italienne con\u00e7ue pour offrir des","breadcrumb":{"@id":"https:\/\/www.erresse-shop.it\/fr\/shop\/petits-electromenagers\/machines-cafe\/manuels\/torre-machine-a-cafe-manuelle-luigino-tsp-pompe-rotative-wood\/#breadcrumb"},"inLanguage":"fr-FR","potentialAction":[{"@type":"ReadAction","target":["https:\/\/www.erresse-shop.it\/fr\/shop\/petits-electromenagers\/machines-cafe\/manuels\/torre-machine-a-cafe-manuelle-luigino-tsp-pompe-rotative-wood\/"]}]},{"@type":"BreadcrumbList","@id":"https:\/\/www.erresse-shop.it\/fr\/shop\/petits-electromenagers\/machines-cafe\/manuels\/torre-machine-a-cafe-manuelle-luigino-tsp-pompe-rotative-wood\/#breadcrumb","itemListElement":[{"@type":"ListItem","position":1,"name":"Home","item":"https:\/\/www.erresse-shop.it\/fr\/"},{"@type":"ListItem","position":2,"name":"Shop","item":"https:\/\/www.erresse-shop.it\/fr\/shop\/"},{"@type":"ListItem","position":3,"name":"TORRE Machine \u00e0 caf\u00e9 manuelle Luigino TSP Pompe Rotative Bois"}]},{"@type":"WebSite","@id":"https:\/\/www.erresse-shop.it\/fr\/#website","url":"https:\/\/www.erresse-shop.it\/fr\/","name":"Erresse Shop","description":"Articoli di qualit\u00e0 per la casa","potentialAction":[{"@type":"SearchAction","target":{"@type":"EntryPoint","urlTemplate":"https:\/\/www.erresse-shop.it\/fr\/?s={search_term_string}"},"query-input":"required name=search_term_string"}],"inLanguage":"fr-FR"}]}},"df_price":1898.88,"df_sale_price":1898.88,"df_regular_price":2064,"df_image_link":"https:\/\/www.erresse-shop.it\/wp-content\/uploads\/2025\/11\/TORRE-Macchina-da-Caffe-Manuale-Luigino-TSP-Pompa-Rotativa-Wood-300x300.jpg","_links":{"self":[{"href":"https:\/\/www.erresse-shop.it\/fr\/wp-json\/wp\/v2\/product\/516157"}],"collection":[{"href":"https:\/\/www.erresse-shop.it\/fr\/wp-json\/wp\/v2\/product"}],"about":[{"href":"https:\/\/www.erresse-shop.it\/fr\/wp-json\/wp\/v2\/types\/product"}],"wp:featuredmedia":[{"embeddable":true,"href":"https:\/\/www.erresse-shop.it\/fr\/wp-json\/wp\/v2\/media\/516170"}],"wp:attachment":[{"href":"https:\/\/www.erresse-shop.it\/fr\/wp-json\/wp\/v2\/media?parent=516157"}],"wp:term":[{"taxonomy":"product_cat","embeddable":true,"href":"https:\/\/www.erresse-shop.it\/fr\/wp-json\/wp\/v2\/product_cat?post=516157"},{"taxonomy":"product_tag","embeddable":true,"href":"https:\/\/www.erresse-shop.it\/fr\/wp-json\/wp\/v2\/product_tag?post=516157"}],"curies":[{"name":"wp","href":"https:\/\/api.w.org\/{rel}","templated":true}]}}