{"id":515998,"date":"2025-11-07T13:25:55","date_gmt":"2025-11-07T13:25:55","guid":{"rendered":"https:\/\/www.erresse-shop.it\/?post_type=product&#038;p=515998"},"modified":"2025-11-20T08:54:16","modified_gmt":"2025-11-20T08:54:16","slug":"mauviel-1830-mminis-casserole-avec-couvercle-9-cm-acier-inoxydable","status":"publish","type":"product","link":"https:\/\/www.erresse-shop.it\/fr\/shop\/poeles-pots\/casseroles\/mauviel-1830-mminis-casserole-avec-couvercle-9-cm-acier-inoxydable\/","title":{"rendered":"MAUVIEL 1830 M&#8217;MINIS Casserole avec couvercle 9 cm Cuivre"},"content":{"rendered":"<p>Cocotte en acier inoxydable et cuivre avec poign\u00e9e et couvercle en acier inoxydable moul\u00e9, collection M&#8217;MINIS.<\/p>\n<p>Diam\u00e8tre\u00a0: 9\u00a0cm.<\/p>\n<p>Pour des d\u00e9jeuners festifs ou des d\u00eeners intimes, en acier inoxydable ou en cuivre, la collection M&#8217;MINIS offre une vari\u00e9t\u00e9 de styles pour satisfaire tous les go\u00fbts. Con\u00e7ues pour le service \u00e0 table et pl\u00e9biscit\u00e9es par les restaurateurs, ces cocottes sont id\u00e9ales pour pr\u00e9senter des portions individuelles ou des sauces.<\/p>\n<p><strong>CARACT\u00c9RISTIQUES TECHNIQUES\u00a0:<\/strong><\/p>\n<ul>\n<li>Diam\u00e8tre\u00a0: 9\u00a0cm<\/li>\n<li>Hauteur\u00a0: 4,5\u00a0cm<\/li>\n<li>Capacit\u00e9\u00a0: 0,32\u00a0litre<\/li>\n<li>Poids\u00a0: environ 0,3\u00a0kg<\/li>\n<li>Couvercle\u00a0: inclus<\/li>\n<\/ul>\n","protected":false},"excerpt":{"rendered":"<p>Cocotte en acier inoxydable et cuivre avec poign\u00e9e et couvercle en acier inoxydable moul\u00e9, collection M&#8217;MINIS. Diam\u00e8tre\u00a0: 9\u00a0cm. Pour des<\/p>\n","protected":false},"featured_media":516845,"template":"","meta":{"_acf_changed":false,"inline_featured_image":false},"product_cat":[12458,14777,14805],"product_tag":[12465,12856,12854],"acf":[],"yoast_head":"<!-- This site is optimized with the Yoast SEO Premium plugin v18.6 (Yoast SEO v19.13) - https:\/\/yoast.com\/wordpress\/plugins\/seo\/ -->\n<title>MAUVIEL 1830 M&#039;MINIS Casserole avec couvercle 9 cm Cuivre - Erresse Shop<\/title>\n<meta name=\"description\" content=\"Cocotte en acier inoxydable et cuivre avec poign\u00e9e et couvercle en acier inoxydable moul\u00e9, collection M&#039;MINIS. Diam\u00e8tre\u00a0: 9\u00a0cm. Pour des d\u00e9jeuners festifs\" \/>\n<meta name=\"robots\" content=\"index, follow, max-snippet:-1, max-image-preview:large, max-video-preview:-1\" \/>\n<link rel=\"canonical\" href=\"https:\/\/www.erresse-shop.it\/fr\/shop\/poeles-pots\/casseroles\/mauviel-1830-mminis-casserole-avec-couvercle-9-cm-acier-inoxydable\/\" \/>\n<meta property=\"og:locale\" content=\"fr_FR\" \/>\n<meta property=\"og:type\" content=\"article\" \/>\n<meta property=\"og:title\" content=\"MAUVIEL 1830 M&#039;MINIS Casserole avec couvercle 9 cm Cuivre\" \/>\n<meta property=\"og:description\" content=\"Cocotte en acier inoxydable et cuivre avec poign\u00e9e et couvercle en acier inoxydable moul\u00e9, collection M&#039;MINIS. Diam\u00e8tre\u00a0: 9\u00a0cm. Pour des d\u00e9jeuners festifs\" \/>\n<meta property=\"og:url\" content=\"https:\/\/www.erresse-shop.it\/fr\/shop\/poeles-pots\/casseroles\/mauviel-1830-mminis-casserole-avec-couvercle-9-cm-acier-inoxydable\/\" \/>\n<meta property=\"og:site_name\" content=\"Erresse Shop\" \/>\n<meta property=\"article:modified_time\" content=\"2025-11-20T08:54:16+00:00\" \/>\n<meta property=\"og:image\" content=\"https:\/\/www.erresse-shop.it\/wp-content\/uploads\/2025\/11\/MAUVIEL-1830-MMINIS-Casseruola-con-Coperchio-9-cm-Rame.jpg\" \/>\n\t<meta property=\"og:image:width\" content=\"1200\" \/>\n\t<meta property=\"og:image:height\" content=\"1200\" \/>\n\t<meta property=\"og:image:type\" content=\"image\/jpeg\" \/>\n<meta name=\"twitter:card\" content=\"summary_large_image\" \/>\n<script type=\"application\/ld+json\" class=\"yoast-schema-graph\">{\"@context\":\"https:\/\/schema.org\",\"@graph\":[{\"@type\":\"WebPage\",\"@id\":\"https:\/\/www.erresse-shop.it\/fr\/shop\/poeles-pots\/casseroles\/mauviel-1830-mminis-casserole-avec-couvercle-9-cm-acier-inoxydable\/\",\"url\":\"https:\/\/www.erresse-shop.it\/fr\/shop\/poeles-pots\/casseroles\/mauviel-1830-mminis-casserole-avec-couvercle-9-cm-acier-inoxydable\/\",\"name\":\"MAUVIEL 1830 M'MINIS Casserole avec couvercle 9 cm Cuivre - Erresse Shop\",\"isPartOf\":{\"@id\":\"https:\/\/www.erresse-shop.it\/fr\/#website\"},\"datePublished\":\"2025-11-07T13:25:55+00:00\",\"dateModified\":\"2025-11-20T08:54:16+00:00\",\"description\":\"Cocotte en acier inoxydable et cuivre avec poign\u00e9e et couvercle en acier inoxydable moul\u00e9, collection M'MINIS. Diam\u00e8tre\u00a0: 9\u00a0cm. Pour des d\u00e9jeuners festifs\",\"breadcrumb\":{\"@id\":\"https:\/\/www.erresse-shop.it\/fr\/shop\/poeles-pots\/casseroles\/mauviel-1830-mminis-casserole-avec-couvercle-9-cm-acier-inoxydable\/#breadcrumb\"},\"inLanguage\":\"fr-FR\",\"potentialAction\":[{\"@type\":\"ReadAction\",\"target\":[\"https:\/\/www.erresse-shop.it\/fr\/shop\/poeles-pots\/casseroles\/mauviel-1830-mminis-casserole-avec-couvercle-9-cm-acier-inoxydable\/\"]}]},{\"@type\":\"BreadcrumbList\",\"@id\":\"https:\/\/www.erresse-shop.it\/fr\/shop\/poeles-pots\/casseroles\/mauviel-1830-mminis-casserole-avec-couvercle-9-cm-acier-inoxydable\/#breadcrumb\",\"itemListElement\":[{\"@type\":\"ListItem\",\"position\":1,\"name\":\"Home\",\"item\":\"https:\/\/www.erresse-shop.it\/fr\/\"},{\"@type\":\"ListItem\",\"position\":2,\"name\":\"Shop\",\"item\":\"https:\/\/www.erresse-shop.it\/fr\/shop\/\"},{\"@type\":\"ListItem\",\"position\":3,\"name\":\"MAUVIEL 1830 M&#8217;MINIS Casserole avec couvercle 9 cm Cuivre\"}]},{\"@type\":\"WebSite\",\"@id\":\"https:\/\/www.erresse-shop.it\/fr\/#website\",\"url\":\"https:\/\/www.erresse-shop.it\/fr\/\",\"name\":\"Erresse Shop\",\"description\":\"Articoli di qualit\u00e0 per la casa\",\"potentialAction\":[{\"@type\":\"SearchAction\",\"target\":{\"@type\":\"EntryPoint\",\"urlTemplate\":\"https:\/\/www.erresse-shop.it\/fr\/?s={search_term_string}\"},\"query-input\":\"required name=search_term_string\"}],\"inLanguage\":\"fr-FR\"}]}<\/script>\n<!-- \/ Yoast SEO Premium plugin. -->","yoast_head_json":{"title":"MAUVIEL 1830 M'MINIS Casserole avec couvercle 9 cm Cuivre - Erresse Shop","description":"Cocotte en acier inoxydable et cuivre avec poign\u00e9e et couvercle en acier inoxydable moul\u00e9, collection M'MINIS. Diam\u00e8tre\u00a0: 9\u00a0cm. Pour des d\u00e9jeuners festifs","robots":{"index":"index","follow":"follow","max-snippet":"max-snippet:-1","max-image-preview":"max-image-preview:large","max-video-preview":"max-video-preview:-1"},"canonical":"https:\/\/www.erresse-shop.it\/fr\/shop\/poeles-pots\/casseroles\/mauviel-1830-mminis-casserole-avec-couvercle-9-cm-acier-inoxydable\/","og_locale":"fr_FR","og_type":"article","og_title":"MAUVIEL 1830 M'MINIS Casserole avec couvercle 9 cm Cuivre","og_description":"Cocotte en acier inoxydable et cuivre avec poign\u00e9e et couvercle en acier inoxydable moul\u00e9, collection M'MINIS. Diam\u00e8tre\u00a0: 9\u00a0cm. Pour des d\u00e9jeuners festifs","og_url":"https:\/\/www.erresse-shop.it\/fr\/shop\/poeles-pots\/casseroles\/mauviel-1830-mminis-casserole-avec-couvercle-9-cm-acier-inoxydable\/","og_site_name":"Erresse Shop","article_modified_time":"2025-11-20T08:54:16+00:00","og_image":[{"width":1200,"height":1200,"url":"https:\/\/www.erresse-shop.it\/wp-content\/uploads\/2025\/11\/MAUVIEL-1830-MMINIS-Casseruola-con-Coperchio-9-cm-Rame.jpg","type":"image\/jpeg"}],"twitter_card":"summary_large_image","schema":{"@context":"https:\/\/schema.org","@graph":[{"@type":"WebPage","@id":"https:\/\/www.erresse-shop.it\/fr\/shop\/poeles-pots\/casseroles\/mauviel-1830-mminis-casserole-avec-couvercle-9-cm-acier-inoxydable\/","url":"https:\/\/www.erresse-shop.it\/fr\/shop\/poeles-pots\/casseroles\/mauviel-1830-mminis-casserole-avec-couvercle-9-cm-acier-inoxydable\/","name":"MAUVIEL 1830 M'MINIS Casserole avec couvercle 9 cm Cuivre - Erresse Shop","isPartOf":{"@id":"https:\/\/www.erresse-shop.it\/fr\/#website"},"datePublished":"2025-11-07T13:25:55+00:00","dateModified":"2025-11-20T08:54:16+00:00","description":"Cocotte en acier inoxydable et cuivre avec poign\u00e9e et couvercle en acier inoxydable moul\u00e9, collection M'MINIS. Diam\u00e8tre\u00a0: 9\u00a0cm. Pour des d\u00e9jeuners festifs","breadcrumb":{"@id":"https:\/\/www.erresse-shop.it\/fr\/shop\/poeles-pots\/casseroles\/mauviel-1830-mminis-casserole-avec-couvercle-9-cm-acier-inoxydable\/#breadcrumb"},"inLanguage":"fr-FR","potentialAction":[{"@type":"ReadAction","target":["https:\/\/www.erresse-shop.it\/fr\/shop\/poeles-pots\/casseroles\/mauviel-1830-mminis-casserole-avec-couvercle-9-cm-acier-inoxydable\/"]}]},{"@type":"BreadcrumbList","@id":"https:\/\/www.erresse-shop.it\/fr\/shop\/poeles-pots\/casseroles\/mauviel-1830-mminis-casserole-avec-couvercle-9-cm-acier-inoxydable\/#breadcrumb","itemListElement":[{"@type":"ListItem","position":1,"name":"Home","item":"https:\/\/www.erresse-shop.it\/fr\/"},{"@type":"ListItem","position":2,"name":"Shop","item":"https:\/\/www.erresse-shop.it\/fr\/shop\/"},{"@type":"ListItem","position":3,"name":"MAUVIEL 1830 M&#8217;MINIS Casserole avec couvercle 9 cm Cuivre"}]},{"@type":"WebSite","@id":"https:\/\/www.erresse-shop.it\/fr\/#website","url":"https:\/\/www.erresse-shop.it\/fr\/","name":"Erresse Shop","description":"Articoli di qualit\u00e0 per la casa","potentialAction":[{"@type":"SearchAction","target":{"@type":"EntryPoint","urlTemplate":"https:\/\/www.erresse-shop.it\/fr\/?s={search_term_string}"},"query-input":"required name=search_term_string"}],"inLanguage":"fr-FR"}]}},"df_price":105.03,"df_sale_price":105.03,"df_regular_price":105.03,"df_image_link":"https:\/\/www.erresse-shop.it\/wp-content\/uploads\/2025\/11\/MAUVIEL-1830-MMINIS-Casseruola-con-Coperchio-9-cm-Rame-300x300.jpg","_links":{"self":[{"href":"https:\/\/www.erresse-shop.it\/fr\/wp-json\/wp\/v2\/product\/515998"}],"collection":[{"href":"https:\/\/www.erresse-shop.it\/fr\/wp-json\/wp\/v2\/product"}],"about":[{"href":"https:\/\/www.erresse-shop.it\/fr\/wp-json\/wp\/v2\/types\/product"}],"wp:featuredmedia":[{"embeddable":true,"href":"https:\/\/www.erresse-shop.it\/fr\/wp-json\/wp\/v2\/media\/516845"}],"wp:attachment":[{"href":"https:\/\/www.erresse-shop.it\/fr\/wp-json\/wp\/v2\/media?parent=515998"}],"wp:term":[{"taxonomy":"product_cat","embeddable":true,"href":"https:\/\/www.erresse-shop.it\/fr\/wp-json\/wp\/v2\/product_cat?post=515998"},{"taxonomy":"product_tag","embeddable":true,"href":"https:\/\/www.erresse-shop.it\/fr\/wp-json\/wp\/v2\/product_tag?post=515998"}],"curies":[{"name":"wp","href":"https:\/\/api.w.org\/{rel}","templated":true}]}}