{"id":515972,"date":"2025-11-07T11:05:13","date_gmt":"2025-11-07T11:05:17","guid":{"rendered":"https:\/\/www.erresse-shop.it\/?post_type=product&#038;p=515972"},"modified":"2025-11-07T11:26:48","modified_gmt":"2025-11-07T11:26:48","slug":"mauviel-1830-mminis-poele-en-acier-inoxydable-12-cm","status":"publish","type":"product","link":"https:\/\/www.erresse-shop.it\/fr\/shop\/poeles-pots\/casseroles\/mauviel-1830-mminis-poele-en-acier-inoxydable-12-cm\/","title":{"rendered":"MAUVIEL 1830 M&#8217;MINIS Po\u00eale en acier inoxydable 12 cm"},"content":{"rendered":"<p>La po\u00eale en acier inoxydable de la gamme M&#8217;MINIS de Mauviel est id\u00e9ale pour les portions individuelles ou pour pr\u00e9senter avec \u00e9l\u00e9gance sauces, accompagnements et petits plats. Compacte, professionnelle et d&#8217;une fabrication soign\u00e9e, elle allie performance et \u00e9l\u00e9gance fran\u00e7aise.<\/p>\n<p><strong>CARACT\u00c9RISTIQUES TECHNIQUES :<\/strong><\/p>\n<ul>\n<li>Diam\u00e8tre : 12 cm &#8211; Hauteur : 3 cm<\/li>\n<li>Capacit\u00e9 : 0,2 litre<\/li>\n<li>Mat\u00e9riau : Acier inoxydable<\/li>\n<li>\u00c9paisseur : 1 mm<\/li>\n<li>Compatible avec tous les feux, sauf induction<\/li>\n<li>Lavable au lave-vaisselle<\/li>\n<\/ul>\n","protected":false},"excerpt":{"rendered":"<p>La po\u00eale en acier inoxydable de la gamme M&#8217;MINIS de Mauviel est id\u00e9ale pour les portions individuelles ou pour pr\u00e9senter<\/p>\n","protected":false},"featured_media":515977,"template":"","meta":{"_acf_changed":false,"inline_featured_image":false},"product_cat":[12458,14777],"product_tag":[12856,12854,13178],"acf":[],"yoast_head":"<!-- This site is optimized with the Yoast SEO Premium plugin v18.6 (Yoast SEO v19.13) - https:\/\/yoast.com\/wordpress\/plugins\/seo\/ -->\n<title>MAUVIEL 1830 M&#039;MINIS Po\u00eale en acier inoxydable 12 cm - Erresse Shop<\/title>\n<meta name=\"description\" content=\"La po\u00eale en acier inoxydable de la gamme M&#039;MINIS de Mauviel est id\u00e9ale pour les portions individuelles ou pour pr\u00e9senter avec \u00e9l\u00e9gance sauces,\" \/>\n<meta name=\"robots\" content=\"index, follow, max-snippet:-1, max-image-preview:large, max-video-preview:-1\" \/>\n<link rel=\"canonical\" href=\"https:\/\/www.erresse-shop.it\/fr\/shop\/poeles-pots\/casseroles\/mauviel-1830-mminis-poele-en-acier-inoxydable-12-cm\/\" \/>\n<meta property=\"og:locale\" content=\"fr_FR\" \/>\n<meta property=\"og:type\" content=\"article\" \/>\n<meta property=\"og:title\" content=\"MAUVIEL 1830 M&#039;MINIS Po\u00eale en acier inoxydable 12 cm\" \/>\n<meta property=\"og:description\" content=\"La po\u00eale en acier inoxydable de la gamme M&#039;MINIS de Mauviel est id\u00e9ale pour les portions individuelles ou pour pr\u00e9senter avec \u00e9l\u00e9gance sauces,\" \/>\n<meta property=\"og:url\" content=\"https:\/\/www.erresse-shop.it\/fr\/shop\/poeles-pots\/casseroles\/mauviel-1830-mminis-poele-en-acier-inoxydable-12-cm\/\" \/>\n<meta property=\"og:site_name\" content=\"Erresse Shop\" \/>\n<meta property=\"article:modified_time\" content=\"2025-11-07T11:26:48+00:00\" \/>\n<meta property=\"og:image\" content=\"https:\/\/www.erresse-shop.it\/wp-content\/uploads\/2025\/11\/MAUVIEL-1830-MMINIS-Padella-Inox-12-cm.jpg\" \/>\n\t<meta property=\"og:image:width\" content=\"1200\" \/>\n\t<meta property=\"og:image:height\" content=\"1200\" \/>\n\t<meta property=\"og:image:type\" content=\"image\/jpeg\" \/>\n<meta name=\"twitter:card\" content=\"summary_large_image\" \/>\n<script type=\"application\/ld+json\" class=\"yoast-schema-graph\">{\"@context\":\"https:\/\/schema.org\",\"@graph\":[{\"@type\":\"WebPage\",\"@id\":\"https:\/\/www.erresse-shop.it\/fr\/shop\/poeles-pots\/casseroles\/mauviel-1830-mminis-poele-en-acier-inoxydable-12-cm\/\",\"url\":\"https:\/\/www.erresse-shop.it\/fr\/shop\/poeles-pots\/casseroles\/mauviel-1830-mminis-poele-en-acier-inoxydable-12-cm\/\",\"name\":\"MAUVIEL 1830 M'MINIS Po\u00eale en acier inoxydable 12 cm - Erresse Shop\",\"isPartOf\":{\"@id\":\"https:\/\/www.erresse-shop.it\/fr\/#website\"},\"datePublished\":\"2025-11-07T11:05:17+00:00\",\"dateModified\":\"2025-11-07T11:26:48+00:00\",\"description\":\"La po\u00eale en acier inoxydable de la gamme M'MINIS de Mauviel est id\u00e9ale pour les portions individuelles ou pour pr\u00e9senter avec \u00e9l\u00e9gance sauces,\",\"breadcrumb\":{\"@id\":\"https:\/\/www.erresse-shop.it\/fr\/shop\/poeles-pots\/casseroles\/mauviel-1830-mminis-poele-en-acier-inoxydable-12-cm\/#breadcrumb\"},\"inLanguage\":\"fr-FR\",\"potentialAction\":[{\"@type\":\"ReadAction\",\"target\":[\"https:\/\/www.erresse-shop.it\/fr\/shop\/poeles-pots\/casseroles\/mauviel-1830-mminis-poele-en-acier-inoxydable-12-cm\/\"]}]},{\"@type\":\"BreadcrumbList\",\"@id\":\"https:\/\/www.erresse-shop.it\/fr\/shop\/poeles-pots\/casseroles\/mauviel-1830-mminis-poele-en-acier-inoxydable-12-cm\/#breadcrumb\",\"itemListElement\":[{\"@type\":\"ListItem\",\"position\":1,\"name\":\"Home\",\"item\":\"https:\/\/www.erresse-shop.it\/fr\/\"},{\"@type\":\"ListItem\",\"position\":2,\"name\":\"Shop\",\"item\":\"https:\/\/www.erresse-shop.it\/fr\/shop\/\"},{\"@type\":\"ListItem\",\"position\":3,\"name\":\"MAUVIEL 1830 M&#8217;MINIS Po\u00eale en acier inoxydable 12 cm\"}]},{\"@type\":\"WebSite\",\"@id\":\"https:\/\/www.erresse-shop.it\/fr\/#website\",\"url\":\"https:\/\/www.erresse-shop.it\/fr\/\",\"name\":\"Erresse Shop\",\"description\":\"Articoli di qualit\u00e0 per la casa\",\"potentialAction\":[{\"@type\":\"SearchAction\",\"target\":{\"@type\":\"EntryPoint\",\"urlTemplate\":\"https:\/\/www.erresse-shop.it\/fr\/?s={search_term_string}\"},\"query-input\":\"required name=search_term_string\"}],\"inLanguage\":\"fr-FR\"}]}<\/script>\n<!-- \/ Yoast SEO Premium plugin. -->","yoast_head_json":{"title":"MAUVIEL 1830 M'MINIS Po\u00eale en acier inoxydable 12 cm - Erresse Shop","description":"La po\u00eale en acier inoxydable de la gamme M'MINIS de Mauviel est id\u00e9ale pour les portions individuelles ou pour pr\u00e9senter avec \u00e9l\u00e9gance sauces,","robots":{"index":"index","follow":"follow","max-snippet":"max-snippet:-1","max-image-preview":"max-image-preview:large","max-video-preview":"max-video-preview:-1"},"canonical":"https:\/\/www.erresse-shop.it\/fr\/shop\/poeles-pots\/casseroles\/mauviel-1830-mminis-poele-en-acier-inoxydable-12-cm\/","og_locale":"fr_FR","og_type":"article","og_title":"MAUVIEL 1830 M'MINIS Po\u00eale en acier inoxydable 12 cm","og_description":"La po\u00eale en acier inoxydable de la gamme M'MINIS de Mauviel est id\u00e9ale pour les portions individuelles ou pour pr\u00e9senter avec \u00e9l\u00e9gance sauces,","og_url":"https:\/\/www.erresse-shop.it\/fr\/shop\/poeles-pots\/casseroles\/mauviel-1830-mminis-poele-en-acier-inoxydable-12-cm\/","og_site_name":"Erresse Shop","article_modified_time":"2025-11-07T11:26:48+00:00","og_image":[{"width":1200,"height":1200,"url":"https:\/\/www.erresse-shop.it\/wp-content\/uploads\/2025\/11\/MAUVIEL-1830-MMINIS-Padella-Inox-12-cm.jpg","type":"image\/jpeg"}],"twitter_card":"summary_large_image","schema":{"@context":"https:\/\/schema.org","@graph":[{"@type":"WebPage","@id":"https:\/\/www.erresse-shop.it\/fr\/shop\/poeles-pots\/casseroles\/mauviel-1830-mminis-poele-en-acier-inoxydable-12-cm\/","url":"https:\/\/www.erresse-shop.it\/fr\/shop\/poeles-pots\/casseroles\/mauviel-1830-mminis-poele-en-acier-inoxydable-12-cm\/","name":"MAUVIEL 1830 M'MINIS Po\u00eale en acier inoxydable 12 cm - Erresse Shop","isPartOf":{"@id":"https:\/\/www.erresse-shop.it\/fr\/#website"},"datePublished":"2025-11-07T11:05:17+00:00","dateModified":"2025-11-07T11:26:48+00:00","description":"La po\u00eale en acier inoxydable de la gamme M'MINIS de Mauviel est id\u00e9ale pour les portions individuelles ou pour pr\u00e9senter avec \u00e9l\u00e9gance sauces,","breadcrumb":{"@id":"https:\/\/www.erresse-shop.it\/fr\/shop\/poeles-pots\/casseroles\/mauviel-1830-mminis-poele-en-acier-inoxydable-12-cm\/#breadcrumb"},"inLanguage":"fr-FR","potentialAction":[{"@type":"ReadAction","target":["https:\/\/www.erresse-shop.it\/fr\/shop\/poeles-pots\/casseroles\/mauviel-1830-mminis-poele-en-acier-inoxydable-12-cm\/"]}]},{"@type":"BreadcrumbList","@id":"https:\/\/www.erresse-shop.it\/fr\/shop\/poeles-pots\/casseroles\/mauviel-1830-mminis-poele-en-acier-inoxydable-12-cm\/#breadcrumb","itemListElement":[{"@type":"ListItem","position":1,"name":"Home","item":"https:\/\/www.erresse-shop.it\/fr\/"},{"@type":"ListItem","position":2,"name":"Shop","item":"https:\/\/www.erresse-shop.it\/fr\/shop\/"},{"@type":"ListItem","position":3,"name":"MAUVIEL 1830 M&#8217;MINIS Po\u00eale en acier inoxydable 12 cm"}]},{"@type":"WebSite","@id":"https:\/\/www.erresse-shop.it\/fr\/#website","url":"https:\/\/www.erresse-shop.it\/fr\/","name":"Erresse Shop","description":"Articoli di qualit\u00e0 per la casa","potentialAction":[{"@type":"SearchAction","target":{"@type":"EntryPoint","urlTemplate":"https:\/\/www.erresse-shop.it\/fr\/?s={search_term_string}"},"query-input":"required name=search_term_string"}],"inLanguage":"fr-FR"}]}},"df_price":55.22,"df_sale_price":55.22,"df_regular_price":55.22,"df_image_link":"https:\/\/www.erresse-shop.it\/wp-content\/uploads\/2025\/11\/MAUVIEL-1830-MMINIS-Padella-Inox-12-cm-300x300.jpg","_links":{"self":[{"href":"https:\/\/www.erresse-shop.it\/fr\/wp-json\/wp\/v2\/product\/515972"}],"collection":[{"href":"https:\/\/www.erresse-shop.it\/fr\/wp-json\/wp\/v2\/product"}],"about":[{"href":"https:\/\/www.erresse-shop.it\/fr\/wp-json\/wp\/v2\/types\/product"}],"wp:featuredmedia":[{"embeddable":true,"href":"https:\/\/www.erresse-shop.it\/fr\/wp-json\/wp\/v2\/media\/515977"}],"wp:attachment":[{"href":"https:\/\/www.erresse-shop.it\/fr\/wp-json\/wp\/v2\/media?parent=515972"}],"wp:term":[{"taxonomy":"product_cat","embeddable":true,"href":"https:\/\/www.erresse-shop.it\/fr\/wp-json\/wp\/v2\/product_cat?post=515972"},{"taxonomy":"product_tag","embeddable":true,"href":"https:\/\/www.erresse-shop.it\/fr\/wp-json\/wp\/v2\/product_tag?post=515972"}],"curies":[{"name":"wp","href":"https:\/\/api.w.org\/{rel}","templated":true}]}}