{"id":515957,"date":"2025-11-07T09:58:26","date_gmt":"2025-11-07T09:58:30","guid":{"rendered":"https:\/\/www.erresse-shop.it\/?post_type=product&#038;p=515957"},"modified":"2025-11-07T10:26:04","modified_gmt":"2025-11-07T10:26:04","slug":"mauviel-1830-mminis-casserole-avec-bec-verseur-5-cm-acier-inoxydable","status":"publish","type":"product","link":"https:\/\/www.erresse-shop.it\/fr\/shop\/poeles-pots\/casseroles\/mauviel-1830-mminis-casserole-avec-bec-verseur-5-cm-acier-inoxydable\/","title":{"rendered":"MAUVIEL 1830 M&#8217;MINIS Casserole avec bec verseur 5 cm Acier inoxydable"},"content":{"rendered":"<p>Les cocottes M&#8217;MINIS en inox avec bec verseur sont id\u00e9ales pour pr\u00e9parer et servir sauces, r\u00e9ductions et petites portions avec pr\u00e9cision et \u00e9l\u00e9gance.<\/p>\n<p>Gr\u00e2ce \u00e0 leur design compact et professionnel, elles offrent un maximum de praticit\u00e9 en cuisine et une pr\u00e9sentation impeccable \u00e0 table.<\/p>\n<p><strong>CARACT\u00c9RISTIQUES TECHNIQUES :<\/strong><\/p>\n<ul>\n<li>Mat\u00e9riau : Acier inoxydable de haute qualit\u00e9<\/li>\n<li>Finition : Ext\u00e9rieur poli, int\u00e9rieur satin\u00e9<\/li>\n<li>Bec verseur : Int\u00e9gr\u00e9 pour un versement pr\u00e9cis et sans gouttes<\/li>\n<li>Poign\u00e9e : Ergonomique, en acier inoxydable soud\u00e9<\/li>\n<li>Compatibilit\u00e9 : Tous feux, y compris induction<\/li>\n<li>Utilisation : Id\u00e9ales pour les sauces, le beurre fondu, le chocolat ou les petites portions<\/li>\n<li>Nettoyage : Compatibles lave-vaisselle<\/li>\n<li>Gamme : M&#8217;MINIS \u2013 design professionnel et compact<\/li>\n<\/ul>\n<p><strong>Dimensions<\/strong> : \u00d8 5 cm<br \/>\n<strong>Capacit\u00e9<\/strong> : 0,1 L<\/p>\n","protected":false},"excerpt":{"rendered":"<p>Les cocottes M&#8217;MINIS en inox avec bec verseur sont id\u00e9ales pour pr\u00e9parer et servir sauces, r\u00e9ductions et petites portions avec<\/p>\n","protected":false},"featured_media":515962,"template":"","meta":{"_acf_changed":false,"inline_featured_image":false},"product_cat":[12458,14777],"product_tag":[12465,12856],"acf":[],"yoast_head":"<!-- This site is optimized with the Yoast SEO Premium plugin v18.6 (Yoast SEO v19.13) - https:\/\/yoast.com\/wordpress\/plugins\/seo\/ -->\n<title>MAUVIEL 1830 M&#039;MINIS Casserole avec bec verseur 5 cm Acier inoxydable - Erresse Shop<\/title>\n<meta name=\"description\" content=\"Les cocottes M&#039;MINIS en inox avec bec verseur sont id\u00e9ales pour pr\u00e9parer et servir sauces, r\u00e9ductions et petites portions avec pr\u00e9cision et \u00e9l\u00e9gance.\" \/>\n<meta name=\"robots\" content=\"index, follow, max-snippet:-1, max-image-preview:large, max-video-preview:-1\" \/>\n<link rel=\"canonical\" href=\"https:\/\/www.erresse-shop.it\/fr\/shop\/poeles-pots\/casseroles\/mauviel-1830-mminis-casserole-avec-bec-verseur-5-cm-acier-inoxydable\/\" \/>\n<meta property=\"og:locale\" content=\"fr_FR\" \/>\n<meta property=\"og:type\" content=\"article\" \/>\n<meta property=\"og:title\" content=\"MAUVIEL 1830 M&#039;MINIS Casserole avec bec verseur 5 cm Acier inoxydable\" \/>\n<meta property=\"og:description\" content=\"Les cocottes M&#039;MINIS en inox avec bec verseur sont id\u00e9ales pour pr\u00e9parer et servir sauces, r\u00e9ductions et petites portions avec pr\u00e9cision et \u00e9l\u00e9gance.\" \/>\n<meta property=\"og:url\" content=\"https:\/\/www.erresse-shop.it\/fr\/shop\/poeles-pots\/casseroles\/mauviel-1830-mminis-casserole-avec-bec-verseur-5-cm-acier-inoxydable\/\" \/>\n<meta property=\"og:site_name\" content=\"Erresse Shop\" \/>\n<meta property=\"article:modified_time\" content=\"2025-11-07T10:26:04+00:00\" \/>\n<meta property=\"og:image\" content=\"https:\/\/www.erresse-shop.it\/wp-content\/uploads\/2025\/11\/MAUVIEL-1830-MMINIS-Casseruola-con-Beccuccio-5-cm-Inox.jpg\" \/>\n\t<meta property=\"og:image:width\" content=\"1200\" \/>\n\t<meta property=\"og:image:height\" content=\"1200\" \/>\n\t<meta property=\"og:image:type\" content=\"image\/jpeg\" \/>\n<meta name=\"twitter:card\" content=\"summary_large_image\" \/>\n<script type=\"application\/ld+json\" class=\"yoast-schema-graph\">{\"@context\":\"https:\/\/schema.org\",\"@graph\":[{\"@type\":\"WebPage\",\"@id\":\"https:\/\/www.erresse-shop.it\/fr\/shop\/poeles-pots\/casseroles\/mauviel-1830-mminis-casserole-avec-bec-verseur-5-cm-acier-inoxydable\/\",\"url\":\"https:\/\/www.erresse-shop.it\/fr\/shop\/poeles-pots\/casseroles\/mauviel-1830-mminis-casserole-avec-bec-verseur-5-cm-acier-inoxydable\/\",\"name\":\"MAUVIEL 1830 M'MINIS Casserole avec bec verseur 5 cm Acier inoxydable - Erresse Shop\",\"isPartOf\":{\"@id\":\"https:\/\/www.erresse-shop.it\/fr\/#website\"},\"datePublished\":\"2025-11-07T09:58:30+00:00\",\"dateModified\":\"2025-11-07T10:26:04+00:00\",\"description\":\"Les cocottes M'MINIS en inox avec bec verseur sont id\u00e9ales pour pr\u00e9parer et servir sauces, r\u00e9ductions et petites portions avec pr\u00e9cision et \u00e9l\u00e9gance.\",\"breadcrumb\":{\"@id\":\"https:\/\/www.erresse-shop.it\/fr\/shop\/poeles-pots\/casseroles\/mauviel-1830-mminis-casserole-avec-bec-verseur-5-cm-acier-inoxydable\/#breadcrumb\"},\"inLanguage\":\"fr-FR\",\"potentialAction\":[{\"@type\":\"ReadAction\",\"target\":[\"https:\/\/www.erresse-shop.it\/fr\/shop\/poeles-pots\/casseroles\/mauviel-1830-mminis-casserole-avec-bec-verseur-5-cm-acier-inoxydable\/\"]}]},{\"@type\":\"BreadcrumbList\",\"@id\":\"https:\/\/www.erresse-shop.it\/fr\/shop\/poeles-pots\/casseroles\/mauviel-1830-mminis-casserole-avec-bec-verseur-5-cm-acier-inoxydable\/#breadcrumb\",\"itemListElement\":[{\"@type\":\"ListItem\",\"position\":1,\"name\":\"Home\",\"item\":\"https:\/\/www.erresse-shop.it\/fr\/\"},{\"@type\":\"ListItem\",\"position\":2,\"name\":\"Shop\",\"item\":\"https:\/\/www.erresse-shop.it\/fr\/shop\/\"},{\"@type\":\"ListItem\",\"position\":3,\"name\":\"MAUVIEL 1830 M&#8217;MINIS Casserole avec bec verseur 5 cm Acier inoxydable\"}]},{\"@type\":\"WebSite\",\"@id\":\"https:\/\/www.erresse-shop.it\/fr\/#website\",\"url\":\"https:\/\/www.erresse-shop.it\/fr\/\",\"name\":\"Erresse Shop\",\"description\":\"Articoli di qualit\u00e0 per la casa\",\"potentialAction\":[{\"@type\":\"SearchAction\",\"target\":{\"@type\":\"EntryPoint\",\"urlTemplate\":\"https:\/\/www.erresse-shop.it\/fr\/?s={search_term_string}\"},\"query-input\":\"required name=search_term_string\"}],\"inLanguage\":\"fr-FR\"}]}<\/script>\n<!-- \/ Yoast SEO Premium plugin. -->","yoast_head_json":{"title":"MAUVIEL 1830 M'MINIS Casserole avec bec verseur 5 cm Acier inoxydable - Erresse Shop","description":"Les cocottes M'MINIS en inox avec bec verseur sont id\u00e9ales pour pr\u00e9parer et servir sauces, r\u00e9ductions et petites portions avec pr\u00e9cision et \u00e9l\u00e9gance.","robots":{"index":"index","follow":"follow","max-snippet":"max-snippet:-1","max-image-preview":"max-image-preview:large","max-video-preview":"max-video-preview:-1"},"canonical":"https:\/\/www.erresse-shop.it\/fr\/shop\/poeles-pots\/casseroles\/mauviel-1830-mminis-casserole-avec-bec-verseur-5-cm-acier-inoxydable\/","og_locale":"fr_FR","og_type":"article","og_title":"MAUVIEL 1830 M'MINIS Casserole avec bec verseur 5 cm Acier inoxydable","og_description":"Les cocottes M'MINIS en inox avec bec verseur sont id\u00e9ales pour pr\u00e9parer et servir sauces, r\u00e9ductions et petites portions avec pr\u00e9cision et \u00e9l\u00e9gance.","og_url":"https:\/\/www.erresse-shop.it\/fr\/shop\/poeles-pots\/casseroles\/mauviel-1830-mminis-casserole-avec-bec-verseur-5-cm-acier-inoxydable\/","og_site_name":"Erresse Shop","article_modified_time":"2025-11-07T10:26:04+00:00","og_image":[{"width":1200,"height":1200,"url":"https:\/\/www.erresse-shop.it\/wp-content\/uploads\/2025\/11\/MAUVIEL-1830-MMINIS-Casseruola-con-Beccuccio-5-cm-Inox.jpg","type":"image\/jpeg"}],"twitter_card":"summary_large_image","schema":{"@context":"https:\/\/schema.org","@graph":[{"@type":"WebPage","@id":"https:\/\/www.erresse-shop.it\/fr\/shop\/poeles-pots\/casseroles\/mauviel-1830-mminis-casserole-avec-bec-verseur-5-cm-acier-inoxydable\/","url":"https:\/\/www.erresse-shop.it\/fr\/shop\/poeles-pots\/casseroles\/mauviel-1830-mminis-casserole-avec-bec-verseur-5-cm-acier-inoxydable\/","name":"MAUVIEL 1830 M'MINIS Casserole avec bec verseur 5 cm Acier inoxydable - Erresse Shop","isPartOf":{"@id":"https:\/\/www.erresse-shop.it\/fr\/#website"},"datePublished":"2025-11-07T09:58:30+00:00","dateModified":"2025-11-07T10:26:04+00:00","description":"Les cocottes M'MINIS en inox avec bec verseur sont id\u00e9ales pour pr\u00e9parer et servir sauces, r\u00e9ductions et petites portions avec pr\u00e9cision et \u00e9l\u00e9gance.","breadcrumb":{"@id":"https:\/\/www.erresse-shop.it\/fr\/shop\/poeles-pots\/casseroles\/mauviel-1830-mminis-casserole-avec-bec-verseur-5-cm-acier-inoxydable\/#breadcrumb"},"inLanguage":"fr-FR","potentialAction":[{"@type":"ReadAction","target":["https:\/\/www.erresse-shop.it\/fr\/shop\/poeles-pots\/casseroles\/mauviel-1830-mminis-casserole-avec-bec-verseur-5-cm-acier-inoxydable\/"]}]},{"@type":"BreadcrumbList","@id":"https:\/\/www.erresse-shop.it\/fr\/shop\/poeles-pots\/casseroles\/mauviel-1830-mminis-casserole-avec-bec-verseur-5-cm-acier-inoxydable\/#breadcrumb","itemListElement":[{"@type":"ListItem","position":1,"name":"Home","item":"https:\/\/www.erresse-shop.it\/fr\/"},{"@type":"ListItem","position":2,"name":"Shop","item":"https:\/\/www.erresse-shop.it\/fr\/shop\/"},{"@type":"ListItem","position":3,"name":"MAUVIEL 1830 M&#8217;MINIS Casserole avec bec verseur 5 cm Acier inoxydable"}]},{"@type":"WebSite","@id":"https:\/\/www.erresse-shop.it\/fr\/#website","url":"https:\/\/www.erresse-shop.it\/fr\/","name":"Erresse Shop","description":"Articoli di qualit\u00e0 per la casa","potentialAction":[{"@type":"SearchAction","target":{"@type":"EntryPoint","urlTemplate":"https:\/\/www.erresse-shop.it\/fr\/?s={search_term_string}"},"query-input":"required name=search_term_string"}],"inLanguage":"fr-FR"}]}},"df_price":41.72,"df_sale_price":41.72,"df_regular_price":41.72,"df_image_link":"https:\/\/www.erresse-shop.it\/wp-content\/uploads\/2025\/11\/MAUVIEL-1830-MMINIS-Casseruola-con-Beccuccio-5-cm-Inox-300x300.jpg","_links":{"self":[{"href":"https:\/\/www.erresse-shop.it\/fr\/wp-json\/wp\/v2\/product\/515957"}],"collection":[{"href":"https:\/\/www.erresse-shop.it\/fr\/wp-json\/wp\/v2\/product"}],"about":[{"href":"https:\/\/www.erresse-shop.it\/fr\/wp-json\/wp\/v2\/types\/product"}],"wp:featuredmedia":[{"embeddable":true,"href":"https:\/\/www.erresse-shop.it\/fr\/wp-json\/wp\/v2\/media\/515962"}],"wp:attachment":[{"href":"https:\/\/www.erresse-shop.it\/fr\/wp-json\/wp\/v2\/media?parent=515957"}],"wp:term":[{"taxonomy":"product_cat","embeddable":true,"href":"https:\/\/www.erresse-shop.it\/fr\/wp-json\/wp\/v2\/product_cat?post=515957"},{"taxonomy":"product_tag","embeddable":true,"href":"https:\/\/www.erresse-shop.it\/fr\/wp-json\/wp\/v2\/product_tag?post=515957"}],"curies":[{"name":"wp","href":"https:\/\/api.w.org\/{rel}","templated":true}]}}