{"id":515928,"date":"2025-11-07T08:46:28","date_gmt":"2025-11-07T08:46:32","guid":{"rendered":"https:\/\/www.erresse-shop.it\/?post_type=product&#038;p=515928"},"modified":"2025-11-07T09:24:19","modified_gmt":"2025-11-07T09:24:19","slug":"mauviel-1830-cuiseur-vapeur-pour-pommes-de-terre-16-cm","status":"publish","type":"product","link":"https:\/\/www.erresse-shop.it\/fr\/shop\/poeles-pots\/casseroles\/mauviel-1830-cuiseur-vapeur-pour-pommes-de-terre-16-cm\/","title":{"rendered":"MAUVIEL 1830 Cuiseur vapeur pour pommes de terre 16 cm"},"content":{"rendered":"<p>Le cuiseur vapeur Mauviel1830 est un ustensile sp\u00e9cialement con\u00e7u pour la cuisson vapeur des pommes de terre\u00a0: d\u00e9couvrez toutes les recettes mettant en valeur ce d\u00e9licieux tubercule\u00a0!<\/p>\n<p>Cet ustensile garantit des pommes de terre parfaitement cuites gr\u00e2ce \u00e0 un ing\u00e9nieux syst\u00e8me de cuisson vapeur.<\/p>\n<p>Son design \u00e9l\u00e9gant assure une pr\u00e9sentation unique et surprenante \u00e0 table d\u00e8s la fin de la cuisson. Les pommes de terre restent chaudes, permettant ainsi de les d\u00e9guster \u00e0 la temp\u00e9rature id\u00e9ale tout au long du repas.<\/p>\n<p>L&#8217;int\u00e9rieur \u00e9tam\u00e9 de cet ustensile cr\u00e9e une alchimie unique avec les aliments.<\/p>\n<p>L&#8217;\u00e9tamage Mauviel1830 est r\u00e9alis\u00e9 selon un proc\u00e9d\u00e9 traditionnel, et non par \u00e9lectroplacage.<\/p>\n<p>L&#8217;\u00e9tain utilis\u00e9 pour ce produit est sans plomb. Four vapeur avec support en bronze de la collection M&#8217;TRADITION.<\/p>\n<p><strong>CARACT\u00c9RISTIQUES TECHNIQUES\u00a0:<\/strong><\/p>\n<p><strong>Dimensions\u00a0<\/strong>: \u00d8 16\u00a0cm, H 21\u00a0cm<br \/>\n<strong>Capacit\u00e9\u00a0<\/strong>: 2,7\u00a0L<br \/>\n<strong>Poids<\/strong> : 1,35 kg<\/p>\n<p><strong>UTILISATION\u00a0:<\/strong><\/p>\n<p>Compatible avec tous les feux sauf induction<br \/>\nPassez au four<br \/>\nLavage \u00e0 la main uniquement<\/p>\n","protected":false},"excerpt":{"rendered":"<p>Le cuiseur vapeur Mauviel1830 est un ustensile sp\u00e9cialement con\u00e7u pour la cuisson vapeur des pommes de terre\u00a0: d\u00e9couvrez toutes les<\/p>\n","protected":false},"featured_media":515934,"template":"","meta":{"_acf_changed":false,"inline_featured_image":false},"product_cat":[12458,14777],"product_tag":[20963,15727,12856],"acf":[],"yoast_head":"<!-- This site is optimized with the Yoast SEO Premium plugin v18.6 (Yoast SEO v19.13) - https:\/\/yoast.com\/wordpress\/plugins\/seo\/ -->\n<title>MAUVIEL 1830 Cuiseur vapeur pour pommes de terre 16 cm - Erresse Shop<\/title>\n<meta name=\"description\" content=\"Le cuiseur vapeur Mauviel1830 est un ustensile sp\u00e9cialement con\u00e7u pour la cuisson vapeur des pommes de terre\u00a0: d\u00e9couvrez toutes les recettes mettant en\" \/>\n<meta name=\"robots\" content=\"index, follow, max-snippet:-1, max-image-preview:large, max-video-preview:-1\" \/>\n<link rel=\"canonical\" href=\"https:\/\/www.erresse-shop.it\/fr\/shop\/poeles-pots\/casseroles\/mauviel-1830-cuiseur-vapeur-pour-pommes-de-terre-16-cm\/\" \/>\n<meta property=\"og:locale\" content=\"fr_FR\" \/>\n<meta property=\"og:type\" content=\"article\" \/>\n<meta property=\"og:title\" content=\"MAUVIEL 1830 Cuiseur vapeur pour pommes de terre 16 cm\" \/>\n<meta property=\"og:description\" content=\"Le cuiseur vapeur Mauviel1830 est un ustensile sp\u00e9cialement con\u00e7u pour la cuisson vapeur des pommes de terre\u00a0: d\u00e9couvrez toutes les recettes mettant en\" \/>\n<meta property=\"og:url\" content=\"https:\/\/www.erresse-shop.it\/fr\/shop\/poeles-pots\/casseroles\/mauviel-1830-cuiseur-vapeur-pour-pommes-de-terre-16-cm\/\" \/>\n<meta property=\"og:site_name\" content=\"Erresse Shop\" \/>\n<meta property=\"article:modified_time\" content=\"2025-11-07T09:24:19+00:00\" \/>\n<meta property=\"og:image\" content=\"https:\/\/www.erresse-shop.it\/wp-content\/uploads\/2025\/11\/MAUVIEL-1830-Vaporiera-per-Patate-16-cm.jpg\" \/>\n\t<meta property=\"og:image:width\" content=\"1200\" \/>\n\t<meta property=\"og:image:height\" content=\"1200\" \/>\n\t<meta property=\"og:image:type\" content=\"image\/jpeg\" \/>\n<meta name=\"twitter:card\" content=\"summary_large_image\" \/>\n<script type=\"application\/ld+json\" class=\"yoast-schema-graph\">{\"@context\":\"https:\/\/schema.org\",\"@graph\":[{\"@type\":\"WebPage\",\"@id\":\"https:\/\/www.erresse-shop.it\/fr\/shop\/poeles-pots\/casseroles\/mauviel-1830-cuiseur-vapeur-pour-pommes-de-terre-16-cm\/\",\"url\":\"https:\/\/www.erresse-shop.it\/fr\/shop\/poeles-pots\/casseroles\/mauviel-1830-cuiseur-vapeur-pour-pommes-de-terre-16-cm\/\",\"name\":\"MAUVIEL 1830 Cuiseur vapeur pour pommes de terre 16 cm - Erresse Shop\",\"isPartOf\":{\"@id\":\"https:\/\/www.erresse-shop.it\/fr\/#website\"},\"datePublished\":\"2025-11-07T08:46:32+00:00\",\"dateModified\":\"2025-11-07T09:24:19+00:00\",\"description\":\"Le cuiseur vapeur Mauviel1830 est un ustensile sp\u00e9cialement con\u00e7u pour la cuisson vapeur des pommes de terre\u00a0: d\u00e9couvrez toutes les recettes mettant en\",\"breadcrumb\":{\"@id\":\"https:\/\/www.erresse-shop.it\/fr\/shop\/poeles-pots\/casseroles\/mauviel-1830-cuiseur-vapeur-pour-pommes-de-terre-16-cm\/#breadcrumb\"},\"inLanguage\":\"fr-FR\",\"potentialAction\":[{\"@type\":\"ReadAction\",\"target\":[\"https:\/\/www.erresse-shop.it\/fr\/shop\/poeles-pots\/casseroles\/mauviel-1830-cuiseur-vapeur-pour-pommes-de-terre-16-cm\/\"]}]},{\"@type\":\"BreadcrumbList\",\"@id\":\"https:\/\/www.erresse-shop.it\/fr\/shop\/poeles-pots\/casseroles\/mauviel-1830-cuiseur-vapeur-pour-pommes-de-terre-16-cm\/#breadcrumb\",\"itemListElement\":[{\"@type\":\"ListItem\",\"position\":1,\"name\":\"Home\",\"item\":\"https:\/\/www.erresse-shop.it\/fr\/\"},{\"@type\":\"ListItem\",\"position\":2,\"name\":\"Shop\",\"item\":\"https:\/\/www.erresse-shop.it\/fr\/shop\/\"},{\"@type\":\"ListItem\",\"position\":3,\"name\":\"MAUVIEL 1830 Cuiseur vapeur pour pommes de terre 16 cm\"}]},{\"@type\":\"WebSite\",\"@id\":\"https:\/\/www.erresse-shop.it\/fr\/#website\",\"url\":\"https:\/\/www.erresse-shop.it\/fr\/\",\"name\":\"Erresse Shop\",\"description\":\"Articoli di qualit\u00e0 per la casa\",\"potentialAction\":[{\"@type\":\"SearchAction\",\"target\":{\"@type\":\"EntryPoint\",\"urlTemplate\":\"https:\/\/www.erresse-shop.it\/fr\/?s={search_term_string}\"},\"query-input\":\"required name=search_term_string\"}],\"inLanguage\":\"fr-FR\"}]}<\/script>\n<!-- \/ Yoast SEO Premium plugin. -->","yoast_head_json":{"title":"MAUVIEL 1830 Cuiseur vapeur pour pommes de terre 16 cm - Erresse Shop","description":"Le cuiseur vapeur Mauviel1830 est un ustensile sp\u00e9cialement con\u00e7u pour la cuisson vapeur des pommes de terre\u00a0: d\u00e9couvrez toutes les recettes mettant en","robots":{"index":"index","follow":"follow","max-snippet":"max-snippet:-1","max-image-preview":"max-image-preview:large","max-video-preview":"max-video-preview:-1"},"canonical":"https:\/\/www.erresse-shop.it\/fr\/shop\/poeles-pots\/casseroles\/mauviel-1830-cuiseur-vapeur-pour-pommes-de-terre-16-cm\/","og_locale":"fr_FR","og_type":"article","og_title":"MAUVIEL 1830 Cuiseur vapeur pour pommes de terre 16 cm","og_description":"Le cuiseur vapeur Mauviel1830 est un ustensile sp\u00e9cialement con\u00e7u pour la cuisson vapeur des pommes de terre\u00a0: d\u00e9couvrez toutes les recettes mettant en","og_url":"https:\/\/www.erresse-shop.it\/fr\/shop\/poeles-pots\/casseroles\/mauviel-1830-cuiseur-vapeur-pour-pommes-de-terre-16-cm\/","og_site_name":"Erresse Shop","article_modified_time":"2025-11-07T09:24:19+00:00","og_image":[{"width":1200,"height":1200,"url":"https:\/\/www.erresse-shop.it\/wp-content\/uploads\/2025\/11\/MAUVIEL-1830-Vaporiera-per-Patate-16-cm.jpg","type":"image\/jpeg"}],"twitter_card":"summary_large_image","schema":{"@context":"https:\/\/schema.org","@graph":[{"@type":"WebPage","@id":"https:\/\/www.erresse-shop.it\/fr\/shop\/poeles-pots\/casseroles\/mauviel-1830-cuiseur-vapeur-pour-pommes-de-terre-16-cm\/","url":"https:\/\/www.erresse-shop.it\/fr\/shop\/poeles-pots\/casseroles\/mauviel-1830-cuiseur-vapeur-pour-pommes-de-terre-16-cm\/","name":"MAUVIEL 1830 Cuiseur vapeur pour pommes de terre 16 cm - Erresse Shop","isPartOf":{"@id":"https:\/\/www.erresse-shop.it\/fr\/#website"},"datePublished":"2025-11-07T08:46:32+00:00","dateModified":"2025-11-07T09:24:19+00:00","description":"Le cuiseur vapeur Mauviel1830 est un ustensile sp\u00e9cialement con\u00e7u pour la cuisson vapeur des pommes de terre\u00a0: d\u00e9couvrez toutes les recettes mettant en","breadcrumb":{"@id":"https:\/\/www.erresse-shop.it\/fr\/shop\/poeles-pots\/casseroles\/mauviel-1830-cuiseur-vapeur-pour-pommes-de-terre-16-cm\/#breadcrumb"},"inLanguage":"fr-FR","potentialAction":[{"@type":"ReadAction","target":["https:\/\/www.erresse-shop.it\/fr\/shop\/poeles-pots\/casseroles\/mauviel-1830-cuiseur-vapeur-pour-pommes-de-terre-16-cm\/"]}]},{"@type":"BreadcrumbList","@id":"https:\/\/www.erresse-shop.it\/fr\/shop\/poeles-pots\/casseroles\/mauviel-1830-cuiseur-vapeur-pour-pommes-de-terre-16-cm\/#breadcrumb","itemListElement":[{"@type":"ListItem","position":1,"name":"Home","item":"https:\/\/www.erresse-shop.it\/fr\/"},{"@type":"ListItem","position":2,"name":"Shop","item":"https:\/\/www.erresse-shop.it\/fr\/shop\/"},{"@type":"ListItem","position":3,"name":"MAUVIEL 1830 Cuiseur vapeur pour pommes de terre 16 cm"}]},{"@type":"WebSite","@id":"https:\/\/www.erresse-shop.it\/fr\/#website","url":"https:\/\/www.erresse-shop.it\/fr\/","name":"Erresse Shop","description":"Articoli di qualit\u00e0 per la casa","potentialAction":[{"@type":"SearchAction","target":{"@type":"EntryPoint","urlTemplate":"https:\/\/www.erresse-shop.it\/fr\/?s={search_term_string}"},"query-input":"required name=search_term_string"}],"inLanguage":"fr-FR"}]}},"df_price":481.82,"df_sale_price":481.82,"df_regular_price":481.82,"df_image_link":"https:\/\/www.erresse-shop.it\/wp-content\/uploads\/2025\/11\/MAUVIEL-1830-Vaporiera-per-Patate-16-cm-300x300.jpg","_links":{"self":[{"href":"https:\/\/www.erresse-shop.it\/fr\/wp-json\/wp\/v2\/product\/515928"}],"collection":[{"href":"https:\/\/www.erresse-shop.it\/fr\/wp-json\/wp\/v2\/product"}],"about":[{"href":"https:\/\/www.erresse-shop.it\/fr\/wp-json\/wp\/v2\/types\/product"}],"wp:featuredmedia":[{"embeddable":true,"href":"https:\/\/www.erresse-shop.it\/fr\/wp-json\/wp\/v2\/media\/515934"}],"wp:attachment":[{"href":"https:\/\/www.erresse-shop.it\/fr\/wp-json\/wp\/v2\/media?parent=515928"}],"wp:term":[{"taxonomy":"product_cat","embeddable":true,"href":"https:\/\/www.erresse-shop.it\/fr\/wp-json\/wp\/v2\/product_cat?post=515928"},{"taxonomy":"product_tag","embeddable":true,"href":"https:\/\/www.erresse-shop.it\/fr\/wp-json\/wp\/v2\/product_tag?post=515928"}],"curies":[{"name":"wp","href":"https:\/\/api.w.org\/{rel}","templated":true}]}}