{"id":515892,"date":"2025-11-07T07:14:59","date_gmt":"2025-11-07T07:15:03","guid":{"rendered":"https:\/\/www.erresse-shop.it\/?post_type=product&#038;p=515892"},"modified":"2026-02-03T08:20:09","modified_gmt":"2026-02-03T08:20:09","slug":"toms-drag-couple-dacrobates-s","status":"publish","type":"product","link":"https:\/\/www.erresse-shop.it\/fr\/shop\/ameublement-maison\/objets-de-decoration\/toms-drag-couple-dacrobates-s\/","title":{"rendered":"TOM&#8217;S DRAG Couple d&#8217;acrobates S"},"content":{"rendered":"<p>Un couple \u00e9l\u00e9gant dans une pose fi\u00e8re et acrobatique.<br \/>\nUn design inspir\u00e9 par l&#8217;univers onirique des pistes de cirque.<br \/>\nUne \u0153uvre d&#8217;art saisissante, sign\u00e9e Tom&#8217;s Drag.<\/p>\n<p><strong>Dimensions<\/strong> : H. 34 cm<br \/>\n<strong>Mati\u00e8re<\/strong> : Marmorin<\/p>\n<p>Aucun cirque n&#8217;est complet sans des acrobaties \u00e0 couper le souffle. C&#8217;est pourquoi Tom s&#8217;est aventur\u00e9 dans le monde magique et f\u00e9erique des pistes, cr\u00e9ant des figures \u00e9l\u00e9gantes aux formes gracieuses et fi\u00e8res, orn\u00e9es dans le style caract\u00e9ristique de Tom&#8217;s Drag.<\/p>\n","protected":false},"excerpt":{"rendered":"<p>Un couple \u00e9l\u00e9gant dans une pose fi\u00e8re et acrobatique. Un design inspir\u00e9 par l&#8217;univers onirique des pistes de cirque. Une<\/p>\n","protected":false},"featured_media":515897,"template":"","meta":{"_acf_changed":false,"inline_featured_image":false},"product_cat":[12738,14441],"product_tag":[25036,17145,25021,16993],"acf":[],"yoast_head":"<!-- This site is optimized with the Yoast SEO Premium plugin v18.6 (Yoast SEO v19.13) - https:\/\/yoast.com\/wordpress\/plugins\/seo\/ -->\n<title>TOM&#039;S DRAG Couple d&#039;acrobates S - Erresse Shop<\/title>\n<meta name=\"description\" content=\"Un couple \u00e9l\u00e9gant dans une pose fi\u00e8re et acrobatique. Un design inspir\u00e9 par l&#039;univers onirique des pistes de cirque. Une \u0153uvre d&#039;art saisissante, sign\u00e9e\" \/>\n<meta name=\"robots\" content=\"index, follow, max-snippet:-1, max-image-preview:large, max-video-preview:-1\" \/>\n<link rel=\"canonical\" href=\"https:\/\/www.erresse-shop.it\/fr\/shop\/ameublement-maison\/objets-de-decoration\/toms-drag-couple-dacrobates-s\/\" \/>\n<meta property=\"og:locale\" content=\"fr_FR\" \/>\n<meta property=\"og:type\" content=\"article\" \/>\n<meta property=\"og:title\" content=\"TOM&#039;S DRAG Couple d&#039;acrobates S\" \/>\n<meta property=\"og:description\" content=\"Un couple \u00e9l\u00e9gant dans une pose fi\u00e8re et acrobatique. Un design inspir\u00e9 par l&#039;univers onirique des pistes de cirque. Une \u0153uvre d&#039;art saisissante, sign\u00e9e\" \/>\n<meta property=\"og:url\" content=\"https:\/\/www.erresse-shop.it\/fr\/shop\/ameublement-maison\/objets-de-decoration\/toms-drag-couple-dacrobates-s\/\" \/>\n<meta property=\"og:site_name\" content=\"Erresse Shop\" \/>\n<meta property=\"article:modified_time\" content=\"2026-02-03T08:20:09+00:00\" \/>\n<meta property=\"og:image\" content=\"https:\/\/www.erresse-shop.it\/wp-content\/uploads\/2025\/11\/TOMS-DRAG-Coppia-di-Acrobati-S.jpg\" \/>\n\t<meta property=\"og:image:width\" content=\"1200\" \/>\n\t<meta property=\"og:image:height\" content=\"1200\" \/>\n\t<meta property=\"og:image:type\" content=\"image\/jpeg\" \/>\n<meta name=\"twitter:card\" content=\"summary_large_image\" \/>\n<script type=\"application\/ld+json\" class=\"yoast-schema-graph\">{\"@context\":\"https:\/\/schema.org\",\"@graph\":[{\"@type\":\"WebPage\",\"@id\":\"https:\/\/www.erresse-shop.it\/fr\/shop\/ameublement-maison\/objets-de-decoration\/toms-drag-couple-dacrobates-s\/\",\"url\":\"https:\/\/www.erresse-shop.it\/fr\/shop\/ameublement-maison\/objets-de-decoration\/toms-drag-couple-dacrobates-s\/\",\"name\":\"TOM'S DRAG Couple d'acrobates S - Erresse Shop\",\"isPartOf\":{\"@id\":\"https:\/\/www.erresse-shop.it\/fr\/#website\"},\"datePublished\":\"2025-11-07T07:15:03+00:00\",\"dateModified\":\"2026-02-03T08:20:09+00:00\",\"description\":\"Un couple \u00e9l\u00e9gant dans une pose fi\u00e8re et acrobatique. Un design inspir\u00e9 par l'univers onirique des pistes de cirque. Une \u0153uvre d'art saisissante, sign\u00e9e\",\"breadcrumb\":{\"@id\":\"https:\/\/www.erresse-shop.it\/fr\/shop\/ameublement-maison\/objets-de-decoration\/toms-drag-couple-dacrobates-s\/#breadcrumb\"},\"inLanguage\":\"fr-FR\",\"potentialAction\":[{\"@type\":\"ReadAction\",\"target\":[\"https:\/\/www.erresse-shop.it\/fr\/shop\/ameublement-maison\/objets-de-decoration\/toms-drag-couple-dacrobates-s\/\"]}]},{\"@type\":\"BreadcrumbList\",\"@id\":\"https:\/\/www.erresse-shop.it\/fr\/shop\/ameublement-maison\/objets-de-decoration\/toms-drag-couple-dacrobates-s\/#breadcrumb\",\"itemListElement\":[{\"@type\":\"ListItem\",\"position\":1,\"name\":\"Home\",\"item\":\"https:\/\/www.erresse-shop.it\/fr\/\"},{\"@type\":\"ListItem\",\"position\":2,\"name\":\"Shop\",\"item\":\"https:\/\/www.erresse-shop.it\/fr\/shop\/\"},{\"@type\":\"ListItem\",\"position\":3,\"name\":\"TOM&#8217;S DRAG Couple d&#8217;acrobates S\"}]},{\"@type\":\"WebSite\",\"@id\":\"https:\/\/www.erresse-shop.it\/fr\/#website\",\"url\":\"https:\/\/www.erresse-shop.it\/fr\/\",\"name\":\"Erresse Shop\",\"description\":\"Articoli di qualit\u00e0 per la casa\",\"potentialAction\":[{\"@type\":\"SearchAction\",\"target\":{\"@type\":\"EntryPoint\",\"urlTemplate\":\"https:\/\/www.erresse-shop.it\/fr\/?s={search_term_string}\"},\"query-input\":\"required name=search_term_string\"}],\"inLanguage\":\"fr-FR\"}]}<\/script>\n<!-- \/ Yoast SEO Premium plugin. -->","yoast_head_json":{"title":"TOM'S DRAG Couple d'acrobates S - Erresse Shop","description":"Un couple \u00e9l\u00e9gant dans une pose fi\u00e8re et acrobatique. Un design inspir\u00e9 par l'univers onirique des pistes de cirque. Une \u0153uvre d'art saisissante, sign\u00e9e","robots":{"index":"index","follow":"follow","max-snippet":"max-snippet:-1","max-image-preview":"max-image-preview:large","max-video-preview":"max-video-preview:-1"},"canonical":"https:\/\/www.erresse-shop.it\/fr\/shop\/ameublement-maison\/objets-de-decoration\/toms-drag-couple-dacrobates-s\/","og_locale":"fr_FR","og_type":"article","og_title":"TOM'S DRAG Couple d'acrobates S","og_description":"Un couple \u00e9l\u00e9gant dans une pose fi\u00e8re et acrobatique. Un design inspir\u00e9 par l'univers onirique des pistes de cirque. Une \u0153uvre d'art saisissante, sign\u00e9e","og_url":"https:\/\/www.erresse-shop.it\/fr\/shop\/ameublement-maison\/objets-de-decoration\/toms-drag-couple-dacrobates-s\/","og_site_name":"Erresse Shop","article_modified_time":"2026-02-03T08:20:09+00:00","og_image":[{"width":1200,"height":1200,"url":"https:\/\/www.erresse-shop.it\/wp-content\/uploads\/2025\/11\/TOMS-DRAG-Coppia-di-Acrobati-S.jpg","type":"image\/jpeg"}],"twitter_card":"summary_large_image","schema":{"@context":"https:\/\/schema.org","@graph":[{"@type":"WebPage","@id":"https:\/\/www.erresse-shop.it\/fr\/shop\/ameublement-maison\/objets-de-decoration\/toms-drag-couple-dacrobates-s\/","url":"https:\/\/www.erresse-shop.it\/fr\/shop\/ameublement-maison\/objets-de-decoration\/toms-drag-couple-dacrobates-s\/","name":"TOM'S DRAG Couple d'acrobates S - Erresse Shop","isPartOf":{"@id":"https:\/\/www.erresse-shop.it\/fr\/#website"},"datePublished":"2025-11-07T07:15:03+00:00","dateModified":"2026-02-03T08:20:09+00:00","description":"Un couple \u00e9l\u00e9gant dans une pose fi\u00e8re et acrobatique. Un design inspir\u00e9 par l'univers onirique des pistes de cirque. Une \u0153uvre d'art saisissante, sign\u00e9e","breadcrumb":{"@id":"https:\/\/www.erresse-shop.it\/fr\/shop\/ameublement-maison\/objets-de-decoration\/toms-drag-couple-dacrobates-s\/#breadcrumb"},"inLanguage":"fr-FR","potentialAction":[{"@type":"ReadAction","target":["https:\/\/www.erresse-shop.it\/fr\/shop\/ameublement-maison\/objets-de-decoration\/toms-drag-couple-dacrobates-s\/"]}]},{"@type":"BreadcrumbList","@id":"https:\/\/www.erresse-shop.it\/fr\/shop\/ameublement-maison\/objets-de-decoration\/toms-drag-couple-dacrobates-s\/#breadcrumb","itemListElement":[{"@type":"ListItem","position":1,"name":"Home","item":"https:\/\/www.erresse-shop.it\/fr\/"},{"@type":"ListItem","position":2,"name":"Shop","item":"https:\/\/www.erresse-shop.it\/fr\/shop\/"},{"@type":"ListItem","position":3,"name":"TOM&#8217;S DRAG Couple d&#8217;acrobates S"}]},{"@type":"WebSite","@id":"https:\/\/www.erresse-shop.it\/fr\/#website","url":"https:\/\/www.erresse-shop.it\/fr\/","name":"Erresse Shop","description":"Articoli di qualit\u00e0 per la casa","potentialAction":[{"@type":"SearchAction","target":{"@type":"EntryPoint","urlTemplate":"https:\/\/www.erresse-shop.it\/fr\/?s={search_term_string}"},"query-input":"required name=search_term_string"}],"inLanguage":"fr-FR"}]}},"df_price":179.95,"df_sale_price":179.95,"df_regular_price":244,"df_image_link":"https:\/\/www.erresse-shop.it\/wp-content\/uploads\/2025\/11\/TOMS-DRAG-Coppia-di-Acrobati-S-300x300.jpg","_links":{"self":[{"href":"https:\/\/www.erresse-shop.it\/fr\/wp-json\/wp\/v2\/product\/515892"}],"collection":[{"href":"https:\/\/www.erresse-shop.it\/fr\/wp-json\/wp\/v2\/product"}],"about":[{"href":"https:\/\/www.erresse-shop.it\/fr\/wp-json\/wp\/v2\/types\/product"}],"wp:featuredmedia":[{"embeddable":true,"href":"https:\/\/www.erresse-shop.it\/fr\/wp-json\/wp\/v2\/media\/515897"}],"wp:attachment":[{"href":"https:\/\/www.erresse-shop.it\/fr\/wp-json\/wp\/v2\/media?parent=515892"}],"wp:term":[{"taxonomy":"product_cat","embeddable":true,"href":"https:\/\/www.erresse-shop.it\/fr\/wp-json\/wp\/v2\/product_cat?post=515892"},{"taxonomy":"product_tag","embeddable":true,"href":"https:\/\/www.erresse-shop.it\/fr\/wp-json\/wp\/v2\/product_tag?post=515892"}],"curies":[{"name":"wp","href":"https:\/\/api.w.org\/{rel}","templated":true}]}}