{"id":515847,"date":"2025-11-06T13:30:31","date_gmt":"2025-11-06T13:30:35","guid":{"rendered":"https:\/\/www.erresse-shop.it\/?post_type=product&#038;p=515847"},"modified":"2026-02-03T08:35:53","modified_gmt":"2026-02-03T08:35:53","slug":"toms-drag-elephant-jumbo-l","status":"publish","type":"product","link":"https:\/\/www.erresse-shop.it\/fr\/shop\/ameublement-maison\/objets-de-decoration\/toms-drag-elephant-jumbo-l\/","title":{"rendered":"TOM&#8217;S DRAG \u00c9l\u00e9phant Jumbo L"},"content":{"rendered":"<p>Un \u00e9l\u00e9phant aux couleurs \u00e9clatantes<br \/>\nSa fabrication artisanale complexe le rend unique<br \/>\nUne touche artistique pour votre int\u00e9rieur<\/p>\n<p><strong>Dimensions :<\/strong> 24 x 32 cm (avec plumes)<br \/>\n<strong>Mati\u00e8re :<\/strong> Marmorin<\/p>\n<p><strong>L&#8217;\u00e9l\u00e9phant \u00ab Jumbo (L) \u00bb<\/strong> est un v\u00e9ritable Tom&#8217;s Drag. Symbole de chance et de long\u00e9vit\u00e9, il arbore un costume fantastique, riche en ornements exotiques et ludiques, et resplendit de couleurs arc-en-ciel. Coiff\u00e9 d&#8217;une parure de plumes, il semble tout droit sorti d&#8217;un carnaval. Un univers merveilleux !<\/p>\n","protected":false},"excerpt":{"rendered":"<p>Un \u00e9l\u00e9phant aux couleurs \u00e9clatantes Sa fabrication artisanale complexe le rend unique Une touche artistique pour votre int\u00e9rieur Dimensions :<\/p>\n","protected":false},"featured_media":515853,"template":"","meta":{"_acf_changed":false,"inline_featured_image":false},"product_cat":[12738,14441],"product_tag":[16990,16993],"acf":[],"yoast_head":"<!-- This site is optimized with the Yoast SEO Premium plugin v18.6 (Yoast SEO v19.13) - https:\/\/yoast.com\/wordpress\/plugins\/seo\/ -->\n<title>TOM&#039;S DRAG \u00c9l\u00e9phant Jumbo L - Erresse Shop<\/title>\n<meta name=\"description\" content=\"Un \u00e9l\u00e9phant aux couleurs \u00e9clatantes Sa fabrication artisanale complexe le rend unique Une touche artistique pour votre int\u00e9rieur Dimensions : 24 x 32 cm\" \/>\n<meta name=\"robots\" content=\"index, follow, max-snippet:-1, max-image-preview:large, max-video-preview:-1\" \/>\n<link rel=\"canonical\" href=\"https:\/\/www.erresse-shop.it\/fr\/shop\/ameublement-maison\/objets-de-decoration\/toms-drag-elephant-jumbo-l\/\" \/>\n<meta property=\"og:locale\" content=\"fr_FR\" \/>\n<meta property=\"og:type\" content=\"article\" \/>\n<meta property=\"og:title\" content=\"TOM&#039;S DRAG \u00c9l\u00e9phant Jumbo L\" \/>\n<meta property=\"og:description\" content=\"Un \u00e9l\u00e9phant aux couleurs \u00e9clatantes Sa fabrication artisanale complexe le rend unique Une touche artistique pour votre int\u00e9rieur Dimensions : 24 x 32 cm\" \/>\n<meta property=\"og:url\" content=\"https:\/\/www.erresse-shop.it\/fr\/shop\/ameublement-maison\/objets-de-decoration\/toms-drag-elephant-jumbo-l\/\" \/>\n<meta property=\"og:site_name\" content=\"Erresse Shop\" \/>\n<meta property=\"article:modified_time\" content=\"2026-02-03T08:35:53+00:00\" \/>\n<meta property=\"og:image\" content=\"https:\/\/www.erresse-shop.it\/wp-content\/uploads\/2025\/11\/TOMS-DRAG-Elefante-Jumbo-L.jpg\" \/>\n\t<meta property=\"og:image:width\" content=\"1200\" \/>\n\t<meta property=\"og:image:height\" content=\"1200\" \/>\n\t<meta property=\"og:image:type\" content=\"image\/jpeg\" \/>\n<meta name=\"twitter:card\" content=\"summary_large_image\" \/>\n<script type=\"application\/ld+json\" class=\"yoast-schema-graph\">{\"@context\":\"https:\/\/schema.org\",\"@graph\":[{\"@type\":\"WebPage\",\"@id\":\"https:\/\/www.erresse-shop.it\/fr\/shop\/ameublement-maison\/objets-de-decoration\/toms-drag-elephant-jumbo-l\/\",\"url\":\"https:\/\/www.erresse-shop.it\/fr\/shop\/ameublement-maison\/objets-de-decoration\/toms-drag-elephant-jumbo-l\/\",\"name\":\"TOM'S DRAG \u00c9l\u00e9phant Jumbo L - Erresse Shop\",\"isPartOf\":{\"@id\":\"https:\/\/www.erresse-shop.it\/fr\/#website\"},\"datePublished\":\"2025-11-06T13:30:35+00:00\",\"dateModified\":\"2026-02-03T08:35:53+00:00\",\"description\":\"Un \u00e9l\u00e9phant aux couleurs \u00e9clatantes Sa fabrication artisanale complexe le rend unique Une touche artistique pour votre int\u00e9rieur Dimensions : 24 x 32 cm\",\"breadcrumb\":{\"@id\":\"https:\/\/www.erresse-shop.it\/fr\/shop\/ameublement-maison\/objets-de-decoration\/toms-drag-elephant-jumbo-l\/#breadcrumb\"},\"inLanguage\":\"fr-FR\",\"potentialAction\":[{\"@type\":\"ReadAction\",\"target\":[\"https:\/\/www.erresse-shop.it\/fr\/shop\/ameublement-maison\/objets-de-decoration\/toms-drag-elephant-jumbo-l\/\"]}]},{\"@type\":\"BreadcrumbList\",\"@id\":\"https:\/\/www.erresse-shop.it\/fr\/shop\/ameublement-maison\/objets-de-decoration\/toms-drag-elephant-jumbo-l\/#breadcrumb\",\"itemListElement\":[{\"@type\":\"ListItem\",\"position\":1,\"name\":\"Home\",\"item\":\"https:\/\/www.erresse-shop.it\/fr\/\"},{\"@type\":\"ListItem\",\"position\":2,\"name\":\"Shop\",\"item\":\"https:\/\/www.erresse-shop.it\/fr\/shop\/\"},{\"@type\":\"ListItem\",\"position\":3,\"name\":\"TOM&#8217;S DRAG \u00c9l\u00e9phant Jumbo L\"}]},{\"@type\":\"WebSite\",\"@id\":\"https:\/\/www.erresse-shop.it\/fr\/#website\",\"url\":\"https:\/\/www.erresse-shop.it\/fr\/\",\"name\":\"Erresse Shop\",\"description\":\"Articoli di qualit\u00e0 per la casa\",\"potentialAction\":[{\"@type\":\"SearchAction\",\"target\":{\"@type\":\"EntryPoint\",\"urlTemplate\":\"https:\/\/www.erresse-shop.it\/fr\/?s={search_term_string}\"},\"query-input\":\"required name=search_term_string\"}],\"inLanguage\":\"fr-FR\"}]}<\/script>\n<!-- \/ Yoast SEO Premium plugin. -->","yoast_head_json":{"title":"TOM'S DRAG \u00c9l\u00e9phant Jumbo L - Erresse Shop","description":"Un \u00e9l\u00e9phant aux couleurs \u00e9clatantes Sa fabrication artisanale complexe le rend unique Une touche artistique pour votre int\u00e9rieur Dimensions : 24 x 32 cm","robots":{"index":"index","follow":"follow","max-snippet":"max-snippet:-1","max-image-preview":"max-image-preview:large","max-video-preview":"max-video-preview:-1"},"canonical":"https:\/\/www.erresse-shop.it\/fr\/shop\/ameublement-maison\/objets-de-decoration\/toms-drag-elephant-jumbo-l\/","og_locale":"fr_FR","og_type":"article","og_title":"TOM'S DRAG \u00c9l\u00e9phant Jumbo L","og_description":"Un \u00e9l\u00e9phant aux couleurs \u00e9clatantes Sa fabrication artisanale complexe le rend unique Une touche artistique pour votre int\u00e9rieur Dimensions : 24 x 32 cm","og_url":"https:\/\/www.erresse-shop.it\/fr\/shop\/ameublement-maison\/objets-de-decoration\/toms-drag-elephant-jumbo-l\/","og_site_name":"Erresse Shop","article_modified_time":"2026-02-03T08:35:53+00:00","og_image":[{"width":1200,"height":1200,"url":"https:\/\/www.erresse-shop.it\/wp-content\/uploads\/2025\/11\/TOMS-DRAG-Elefante-Jumbo-L.jpg","type":"image\/jpeg"}],"twitter_card":"summary_large_image","schema":{"@context":"https:\/\/schema.org","@graph":[{"@type":"WebPage","@id":"https:\/\/www.erresse-shop.it\/fr\/shop\/ameublement-maison\/objets-de-decoration\/toms-drag-elephant-jumbo-l\/","url":"https:\/\/www.erresse-shop.it\/fr\/shop\/ameublement-maison\/objets-de-decoration\/toms-drag-elephant-jumbo-l\/","name":"TOM'S DRAG \u00c9l\u00e9phant Jumbo L - Erresse Shop","isPartOf":{"@id":"https:\/\/www.erresse-shop.it\/fr\/#website"},"datePublished":"2025-11-06T13:30:35+00:00","dateModified":"2026-02-03T08:35:53+00:00","description":"Un \u00e9l\u00e9phant aux couleurs \u00e9clatantes Sa fabrication artisanale complexe le rend unique Une touche artistique pour votre int\u00e9rieur Dimensions : 24 x 32 cm","breadcrumb":{"@id":"https:\/\/www.erresse-shop.it\/fr\/shop\/ameublement-maison\/objets-de-decoration\/toms-drag-elephant-jumbo-l\/#breadcrumb"},"inLanguage":"fr-FR","potentialAction":[{"@type":"ReadAction","target":["https:\/\/www.erresse-shop.it\/fr\/shop\/ameublement-maison\/objets-de-decoration\/toms-drag-elephant-jumbo-l\/"]}]},{"@type":"BreadcrumbList","@id":"https:\/\/www.erresse-shop.it\/fr\/shop\/ameublement-maison\/objets-de-decoration\/toms-drag-elephant-jumbo-l\/#breadcrumb","itemListElement":[{"@type":"ListItem","position":1,"name":"Home","item":"https:\/\/www.erresse-shop.it\/fr\/"},{"@type":"ListItem","position":2,"name":"Shop","item":"https:\/\/www.erresse-shop.it\/fr\/shop\/"},{"@type":"ListItem","position":3,"name":"TOM&#8217;S DRAG \u00c9l\u00e9phant Jumbo L"}]},{"@type":"WebSite","@id":"https:\/\/www.erresse-shop.it\/fr\/#website","url":"https:\/\/www.erresse-shop.it\/fr\/","name":"Erresse Shop","description":"Articoli di qualit\u00e0 per la casa","potentialAction":[{"@type":"SearchAction","target":{"@type":"EntryPoint","urlTemplate":"https:\/\/www.erresse-shop.it\/fr\/?s={search_term_string}"},"query-input":"required name=search_term_string"}],"inLanguage":"fr-FR"}]}},"df_price":159.95,"df_sale_price":159.95,"df_regular_price":239,"df_image_link":"https:\/\/www.erresse-shop.it\/wp-content\/uploads\/2025\/11\/TOMS-DRAG-Elefante-Jumbo-L-300x300.jpg","_links":{"self":[{"href":"https:\/\/www.erresse-shop.it\/fr\/wp-json\/wp\/v2\/product\/515847"}],"collection":[{"href":"https:\/\/www.erresse-shop.it\/fr\/wp-json\/wp\/v2\/product"}],"about":[{"href":"https:\/\/www.erresse-shop.it\/fr\/wp-json\/wp\/v2\/types\/product"}],"wp:featuredmedia":[{"embeddable":true,"href":"https:\/\/www.erresse-shop.it\/fr\/wp-json\/wp\/v2\/media\/515853"}],"wp:attachment":[{"href":"https:\/\/www.erresse-shop.it\/fr\/wp-json\/wp\/v2\/media?parent=515847"}],"wp:term":[{"taxonomy":"product_cat","embeddable":true,"href":"https:\/\/www.erresse-shop.it\/fr\/wp-json\/wp\/v2\/product_cat?post=515847"},{"taxonomy":"product_tag","embeddable":true,"href":"https:\/\/www.erresse-shop.it\/fr\/wp-json\/wp\/v2\/product_tag?post=515847"}],"curies":[{"name":"wp","href":"https:\/\/api.w.org\/{rel}","templated":true}]}}