{"id":515821,"date":"2025-11-06T13:03:17","date_gmt":"2025-11-06T13:03:21","guid":{"rendered":"https:\/\/www.erresse-shop.it\/?post_type=product&#038;p=515821"},"modified":"2026-02-03T08:41:30","modified_gmt":"2026-02-03T08:41:30","slug":"toms-drag-taureau-felipe","status":"publish","type":"product","link":"https:\/\/www.erresse-shop.it\/fr\/shop\/ameublement-maison\/objets-de-decoration\/toms-drag-taureau-felipe\/","title":{"rendered":"TOM&#8217;S DRAG Taureau Felipe"},"content":{"rendered":"<p>Taureau charismatique et fougueux<br \/>\nFinition d&#8217;une pr\u00e9cision artistique et couleurs \u00e9clatante<br \/>\nApportez \u00e0 votre pi\u00e8ce une sensation d&#8217;\u00e9quilibre et d&#8217;assurance<\/p>\n<p><strong>Dimensions\u00a0:<\/strong> 25,5 x 9 cm, H 19 cm<br \/>\n<strong>Mat\u00e9riau\u00a0:<\/strong> Marbre<\/p>\n<p><strong>Felipe M, le taureau sauvage.<\/strong> Dans de nombreuses cultures, il symbolise la masculinit\u00e9, la puissance procr\u00e9atrice et la fertilit\u00e9, mais aussi la force omnipotente de la rotation c\u00e9leste. Couronn\u00e9 et peint avec maestria, il devient une \u0153uvre d&#8217;art vibrante dans l&#8217;univers de Tom&#8217;s Drags.<\/p>\n","protected":false},"excerpt":{"rendered":"<p>Taureau charismatique et fougueux Finition d&#8217;une pr\u00e9cision artistique et couleurs \u00e9clatante Apportez \u00e0 votre pi\u00e8ce une sensation d&#8217;\u00e9quilibre et d&#8217;assurance<\/p>\n","protected":false},"featured_media":515827,"template":"","meta":{"_acf_changed":false,"inline_featured_image":false},"product_cat":[12738,14441],"product_tag":[16990,16993],"acf":[],"yoast_head":"<!-- This site is optimized with the Yoast SEO Premium plugin v18.6 (Yoast SEO v19.13) - https:\/\/yoast.com\/wordpress\/plugins\/seo\/ -->\n<title>TOM&#039;S DRAG Taureau Felipe - Erresse Shop<\/title>\n<meta name=\"description\" content=\"Taureau charismatique et fougueux Finition d&#039;une pr\u00e9cision artistique et couleurs \u00e9clatante Apportez \u00e0 votre pi\u00e8ce une sensation d&#039;\u00e9quilibre et\" \/>\n<meta name=\"robots\" content=\"index, follow, max-snippet:-1, max-image-preview:large, max-video-preview:-1\" \/>\n<link rel=\"canonical\" href=\"https:\/\/www.erresse-shop.it\/fr\/shop\/ameublement-maison\/objets-de-decoration\/toms-drag-taureau-felipe\/\" \/>\n<meta property=\"og:locale\" content=\"fr_FR\" \/>\n<meta property=\"og:type\" content=\"article\" \/>\n<meta property=\"og:title\" content=\"TOM&#039;S DRAG Taureau Felipe\" \/>\n<meta property=\"og:description\" content=\"Taureau charismatique et fougueux Finition d&#039;une pr\u00e9cision artistique et couleurs \u00e9clatante Apportez \u00e0 votre pi\u00e8ce une sensation d&#039;\u00e9quilibre et\" \/>\n<meta property=\"og:url\" content=\"https:\/\/www.erresse-shop.it\/fr\/shop\/ameublement-maison\/objets-de-decoration\/toms-drag-taureau-felipe\/\" \/>\n<meta property=\"og:site_name\" content=\"Erresse Shop\" \/>\n<meta property=\"article:modified_time\" content=\"2026-02-03T08:41:30+00:00\" \/>\n<meta property=\"og:image\" content=\"https:\/\/www.erresse-shop.it\/wp-content\/uploads\/2025\/11\/TOMS-DRAG-Toro-Felipe-M.jpg\" \/>\n\t<meta property=\"og:image:width\" content=\"1200\" \/>\n\t<meta property=\"og:image:height\" content=\"1200\" \/>\n\t<meta property=\"og:image:type\" content=\"image\/jpeg\" \/>\n<meta name=\"twitter:card\" content=\"summary_large_image\" \/>\n<script type=\"application\/ld+json\" class=\"yoast-schema-graph\">{\"@context\":\"https:\/\/schema.org\",\"@graph\":[{\"@type\":\"WebPage\",\"@id\":\"https:\/\/www.erresse-shop.it\/fr\/shop\/ameublement-maison\/objets-de-decoration\/toms-drag-taureau-felipe\/\",\"url\":\"https:\/\/www.erresse-shop.it\/fr\/shop\/ameublement-maison\/objets-de-decoration\/toms-drag-taureau-felipe\/\",\"name\":\"TOM'S DRAG Taureau Felipe - Erresse Shop\",\"isPartOf\":{\"@id\":\"https:\/\/www.erresse-shop.it\/fr\/#website\"},\"datePublished\":\"2025-11-06T13:03:21+00:00\",\"dateModified\":\"2026-02-03T08:41:30+00:00\",\"description\":\"Taureau charismatique et fougueux Finition d'une pr\u00e9cision artistique et couleurs \u00e9clatante Apportez \u00e0 votre pi\u00e8ce une sensation d'\u00e9quilibre et\",\"breadcrumb\":{\"@id\":\"https:\/\/www.erresse-shop.it\/fr\/shop\/ameublement-maison\/objets-de-decoration\/toms-drag-taureau-felipe\/#breadcrumb\"},\"inLanguage\":\"fr-FR\",\"potentialAction\":[{\"@type\":\"ReadAction\",\"target\":[\"https:\/\/www.erresse-shop.it\/fr\/shop\/ameublement-maison\/objets-de-decoration\/toms-drag-taureau-felipe\/\"]}]},{\"@type\":\"BreadcrumbList\",\"@id\":\"https:\/\/www.erresse-shop.it\/fr\/shop\/ameublement-maison\/objets-de-decoration\/toms-drag-taureau-felipe\/#breadcrumb\",\"itemListElement\":[{\"@type\":\"ListItem\",\"position\":1,\"name\":\"Home\",\"item\":\"https:\/\/www.erresse-shop.it\/fr\/\"},{\"@type\":\"ListItem\",\"position\":2,\"name\":\"Shop\",\"item\":\"https:\/\/www.erresse-shop.it\/fr\/shop\/\"},{\"@type\":\"ListItem\",\"position\":3,\"name\":\"TOM&#8217;S DRAG Taureau Felipe\"}]},{\"@type\":\"WebSite\",\"@id\":\"https:\/\/www.erresse-shop.it\/fr\/#website\",\"url\":\"https:\/\/www.erresse-shop.it\/fr\/\",\"name\":\"Erresse Shop\",\"description\":\"Articoli di qualit\u00e0 per la casa\",\"potentialAction\":[{\"@type\":\"SearchAction\",\"target\":{\"@type\":\"EntryPoint\",\"urlTemplate\":\"https:\/\/www.erresse-shop.it\/fr\/?s={search_term_string}\"},\"query-input\":\"required name=search_term_string\"}],\"inLanguage\":\"fr-FR\"}]}<\/script>\n<!-- \/ Yoast SEO Premium plugin. -->","yoast_head_json":{"title":"TOM'S DRAG Taureau Felipe - Erresse Shop","description":"Taureau charismatique et fougueux Finition d'une pr\u00e9cision artistique et couleurs \u00e9clatante Apportez \u00e0 votre pi\u00e8ce une sensation d'\u00e9quilibre et","robots":{"index":"index","follow":"follow","max-snippet":"max-snippet:-1","max-image-preview":"max-image-preview:large","max-video-preview":"max-video-preview:-1"},"canonical":"https:\/\/www.erresse-shop.it\/fr\/shop\/ameublement-maison\/objets-de-decoration\/toms-drag-taureau-felipe\/","og_locale":"fr_FR","og_type":"article","og_title":"TOM'S DRAG Taureau Felipe","og_description":"Taureau charismatique et fougueux Finition d'une pr\u00e9cision artistique et couleurs \u00e9clatante Apportez \u00e0 votre pi\u00e8ce une sensation d'\u00e9quilibre et","og_url":"https:\/\/www.erresse-shop.it\/fr\/shop\/ameublement-maison\/objets-de-decoration\/toms-drag-taureau-felipe\/","og_site_name":"Erresse Shop","article_modified_time":"2026-02-03T08:41:30+00:00","og_image":[{"width":1200,"height":1200,"url":"https:\/\/www.erresse-shop.it\/wp-content\/uploads\/2025\/11\/TOMS-DRAG-Toro-Felipe-M.jpg","type":"image\/jpeg"}],"twitter_card":"summary_large_image","schema":{"@context":"https:\/\/schema.org","@graph":[{"@type":"WebPage","@id":"https:\/\/www.erresse-shop.it\/fr\/shop\/ameublement-maison\/objets-de-decoration\/toms-drag-taureau-felipe\/","url":"https:\/\/www.erresse-shop.it\/fr\/shop\/ameublement-maison\/objets-de-decoration\/toms-drag-taureau-felipe\/","name":"TOM'S DRAG Taureau Felipe - Erresse Shop","isPartOf":{"@id":"https:\/\/www.erresse-shop.it\/fr\/#website"},"datePublished":"2025-11-06T13:03:21+00:00","dateModified":"2026-02-03T08:41:30+00:00","description":"Taureau charismatique et fougueux Finition d'une pr\u00e9cision artistique et couleurs \u00e9clatante Apportez \u00e0 votre pi\u00e8ce une sensation d'\u00e9quilibre et","breadcrumb":{"@id":"https:\/\/www.erresse-shop.it\/fr\/shop\/ameublement-maison\/objets-de-decoration\/toms-drag-taureau-felipe\/#breadcrumb"},"inLanguage":"fr-FR","potentialAction":[{"@type":"ReadAction","target":["https:\/\/www.erresse-shop.it\/fr\/shop\/ameublement-maison\/objets-de-decoration\/toms-drag-taureau-felipe\/"]}]},{"@type":"BreadcrumbList","@id":"https:\/\/www.erresse-shop.it\/fr\/shop\/ameublement-maison\/objets-de-decoration\/toms-drag-taureau-felipe\/#breadcrumb","itemListElement":[{"@type":"ListItem","position":1,"name":"Home","item":"https:\/\/www.erresse-shop.it\/fr\/"},{"@type":"ListItem","position":2,"name":"Shop","item":"https:\/\/www.erresse-shop.it\/fr\/shop\/"},{"@type":"ListItem","position":3,"name":"TOM&#8217;S DRAG Taureau Felipe"}]},{"@type":"WebSite","@id":"https:\/\/www.erresse-shop.it\/fr\/#website","url":"https:\/\/www.erresse-shop.it\/fr\/","name":"Erresse Shop","description":"Articoli di qualit\u00e0 per la casa","potentialAction":[{"@type":"SearchAction","target":{"@type":"EntryPoint","urlTemplate":"https:\/\/www.erresse-shop.it\/fr\/?s={search_term_string}"},"query-input":"required name=search_term_string"}],"inLanguage":"fr-FR"}]}},"df_price":129.95,"df_sale_price":129.95,"df_regular_price":199,"df_image_link":"https:\/\/www.erresse-shop.it\/wp-content\/uploads\/2025\/11\/TOMS-DRAG-Toro-Felipe-M-300x300.jpg","_links":{"self":[{"href":"https:\/\/www.erresse-shop.it\/fr\/wp-json\/wp\/v2\/product\/515821"}],"collection":[{"href":"https:\/\/www.erresse-shop.it\/fr\/wp-json\/wp\/v2\/product"}],"about":[{"href":"https:\/\/www.erresse-shop.it\/fr\/wp-json\/wp\/v2\/types\/product"}],"wp:featuredmedia":[{"embeddable":true,"href":"https:\/\/www.erresse-shop.it\/fr\/wp-json\/wp\/v2\/media\/515827"}],"wp:attachment":[{"href":"https:\/\/www.erresse-shop.it\/fr\/wp-json\/wp\/v2\/media?parent=515821"}],"wp:term":[{"taxonomy":"product_cat","embeddable":true,"href":"https:\/\/www.erresse-shop.it\/fr\/wp-json\/wp\/v2\/product_cat?post=515821"},{"taxonomy":"product_tag","embeddable":true,"href":"https:\/\/www.erresse-shop.it\/fr\/wp-json\/wp\/v2\/product_tag?post=515821"}],"curies":[{"name":"wp","href":"https:\/\/api.w.org\/{rel}","templated":true}]}}