{"id":515801,"date":"2025-11-06T11:36:29","date_gmt":"2025-11-06T11:36:32","guid":{"rendered":"https:\/\/www.erresse-shop.it\/?post_type=product&#038;p=515801"},"modified":"2026-02-03T08:44:26","modified_gmt":"2026-02-03T08:44:26","slug":"toms-drag-elephant-tuffi-l","status":"publish","type":"product","link":"https:\/\/www.erresse-shop.it\/fr\/shop\/ameublement-maison\/objets-de-decoration\/toms-drag-elephant-tuffi-l\/","title":{"rendered":"TOM&#8217;S DRAG \u00c9l\u00e9phant Tuffi L"},"content":{"rendered":"<p>\u00c9l\u00e9phant majestueux \u00e0 l&#8217;aura d\u00e9licate<br \/>\nFinition main : chaque pi\u00e8ce est unique<br \/>\nApportez paix et s\u00e9r\u00e9nit\u00e9 \u00e0 votre int\u00e9rieur<\/p>\n<p><strong>Mati\u00e8re :<\/strong> Marmorino<br \/>\n<strong>Dimensions :<\/strong> 14 x 15 cm avec plumes<\/p>\n<p><strong>L&#8217;\u00e9l\u00e9phant \u00ab Tuffi \u00bb<\/strong> est un v\u00e9ritable objet de fantaisie. Cet animal, symbole de chance et de long\u00e9vit\u00e9, arbore un costume fantastique, riche en ornements exotiques et ludiques aux couleurs de l&#8217;arc-en-ciel. Coiff\u00e9 d&#8217;une parure de plumes, il semble tout droit sorti d&#8217;un carnaval. Quel univers merveilleux !<\/p>\n","protected":false},"excerpt":{"rendered":"<p>\u00c9l\u00e9phant majestueux \u00e0 l&#8217;aura d\u00e9licate Finition main : chaque pi\u00e8ce est unique Apportez paix et s\u00e9r\u00e9nit\u00e9 \u00e0 votre int\u00e9rieur Mati\u00e8re<\/p>\n","protected":false},"featured_media":515813,"template":"","meta":{"_acf_changed":false,"inline_featured_image":false},"product_cat":[12738,14441],"product_tag":[16990,17006,16993],"acf":[],"yoast_head":"<!-- This site is optimized with the Yoast SEO Premium plugin v18.6 (Yoast SEO v19.13) - https:\/\/yoast.com\/wordpress\/plugins\/seo\/ -->\n<title>TOM&#039;S DRAG \u00c9l\u00e9phant Tuffi L - Erresse Shop<\/title>\n<meta name=\"description\" content=\"\u00c9l\u00e9phant majestueux \u00e0 l&#039;aura d\u00e9licate Finition main : chaque pi\u00e8ce est unique Apportez paix et s\u00e9r\u00e9nit\u00e9 \u00e0 votre int\u00e9rieur Mati\u00e8re : Marmorino Dimensions :\" \/>\n<meta name=\"robots\" content=\"index, follow, max-snippet:-1, max-image-preview:large, max-video-preview:-1\" \/>\n<link rel=\"canonical\" href=\"https:\/\/www.erresse-shop.it\/fr\/shop\/ameublement-maison\/objets-de-decoration\/toms-drag-elephant-tuffi-l\/\" \/>\n<meta property=\"og:locale\" content=\"fr_FR\" \/>\n<meta property=\"og:type\" content=\"article\" \/>\n<meta property=\"og:title\" content=\"TOM&#039;S DRAG \u00c9l\u00e9phant Tuffi L\" \/>\n<meta property=\"og:description\" content=\"\u00c9l\u00e9phant majestueux \u00e0 l&#039;aura d\u00e9licate Finition main : chaque pi\u00e8ce est unique Apportez paix et s\u00e9r\u00e9nit\u00e9 \u00e0 votre int\u00e9rieur Mati\u00e8re : Marmorino Dimensions :\" \/>\n<meta property=\"og:url\" content=\"https:\/\/www.erresse-shop.it\/fr\/shop\/ameublement-maison\/objets-de-decoration\/toms-drag-elephant-tuffi-l\/\" \/>\n<meta property=\"og:site_name\" content=\"Erresse Shop\" \/>\n<meta property=\"article:modified_time\" content=\"2026-02-03T08:44:26+00:00\" \/>\n<meta property=\"og:image\" content=\"https:\/\/www.erresse-shop.it\/wp-content\/uploads\/2025\/11\/TOMS-DRAG-Elefante-Tuffi-L.jpg\" \/>\n\t<meta property=\"og:image:width\" content=\"1200\" \/>\n\t<meta property=\"og:image:height\" content=\"1200\" \/>\n\t<meta property=\"og:image:type\" content=\"image\/jpeg\" \/>\n<meta name=\"twitter:card\" content=\"summary_large_image\" \/>\n<script type=\"application\/ld+json\" class=\"yoast-schema-graph\">{\"@context\":\"https:\/\/schema.org\",\"@graph\":[{\"@type\":\"WebPage\",\"@id\":\"https:\/\/www.erresse-shop.it\/fr\/shop\/ameublement-maison\/objets-de-decoration\/toms-drag-elephant-tuffi-l\/\",\"url\":\"https:\/\/www.erresse-shop.it\/fr\/shop\/ameublement-maison\/objets-de-decoration\/toms-drag-elephant-tuffi-l\/\",\"name\":\"TOM'S DRAG \u00c9l\u00e9phant Tuffi L - Erresse Shop\",\"isPartOf\":{\"@id\":\"https:\/\/www.erresse-shop.it\/fr\/#website\"},\"datePublished\":\"2025-11-06T11:36:32+00:00\",\"dateModified\":\"2026-02-03T08:44:26+00:00\",\"description\":\"\u00c9l\u00e9phant majestueux \u00e0 l'aura d\u00e9licate Finition main : chaque pi\u00e8ce est unique Apportez paix et s\u00e9r\u00e9nit\u00e9 \u00e0 votre int\u00e9rieur Mati\u00e8re : Marmorino Dimensions :\",\"breadcrumb\":{\"@id\":\"https:\/\/www.erresse-shop.it\/fr\/shop\/ameublement-maison\/objets-de-decoration\/toms-drag-elephant-tuffi-l\/#breadcrumb\"},\"inLanguage\":\"fr-FR\",\"potentialAction\":[{\"@type\":\"ReadAction\",\"target\":[\"https:\/\/www.erresse-shop.it\/fr\/shop\/ameublement-maison\/objets-de-decoration\/toms-drag-elephant-tuffi-l\/\"]}]},{\"@type\":\"BreadcrumbList\",\"@id\":\"https:\/\/www.erresse-shop.it\/fr\/shop\/ameublement-maison\/objets-de-decoration\/toms-drag-elephant-tuffi-l\/#breadcrumb\",\"itemListElement\":[{\"@type\":\"ListItem\",\"position\":1,\"name\":\"Home\",\"item\":\"https:\/\/www.erresse-shop.it\/fr\/\"},{\"@type\":\"ListItem\",\"position\":2,\"name\":\"Shop\",\"item\":\"https:\/\/www.erresse-shop.it\/fr\/shop\/\"},{\"@type\":\"ListItem\",\"position\":3,\"name\":\"TOM&#8217;S DRAG \u00c9l\u00e9phant Tuffi L\"}]},{\"@type\":\"WebSite\",\"@id\":\"https:\/\/www.erresse-shop.it\/fr\/#website\",\"url\":\"https:\/\/www.erresse-shop.it\/fr\/\",\"name\":\"Erresse Shop\",\"description\":\"Articoli di qualit\u00e0 per la casa\",\"potentialAction\":[{\"@type\":\"SearchAction\",\"target\":{\"@type\":\"EntryPoint\",\"urlTemplate\":\"https:\/\/www.erresse-shop.it\/fr\/?s={search_term_string}\"},\"query-input\":\"required name=search_term_string\"}],\"inLanguage\":\"fr-FR\"}]}<\/script>\n<!-- \/ Yoast SEO Premium plugin. -->","yoast_head_json":{"title":"TOM'S DRAG \u00c9l\u00e9phant Tuffi L - Erresse Shop","description":"\u00c9l\u00e9phant majestueux \u00e0 l'aura d\u00e9licate Finition main : chaque pi\u00e8ce est unique Apportez paix et s\u00e9r\u00e9nit\u00e9 \u00e0 votre int\u00e9rieur Mati\u00e8re : Marmorino Dimensions :","robots":{"index":"index","follow":"follow","max-snippet":"max-snippet:-1","max-image-preview":"max-image-preview:large","max-video-preview":"max-video-preview:-1"},"canonical":"https:\/\/www.erresse-shop.it\/fr\/shop\/ameublement-maison\/objets-de-decoration\/toms-drag-elephant-tuffi-l\/","og_locale":"fr_FR","og_type":"article","og_title":"TOM'S DRAG \u00c9l\u00e9phant Tuffi L","og_description":"\u00c9l\u00e9phant majestueux \u00e0 l'aura d\u00e9licate Finition main : chaque pi\u00e8ce est unique Apportez paix et s\u00e9r\u00e9nit\u00e9 \u00e0 votre int\u00e9rieur Mati\u00e8re : Marmorino Dimensions :","og_url":"https:\/\/www.erresse-shop.it\/fr\/shop\/ameublement-maison\/objets-de-decoration\/toms-drag-elephant-tuffi-l\/","og_site_name":"Erresse Shop","article_modified_time":"2026-02-03T08:44:26+00:00","og_image":[{"width":1200,"height":1200,"url":"https:\/\/www.erresse-shop.it\/wp-content\/uploads\/2025\/11\/TOMS-DRAG-Elefante-Tuffi-L.jpg","type":"image\/jpeg"}],"twitter_card":"summary_large_image","schema":{"@context":"https:\/\/schema.org","@graph":[{"@type":"WebPage","@id":"https:\/\/www.erresse-shop.it\/fr\/shop\/ameublement-maison\/objets-de-decoration\/toms-drag-elephant-tuffi-l\/","url":"https:\/\/www.erresse-shop.it\/fr\/shop\/ameublement-maison\/objets-de-decoration\/toms-drag-elephant-tuffi-l\/","name":"TOM'S DRAG \u00c9l\u00e9phant Tuffi L - Erresse Shop","isPartOf":{"@id":"https:\/\/www.erresse-shop.it\/fr\/#website"},"datePublished":"2025-11-06T11:36:32+00:00","dateModified":"2026-02-03T08:44:26+00:00","description":"\u00c9l\u00e9phant majestueux \u00e0 l'aura d\u00e9licate Finition main : chaque pi\u00e8ce est unique Apportez paix et s\u00e9r\u00e9nit\u00e9 \u00e0 votre int\u00e9rieur Mati\u00e8re : Marmorino Dimensions :","breadcrumb":{"@id":"https:\/\/www.erresse-shop.it\/fr\/shop\/ameublement-maison\/objets-de-decoration\/toms-drag-elephant-tuffi-l\/#breadcrumb"},"inLanguage":"fr-FR","potentialAction":[{"@type":"ReadAction","target":["https:\/\/www.erresse-shop.it\/fr\/shop\/ameublement-maison\/objets-de-decoration\/toms-drag-elephant-tuffi-l\/"]}]},{"@type":"BreadcrumbList","@id":"https:\/\/www.erresse-shop.it\/fr\/shop\/ameublement-maison\/objets-de-decoration\/toms-drag-elephant-tuffi-l\/#breadcrumb","itemListElement":[{"@type":"ListItem","position":1,"name":"Home","item":"https:\/\/www.erresse-shop.it\/fr\/"},{"@type":"ListItem","position":2,"name":"Shop","item":"https:\/\/www.erresse-shop.it\/fr\/shop\/"},{"@type":"ListItem","position":3,"name":"TOM&#8217;S DRAG \u00c9l\u00e9phant Tuffi L"}]},{"@type":"WebSite","@id":"https:\/\/www.erresse-shop.it\/fr\/#website","url":"https:\/\/www.erresse-shop.it\/fr\/","name":"Erresse Shop","description":"Articoli di qualit\u00e0 per la casa","potentialAction":[{"@type":"SearchAction","target":{"@type":"EntryPoint","urlTemplate":"https:\/\/www.erresse-shop.it\/fr\/?s={search_term_string}"},"query-input":"required name=search_term_string"}],"inLanguage":"fr-FR"}]}},"df_price":66.95,"df_sale_price":66.95,"df_regular_price":78,"df_image_link":"https:\/\/www.erresse-shop.it\/wp-content\/uploads\/2025\/11\/TOMS-DRAG-Elefante-Tuffi-L-300x300.jpg","_links":{"self":[{"href":"https:\/\/www.erresse-shop.it\/fr\/wp-json\/wp\/v2\/product\/515801"}],"collection":[{"href":"https:\/\/www.erresse-shop.it\/fr\/wp-json\/wp\/v2\/product"}],"about":[{"href":"https:\/\/www.erresse-shop.it\/fr\/wp-json\/wp\/v2\/types\/product"}],"wp:featuredmedia":[{"embeddable":true,"href":"https:\/\/www.erresse-shop.it\/fr\/wp-json\/wp\/v2\/media\/515813"}],"wp:attachment":[{"href":"https:\/\/www.erresse-shop.it\/fr\/wp-json\/wp\/v2\/media?parent=515801"}],"wp:term":[{"taxonomy":"product_cat","embeddable":true,"href":"https:\/\/www.erresse-shop.it\/fr\/wp-json\/wp\/v2\/product_cat?post=515801"},{"taxonomy":"product_tag","embeddable":true,"href":"https:\/\/www.erresse-shop.it\/fr\/wp-json\/wp\/v2\/product_tag?post=515801"}],"curies":[{"name":"wp","href":"https:\/\/api.w.org\/{rel}","templated":true}]}}