{"id":515282,"date":"2025-10-28T10:52:09","date_gmt":"2025-10-28T10:52:13","guid":{"rendered":"https:\/\/www.erresse-shop.it\/?post_type=product&#038;p=515282"},"modified":"2026-02-03T09:43:50","modified_gmt":"2026-02-03T09:43:50","slug":"toms-drag-chat-samantha-xxl","status":"publish","type":"product","link":"https:\/\/www.erresse-shop.it\/fr\/shop\/ameublement-maison\/objets-de-decoration\/toms-drag-chat-samantha-xxl\/","title":{"rendered":"TOM&#8217;S DRAG Chat Samantha XXL"},"content":{"rendered":"<p><strong>Mati\u00e8re :<\/strong> Marmorino<br \/>\n<strong>Dimensions :<\/strong> H 145 cm, 24 x 28 cm,<\/p>\n<p><strong>Chat Samantha XXL<\/strong><br \/>\n\u00c9l\u00e9gants et ind\u00e9pendants, toujours empreints d&#8217;une touche de mysticisme, les chats sont des animaux tr\u00e8s sp\u00e9ciaux, comme en t\u00e9moigne Samantha, dans le style extravagant du Tom&#8217;s Drag, avec une cigarette (amovible, bien s\u00fbr) et un collier orn\u00e9 de strass.<\/p>\n","protected":false},"excerpt":{"rendered":"<p>Mati\u00e8re : Marmorino Dimensions : H 145 cm, 24 x 28 cm, Chat Samantha XXL \u00c9l\u00e9gants et ind\u00e9pendants, toujours empreints<\/p>\n","protected":false},"featured_media":515287,"template":"","meta":{"_acf_changed":false,"inline_featured_image":false},"product_cat":[12738,14441],"product_tag":[16990,17052,16993],"acf":[],"yoast_head":"<!-- This site is optimized with the Yoast SEO Premium plugin v18.6 (Yoast SEO v19.13) - https:\/\/yoast.com\/wordpress\/plugins\/seo\/ -->\n<title>TOM&#039;S DRAG Chat Samantha XXL - Erresse Shop<\/title>\n<meta name=\"description\" content=\"Mati\u00e8re : Marmorino Dimensions : H 145 cm, 24 x 28 cm, Chat Samantha XXL \u00c9l\u00e9gants et ind\u00e9pendants, toujours empreints d&#039;une touche de mysticisme, les\" \/>\n<meta name=\"robots\" content=\"index, follow, max-snippet:-1, max-image-preview:large, max-video-preview:-1\" \/>\n<link rel=\"canonical\" href=\"https:\/\/www.erresse-shop.it\/fr\/shop\/ameublement-maison\/objets-de-decoration\/toms-drag-chat-samantha-xxl\/\" \/>\n<meta property=\"og:locale\" content=\"fr_FR\" \/>\n<meta property=\"og:type\" content=\"article\" \/>\n<meta property=\"og:title\" content=\"TOM&#039;S DRAG Chat Samantha XXL\" \/>\n<meta property=\"og:description\" content=\"Mati\u00e8re : Marmorino Dimensions : H 145 cm, 24 x 28 cm, Chat Samantha XXL \u00c9l\u00e9gants et ind\u00e9pendants, toujours empreints d&#039;une touche de mysticisme, les\" \/>\n<meta property=\"og:url\" content=\"https:\/\/www.erresse-shop.it\/fr\/shop\/ameublement-maison\/objets-de-decoration\/toms-drag-chat-samantha-xxl\/\" \/>\n<meta property=\"og:site_name\" content=\"Erresse Shop\" \/>\n<meta property=\"article:modified_time\" content=\"2026-02-03T09:43:50+00:00\" \/>\n<meta property=\"og:image\" content=\"https:\/\/www.erresse-shop.it\/wp-content\/uploads\/2025\/10\/TOMS-DRAG-Gatto-Samantha-XXL.jpg\" \/>\n\t<meta property=\"og:image:width\" content=\"1200\" \/>\n\t<meta property=\"og:image:height\" content=\"1200\" \/>\n\t<meta property=\"og:image:type\" content=\"image\/jpeg\" \/>\n<meta name=\"twitter:card\" content=\"summary_large_image\" \/>\n<script type=\"application\/ld+json\" class=\"yoast-schema-graph\">{\"@context\":\"https:\/\/schema.org\",\"@graph\":[{\"@type\":\"WebPage\",\"@id\":\"https:\/\/www.erresse-shop.it\/fr\/shop\/ameublement-maison\/objets-de-decoration\/toms-drag-chat-samantha-xxl\/\",\"url\":\"https:\/\/www.erresse-shop.it\/fr\/shop\/ameublement-maison\/objets-de-decoration\/toms-drag-chat-samantha-xxl\/\",\"name\":\"TOM'S DRAG Chat Samantha XXL - Erresse Shop\",\"isPartOf\":{\"@id\":\"https:\/\/www.erresse-shop.it\/fr\/#website\"},\"datePublished\":\"2025-10-28T10:52:13+00:00\",\"dateModified\":\"2026-02-03T09:43:50+00:00\",\"description\":\"Mati\u00e8re : Marmorino Dimensions : H 145 cm, 24 x 28 cm, Chat Samantha XXL \u00c9l\u00e9gants et ind\u00e9pendants, toujours empreints d'une touche de mysticisme, les\",\"breadcrumb\":{\"@id\":\"https:\/\/www.erresse-shop.it\/fr\/shop\/ameublement-maison\/objets-de-decoration\/toms-drag-chat-samantha-xxl\/#breadcrumb\"},\"inLanguage\":\"fr-FR\",\"potentialAction\":[{\"@type\":\"ReadAction\",\"target\":[\"https:\/\/www.erresse-shop.it\/fr\/shop\/ameublement-maison\/objets-de-decoration\/toms-drag-chat-samantha-xxl\/\"]}]},{\"@type\":\"BreadcrumbList\",\"@id\":\"https:\/\/www.erresse-shop.it\/fr\/shop\/ameublement-maison\/objets-de-decoration\/toms-drag-chat-samantha-xxl\/#breadcrumb\",\"itemListElement\":[{\"@type\":\"ListItem\",\"position\":1,\"name\":\"Home\",\"item\":\"https:\/\/www.erresse-shop.it\/fr\/\"},{\"@type\":\"ListItem\",\"position\":2,\"name\":\"Shop\",\"item\":\"https:\/\/www.erresse-shop.it\/fr\/shop\/\"},{\"@type\":\"ListItem\",\"position\":3,\"name\":\"TOM&#8217;S DRAG Chat Samantha XXL\"}]},{\"@type\":\"WebSite\",\"@id\":\"https:\/\/www.erresse-shop.it\/fr\/#website\",\"url\":\"https:\/\/www.erresse-shop.it\/fr\/\",\"name\":\"Erresse Shop\",\"description\":\"Articoli di qualit\u00e0 per la casa\",\"potentialAction\":[{\"@type\":\"SearchAction\",\"target\":{\"@type\":\"EntryPoint\",\"urlTemplate\":\"https:\/\/www.erresse-shop.it\/fr\/?s={search_term_string}\"},\"query-input\":\"required name=search_term_string\"}],\"inLanguage\":\"fr-FR\"}]}<\/script>\n<!-- \/ Yoast SEO Premium plugin. -->","yoast_head_json":{"title":"TOM'S DRAG Chat Samantha XXL - Erresse Shop","description":"Mati\u00e8re : Marmorino Dimensions : H 145 cm, 24 x 28 cm, Chat Samantha XXL \u00c9l\u00e9gants et ind\u00e9pendants, toujours empreints d'une touche de mysticisme, les","robots":{"index":"index","follow":"follow","max-snippet":"max-snippet:-1","max-image-preview":"max-image-preview:large","max-video-preview":"max-video-preview:-1"},"canonical":"https:\/\/www.erresse-shop.it\/fr\/shop\/ameublement-maison\/objets-de-decoration\/toms-drag-chat-samantha-xxl\/","og_locale":"fr_FR","og_type":"article","og_title":"TOM'S DRAG Chat Samantha XXL","og_description":"Mati\u00e8re : Marmorino Dimensions : H 145 cm, 24 x 28 cm, Chat Samantha XXL \u00c9l\u00e9gants et ind\u00e9pendants, toujours empreints d'une touche de mysticisme, les","og_url":"https:\/\/www.erresse-shop.it\/fr\/shop\/ameublement-maison\/objets-de-decoration\/toms-drag-chat-samantha-xxl\/","og_site_name":"Erresse Shop","article_modified_time":"2026-02-03T09:43:50+00:00","og_image":[{"width":1200,"height":1200,"url":"https:\/\/www.erresse-shop.it\/wp-content\/uploads\/2025\/10\/TOMS-DRAG-Gatto-Samantha-XXL.jpg","type":"image\/jpeg"}],"twitter_card":"summary_large_image","schema":{"@context":"https:\/\/schema.org","@graph":[{"@type":"WebPage","@id":"https:\/\/www.erresse-shop.it\/fr\/shop\/ameublement-maison\/objets-de-decoration\/toms-drag-chat-samantha-xxl\/","url":"https:\/\/www.erresse-shop.it\/fr\/shop\/ameublement-maison\/objets-de-decoration\/toms-drag-chat-samantha-xxl\/","name":"TOM'S DRAG Chat Samantha XXL - Erresse Shop","isPartOf":{"@id":"https:\/\/www.erresse-shop.it\/fr\/#website"},"datePublished":"2025-10-28T10:52:13+00:00","dateModified":"2026-02-03T09:43:50+00:00","description":"Mati\u00e8re : Marmorino Dimensions : H 145 cm, 24 x 28 cm, Chat Samantha XXL \u00c9l\u00e9gants et ind\u00e9pendants, toujours empreints d'une touche de mysticisme, les","breadcrumb":{"@id":"https:\/\/www.erresse-shop.it\/fr\/shop\/ameublement-maison\/objets-de-decoration\/toms-drag-chat-samantha-xxl\/#breadcrumb"},"inLanguage":"fr-FR","potentialAction":[{"@type":"ReadAction","target":["https:\/\/www.erresse-shop.it\/fr\/shop\/ameublement-maison\/objets-de-decoration\/toms-drag-chat-samantha-xxl\/"]}]},{"@type":"BreadcrumbList","@id":"https:\/\/www.erresse-shop.it\/fr\/shop\/ameublement-maison\/objets-de-decoration\/toms-drag-chat-samantha-xxl\/#breadcrumb","itemListElement":[{"@type":"ListItem","position":1,"name":"Home","item":"https:\/\/www.erresse-shop.it\/fr\/"},{"@type":"ListItem","position":2,"name":"Shop","item":"https:\/\/www.erresse-shop.it\/fr\/shop\/"},{"@type":"ListItem","position":3,"name":"TOM&#8217;S DRAG Chat Samantha XXL"}]},{"@type":"WebSite","@id":"https:\/\/www.erresse-shop.it\/fr\/#website","url":"https:\/\/www.erresse-shop.it\/fr\/","name":"Erresse Shop","description":"Articoli di qualit\u00e0 per la casa","potentialAction":[{"@type":"SearchAction","target":{"@type":"EntryPoint","urlTemplate":"https:\/\/www.erresse-shop.it\/fr\/?s={search_term_string}"},"query-input":"required name=search_term_string"}],"inLanguage":"fr-FR"}]}},"df_price":332.28000000000003,"df_sale_price":332.28000000000003,"df_regular_price":639,"df_image_link":"https:\/\/www.erresse-shop.it\/wp-content\/uploads\/2025\/10\/TOMS-DRAG-Gatto-Samantha-XXL-300x300.jpg","_links":{"self":[{"href":"https:\/\/www.erresse-shop.it\/fr\/wp-json\/wp\/v2\/product\/515282"}],"collection":[{"href":"https:\/\/www.erresse-shop.it\/fr\/wp-json\/wp\/v2\/product"}],"about":[{"href":"https:\/\/www.erresse-shop.it\/fr\/wp-json\/wp\/v2\/types\/product"}],"wp:featuredmedia":[{"embeddable":true,"href":"https:\/\/www.erresse-shop.it\/fr\/wp-json\/wp\/v2\/media\/515287"}],"wp:attachment":[{"href":"https:\/\/www.erresse-shop.it\/fr\/wp-json\/wp\/v2\/media?parent=515282"}],"wp:term":[{"taxonomy":"product_cat","embeddable":true,"href":"https:\/\/www.erresse-shop.it\/fr\/wp-json\/wp\/v2\/product_cat?post=515282"},{"taxonomy":"product_tag","embeddable":true,"href":"https:\/\/www.erresse-shop.it\/fr\/wp-json\/wp\/v2\/product_tag?post=515282"}],"curies":[{"name":"wp","href":"https:\/\/api.w.org\/{rel}","templated":true}]}}