{"id":515222,"date":"2025-10-28T09:35:35","date_gmt":"2025-10-28T09:35:40","guid":{"rendered":"https:\/\/www.erresse-shop.it\/?post_type=product&#038;p=515222"},"modified":"2026-02-03T09:55:02","modified_gmt":"2026-02-03T09:55:02","slug":"toms-drag-girafe-effi-m","status":"publish","type":"product","link":"https:\/\/www.erresse-shop.it\/fr\/shop\/ameublement-maison\/objets-de-decoration\/toms-drag-girafe-effi-m\/","title":{"rendered":"TOM&#8217;S DRAG Girafe Effi M"},"content":{"rendered":"<p><strong>Dimensions\u00a0<\/strong>: L 35 x H 80 cm,<br \/>\n<strong>Mat\u00e9riau\u00a0<\/strong>: Marmorin,<\/p>\n<p><strong>Girafe \u00ab Effi \u00bb M<\/strong><br \/>\nEffi est notre \u00e9l\u00e9gante girafe v\u00eatue d&#8217;un costume de Tom Drag, de chaussures rouges et d&#8217;un chapeau \u00e0 larges bords (amovible).<\/p>\n","protected":false},"excerpt":{"rendered":"<p>Dimensions\u00a0: L 35 x H 80 cm, Mat\u00e9riau\u00a0: Marmorin, Girafe \u00ab Effi \u00bb M Effi est notre \u00e9l\u00e9gante girafe v\u00eatue<\/p>\n","protected":false},"featured_media":515227,"template":"","meta":{"_acf_changed":false,"inline_featured_image":false},"product_cat":[12738,14441],"product_tag":[16990,17068,16993],"acf":[],"yoast_head":"<!-- This site is optimized with the Yoast SEO Premium plugin v18.6 (Yoast SEO v19.13) - https:\/\/yoast.com\/wordpress\/plugins\/seo\/ -->\n<title>TOM&#039;S DRAG Girafe Effi M - Erresse Shop<\/title>\n<meta name=\"description\" content=\"Dimensions\u00a0: L 35 x H 80 cm, Mat\u00e9riau\u00a0: Marmorin, Girafe \u00ab Effi \u00bb M Effi est notre \u00e9l\u00e9gante girafe v\u00eatue d&#039;un costume de Tom Drag, de chaussures rouges et\" \/>\n<meta name=\"robots\" content=\"index, follow, max-snippet:-1, max-image-preview:large, max-video-preview:-1\" \/>\n<link rel=\"canonical\" href=\"https:\/\/www.erresse-shop.it\/fr\/shop\/ameublement-maison\/objets-de-decoration\/toms-drag-girafe-effi-m\/\" \/>\n<meta property=\"og:locale\" content=\"fr_FR\" \/>\n<meta property=\"og:type\" content=\"article\" \/>\n<meta property=\"og:title\" content=\"TOM&#039;S DRAG Girafe Effi M\" \/>\n<meta property=\"og:description\" content=\"Dimensions\u00a0: L 35 x H 80 cm, Mat\u00e9riau\u00a0: Marmorin, Girafe \u00ab Effi \u00bb M Effi est notre \u00e9l\u00e9gante girafe v\u00eatue d&#039;un costume de Tom Drag, de chaussures rouges et\" \/>\n<meta property=\"og:url\" content=\"https:\/\/www.erresse-shop.it\/fr\/shop\/ameublement-maison\/objets-de-decoration\/toms-drag-girafe-effi-m\/\" \/>\n<meta property=\"og:site_name\" content=\"Erresse Shop\" \/>\n<meta property=\"article:modified_time\" content=\"2026-02-03T09:55:02+00:00\" \/>\n<meta property=\"og:image\" content=\"https:\/\/www.erresse-shop.it\/wp-content\/uploads\/2025\/10\/TOMS-DRAG-Giraffa-Effi-M.jpg\" \/>\n\t<meta property=\"og:image:width\" content=\"1200\" \/>\n\t<meta property=\"og:image:height\" content=\"1200\" \/>\n\t<meta property=\"og:image:type\" content=\"image\/jpeg\" \/>\n<meta name=\"twitter:card\" content=\"summary_large_image\" \/>\n<script type=\"application\/ld+json\" class=\"yoast-schema-graph\">{\"@context\":\"https:\/\/schema.org\",\"@graph\":[{\"@type\":\"WebPage\",\"@id\":\"https:\/\/www.erresse-shop.it\/fr\/shop\/ameublement-maison\/objets-de-decoration\/toms-drag-girafe-effi-m\/\",\"url\":\"https:\/\/www.erresse-shop.it\/fr\/shop\/ameublement-maison\/objets-de-decoration\/toms-drag-girafe-effi-m\/\",\"name\":\"TOM'S DRAG Girafe Effi M - Erresse Shop\",\"isPartOf\":{\"@id\":\"https:\/\/www.erresse-shop.it\/fr\/#website\"},\"datePublished\":\"2025-10-28T09:35:40+00:00\",\"dateModified\":\"2026-02-03T09:55:02+00:00\",\"description\":\"Dimensions\u00a0: L 35 x H 80 cm, Mat\u00e9riau\u00a0: Marmorin, Girafe \u00ab Effi \u00bb M Effi est notre \u00e9l\u00e9gante girafe v\u00eatue d'un costume de Tom Drag, de chaussures rouges et\",\"breadcrumb\":{\"@id\":\"https:\/\/www.erresse-shop.it\/fr\/shop\/ameublement-maison\/objets-de-decoration\/toms-drag-girafe-effi-m\/#breadcrumb\"},\"inLanguage\":\"fr-FR\",\"potentialAction\":[{\"@type\":\"ReadAction\",\"target\":[\"https:\/\/www.erresse-shop.it\/fr\/shop\/ameublement-maison\/objets-de-decoration\/toms-drag-girafe-effi-m\/\"]}]},{\"@type\":\"BreadcrumbList\",\"@id\":\"https:\/\/www.erresse-shop.it\/fr\/shop\/ameublement-maison\/objets-de-decoration\/toms-drag-girafe-effi-m\/#breadcrumb\",\"itemListElement\":[{\"@type\":\"ListItem\",\"position\":1,\"name\":\"Home\",\"item\":\"https:\/\/www.erresse-shop.it\/fr\/\"},{\"@type\":\"ListItem\",\"position\":2,\"name\":\"Shop\",\"item\":\"https:\/\/www.erresse-shop.it\/fr\/shop\/\"},{\"@type\":\"ListItem\",\"position\":3,\"name\":\"TOM&#8217;S DRAG Girafe Effi M\"}]},{\"@type\":\"WebSite\",\"@id\":\"https:\/\/www.erresse-shop.it\/fr\/#website\",\"url\":\"https:\/\/www.erresse-shop.it\/fr\/\",\"name\":\"Erresse Shop\",\"description\":\"Articoli di qualit\u00e0 per la casa\",\"potentialAction\":[{\"@type\":\"SearchAction\",\"target\":{\"@type\":\"EntryPoint\",\"urlTemplate\":\"https:\/\/www.erresse-shop.it\/fr\/?s={search_term_string}\"},\"query-input\":\"required name=search_term_string\"}],\"inLanguage\":\"fr-FR\"}]}<\/script>\n<!-- \/ Yoast SEO Premium plugin. -->","yoast_head_json":{"title":"TOM'S DRAG Girafe Effi M - Erresse Shop","description":"Dimensions\u00a0: L 35 x H 80 cm, Mat\u00e9riau\u00a0: Marmorin, Girafe \u00ab Effi \u00bb M Effi est notre \u00e9l\u00e9gante girafe v\u00eatue d'un costume de Tom Drag, de chaussures rouges et","robots":{"index":"index","follow":"follow","max-snippet":"max-snippet:-1","max-image-preview":"max-image-preview:large","max-video-preview":"max-video-preview:-1"},"canonical":"https:\/\/www.erresse-shop.it\/fr\/shop\/ameublement-maison\/objets-de-decoration\/toms-drag-girafe-effi-m\/","og_locale":"fr_FR","og_type":"article","og_title":"TOM'S DRAG Girafe Effi M","og_description":"Dimensions\u00a0: L 35 x H 80 cm, Mat\u00e9riau\u00a0: Marmorin, Girafe \u00ab Effi \u00bb M Effi est notre \u00e9l\u00e9gante girafe v\u00eatue d'un costume de Tom Drag, de chaussures rouges et","og_url":"https:\/\/www.erresse-shop.it\/fr\/shop\/ameublement-maison\/objets-de-decoration\/toms-drag-girafe-effi-m\/","og_site_name":"Erresse Shop","article_modified_time":"2026-02-03T09:55:02+00:00","og_image":[{"width":1200,"height":1200,"url":"https:\/\/www.erresse-shop.it\/wp-content\/uploads\/2025\/10\/TOMS-DRAG-Giraffa-Effi-M.jpg","type":"image\/jpeg"}],"twitter_card":"summary_large_image","schema":{"@context":"https:\/\/schema.org","@graph":[{"@type":"WebPage","@id":"https:\/\/www.erresse-shop.it\/fr\/shop\/ameublement-maison\/objets-de-decoration\/toms-drag-girafe-effi-m\/","url":"https:\/\/www.erresse-shop.it\/fr\/shop\/ameublement-maison\/objets-de-decoration\/toms-drag-girafe-effi-m\/","name":"TOM'S DRAG Girafe Effi M - Erresse Shop","isPartOf":{"@id":"https:\/\/www.erresse-shop.it\/fr\/#website"},"datePublished":"2025-10-28T09:35:40+00:00","dateModified":"2026-02-03T09:55:02+00:00","description":"Dimensions\u00a0: L 35 x H 80 cm, Mat\u00e9riau\u00a0: Marmorin, Girafe \u00ab Effi \u00bb M Effi est notre \u00e9l\u00e9gante girafe v\u00eatue d'un costume de Tom Drag, de chaussures rouges et","breadcrumb":{"@id":"https:\/\/www.erresse-shop.it\/fr\/shop\/ameublement-maison\/objets-de-decoration\/toms-drag-girafe-effi-m\/#breadcrumb"},"inLanguage":"fr-FR","potentialAction":[{"@type":"ReadAction","target":["https:\/\/www.erresse-shop.it\/fr\/shop\/ameublement-maison\/objets-de-decoration\/toms-drag-girafe-effi-m\/"]}]},{"@type":"BreadcrumbList","@id":"https:\/\/www.erresse-shop.it\/fr\/shop\/ameublement-maison\/objets-de-decoration\/toms-drag-girafe-effi-m\/#breadcrumb","itemListElement":[{"@type":"ListItem","position":1,"name":"Home","item":"https:\/\/www.erresse-shop.it\/fr\/"},{"@type":"ListItem","position":2,"name":"Shop","item":"https:\/\/www.erresse-shop.it\/fr\/shop\/"},{"@type":"ListItem","position":3,"name":"TOM&#8217;S DRAG Girafe Effi M"}]},{"@type":"WebSite","@id":"https:\/\/www.erresse-shop.it\/fr\/#website","url":"https:\/\/www.erresse-shop.it\/fr\/","name":"Erresse Shop","description":"Articoli di qualit\u00e0 per la casa","potentialAction":[{"@type":"SearchAction","target":{"@type":"EntryPoint","urlTemplate":"https:\/\/www.erresse-shop.it\/fr\/?s={search_term_string}"},"query-input":"required name=search_term_string"}],"inLanguage":"fr-FR"}]}},"df_price":240.76000000000002,"df_sale_price":240.76000000000002,"df_regular_price":463,"df_image_link":"https:\/\/www.erresse-shop.it\/wp-content\/uploads\/2025\/10\/TOMS-DRAG-Giraffa-Effi-M-300x300.jpg","_links":{"self":[{"href":"https:\/\/www.erresse-shop.it\/fr\/wp-json\/wp\/v2\/product\/515222"}],"collection":[{"href":"https:\/\/www.erresse-shop.it\/fr\/wp-json\/wp\/v2\/product"}],"about":[{"href":"https:\/\/www.erresse-shop.it\/fr\/wp-json\/wp\/v2\/types\/product"}],"wp:featuredmedia":[{"embeddable":true,"href":"https:\/\/www.erresse-shop.it\/fr\/wp-json\/wp\/v2\/media\/515227"}],"wp:attachment":[{"href":"https:\/\/www.erresse-shop.it\/fr\/wp-json\/wp\/v2\/media?parent=515222"}],"wp:term":[{"taxonomy":"product_cat","embeddable":true,"href":"https:\/\/www.erresse-shop.it\/fr\/wp-json\/wp\/v2\/product_cat?post=515222"},{"taxonomy":"product_tag","embeddable":true,"href":"https:\/\/www.erresse-shop.it\/fr\/wp-json\/wp\/v2\/product_tag?post=515222"}],"curies":[{"name":"wp","href":"https:\/\/api.w.org\/{rel}","templated":true}]}}