{"id":515088,"date":"2025-10-28T08:04:11","date_gmt":"2025-10-28T08:04:16","guid":{"rendered":"https:\/\/www.erresse-shop.it\/?post_type=product&#038;p=515088"},"modified":"2026-02-03T10:11:56","modified_gmt":"2026-02-03T10:11:56","slug":"toms-drag-commode-versailles-xl","status":"publish","type":"product","link":"https:\/\/www.erresse-shop.it\/fr\/shop\/ameublement-maison\/meubles\/toms-drag-commode-versailles-xl\/","title":{"rendered":"TOM&#8217;S DRAG Commode Versailles XL"},"content":{"rendered":"<p><strong>Mat\u00e9riau\u00a0:<\/strong> MDF<\/p>\n<p><strong>Commode Versailles XL<\/strong><br \/>\nQui n&#8217;est pas fascin\u00e9 par le ch\u00e2teau de Versailles, ce magnifique chef-d&#8217;\u0153uvre architectural baroque ? La collection Versailles de Tom&#8217;s Drag d\u00e9montre la compl\u00e9mentarit\u00e9 du style Tom&#8217;s Drag et des formes baroques, o\u00f9 des formes opulentes rencontrent un feu d&#8217;artifice de couleurs et de motifs. M\u00eame dans des int\u00e9rieurs minimalistes, nos meubles Versailles cr\u00e9ent une symbiose inattendue avec un mobilier simple et lin\u00e9aire. La commode Versailles XL est dot\u00e9e de deux tiroirs coulissants spacieux. Veuillez noter que la patine dor\u00e9e est volontairement appliqu\u00e9e \u00e0 la main (et non au pistolet !) et pr\u00e9sente donc quelques irr\u00e9gularit\u00e9s ! Cela contribue au caract\u00e8re unique de cette s\u00e9rie extraordinaire.<\/p>\n<p><strong>Dimensions : <\/strong>50 x 115, H 79,5 cm<\/p>\n","protected":false},"excerpt":{"rendered":"<p>Mat\u00e9riau\u00a0: MDF Commode Versailles XL Qui n&#8217;est pas fascin\u00e9 par le ch\u00e2teau de Versailles, ce magnifique chef-d&#8217;\u0153uvre architectural baroque ?<\/p>\n","protected":false},"featured_media":515105,"template":"","meta":{"_acf_changed":false,"inline_featured_image":false},"product_cat":[12738,17094],"product_tag":[17133,17131],"acf":[],"yoast_head":"<!-- This site is optimized with the Yoast SEO Premium plugin v18.6 (Yoast SEO v19.13) - https:\/\/yoast.com\/wordpress\/plugins\/seo\/ -->\n<title>TOM&#039;S DRAG Commode Versailles XL - Erresse Shop<\/title>\n<meta name=\"description\" content=\"Mat\u00e9riau\u00a0: MDF Commode Versailles XL Qui n&#039;est pas fascin\u00e9 par le ch\u00e2teau de Versailles, ce magnifique chef-d&#039;\u0153uvre architectural baroque ? La collection\" \/>\n<meta name=\"robots\" content=\"index, follow, max-snippet:-1, max-image-preview:large, max-video-preview:-1\" \/>\n<link rel=\"canonical\" href=\"https:\/\/www.erresse-shop.it\/fr\/shop\/ameublement-maison\/meubles\/toms-drag-commode-versailles-xl\/\" \/>\n<meta property=\"og:locale\" content=\"fr_FR\" \/>\n<meta property=\"og:type\" content=\"article\" \/>\n<meta property=\"og:title\" content=\"TOM&#039;S DRAG Commode Versailles XL\" \/>\n<meta property=\"og:description\" content=\"Mat\u00e9riau\u00a0: MDF Commode Versailles XL Qui n&#039;est pas fascin\u00e9 par le ch\u00e2teau de Versailles, ce magnifique chef-d&#039;\u0153uvre architectural baroque ? La collection\" \/>\n<meta property=\"og:url\" content=\"https:\/\/www.erresse-shop.it\/fr\/shop\/ameublement-maison\/meubles\/toms-drag-commode-versailles-xl\/\" \/>\n<meta property=\"og:site_name\" content=\"Erresse Shop\" \/>\n<meta property=\"article:modified_time\" content=\"2026-02-03T10:11:56+00:00\" \/>\n<meta property=\"og:image\" content=\"https:\/\/www.erresse-shop.it\/wp-content\/uploads\/2025\/10\/TOMS-DRAG-Cassettiera-Versailles-XL.jpg\" \/>\n\t<meta property=\"og:image:width\" content=\"1200\" \/>\n\t<meta property=\"og:image:height\" content=\"1200\" \/>\n\t<meta property=\"og:image:type\" content=\"image\/jpeg\" \/>\n<meta name=\"twitter:card\" content=\"summary_large_image\" \/>\n<script type=\"application\/ld+json\" class=\"yoast-schema-graph\">{\"@context\":\"https:\/\/schema.org\",\"@graph\":[{\"@type\":\"WebPage\",\"@id\":\"https:\/\/www.erresse-shop.it\/fr\/shop\/ameublement-maison\/meubles\/toms-drag-commode-versailles-xl\/\",\"url\":\"https:\/\/www.erresse-shop.it\/fr\/shop\/ameublement-maison\/meubles\/toms-drag-commode-versailles-xl\/\",\"name\":\"TOM'S DRAG Commode Versailles XL - Erresse Shop\",\"isPartOf\":{\"@id\":\"https:\/\/www.erresse-shop.it\/fr\/#website\"},\"datePublished\":\"2025-10-28T08:04:16+00:00\",\"dateModified\":\"2026-02-03T10:11:56+00:00\",\"description\":\"Mat\u00e9riau\u00a0: MDF Commode Versailles XL Qui n'est pas fascin\u00e9 par le ch\u00e2teau de Versailles, ce magnifique chef-d'\u0153uvre architectural baroque ? La collection\",\"breadcrumb\":{\"@id\":\"https:\/\/www.erresse-shop.it\/fr\/shop\/ameublement-maison\/meubles\/toms-drag-commode-versailles-xl\/#breadcrumb\"},\"inLanguage\":\"fr-FR\",\"potentialAction\":[{\"@type\":\"ReadAction\",\"target\":[\"https:\/\/www.erresse-shop.it\/fr\/shop\/ameublement-maison\/meubles\/toms-drag-commode-versailles-xl\/\"]}]},{\"@type\":\"BreadcrumbList\",\"@id\":\"https:\/\/www.erresse-shop.it\/fr\/shop\/ameublement-maison\/meubles\/toms-drag-commode-versailles-xl\/#breadcrumb\",\"itemListElement\":[{\"@type\":\"ListItem\",\"position\":1,\"name\":\"Home\",\"item\":\"https:\/\/www.erresse-shop.it\/fr\/\"},{\"@type\":\"ListItem\",\"position\":2,\"name\":\"Shop\",\"item\":\"https:\/\/www.erresse-shop.it\/fr\/shop\/\"},{\"@type\":\"ListItem\",\"position\":3,\"name\":\"TOM&#8217;S DRAG Commode Versailles XL\"}]},{\"@type\":\"WebSite\",\"@id\":\"https:\/\/www.erresse-shop.it\/fr\/#website\",\"url\":\"https:\/\/www.erresse-shop.it\/fr\/\",\"name\":\"Erresse Shop\",\"description\":\"Articoli di qualit\u00e0 per la casa\",\"potentialAction\":[{\"@type\":\"SearchAction\",\"target\":{\"@type\":\"EntryPoint\",\"urlTemplate\":\"https:\/\/www.erresse-shop.it\/fr\/?s={search_term_string}\"},\"query-input\":\"required name=search_term_string\"}],\"inLanguage\":\"fr-FR\"}]}<\/script>\n<!-- \/ Yoast SEO Premium plugin. -->","yoast_head_json":{"title":"TOM'S DRAG Commode Versailles XL - Erresse Shop","description":"Mat\u00e9riau\u00a0: MDF Commode Versailles XL Qui n'est pas fascin\u00e9 par le ch\u00e2teau de Versailles, ce magnifique chef-d'\u0153uvre architectural baroque ? La collection","robots":{"index":"index","follow":"follow","max-snippet":"max-snippet:-1","max-image-preview":"max-image-preview:large","max-video-preview":"max-video-preview:-1"},"canonical":"https:\/\/www.erresse-shop.it\/fr\/shop\/ameublement-maison\/meubles\/toms-drag-commode-versailles-xl\/","og_locale":"fr_FR","og_type":"article","og_title":"TOM'S DRAG Commode Versailles XL","og_description":"Mat\u00e9riau\u00a0: MDF Commode Versailles XL Qui n'est pas fascin\u00e9 par le ch\u00e2teau de Versailles, ce magnifique chef-d'\u0153uvre architectural baroque ? La collection","og_url":"https:\/\/www.erresse-shop.it\/fr\/shop\/ameublement-maison\/meubles\/toms-drag-commode-versailles-xl\/","og_site_name":"Erresse Shop","article_modified_time":"2026-02-03T10:11:56+00:00","og_image":[{"width":1200,"height":1200,"url":"https:\/\/www.erresse-shop.it\/wp-content\/uploads\/2025\/10\/TOMS-DRAG-Cassettiera-Versailles-XL.jpg","type":"image\/jpeg"}],"twitter_card":"summary_large_image","schema":{"@context":"https:\/\/schema.org","@graph":[{"@type":"WebPage","@id":"https:\/\/www.erresse-shop.it\/fr\/shop\/ameublement-maison\/meubles\/toms-drag-commode-versailles-xl\/","url":"https:\/\/www.erresse-shop.it\/fr\/shop\/ameublement-maison\/meubles\/toms-drag-commode-versailles-xl\/","name":"TOM'S DRAG Commode Versailles XL - Erresse Shop","isPartOf":{"@id":"https:\/\/www.erresse-shop.it\/fr\/#website"},"datePublished":"2025-10-28T08:04:16+00:00","dateModified":"2026-02-03T10:11:56+00:00","description":"Mat\u00e9riau\u00a0: MDF Commode Versailles XL Qui n'est pas fascin\u00e9 par le ch\u00e2teau de Versailles, ce magnifique chef-d'\u0153uvre architectural baroque ? La collection","breadcrumb":{"@id":"https:\/\/www.erresse-shop.it\/fr\/shop\/ameublement-maison\/meubles\/toms-drag-commode-versailles-xl\/#breadcrumb"},"inLanguage":"fr-FR","potentialAction":[{"@type":"ReadAction","target":["https:\/\/www.erresse-shop.it\/fr\/shop\/ameublement-maison\/meubles\/toms-drag-commode-versailles-xl\/"]}]},{"@type":"BreadcrumbList","@id":"https:\/\/www.erresse-shop.it\/fr\/shop\/ameublement-maison\/meubles\/toms-drag-commode-versailles-xl\/#breadcrumb","itemListElement":[{"@type":"ListItem","position":1,"name":"Home","item":"https:\/\/www.erresse-shop.it\/fr\/"},{"@type":"ListItem","position":2,"name":"Shop","item":"https:\/\/www.erresse-shop.it\/fr\/shop\/"},{"@type":"ListItem","position":3,"name":"TOM&#8217;S DRAG Commode Versailles XL"}]},{"@type":"WebSite","@id":"https:\/\/www.erresse-shop.it\/fr\/#website","url":"https:\/\/www.erresse-shop.it\/fr\/","name":"Erresse Shop","description":"Articoli di qualit\u00e0 per la casa","potentialAction":[{"@type":"SearchAction","target":{"@type":"EntryPoint","urlTemplate":"https:\/\/www.erresse-shop.it\/fr\/?s={search_term_string}"},"query-input":"required name=search_term_string"}],"inLanguage":"fr-FR"}]}},"df_price":1294.8,"df_sale_price":1294.8,"df_regular_price":2490,"df_image_link":"https:\/\/www.erresse-shop.it\/wp-content\/uploads\/2025\/10\/TOMS-DRAG-Cassettiera-Versailles-XL-300x300.jpg","_links":{"self":[{"href":"https:\/\/www.erresse-shop.it\/fr\/wp-json\/wp\/v2\/product\/515088"}],"collection":[{"href":"https:\/\/www.erresse-shop.it\/fr\/wp-json\/wp\/v2\/product"}],"about":[{"href":"https:\/\/www.erresse-shop.it\/fr\/wp-json\/wp\/v2\/types\/product"}],"wp:featuredmedia":[{"embeddable":true,"href":"https:\/\/www.erresse-shop.it\/fr\/wp-json\/wp\/v2\/media\/515105"}],"wp:attachment":[{"href":"https:\/\/www.erresse-shop.it\/fr\/wp-json\/wp\/v2\/media?parent=515088"}],"wp:term":[{"taxonomy":"product_cat","embeddable":true,"href":"https:\/\/www.erresse-shop.it\/fr\/wp-json\/wp\/v2\/product_cat?post=515088"},{"taxonomy":"product_tag","embeddable":true,"href":"https:\/\/www.erresse-shop.it\/fr\/wp-json\/wp\/v2\/product_tag?post=515088"}],"curies":[{"name":"wp","href":"https:\/\/api.w.org\/{rel}","templated":true}]}}