{"id":515028,"date":"2025-10-28T07:08:04","date_gmt":"2025-10-28T07:08:09","guid":{"rendered":"https:\/\/www.erresse-shop.it\/?post_type=product&#038;p=515028"},"modified":"2026-02-03T10:20:24","modified_gmt":"2026-02-03T10:20:24","slug":"toms-drag-trone-versailles","status":"publish","type":"product","link":"https:\/\/www.erresse-shop.it\/fr\/shop\/ameublement-maison\/chaises-et-fauteuils\/toms-drag-trone-versailles\/","title":{"rendered":"TOM&#8217;S DRAG Tr\u00f4ne Versailles"},"content":{"rendered":"<p><strong>Mat\u00e9riau\u00a0:<\/strong> MDF<\/p>\n<p><strong>Tr\u00f4ne Versailles<br \/>\n<\/strong>Qui n&#8217;est pas fascin\u00e9 par le ch\u00e2teau de Versailles, ce magnifique chef-d&#8217;\u0153uvre architectural baroque ? La collection Versailles de Tom&#8217;s Drag d\u00e9montre la compl\u00e9mentarit\u00e9 du style Tom&#8217;s Drag et des formes baroques, o\u00f9 l&#8217;opulence des formes se m\u00eale \u00e0 une explosion de couleurs et de motifs. M\u00eame dans des int\u00e9rieurs minimalistes, nos meubles Versailles cr\u00e9ent une symbiose inattendue avec un mobilier simple et lin\u00e9aire. Cette s\u00e9rie comprend naturellement un fauteuil sp\u00e9cial : le fauteuil \u00ab Versailles \u00bb, rev\u00eatu d&#8217;un \u00e9l\u00e9gant rev\u00eatement en peluche rouge fonc\u00e9.<\/p>\n<p><strong>Dimensions :<\/strong> 70 x 95 x 123 cm<\/p>\n","protected":false},"excerpt":{"rendered":"<p>Mat\u00e9riau\u00a0: MDF Tr\u00f4ne Versailles Qui n&#8217;est pas fascin\u00e9 par le ch\u00e2teau de Versailles, ce magnifique chef-d&#8217;\u0153uvre architectural baroque ? La<\/p>\n","protected":false},"featured_media":515039,"template":"","meta":{"_acf_changed":false,"inline_featured_image":false},"product_cat":[12738,14437],"product_tag":[15759,16331,21285],"acf":[],"yoast_head":"<!-- This site is optimized with the Yoast SEO Premium plugin v18.6 (Yoast SEO v19.13) - https:\/\/yoast.com\/wordpress\/plugins\/seo\/ -->\n<title>TOM&#039;S DRAG Tr\u00f4ne Versailles - Erresse Shop<\/title>\n<meta name=\"description\" content=\"Mat\u00e9riau\u00a0: MDF Tr\u00f4ne Versailles Qui n&#039;est pas fascin\u00e9 par le ch\u00e2teau de Versailles, ce magnifique chef-d&#039;\u0153uvre architectural baroque ? La collection\" \/>\n<meta name=\"robots\" content=\"index, follow, max-snippet:-1, max-image-preview:large, max-video-preview:-1\" \/>\n<link rel=\"canonical\" href=\"https:\/\/www.erresse-shop.it\/fr\/shop\/ameublement-maison\/chaises-et-fauteuils\/toms-drag-trone-versailles\/\" \/>\n<meta property=\"og:locale\" content=\"fr_FR\" \/>\n<meta property=\"og:type\" content=\"article\" \/>\n<meta property=\"og:title\" content=\"TOM&#039;S DRAG Tr\u00f4ne Versailles\" \/>\n<meta property=\"og:description\" content=\"Mat\u00e9riau\u00a0: MDF Tr\u00f4ne Versailles Qui n&#039;est pas fascin\u00e9 par le ch\u00e2teau de Versailles, ce magnifique chef-d&#039;\u0153uvre architectural baroque ? La collection\" \/>\n<meta property=\"og:url\" content=\"https:\/\/www.erresse-shop.it\/fr\/shop\/ameublement-maison\/chaises-et-fauteuils\/toms-drag-trone-versailles\/\" \/>\n<meta property=\"og:site_name\" content=\"Erresse Shop\" \/>\n<meta property=\"article:modified_time\" content=\"2026-02-03T10:20:24+00:00\" \/>\n<meta property=\"og:image\" content=\"https:\/\/www.erresse-shop.it\/wp-content\/uploads\/2025\/10\/TOMS-DRAG-Trono-Versailles.jpg\" \/>\n\t<meta property=\"og:image:width\" content=\"1200\" \/>\n\t<meta property=\"og:image:height\" content=\"1200\" \/>\n\t<meta property=\"og:image:type\" content=\"image\/jpeg\" \/>\n<meta name=\"twitter:card\" content=\"summary_large_image\" \/>\n<script type=\"application\/ld+json\" class=\"yoast-schema-graph\">{\"@context\":\"https:\/\/schema.org\",\"@graph\":[{\"@type\":\"WebPage\",\"@id\":\"https:\/\/www.erresse-shop.it\/fr\/shop\/ameublement-maison\/chaises-et-fauteuils\/toms-drag-trone-versailles\/\",\"url\":\"https:\/\/www.erresse-shop.it\/fr\/shop\/ameublement-maison\/chaises-et-fauteuils\/toms-drag-trone-versailles\/\",\"name\":\"TOM'S DRAG Tr\u00f4ne Versailles - Erresse Shop\",\"isPartOf\":{\"@id\":\"https:\/\/www.erresse-shop.it\/fr\/#website\"},\"datePublished\":\"2025-10-28T07:08:09+00:00\",\"dateModified\":\"2026-02-03T10:20:24+00:00\",\"description\":\"Mat\u00e9riau\u00a0: MDF Tr\u00f4ne Versailles Qui n'est pas fascin\u00e9 par le ch\u00e2teau de Versailles, ce magnifique chef-d'\u0153uvre architectural baroque ? La collection\",\"breadcrumb\":{\"@id\":\"https:\/\/www.erresse-shop.it\/fr\/shop\/ameublement-maison\/chaises-et-fauteuils\/toms-drag-trone-versailles\/#breadcrumb\"},\"inLanguage\":\"fr-FR\",\"potentialAction\":[{\"@type\":\"ReadAction\",\"target\":[\"https:\/\/www.erresse-shop.it\/fr\/shop\/ameublement-maison\/chaises-et-fauteuils\/toms-drag-trone-versailles\/\"]}]},{\"@type\":\"BreadcrumbList\",\"@id\":\"https:\/\/www.erresse-shop.it\/fr\/shop\/ameublement-maison\/chaises-et-fauteuils\/toms-drag-trone-versailles\/#breadcrumb\",\"itemListElement\":[{\"@type\":\"ListItem\",\"position\":1,\"name\":\"Home\",\"item\":\"https:\/\/www.erresse-shop.it\/fr\/\"},{\"@type\":\"ListItem\",\"position\":2,\"name\":\"Shop\",\"item\":\"https:\/\/www.erresse-shop.it\/fr\/shop\/\"},{\"@type\":\"ListItem\",\"position\":3,\"name\":\"TOM&#8217;S DRAG Tr\u00f4ne Versailles\"}]},{\"@type\":\"WebSite\",\"@id\":\"https:\/\/www.erresse-shop.it\/fr\/#website\",\"url\":\"https:\/\/www.erresse-shop.it\/fr\/\",\"name\":\"Erresse Shop\",\"description\":\"Articoli di qualit\u00e0 per la casa\",\"potentialAction\":[{\"@type\":\"SearchAction\",\"target\":{\"@type\":\"EntryPoint\",\"urlTemplate\":\"https:\/\/www.erresse-shop.it\/fr\/?s={search_term_string}\"},\"query-input\":\"required name=search_term_string\"}],\"inLanguage\":\"fr-FR\"}]}<\/script>\n<!-- \/ Yoast SEO Premium plugin. -->","yoast_head_json":{"title":"TOM'S DRAG Tr\u00f4ne Versailles - Erresse Shop","description":"Mat\u00e9riau\u00a0: MDF Tr\u00f4ne Versailles Qui n'est pas fascin\u00e9 par le ch\u00e2teau de Versailles, ce magnifique chef-d'\u0153uvre architectural baroque ? La collection","robots":{"index":"index","follow":"follow","max-snippet":"max-snippet:-1","max-image-preview":"max-image-preview:large","max-video-preview":"max-video-preview:-1"},"canonical":"https:\/\/www.erresse-shop.it\/fr\/shop\/ameublement-maison\/chaises-et-fauteuils\/toms-drag-trone-versailles\/","og_locale":"fr_FR","og_type":"article","og_title":"TOM'S DRAG Tr\u00f4ne Versailles","og_description":"Mat\u00e9riau\u00a0: MDF Tr\u00f4ne Versailles Qui n'est pas fascin\u00e9 par le ch\u00e2teau de Versailles, ce magnifique chef-d'\u0153uvre architectural baroque ? La collection","og_url":"https:\/\/www.erresse-shop.it\/fr\/shop\/ameublement-maison\/chaises-et-fauteuils\/toms-drag-trone-versailles\/","og_site_name":"Erresse Shop","article_modified_time":"2026-02-03T10:20:24+00:00","og_image":[{"width":1200,"height":1200,"url":"https:\/\/www.erresse-shop.it\/wp-content\/uploads\/2025\/10\/TOMS-DRAG-Trono-Versailles.jpg","type":"image\/jpeg"}],"twitter_card":"summary_large_image","schema":{"@context":"https:\/\/schema.org","@graph":[{"@type":"WebPage","@id":"https:\/\/www.erresse-shop.it\/fr\/shop\/ameublement-maison\/chaises-et-fauteuils\/toms-drag-trone-versailles\/","url":"https:\/\/www.erresse-shop.it\/fr\/shop\/ameublement-maison\/chaises-et-fauteuils\/toms-drag-trone-versailles\/","name":"TOM'S DRAG Tr\u00f4ne Versailles - Erresse Shop","isPartOf":{"@id":"https:\/\/www.erresse-shop.it\/fr\/#website"},"datePublished":"2025-10-28T07:08:09+00:00","dateModified":"2026-02-03T10:20:24+00:00","description":"Mat\u00e9riau\u00a0: MDF Tr\u00f4ne Versailles Qui n'est pas fascin\u00e9 par le ch\u00e2teau de Versailles, ce magnifique chef-d'\u0153uvre architectural baroque ? La collection","breadcrumb":{"@id":"https:\/\/www.erresse-shop.it\/fr\/shop\/ameublement-maison\/chaises-et-fauteuils\/toms-drag-trone-versailles\/#breadcrumb"},"inLanguage":"fr-FR","potentialAction":[{"@type":"ReadAction","target":["https:\/\/www.erresse-shop.it\/fr\/shop\/ameublement-maison\/chaises-et-fauteuils\/toms-drag-trone-versailles\/"]}]},{"@type":"BreadcrumbList","@id":"https:\/\/www.erresse-shop.it\/fr\/shop\/ameublement-maison\/chaises-et-fauteuils\/toms-drag-trone-versailles\/#breadcrumb","itemListElement":[{"@type":"ListItem","position":1,"name":"Home","item":"https:\/\/www.erresse-shop.it\/fr\/"},{"@type":"ListItem","position":2,"name":"Shop","item":"https:\/\/www.erresse-shop.it\/fr\/shop\/"},{"@type":"ListItem","position":3,"name":"TOM&#8217;S DRAG Tr\u00f4ne Versailles"}]},{"@type":"WebSite","@id":"https:\/\/www.erresse-shop.it\/fr\/#website","url":"https:\/\/www.erresse-shop.it\/fr\/","name":"Erresse Shop","description":"Articoli di qualit\u00e0 per la casa","potentialAction":[{"@type":"SearchAction","target":{"@type":"EntryPoint","urlTemplate":"https:\/\/www.erresse-shop.it\/fr\/?s={search_term_string}"},"query-input":"required name=search_term_string"}],"inLanguage":"fr-FR"}]}},"df_price":1653.6000000000001,"df_sale_price":1653.6000000000001,"df_regular_price":3180,"df_image_link":"https:\/\/www.erresse-shop.it\/wp-content\/uploads\/2025\/10\/TOMS-DRAG-Trono-Versailles-300x300.jpg","_links":{"self":[{"href":"https:\/\/www.erresse-shop.it\/fr\/wp-json\/wp\/v2\/product\/515028"}],"collection":[{"href":"https:\/\/www.erresse-shop.it\/fr\/wp-json\/wp\/v2\/product"}],"about":[{"href":"https:\/\/www.erresse-shop.it\/fr\/wp-json\/wp\/v2\/types\/product"}],"wp:featuredmedia":[{"embeddable":true,"href":"https:\/\/www.erresse-shop.it\/fr\/wp-json\/wp\/v2\/media\/515039"}],"wp:attachment":[{"href":"https:\/\/www.erresse-shop.it\/fr\/wp-json\/wp\/v2\/media?parent=515028"}],"wp:term":[{"taxonomy":"product_cat","embeddable":true,"href":"https:\/\/www.erresse-shop.it\/fr\/wp-json\/wp\/v2\/product_cat?post=515028"},{"taxonomy":"product_tag","embeddable":true,"href":"https:\/\/www.erresse-shop.it\/fr\/wp-json\/wp\/v2\/product_tag?post=515028"}],"curies":[{"name":"wp","href":"https:\/\/api.w.org\/{rel}","templated":true}]}}