{"id":514867,"date":"2025-10-27T11:54:11","date_gmt":"2025-10-27T11:54:15","guid":{"rendered":"https:\/\/www.erresse-shop.it\/?post_type=product&#038;p=514867"},"modified":"2026-02-03T10:43:30","modified_gmt":"2026-02-03T10:43:30","slug":"toms-drag-table-dappoint-versailles","status":"publish","type":"product","link":"https:\/\/www.erresse-shop.it\/fr\/shop\/ameublement-maison\/meubles\/toms-drag-table-dappoint-versailles\/","title":{"rendered":"TOM&#8217;S DRAG Table D&#8217;appoint Versailles"},"content":{"rendered":"<p><strong>Mat\u00e9riau:<\/strong> MDF<\/p>\n<p><strong>Table D&#8217;appoint Versailles<\/strong><br \/>\nUn petit tiroir fait de cette table un v\u00e9ritable accroche-regard et un point focal dans tout int\u00e9rieur. Apporter une touche de couleur vive \u00e0 un meuble spectaculaire est une d\u00e9claration de style ind\u00e9niable. Veuillez noter que la patine est volontairement appliqu\u00e9e \u00e0 la main (et non au pistolet\u00a0!) et pr\u00e9sente donc quelques irr\u00e9gularit\u00e9s\u00a0! Cela contribue au caract\u00e8re unique de cette s\u00e9rie exceptionnelle.<\/p>\n<p><strong>Dimensions:<\/strong> 50 x 50 cm, H 48 cm<\/p>\n","protected":false},"excerpt":{"rendered":"<p>Mat\u00e9riau: MDF Table D&#8217;appoint Versailles Un petit tiroir fait de cette table un v\u00e9ritable accroche-regard et un point focal dans<\/p>\n","protected":false},"featured_media":514878,"template":"","meta":{"_acf_changed":false,"inline_featured_image":false},"product_cat":[12738,17094],"product_tag":[17133,17131],"acf":[],"yoast_head":"<!-- This site is optimized with the Yoast SEO Premium plugin v18.6 (Yoast SEO v19.13) - https:\/\/yoast.com\/wordpress\/plugins\/seo\/ -->\n<title>TOM&#039;S DRAG Table D&#039;appoint Versailles - Erresse Shop<\/title>\n<meta name=\"description\" content=\"Mat\u00e9riau: MDF Table D&#039;appoint Versailles Un petit tiroir fait de cette table un v\u00e9ritable accroche-regard et un point focal dans tout int\u00e9rieur. Apporter\" \/>\n<meta name=\"robots\" content=\"index, follow, max-snippet:-1, max-image-preview:large, max-video-preview:-1\" \/>\n<link rel=\"canonical\" href=\"https:\/\/www.erresse-shop.it\/fr\/shop\/ameublement-maison\/meubles\/toms-drag-table-dappoint-versailles\/\" \/>\n<meta property=\"og:locale\" content=\"fr_FR\" \/>\n<meta property=\"og:type\" content=\"article\" \/>\n<meta property=\"og:title\" content=\"TOM&#039;S DRAG Table D&#039;appoint Versailles\" \/>\n<meta property=\"og:description\" content=\"Mat\u00e9riau: MDF Table D&#039;appoint Versailles Un petit tiroir fait de cette table un v\u00e9ritable accroche-regard et un point focal dans tout int\u00e9rieur. Apporter\" \/>\n<meta property=\"og:url\" content=\"https:\/\/www.erresse-shop.it\/fr\/shop\/ameublement-maison\/meubles\/toms-drag-table-dappoint-versailles\/\" \/>\n<meta property=\"og:site_name\" content=\"Erresse Shop\" \/>\n<meta property=\"article:modified_time\" content=\"2026-02-03T10:43:30+00:00\" \/>\n<meta property=\"og:image\" content=\"https:\/\/www.erresse-shop.it\/wp-content\/uploads\/2025\/10\/TOMS-DRAG-Tavolino-Versailles.jpg\" \/>\n\t<meta property=\"og:image:width\" content=\"1200\" \/>\n\t<meta property=\"og:image:height\" content=\"1200\" \/>\n\t<meta property=\"og:image:type\" content=\"image\/jpeg\" \/>\n<meta name=\"twitter:card\" content=\"summary_large_image\" \/>\n<script type=\"application\/ld+json\" class=\"yoast-schema-graph\">{\"@context\":\"https:\/\/schema.org\",\"@graph\":[{\"@type\":\"WebPage\",\"@id\":\"https:\/\/www.erresse-shop.it\/fr\/shop\/ameublement-maison\/meubles\/toms-drag-table-dappoint-versailles\/\",\"url\":\"https:\/\/www.erresse-shop.it\/fr\/shop\/ameublement-maison\/meubles\/toms-drag-table-dappoint-versailles\/\",\"name\":\"TOM'S DRAG Table D'appoint Versailles - Erresse Shop\",\"isPartOf\":{\"@id\":\"https:\/\/www.erresse-shop.it\/fr\/#website\"},\"datePublished\":\"2025-10-27T11:54:15+00:00\",\"dateModified\":\"2026-02-03T10:43:30+00:00\",\"description\":\"Mat\u00e9riau: MDF Table D'appoint Versailles Un petit tiroir fait de cette table un v\u00e9ritable accroche-regard et un point focal dans tout int\u00e9rieur. Apporter\",\"breadcrumb\":{\"@id\":\"https:\/\/www.erresse-shop.it\/fr\/shop\/ameublement-maison\/meubles\/toms-drag-table-dappoint-versailles\/#breadcrumb\"},\"inLanguage\":\"fr-FR\",\"potentialAction\":[{\"@type\":\"ReadAction\",\"target\":[\"https:\/\/www.erresse-shop.it\/fr\/shop\/ameublement-maison\/meubles\/toms-drag-table-dappoint-versailles\/\"]}]},{\"@type\":\"BreadcrumbList\",\"@id\":\"https:\/\/www.erresse-shop.it\/fr\/shop\/ameublement-maison\/meubles\/toms-drag-table-dappoint-versailles\/#breadcrumb\",\"itemListElement\":[{\"@type\":\"ListItem\",\"position\":1,\"name\":\"Home\",\"item\":\"https:\/\/www.erresse-shop.it\/fr\/\"},{\"@type\":\"ListItem\",\"position\":2,\"name\":\"Shop\",\"item\":\"https:\/\/www.erresse-shop.it\/fr\/shop\/\"},{\"@type\":\"ListItem\",\"position\":3,\"name\":\"TOM&#8217;S DRAG Table D&#8217;appoint Versailles\"}]},{\"@type\":\"WebSite\",\"@id\":\"https:\/\/www.erresse-shop.it\/fr\/#website\",\"url\":\"https:\/\/www.erresse-shop.it\/fr\/\",\"name\":\"Erresse Shop\",\"description\":\"Articoli di qualit\u00e0 per la casa\",\"potentialAction\":[{\"@type\":\"SearchAction\",\"target\":{\"@type\":\"EntryPoint\",\"urlTemplate\":\"https:\/\/www.erresse-shop.it\/fr\/?s={search_term_string}\"},\"query-input\":\"required name=search_term_string\"}],\"inLanguage\":\"fr-FR\"}]}<\/script>\n<!-- \/ Yoast SEO Premium plugin. -->","yoast_head_json":{"title":"TOM'S DRAG Table D'appoint Versailles - Erresse Shop","description":"Mat\u00e9riau: MDF Table D'appoint Versailles Un petit tiroir fait de cette table un v\u00e9ritable accroche-regard et un point focal dans tout int\u00e9rieur. Apporter","robots":{"index":"index","follow":"follow","max-snippet":"max-snippet:-1","max-image-preview":"max-image-preview:large","max-video-preview":"max-video-preview:-1"},"canonical":"https:\/\/www.erresse-shop.it\/fr\/shop\/ameublement-maison\/meubles\/toms-drag-table-dappoint-versailles\/","og_locale":"fr_FR","og_type":"article","og_title":"TOM'S DRAG Table D'appoint Versailles","og_description":"Mat\u00e9riau: MDF Table D'appoint Versailles Un petit tiroir fait de cette table un v\u00e9ritable accroche-regard et un point focal dans tout int\u00e9rieur. Apporter","og_url":"https:\/\/www.erresse-shop.it\/fr\/shop\/ameublement-maison\/meubles\/toms-drag-table-dappoint-versailles\/","og_site_name":"Erresse Shop","article_modified_time":"2026-02-03T10:43:30+00:00","og_image":[{"width":1200,"height":1200,"url":"https:\/\/www.erresse-shop.it\/wp-content\/uploads\/2025\/10\/TOMS-DRAG-Tavolino-Versailles.jpg","type":"image\/jpeg"}],"twitter_card":"summary_large_image","schema":{"@context":"https:\/\/schema.org","@graph":[{"@type":"WebPage","@id":"https:\/\/www.erresse-shop.it\/fr\/shop\/ameublement-maison\/meubles\/toms-drag-table-dappoint-versailles\/","url":"https:\/\/www.erresse-shop.it\/fr\/shop\/ameublement-maison\/meubles\/toms-drag-table-dappoint-versailles\/","name":"TOM'S DRAG Table D'appoint Versailles - Erresse Shop","isPartOf":{"@id":"https:\/\/www.erresse-shop.it\/fr\/#website"},"datePublished":"2025-10-27T11:54:15+00:00","dateModified":"2026-02-03T10:43:30+00:00","description":"Mat\u00e9riau: MDF Table D'appoint Versailles Un petit tiroir fait de cette table un v\u00e9ritable accroche-regard et un point focal dans tout int\u00e9rieur. Apporter","breadcrumb":{"@id":"https:\/\/www.erresse-shop.it\/fr\/shop\/ameublement-maison\/meubles\/toms-drag-table-dappoint-versailles\/#breadcrumb"},"inLanguage":"fr-FR","potentialAction":[{"@type":"ReadAction","target":["https:\/\/www.erresse-shop.it\/fr\/shop\/ameublement-maison\/meubles\/toms-drag-table-dappoint-versailles\/"]}]},{"@type":"BreadcrumbList","@id":"https:\/\/www.erresse-shop.it\/fr\/shop\/ameublement-maison\/meubles\/toms-drag-table-dappoint-versailles\/#breadcrumb","itemListElement":[{"@type":"ListItem","position":1,"name":"Home","item":"https:\/\/www.erresse-shop.it\/fr\/"},{"@type":"ListItem","position":2,"name":"Shop","item":"https:\/\/www.erresse-shop.it\/fr\/shop\/"},{"@type":"ListItem","position":3,"name":"TOM&#8217;S DRAG Table D&#8217;appoint Versailles"}]},{"@type":"WebSite","@id":"https:\/\/www.erresse-shop.it\/fr\/#website","url":"https:\/\/www.erresse-shop.it\/fr\/","name":"Erresse Shop","description":"Articoli di qualit\u00e0 per la casa","potentialAction":[{"@type":"SearchAction","target":{"@type":"EntryPoint","urlTemplate":"https:\/\/www.erresse-shop.it\/fr\/?s={search_term_string}"},"query-input":"required name=search_term_string"}],"inLanguage":"fr-FR"}]}},"df_price":518.96,"df_sale_price":518.96,"df_regular_price":998,"df_image_link":"https:\/\/www.erresse-shop.it\/wp-content\/uploads\/2025\/10\/TOMS-DRAG-Tavolino-Versailles-300x300.jpg","_links":{"self":[{"href":"https:\/\/www.erresse-shop.it\/fr\/wp-json\/wp\/v2\/product\/514867"}],"collection":[{"href":"https:\/\/www.erresse-shop.it\/fr\/wp-json\/wp\/v2\/product"}],"about":[{"href":"https:\/\/www.erresse-shop.it\/fr\/wp-json\/wp\/v2\/types\/product"}],"wp:featuredmedia":[{"embeddable":true,"href":"https:\/\/www.erresse-shop.it\/fr\/wp-json\/wp\/v2\/media\/514878"}],"wp:attachment":[{"href":"https:\/\/www.erresse-shop.it\/fr\/wp-json\/wp\/v2\/media?parent=514867"}],"wp:term":[{"taxonomy":"product_cat","embeddable":true,"href":"https:\/\/www.erresse-shop.it\/fr\/wp-json\/wp\/v2\/product_cat?post=514867"},{"taxonomy":"product_tag","embeddable":true,"href":"https:\/\/www.erresse-shop.it\/fr\/wp-json\/wp\/v2\/product_tag?post=514867"}],"curies":[{"name":"wp","href":"https:\/\/api.w.org\/{rel}","templated":true}]}}