{"id":514839,"date":"2025-10-27T11:35:42","date_gmt":"2025-10-27T11:35:46","guid":{"rendered":"https:\/\/www.erresse-shop.it\/?post_type=product&#038;p=514839"},"modified":"2026-02-03T10:48:33","modified_gmt":"2026-02-03T10:48:33","slug":"toms-drag-silver-line-commode-versailles-m","status":"publish","type":"product","link":"https:\/\/www.erresse-shop.it\/fr\/shop\/ameublement-maison\/meubles\/toms-drag-silver-line-commode-versailles-m\/","title":{"rendered":"TOM&#8217;S DRAG Silver Line Commode Versailles M"},"content":{"rendered":"<p><strong>Mat\u00e9riau\u00a0:<\/strong> MDF<\/p>\n<p><strong>Commode \u00ab\u00a0Versailles\u00a0\u00bb M<\/strong><br \/>\nQui n\u2019est pas fascin\u00e9 par le ch\u00e2teau de Versailles, ce magnifique chef-d\u2019\u0153uvre architectural baroque\u00a0? La collection Versailles de Tom\u2019s Drag illustre la compl\u00e9mentarit\u00e9 du style Tom\u2019s Drag et des formes baroques, o\u00f9 des formes opulentes rencontrent un feu d\u2019artifice de couleurs et de motifs. Le tout dans un style argent\u00e9 raffin\u00e9\u00a0! M\u00eame dans des int\u00e9rieurs minimalistes, nos meubles Versailles cr\u00e9ent une symbiose inattendue avec un mobilier simple et lin\u00e9aire. La commode Versailles M est dot\u00e9e de deux tiroirs coulissants. Veuillez noter que la patine argent\u00e9e est volontairement appliqu\u00e9e \u00e0 la main (et non au pistolet\u00a0!) et pr\u00e9sente donc quelques irr\u00e9gularit\u00e9s\u00a0! Cela contribue au caract\u00e8re unique de cette s\u00e9rie exceptionnelle.<\/p>\n<p><strong>Dimensions\u00a0:<\/strong> 40 x 80 x 78 cm<\/p>\n","protected":false},"excerpt":{"rendered":"<p>Mat\u00e9riau\u00a0: MDF Commode \u00ab\u00a0Versailles\u00a0\u00bb M Qui n\u2019est pas fascin\u00e9 par le ch\u00e2teau de Versailles, ce magnifique chef-d\u2019\u0153uvre architectural baroque\u00a0? La<\/p>\n","protected":false},"featured_media":514856,"template":"","meta":{"_acf_changed":false,"inline_featured_image":false},"product_cat":[12738,17094],"product_tag":[17133,17131],"acf":[],"yoast_head":"<!-- This site is optimized with the Yoast SEO Premium plugin v18.6 (Yoast SEO v19.13) - https:\/\/yoast.com\/wordpress\/plugins\/seo\/ -->\n<title>TOM&#039;S DRAG Silver Line Commode Versailles M - Erresse Shop<\/title>\n<meta name=\"description\" content=\"Mat\u00e9riau\u00a0: MDF Commode \u00ab\u00a0Versailles\u00a0\u00bb M Qui n\u2019est pas fascin\u00e9 par le ch\u00e2teau de Versailles, ce magnifique chef-d\u2019\u0153uvre architectural baroque\u00a0? La\" \/>\n<meta name=\"robots\" content=\"index, follow, max-snippet:-1, max-image-preview:large, max-video-preview:-1\" \/>\n<link rel=\"canonical\" href=\"https:\/\/www.erresse-shop.it\/fr\/shop\/ameublement-maison\/meubles\/toms-drag-silver-line-commode-versailles-m\/\" \/>\n<meta property=\"og:locale\" content=\"fr_FR\" \/>\n<meta property=\"og:type\" content=\"article\" \/>\n<meta property=\"og:title\" content=\"TOM&#039;S DRAG Silver Line Commode Versailles M\" \/>\n<meta property=\"og:description\" content=\"Mat\u00e9riau\u00a0: MDF Commode \u00ab\u00a0Versailles\u00a0\u00bb M Qui n\u2019est pas fascin\u00e9 par le ch\u00e2teau de Versailles, ce magnifique chef-d\u2019\u0153uvre architectural baroque\u00a0? La\" \/>\n<meta property=\"og:url\" content=\"https:\/\/www.erresse-shop.it\/fr\/shop\/ameublement-maison\/meubles\/toms-drag-silver-line-commode-versailles-m\/\" \/>\n<meta property=\"og:site_name\" content=\"Erresse Shop\" \/>\n<meta property=\"article:modified_time\" content=\"2026-02-03T10:48:33+00:00\" \/>\n<meta property=\"og:image\" content=\"https:\/\/www.erresse-shop.it\/wp-content\/uploads\/2025\/10\/TOMS-DRAG-Silver-Line-Cassettiera-Versailles-M.jpg\" \/>\n\t<meta property=\"og:image:width\" content=\"1200\" \/>\n\t<meta property=\"og:image:height\" content=\"1200\" \/>\n\t<meta property=\"og:image:type\" content=\"image\/jpeg\" \/>\n<meta name=\"twitter:card\" content=\"summary_large_image\" \/>\n<script type=\"application\/ld+json\" class=\"yoast-schema-graph\">{\"@context\":\"https:\/\/schema.org\",\"@graph\":[{\"@type\":\"WebPage\",\"@id\":\"https:\/\/www.erresse-shop.it\/fr\/shop\/ameublement-maison\/meubles\/toms-drag-silver-line-commode-versailles-m\/\",\"url\":\"https:\/\/www.erresse-shop.it\/fr\/shop\/ameublement-maison\/meubles\/toms-drag-silver-line-commode-versailles-m\/\",\"name\":\"TOM'S DRAG Silver Line Commode Versailles M - Erresse Shop\",\"isPartOf\":{\"@id\":\"https:\/\/www.erresse-shop.it\/fr\/#website\"},\"datePublished\":\"2025-10-27T11:35:46+00:00\",\"dateModified\":\"2026-02-03T10:48:33+00:00\",\"description\":\"Mat\u00e9riau\u00a0: MDF Commode \u00ab\u00a0Versailles\u00a0\u00bb M Qui n\u2019est pas fascin\u00e9 par le ch\u00e2teau de Versailles, ce magnifique chef-d\u2019\u0153uvre architectural baroque\u00a0? La\",\"breadcrumb\":{\"@id\":\"https:\/\/www.erresse-shop.it\/fr\/shop\/ameublement-maison\/meubles\/toms-drag-silver-line-commode-versailles-m\/#breadcrumb\"},\"inLanguage\":\"fr-FR\",\"potentialAction\":[{\"@type\":\"ReadAction\",\"target\":[\"https:\/\/www.erresse-shop.it\/fr\/shop\/ameublement-maison\/meubles\/toms-drag-silver-line-commode-versailles-m\/\"]}]},{\"@type\":\"BreadcrumbList\",\"@id\":\"https:\/\/www.erresse-shop.it\/fr\/shop\/ameublement-maison\/meubles\/toms-drag-silver-line-commode-versailles-m\/#breadcrumb\",\"itemListElement\":[{\"@type\":\"ListItem\",\"position\":1,\"name\":\"Home\",\"item\":\"https:\/\/www.erresse-shop.it\/fr\/\"},{\"@type\":\"ListItem\",\"position\":2,\"name\":\"Shop\",\"item\":\"https:\/\/www.erresse-shop.it\/fr\/shop\/\"},{\"@type\":\"ListItem\",\"position\":3,\"name\":\"TOM&#8217;S DRAG Silver Line Commode Versailles M\"}]},{\"@type\":\"WebSite\",\"@id\":\"https:\/\/www.erresse-shop.it\/fr\/#website\",\"url\":\"https:\/\/www.erresse-shop.it\/fr\/\",\"name\":\"Erresse Shop\",\"description\":\"Articoli di qualit\u00e0 per la casa\",\"potentialAction\":[{\"@type\":\"SearchAction\",\"target\":{\"@type\":\"EntryPoint\",\"urlTemplate\":\"https:\/\/www.erresse-shop.it\/fr\/?s={search_term_string}\"},\"query-input\":\"required name=search_term_string\"}],\"inLanguage\":\"fr-FR\"}]}<\/script>\n<!-- \/ Yoast SEO Premium plugin. -->","yoast_head_json":{"title":"TOM'S DRAG Silver Line Commode Versailles M - Erresse Shop","description":"Mat\u00e9riau\u00a0: MDF Commode \u00ab\u00a0Versailles\u00a0\u00bb M Qui n\u2019est pas fascin\u00e9 par le ch\u00e2teau de Versailles, ce magnifique chef-d\u2019\u0153uvre architectural baroque\u00a0? La","robots":{"index":"index","follow":"follow","max-snippet":"max-snippet:-1","max-image-preview":"max-image-preview:large","max-video-preview":"max-video-preview:-1"},"canonical":"https:\/\/www.erresse-shop.it\/fr\/shop\/ameublement-maison\/meubles\/toms-drag-silver-line-commode-versailles-m\/","og_locale":"fr_FR","og_type":"article","og_title":"TOM'S DRAG Silver Line Commode Versailles M","og_description":"Mat\u00e9riau\u00a0: MDF Commode \u00ab\u00a0Versailles\u00a0\u00bb M Qui n\u2019est pas fascin\u00e9 par le ch\u00e2teau de Versailles, ce magnifique chef-d\u2019\u0153uvre architectural baroque\u00a0? La","og_url":"https:\/\/www.erresse-shop.it\/fr\/shop\/ameublement-maison\/meubles\/toms-drag-silver-line-commode-versailles-m\/","og_site_name":"Erresse Shop","article_modified_time":"2026-02-03T10:48:33+00:00","og_image":[{"width":1200,"height":1200,"url":"https:\/\/www.erresse-shop.it\/wp-content\/uploads\/2025\/10\/TOMS-DRAG-Silver-Line-Cassettiera-Versailles-M.jpg","type":"image\/jpeg"}],"twitter_card":"summary_large_image","schema":{"@context":"https:\/\/schema.org","@graph":[{"@type":"WebPage","@id":"https:\/\/www.erresse-shop.it\/fr\/shop\/ameublement-maison\/meubles\/toms-drag-silver-line-commode-versailles-m\/","url":"https:\/\/www.erresse-shop.it\/fr\/shop\/ameublement-maison\/meubles\/toms-drag-silver-line-commode-versailles-m\/","name":"TOM'S DRAG Silver Line Commode Versailles M - Erresse Shop","isPartOf":{"@id":"https:\/\/www.erresse-shop.it\/fr\/#website"},"datePublished":"2025-10-27T11:35:46+00:00","dateModified":"2026-02-03T10:48:33+00:00","description":"Mat\u00e9riau\u00a0: MDF Commode \u00ab\u00a0Versailles\u00a0\u00bb M Qui n\u2019est pas fascin\u00e9 par le ch\u00e2teau de Versailles, ce magnifique chef-d\u2019\u0153uvre architectural baroque\u00a0? La","breadcrumb":{"@id":"https:\/\/www.erresse-shop.it\/fr\/shop\/ameublement-maison\/meubles\/toms-drag-silver-line-commode-versailles-m\/#breadcrumb"},"inLanguage":"fr-FR","potentialAction":[{"@type":"ReadAction","target":["https:\/\/www.erresse-shop.it\/fr\/shop\/ameublement-maison\/meubles\/toms-drag-silver-line-commode-versailles-m\/"]}]},{"@type":"BreadcrumbList","@id":"https:\/\/www.erresse-shop.it\/fr\/shop\/ameublement-maison\/meubles\/toms-drag-silver-line-commode-versailles-m\/#breadcrumb","itemListElement":[{"@type":"ListItem","position":1,"name":"Home","item":"https:\/\/www.erresse-shop.it\/fr\/"},{"@type":"ListItem","position":2,"name":"Shop","item":"https:\/\/www.erresse-shop.it\/fr\/shop\/"},{"@type":"ListItem","position":3,"name":"TOM&#8217;S DRAG Silver Line Commode Versailles M"}]},{"@type":"WebSite","@id":"https:\/\/www.erresse-shop.it\/fr\/#website","url":"https:\/\/www.erresse-shop.it\/fr\/","name":"Erresse Shop","description":"Articoli di qualit\u00e0 per la casa","potentialAction":[{"@type":"SearchAction","target":{"@type":"EntryPoint","urlTemplate":"https:\/\/www.erresse-shop.it\/fr\/?s={search_term_string}"},"query-input":"required name=search_term_string"}],"inLanguage":"fr-FR"}]}},"df_price":985.4,"df_sale_price":985.4,"df_regular_price":1895,"df_image_link":"https:\/\/www.erresse-shop.it\/wp-content\/uploads\/2025\/10\/TOMS-DRAG-Silver-Line-Cassettiera-Versailles-M-300x300.jpg","_links":{"self":[{"href":"https:\/\/www.erresse-shop.it\/fr\/wp-json\/wp\/v2\/product\/514839"}],"collection":[{"href":"https:\/\/www.erresse-shop.it\/fr\/wp-json\/wp\/v2\/product"}],"about":[{"href":"https:\/\/www.erresse-shop.it\/fr\/wp-json\/wp\/v2\/types\/product"}],"wp:featuredmedia":[{"embeddable":true,"href":"https:\/\/www.erresse-shop.it\/fr\/wp-json\/wp\/v2\/media\/514856"}],"wp:attachment":[{"href":"https:\/\/www.erresse-shop.it\/fr\/wp-json\/wp\/v2\/media?parent=514839"}],"wp:term":[{"taxonomy":"product_cat","embeddable":true,"href":"https:\/\/www.erresse-shop.it\/fr\/wp-json\/wp\/v2\/product_cat?post=514839"},{"taxonomy":"product_tag","embeddable":true,"href":"https:\/\/www.erresse-shop.it\/fr\/wp-json\/wp\/v2\/product_tag?post=514839"}],"curies":[{"name":"wp","href":"https:\/\/api.w.org\/{rel}","templated":true}]}}