{"id":514581,"date":"2025-10-22T12:56:31","date_gmt":"2025-10-22T12:56:34","guid":{"rendered":"https:\/\/www.erresse-shop.it\/?post_type=product&#038;p=514581"},"modified":"2026-02-04T07:09:31","modified_gmt":"2026-02-04T07:09:31","slug":"cookut-poignee-amovible-la-merveilleuse-marshmallow","status":"publish","type":"product","link":"https:\/\/www.erresse-shop.it\/fr\/shop\/poeles-pots\/couvercles\/cookut-poignee-amovible-la-merveilleuse-marshmallow\/","title":{"rendered":"COOKUT Poign\u00e9e amovible &#8220;La Merveilleuse&#8221; Marshmallow"},"content":{"rendered":"<h4>Long manche amovible compatible avec toute la gamme Merveilleuse<\/h4>\n<div class=\"elementor-element-element-a7d6bce elementor-widget elementor-widget-heading\" data-id=\"a7d6bce\" data-element_type=\"widget\" data-widget_type=\"heading.default\">\n<div class=\"elementor-widget-container\">\n<h2 class=\"elementor-heading-title ce-display-large\">Caract\u00e9ristiques principales<\/h2>\n<ul>\n<li class=\"elementor-heading-title ce-display-large\">M\u00e9tal peint<\/li>\n<li class=\"elementor-heading-title ce-display-large\">Manches en bois<\/li>\n<li class=\"elementor-heading-title ce-display-large\">Manche en aluminium bross\u00e9<\/li>\n<li class=\"elementor-heading-title ce-display-large\">Dimensions\u00a0: 19 x \u00d8 3 cm<\/li>\n<li class=\"elementor-heading-title ce-display-large\">Ne passe pas au four\u00a0; N&#8217;oubliez pas de retirer les poign\u00e9es au pr\u00e9alable.<\/li>\n<li class=\"elementor-heading-title ce-display-large\"><strong>Les poign\u00e9es sont uniquement compatibles avec les outils de la gamme Merveilleuse.<\/strong><\/li>\n<\/ul>\n<\/div>\n<\/div>\n<section class=\"Elementor-element Elementor-element-42e09ab Elementor-section-full_width Elementor-section-height-default Elementor-section-height-default Elementor-section Elementor-top-section\" data-id=\"42e09ab\" data-element_type=\"section\">\n<div class=\"elementor-container Elementor-column-gap-wider\">\n<div class=\"elementor-row\">\n<div class=\"elementor-element Elementor-element-142e0e7 ce-widgets-space--gap Elementor-column Elementor-col-50 Elementor-top-column\" data-id=\"142e0e7\" data-element_type=\"column\">\n<div class=\"elementor-column-wrap Elementor-element-populated\">\n<div class=\"elementor-widget-wrap\">\n<div class=\"elementor-element Elementor-element-fd41405 long-description Elementor-widget Elementor-widget-product-description Elementor-widget-text-editor\" data-id=\"fd41405\" data-element_type=\"widget\" data-widget_type=\"product-description.default\">\n<div class=\"elementor-widget-container\">\n<div class=\"Elementor Elementor-1272030101\" data-=\"\">\n<div class=\"elementor-section-wrap\">\n<section class=\"elementor-element Elementor-element-48ca42a Elementor-section-pleine_largeur Elementor-section-hauteur-par d\u00e9faut Elementor-section-hauteur-par d\u00e9faut Elementor-section Elementor-section-haute\" data-id=\"48ca42a\" data-element_type=\"section\">\n<div class=\"elementor-container Elementor-colonne-espace-par d\u00e9faut\">\n<div class=\"elementor-row\">\n<div class=\"elementor-element Elementor-element-f5e6b21 ce-widgets-espace-espace Elementor-colonne Elementor-col-100 Elementor-colonne-haute\" data-id=\"f5e6b21\" data-element_type=\"column\">\n<div class=\"elementor-column-wrap Elementor-\u00e9l\u00e9ment-popul\u00e9\">\n<div class=\"elementor-widget-wrap\">\n<div class=\"elementor-element elementor-element-bd16dc0 Elementor-widget Elementor-widget-heading\" data-id=\"bd16dc0\" data-element_type=\"widget\" data-widget_type=\"heading.default\">\n<div class=\"elementor-widget-container\">\n<div class=\"elementor-element Elementor-element-0ccc105 Elementor-Widget Elementor-widget-heading\" data-id=\"0ccc105\" data-element_type=\"widget\" data-widget_type=\"heading.default\">\n<div class=\"elementor-widget-container\">\n<h2 class=\"elementor-heading-title ce-display-large\"><span dir=\"auto\">Ses avantages<\/span><\/h2>\n<\/div>\n<\/div>\n<div class=\"elementor-element Elementor-element-19a2ae9 Elementor-widget elementor-widget-text-editor\" data-id=\"19a2ae9\" data-element_type=\"widget\" data-widget_type=\"text-editor.default\">\n<div class=\"elementor-widget-container\">\n<div class=\"elementor-text-editor elementor-clearfix\">\n<ul>\n<li><b><span dir=\"auto\">Gain de place\u00a0:<\/span><\/b><span dir=\"auto\">Les poign\u00e9es amovibles permettent de ranger casseroles et po\u00eales de mani\u00e8re compacte, id\u00e9al pour optimiser l&#8217;espace dans les tiroirs et les placards.<\/span><\/li>\n<li><strong><span dir=\"auto\">S\u00e9curit\u00e9 accrue\u00a0: Leur syst\u00e8me de fixation s\u00e9curis\u00e9 assure une prise ferme et stable pendant la cuisson, \u00e9vitant ainsi les risques de br\u00fblures.<\/span><\/strong><\/li>\n<li><strong><span dir=\"auto\">Entretien facile\u00a0: Les poign\u00e9es sont amovibles pour un nettoyage plus facile et un lavage des mains efficace.<\/span><\/strong><\/li>\n<li><strong><span dir=\"auto\">Pratique<\/span><\/strong><span dir=\"auto\">\u00a0: une seule poign\u00e9e permet de recevoir plusieurs ustensiles de la gamme, all\u00e9geant ainsi l&#8217;\u00e9quipement de cuisine.<\/span><\/li>\n<\/ul>\n<\/div>\n<\/div>\n<\/div>\n<\/div>\n<\/div>\n<\/div>\n<\/div>\n<\/div>\n<\/div>\n<\/div>\n<\/section>\n<\/div>\n<\/div>\n<\/div>\n<\/div>\n<\/div>\n<\/div>\n<\/div>\n<\/div>\n<\/div>\n<\/section>\n","protected":false},"excerpt":{"rendered":"<p>Long manche amovible compatible avec toute la gamme Merveilleuse Caract\u00e9ristiques principales M\u00e9tal peint Manches en bois Manche en aluminium bross\u00e9<\/p>\n","protected":false},"featured_media":514592,"template":"","meta":{"_acf_changed":false,"inline_featured_image":false},"product_cat":[12458,12777],"product_tag":[12888,13307,12854,13178],"acf":[],"yoast_head":"<!-- This site is optimized with the Yoast SEO Premium plugin v18.6 (Yoast SEO v19.13) - https:\/\/yoast.com\/wordpress\/plugins\/seo\/ -->\n<title>COOKUT Poign\u00e9e amovible &quot;La Merveilleuse&quot; Marshmallow - Erresse Shop<\/title>\n<meta name=\"description\" content=\"Long manche amovible compatible avec toute la gamme Merveilleuse Caract\u00e9ristiques principales M\u00e9tal peint Manches en bois Manche en aluminium bross\u00e9\" \/>\n<meta name=\"robots\" content=\"index, follow, max-snippet:-1, max-image-preview:large, max-video-preview:-1\" \/>\n<link rel=\"canonical\" href=\"https:\/\/www.erresse-shop.it\/fr\/shop\/poeles-pots\/couvercles\/cookut-poignee-amovible-la-merveilleuse-marshmallow\/\" \/>\n<meta property=\"og:locale\" content=\"fr_FR\" \/>\n<meta property=\"og:type\" content=\"article\" \/>\n<meta property=\"og:title\" content=\"COOKUT Poign\u00e9e amovible &quot;La Merveilleuse&quot; Marshmallow\" \/>\n<meta property=\"og:description\" content=\"Long manche amovible compatible avec toute la gamme Merveilleuse Caract\u00e9ristiques principales M\u00e9tal peint Manches en bois Manche en aluminium bross\u00e9\" \/>\n<meta property=\"og:url\" content=\"https:\/\/www.erresse-shop.it\/fr\/shop\/poeles-pots\/couvercles\/cookut-poignee-amovible-la-merveilleuse-marshmallow\/\" \/>\n<meta property=\"og:site_name\" content=\"Erresse Shop\" \/>\n<meta property=\"article:modified_time\" content=\"2026-02-04T07:09:31+00:00\" \/>\n<meta property=\"og:image\" content=\"https:\/\/www.erresse-shop.it\/wp-content\/uploads\/2025\/10\/COOKUT-Manico-Rimovibile-_La-Meravigliosa_-Marshmallow.jpg\" \/>\n\t<meta property=\"og:image:width\" content=\"1200\" \/>\n\t<meta property=\"og:image:height\" content=\"1200\" \/>\n\t<meta property=\"og:image:type\" content=\"image\/jpeg\" \/>\n<meta name=\"twitter:card\" content=\"summary_large_image\" \/>\n<script type=\"application\/ld+json\" class=\"yoast-schema-graph\">{\"@context\":\"https:\/\/schema.org\",\"@graph\":[{\"@type\":\"WebPage\",\"@id\":\"https:\/\/www.erresse-shop.it\/fr\/shop\/poeles-pots\/couvercles\/cookut-poignee-amovible-la-merveilleuse-marshmallow\/\",\"url\":\"https:\/\/www.erresse-shop.it\/fr\/shop\/poeles-pots\/couvercles\/cookut-poignee-amovible-la-merveilleuse-marshmallow\/\",\"name\":\"COOKUT Poign\u00e9e amovible \\\"La Merveilleuse\\\" Marshmallow - Erresse Shop\",\"isPartOf\":{\"@id\":\"https:\/\/www.erresse-shop.it\/fr\/#website\"},\"datePublished\":\"2025-10-22T12:56:34+00:00\",\"dateModified\":\"2026-02-04T07:09:31+00:00\",\"description\":\"Long manche amovible compatible avec toute la gamme Merveilleuse Caract\u00e9ristiques principales M\u00e9tal peint Manches en bois Manche en aluminium bross\u00e9\",\"breadcrumb\":{\"@id\":\"https:\/\/www.erresse-shop.it\/fr\/shop\/poeles-pots\/couvercles\/cookut-poignee-amovible-la-merveilleuse-marshmallow\/#breadcrumb\"},\"inLanguage\":\"fr-FR\",\"potentialAction\":[{\"@type\":\"ReadAction\",\"target\":[\"https:\/\/www.erresse-shop.it\/fr\/shop\/poeles-pots\/couvercles\/cookut-poignee-amovible-la-merveilleuse-marshmallow\/\"]}]},{\"@type\":\"BreadcrumbList\",\"@id\":\"https:\/\/www.erresse-shop.it\/fr\/shop\/poeles-pots\/couvercles\/cookut-poignee-amovible-la-merveilleuse-marshmallow\/#breadcrumb\",\"itemListElement\":[{\"@type\":\"ListItem\",\"position\":1,\"name\":\"Home\",\"item\":\"https:\/\/www.erresse-shop.it\/fr\/\"},{\"@type\":\"ListItem\",\"position\":2,\"name\":\"Shop\",\"item\":\"https:\/\/www.erresse-shop.it\/fr\/shop\/\"},{\"@type\":\"ListItem\",\"position\":3,\"name\":\"COOKUT Poign\u00e9e amovible &#8220;La Merveilleuse&#8221; Marshmallow\"}]},{\"@type\":\"WebSite\",\"@id\":\"https:\/\/www.erresse-shop.it\/fr\/#website\",\"url\":\"https:\/\/www.erresse-shop.it\/fr\/\",\"name\":\"Erresse Shop\",\"description\":\"Articoli di qualit\u00e0 per la casa\",\"potentialAction\":[{\"@type\":\"SearchAction\",\"target\":{\"@type\":\"EntryPoint\",\"urlTemplate\":\"https:\/\/www.erresse-shop.it\/fr\/?s={search_term_string}\"},\"query-input\":\"required name=search_term_string\"}],\"inLanguage\":\"fr-FR\"}]}<\/script>\n<!-- \/ Yoast SEO Premium plugin. -->","yoast_head_json":{"title":"COOKUT Poign\u00e9e amovible \"La Merveilleuse\" Marshmallow - Erresse Shop","description":"Long manche amovible compatible avec toute la gamme Merveilleuse Caract\u00e9ristiques principales M\u00e9tal peint Manches en bois Manche en aluminium bross\u00e9","robots":{"index":"index","follow":"follow","max-snippet":"max-snippet:-1","max-image-preview":"max-image-preview:large","max-video-preview":"max-video-preview:-1"},"canonical":"https:\/\/www.erresse-shop.it\/fr\/shop\/poeles-pots\/couvercles\/cookut-poignee-amovible-la-merveilleuse-marshmallow\/","og_locale":"fr_FR","og_type":"article","og_title":"COOKUT Poign\u00e9e amovible \"La Merveilleuse\" Marshmallow","og_description":"Long manche amovible compatible avec toute la gamme Merveilleuse Caract\u00e9ristiques principales M\u00e9tal peint Manches en bois Manche en aluminium bross\u00e9","og_url":"https:\/\/www.erresse-shop.it\/fr\/shop\/poeles-pots\/couvercles\/cookut-poignee-amovible-la-merveilleuse-marshmallow\/","og_site_name":"Erresse Shop","article_modified_time":"2026-02-04T07:09:31+00:00","og_image":[{"width":1200,"height":1200,"url":"https:\/\/www.erresse-shop.it\/wp-content\/uploads\/2025\/10\/COOKUT-Manico-Rimovibile-_La-Meravigliosa_-Marshmallow.jpg","type":"image\/jpeg"}],"twitter_card":"summary_large_image","schema":{"@context":"https:\/\/schema.org","@graph":[{"@type":"WebPage","@id":"https:\/\/www.erresse-shop.it\/fr\/shop\/poeles-pots\/couvercles\/cookut-poignee-amovible-la-merveilleuse-marshmallow\/","url":"https:\/\/www.erresse-shop.it\/fr\/shop\/poeles-pots\/couvercles\/cookut-poignee-amovible-la-merveilleuse-marshmallow\/","name":"COOKUT Poign\u00e9e amovible \"La Merveilleuse\" Marshmallow - Erresse Shop","isPartOf":{"@id":"https:\/\/www.erresse-shop.it\/fr\/#website"},"datePublished":"2025-10-22T12:56:34+00:00","dateModified":"2026-02-04T07:09:31+00:00","description":"Long manche amovible compatible avec toute la gamme Merveilleuse Caract\u00e9ristiques principales M\u00e9tal peint Manches en bois Manche en aluminium bross\u00e9","breadcrumb":{"@id":"https:\/\/www.erresse-shop.it\/fr\/shop\/poeles-pots\/couvercles\/cookut-poignee-amovible-la-merveilleuse-marshmallow\/#breadcrumb"},"inLanguage":"fr-FR","potentialAction":[{"@type":"ReadAction","target":["https:\/\/www.erresse-shop.it\/fr\/shop\/poeles-pots\/couvercles\/cookut-poignee-amovible-la-merveilleuse-marshmallow\/"]}]},{"@type":"BreadcrumbList","@id":"https:\/\/www.erresse-shop.it\/fr\/shop\/poeles-pots\/couvercles\/cookut-poignee-amovible-la-merveilleuse-marshmallow\/#breadcrumb","itemListElement":[{"@type":"ListItem","position":1,"name":"Home","item":"https:\/\/www.erresse-shop.it\/fr\/"},{"@type":"ListItem","position":2,"name":"Shop","item":"https:\/\/www.erresse-shop.it\/fr\/shop\/"},{"@type":"ListItem","position":3,"name":"COOKUT Poign\u00e9e amovible &#8220;La Merveilleuse&#8221; Marshmallow"}]},{"@type":"WebSite","@id":"https:\/\/www.erresse-shop.it\/fr\/#website","url":"https:\/\/www.erresse-shop.it\/fr\/","name":"Erresse Shop","description":"Articoli di qualit\u00e0 per la casa","potentialAction":[{"@type":"SearchAction","target":{"@type":"EntryPoint","urlTemplate":"https:\/\/www.erresse-shop.it\/fr\/?s={search_term_string}"},"query-input":"required name=search_term_string"}],"inLanguage":"fr-FR"}]}},"df_price":34,"df_sale_price":34,"df_regular_price":34.9,"df_image_link":"https:\/\/www.erresse-shop.it\/wp-content\/uploads\/2025\/10\/COOKUT-Manico-Rimovibile-_La-Meravigliosa_-Marshmallow-300x300.jpg","_links":{"self":[{"href":"https:\/\/www.erresse-shop.it\/fr\/wp-json\/wp\/v2\/product\/514581"}],"collection":[{"href":"https:\/\/www.erresse-shop.it\/fr\/wp-json\/wp\/v2\/product"}],"about":[{"href":"https:\/\/www.erresse-shop.it\/fr\/wp-json\/wp\/v2\/types\/product"}],"wp:featuredmedia":[{"embeddable":true,"href":"https:\/\/www.erresse-shop.it\/fr\/wp-json\/wp\/v2\/media\/514592"}],"wp:attachment":[{"href":"https:\/\/www.erresse-shop.it\/fr\/wp-json\/wp\/v2\/media?parent=514581"}],"wp:term":[{"taxonomy":"product_cat","embeddable":true,"href":"https:\/\/www.erresse-shop.it\/fr\/wp-json\/wp\/v2\/product_cat?post=514581"},{"taxonomy":"product_tag","embeddable":true,"href":"https:\/\/www.erresse-shop.it\/fr\/wp-json\/wp\/v2\/product_tag?post=514581"}],"curies":[{"name":"wp","href":"https:\/\/api.w.org\/{rel}","templated":true}]}}