{"id":514532,"date":"2025-10-22T10:46:56","date_gmt":"2025-10-22T10:46:59","guid":{"rendered":"https:\/\/www.erresse-shop.it\/?post_type=product&#038;p=514532"},"modified":"2026-02-04T07:12:58","modified_gmt":"2026-02-04T07:12:58","slug":"cookut-couvercle-la-merveilleuse-20-cm-passion","status":"publish","type":"product","link":"https:\/\/www.erresse-shop.it\/fr\/shop\/poeles-pots\/couvercles\/cookut-couvercle-la-merveilleuse-20-cm-passion\/","title":{"rendered":"COOKUT Couvercle &#8220;La Merveilleuse&#8221; 20 cm Passion"},"content":{"rendered":"<h4>Couvercle de 20 cm adapt\u00e9 \u00e0 la casserole \u00ab La Meravigliosa \u00bb de 20 cm<\/h4>\n<div class=\"elementor-element-element-a7d6bce Elementor-widget Elementor-widget-heading\" data-id=\"a7d6bce\" data-element_type=\"widget\" data-widget_type=\"heading.default\">\n<div class=\"elementor-widget-container\">\n<h2 class=\"elementor-heading-title ce-display-large\"><span dir=\"auto\">Caract\u00e9ristiques principales<\/span><\/h2>\n<\/div>\n<\/div>\n<div class=\"elementor-element Elementor-element-6a16ca0 Elementor-widget Elementor-widget-text-editor\" data-id=\"6a16ca0\" data-element_type=\"widget\" data-widget_type=\"text-editor.default\">\n<div class=\"elementor-widget-container\">\n<div class=\"elementor-text-editor elementor-clearfix\">\n<ul>\n<li><strong><span dir=\"auto\">Mat\u00e9riau\u00a0:<\/span><\/strong><span dir=\"auto\">\u00a0acier inoxydable sans nickel*<\/span><\/li>\n<li><strong><span dir=\"auto\">Dimensions\u00a0:<\/span><\/strong><span dir=\"auto\"> \u00a0: 21 x 21 x 6 cm<\/span><\/li>\n<li><strong><span dir=\"auto\">\u00c9conomies de chaleur et d&#8217;\u00e9nergie\u00a0:<\/span><\/strong><span dir=\"auto\">\u00a0\u00a0: conserve la chaleur, r\u00e9duisant ainsi les temps de cuisson et limitant la consommation d&#8217;\u00e9nergie.<\/span><\/li>\n<li><strong><span dir=\"auto\">Pr\u00e9servation des saveurs et de l&#8217;humidit\u00e9\u00a0:<\/span><\/strong><span dir=\"auto\">\u00a0\u00a0: conserve l&#8217;humidit\u00e9 des aliments et intensifie les saveurs en pr\u00e9servant ar\u00f4mes.<\/span><\/li>\n<li><strong><span dir=\"auto\">S\u00e9curit\u00e9<\/span><\/strong><span dir=\"auto\">\u00a0: R\u00e9duit les risques de d\u00e9bordement gr\u00e2ce au syst\u00e8me d&#8217;\u00e9vacuation de la vapeur.<\/span><\/li>\n<\/ul>\n<p><em><span dir=\"auto\">*Sans nickel ajout\u00e9. Les traces de nickel mesur\u00e9es dans la couche de contact alimentaire sont inf\u00e9rieures \u00e0 0,16 %.<\/span><\/em><\/p>\n<\/div>\n<\/div>\n<\/div>\n<section class=\"Elementor-element Elementor-element-42e09ab Elementor-section-full_width Elementor-section-height-default Elementor-section-height-default Elementor-section Elementor-top-section\" data-id=\"42e09ab\" data-element_type=\"section\">\n<div class=\"elementor-container Elementor-column-gap-wider\">\n<div class=\"elementor-row\">\n<div class=\"Elementor-Element Elementor-Element-142e0e7 ce-widgets-space--gap Elementor-Column Elementor-col-50 Elementor-Top-Column\" data-id=\"142e0e7\" data-element_type=\"column\">\n<div class=\"Elementor-column-wrap Elementor-\u00e9l\u00e9ment-popul\u00e9\">\n<div class=\"elementor-widget-wrap\">\n<div class=\"elementor-element Elementor-element-fd41405 description-longue Elementor-widget Elementor-widget-description-produit Elementor-widget-\u00e9diteur-texte\" data-id=\"fd41405\" data-element_type=\"widget\" data-widget_type=\"description-produit.default\">\n<div class=\"elementor-widget-container\">\n<div class=\"Elementor Elementor-1272030101\" data-=\"\">\n<div class=\"elementor-section-wrap\">\n<section class=\"elementor-element Elementor-element-48ca42a Elementor-section-largeur-pleine Elementor-section-hauteur-par-d\u00e9faut Elementor-section-hauteur-par-d\u00e9faut Elementor-section Elementor-top-section\" data-id=\"48ca42a\" data-element_type=\"section\">\n<div class=\"elementor-container Elementor-column-gap-default\">\n<div class=\"elementor-row\">\n<div class=\"elementor-element Elementor-element-f5e6b21 ce-widgets-space--gap Elementor-column Elementor-col-100 Elementor-top-column\" data-id=\"f5e6b21\" data-element_type=\"column\">\n<div class=\"elementor-column-wrap Elementor-element-populated\">\n<div class=\"elementor-widget-wrap\">\n<div class=\"elementor-element Elementor-element-bd16dc0 Elementor-Widget Elementor-Widget-Heading\" data-id=\"bd16dc0\" data-element_type=\"widget\" data-widget_type=\"heading.default\">\n<div class=\"elementor-widget-container\">\n<h2 class=\"elementor-heading-title ce-display-large\"><span dir=\"auto\">Utilisation<\/span><\/h2>\n<\/div>\n<\/div>\n<div class=\"elementor-element Elementor-element-5d36a82 Elementor-Widget Elementor-widget-text-editor\" data-id=\"5d36a82\" data-element_type=\"widget\" data-widget_type=\"text-editor.default\">\n<div class=\"elementor-widget-container\">\n<div class=\"elementor-text-editor elementor-clearfix\">\n<ul>\n<li><strong><span dir=\"auto\">Passe au four<\/span><\/strong><span dir=\"auto\">\u00a0: le couvercle peut \u00eatre utilis\u00e9 au four jusqu&#8217;\u00e0 jusqu&#8217;\u00e0 une temp\u00e9rature maximale de 220 \u00b0C. Assurez-vous que la surface ext\u00e9rieure est soigneusement nettoy\u00e9e avant de placer le r\u00e9cipient au four afin d&#8217;\u00e9viter l&#8217;apparition de taches.<\/span><\/li>\n<li><strong><span dir=\"auto\">Manipulation<\/span><\/strong><span dir=\"auto\">\u00a0: Utilisez des maniques ou des gants de cuisine pour manipuler le couvercle apr\u00e8s une utilisation prolong\u00e9e ou apr\u00e8s l&#8217;avoir retir\u00e9 du four.<\/span><\/li>\n<li><strong><span dir=\"auto\">Pr\u00e9cautions g\u00e9n\u00e9rales<\/span><\/strong><span dir=\"auto\">\u00a0: Ne laissez jamais le couvercle sur une source de chaleur directe sans le r\u00e9cipient et \u00e9vitez les chocs qui pourraient l&#8217;endommager.<\/span><\/li>\n<\/ul>\n<\/div>\n<\/div>\n<\/div>\n<\/div>\n<\/div>\n<\/div>\n<\/div>\n<\/div>\n<\/section>\n<\/div>\n<\/div>\n<\/div>\n<\/div>\n<\/div>\n<\/div>\n<\/div>\n<\/div>\n<\/div>\n<\/section>\n","protected":false},"excerpt":{"rendered":"<p>Couvercle de 20 cm adapt\u00e9 \u00e0 la casserole \u00ab La Meravigliosa \u00bb de 20 cm Caract\u00e9ristiques principales Mat\u00e9riau\u00a0:\u00a0acier inoxydable sans<\/p>\n","protected":false},"featured_media":514549,"template":"","meta":{"_acf_changed":false,"inline_featured_image":false},"product_cat":[12458,12777],"product_tag":[12888,13307,12854,13178],"acf":[],"yoast_head":"<!-- This site is optimized with the Yoast SEO Premium plugin v18.6 (Yoast SEO v19.13) - https:\/\/yoast.com\/wordpress\/plugins\/seo\/ -->\n<title>COOKUT Couvercle &quot;La Merveilleuse&quot; 20 cm Passion - Erresse Shop<\/title>\n<meta name=\"description\" content=\"Couvercle de 20 cm adapt\u00e9 \u00e0 la casserole \u00ab La Meravigliosa \u00bb de 20 cm Caract\u00e9ristiques principales Mat\u00e9riau\u00a0:\u00a0acier inoxydable sans nickel* Dimensions\u00a0:\" \/>\n<meta name=\"robots\" content=\"index, follow, max-snippet:-1, max-image-preview:large, max-video-preview:-1\" \/>\n<link rel=\"canonical\" href=\"https:\/\/www.erresse-shop.it\/fr\/shop\/poeles-pots\/couvercles\/cookut-couvercle-la-merveilleuse-20-cm-passion\/\" \/>\n<meta property=\"og:locale\" content=\"fr_FR\" \/>\n<meta property=\"og:type\" content=\"article\" \/>\n<meta property=\"og:title\" content=\"COOKUT Couvercle &quot;La Merveilleuse&quot; 20 cm Passion\" \/>\n<meta property=\"og:description\" content=\"Couvercle de 20 cm adapt\u00e9 \u00e0 la casserole \u00ab La Meravigliosa \u00bb de 20 cm Caract\u00e9ristiques principales Mat\u00e9riau\u00a0:\u00a0acier inoxydable sans nickel* Dimensions\u00a0:\" \/>\n<meta property=\"og:url\" content=\"https:\/\/www.erresse-shop.it\/fr\/shop\/poeles-pots\/couvercles\/cookut-couvercle-la-merveilleuse-20-cm-passion\/\" \/>\n<meta property=\"og:site_name\" content=\"Erresse Shop\" \/>\n<meta property=\"article:modified_time\" content=\"2026-02-04T07:12:58+00:00\" \/>\n<meta property=\"og:image\" content=\"https:\/\/www.erresse-shop.it\/wp-content\/uploads\/2025\/10\/COOKUT-Coperchio-_La-Meravigliosa_-20-cm-Passione.jpg\" \/>\n\t<meta property=\"og:image:width\" content=\"1200\" \/>\n\t<meta property=\"og:image:height\" content=\"1200\" \/>\n\t<meta property=\"og:image:type\" content=\"image\/jpeg\" \/>\n<meta name=\"twitter:card\" content=\"summary_large_image\" \/>\n<script type=\"application\/ld+json\" class=\"yoast-schema-graph\">{\"@context\":\"https:\/\/schema.org\",\"@graph\":[{\"@type\":\"WebPage\",\"@id\":\"https:\/\/www.erresse-shop.it\/fr\/shop\/poeles-pots\/couvercles\/cookut-couvercle-la-merveilleuse-20-cm-passion\/\",\"url\":\"https:\/\/www.erresse-shop.it\/fr\/shop\/poeles-pots\/couvercles\/cookut-couvercle-la-merveilleuse-20-cm-passion\/\",\"name\":\"COOKUT Couvercle \\\"La Merveilleuse\\\" 20 cm Passion - Erresse Shop\",\"isPartOf\":{\"@id\":\"https:\/\/www.erresse-shop.it\/fr\/#website\"},\"datePublished\":\"2025-10-22T10:46:59+00:00\",\"dateModified\":\"2026-02-04T07:12:58+00:00\",\"description\":\"Couvercle de 20 cm adapt\u00e9 \u00e0 la casserole \u00ab La Meravigliosa \u00bb de 20 cm Caract\u00e9ristiques principales Mat\u00e9riau\u00a0:\u00a0acier inoxydable sans nickel* Dimensions\u00a0:\",\"breadcrumb\":{\"@id\":\"https:\/\/www.erresse-shop.it\/fr\/shop\/poeles-pots\/couvercles\/cookut-couvercle-la-merveilleuse-20-cm-passion\/#breadcrumb\"},\"inLanguage\":\"fr-FR\",\"potentialAction\":[{\"@type\":\"ReadAction\",\"target\":[\"https:\/\/www.erresse-shop.it\/fr\/shop\/poeles-pots\/couvercles\/cookut-couvercle-la-merveilleuse-20-cm-passion\/\"]}]},{\"@type\":\"BreadcrumbList\",\"@id\":\"https:\/\/www.erresse-shop.it\/fr\/shop\/poeles-pots\/couvercles\/cookut-couvercle-la-merveilleuse-20-cm-passion\/#breadcrumb\",\"itemListElement\":[{\"@type\":\"ListItem\",\"position\":1,\"name\":\"Home\",\"item\":\"https:\/\/www.erresse-shop.it\/fr\/\"},{\"@type\":\"ListItem\",\"position\":2,\"name\":\"Shop\",\"item\":\"https:\/\/www.erresse-shop.it\/fr\/shop\/\"},{\"@type\":\"ListItem\",\"position\":3,\"name\":\"COOKUT Couvercle &#8220;La Merveilleuse&#8221; 20 cm Passion\"}]},{\"@type\":\"WebSite\",\"@id\":\"https:\/\/www.erresse-shop.it\/fr\/#website\",\"url\":\"https:\/\/www.erresse-shop.it\/fr\/\",\"name\":\"Erresse Shop\",\"description\":\"Articoli di qualit\u00e0 per la casa\",\"potentialAction\":[{\"@type\":\"SearchAction\",\"target\":{\"@type\":\"EntryPoint\",\"urlTemplate\":\"https:\/\/www.erresse-shop.it\/fr\/?s={search_term_string}\"},\"query-input\":\"required name=search_term_string\"}],\"inLanguage\":\"fr-FR\"}]}<\/script>\n<!-- \/ Yoast SEO Premium plugin. -->","yoast_head_json":{"title":"COOKUT Couvercle \"La Merveilleuse\" 20 cm Passion - Erresse Shop","description":"Couvercle de 20 cm adapt\u00e9 \u00e0 la casserole \u00ab La Meravigliosa \u00bb de 20 cm Caract\u00e9ristiques principales Mat\u00e9riau\u00a0:\u00a0acier inoxydable sans nickel* Dimensions\u00a0:","robots":{"index":"index","follow":"follow","max-snippet":"max-snippet:-1","max-image-preview":"max-image-preview:large","max-video-preview":"max-video-preview:-1"},"canonical":"https:\/\/www.erresse-shop.it\/fr\/shop\/poeles-pots\/couvercles\/cookut-couvercle-la-merveilleuse-20-cm-passion\/","og_locale":"fr_FR","og_type":"article","og_title":"COOKUT Couvercle \"La Merveilleuse\" 20 cm Passion","og_description":"Couvercle de 20 cm adapt\u00e9 \u00e0 la casserole \u00ab La Meravigliosa \u00bb de 20 cm Caract\u00e9ristiques principales Mat\u00e9riau\u00a0:\u00a0acier inoxydable sans nickel* Dimensions\u00a0:","og_url":"https:\/\/www.erresse-shop.it\/fr\/shop\/poeles-pots\/couvercles\/cookut-couvercle-la-merveilleuse-20-cm-passion\/","og_site_name":"Erresse Shop","article_modified_time":"2026-02-04T07:12:58+00:00","og_image":[{"width":1200,"height":1200,"url":"https:\/\/www.erresse-shop.it\/wp-content\/uploads\/2025\/10\/COOKUT-Coperchio-_La-Meravigliosa_-20-cm-Passione.jpg","type":"image\/jpeg"}],"twitter_card":"summary_large_image","schema":{"@context":"https:\/\/schema.org","@graph":[{"@type":"WebPage","@id":"https:\/\/www.erresse-shop.it\/fr\/shop\/poeles-pots\/couvercles\/cookut-couvercle-la-merveilleuse-20-cm-passion\/","url":"https:\/\/www.erresse-shop.it\/fr\/shop\/poeles-pots\/couvercles\/cookut-couvercle-la-merveilleuse-20-cm-passion\/","name":"COOKUT Couvercle \"La Merveilleuse\" 20 cm Passion - Erresse Shop","isPartOf":{"@id":"https:\/\/www.erresse-shop.it\/fr\/#website"},"datePublished":"2025-10-22T10:46:59+00:00","dateModified":"2026-02-04T07:12:58+00:00","description":"Couvercle de 20 cm adapt\u00e9 \u00e0 la casserole \u00ab La Meravigliosa \u00bb de 20 cm Caract\u00e9ristiques principales Mat\u00e9riau\u00a0:\u00a0acier inoxydable sans nickel* Dimensions\u00a0:","breadcrumb":{"@id":"https:\/\/www.erresse-shop.it\/fr\/shop\/poeles-pots\/couvercles\/cookut-couvercle-la-merveilleuse-20-cm-passion\/#breadcrumb"},"inLanguage":"fr-FR","potentialAction":[{"@type":"ReadAction","target":["https:\/\/www.erresse-shop.it\/fr\/shop\/poeles-pots\/couvercles\/cookut-couvercle-la-merveilleuse-20-cm-passion\/"]}]},{"@type":"BreadcrumbList","@id":"https:\/\/www.erresse-shop.it\/fr\/shop\/poeles-pots\/couvercles\/cookut-couvercle-la-merveilleuse-20-cm-passion\/#breadcrumb","itemListElement":[{"@type":"ListItem","position":1,"name":"Home","item":"https:\/\/www.erresse-shop.it\/fr\/"},{"@type":"ListItem","position":2,"name":"Shop","item":"https:\/\/www.erresse-shop.it\/fr\/shop\/"},{"@type":"ListItem","position":3,"name":"COOKUT Couvercle &#8220;La Merveilleuse&#8221; 20 cm Passion"}]},{"@type":"WebSite","@id":"https:\/\/www.erresse-shop.it\/fr\/#website","url":"https:\/\/www.erresse-shop.it\/fr\/","name":"Erresse Shop","description":"Articoli di qualit\u00e0 per la casa","potentialAction":[{"@type":"SearchAction","target":{"@type":"EntryPoint","urlTemplate":"https:\/\/www.erresse-shop.it\/fr\/?s={search_term_string}"},"query-input":"required name=search_term_string"}],"inLanguage":"fr-FR"}]}},"df_price":29,"df_sale_price":29,"df_regular_price":29.9,"df_image_link":"https:\/\/www.erresse-shop.it\/wp-content\/uploads\/2025\/10\/COOKUT-Coperchio-_La-Meravigliosa_-20-cm-Passione-300x300.jpg","_links":{"self":[{"href":"https:\/\/www.erresse-shop.it\/fr\/wp-json\/wp\/v2\/product\/514532"}],"collection":[{"href":"https:\/\/www.erresse-shop.it\/fr\/wp-json\/wp\/v2\/product"}],"about":[{"href":"https:\/\/www.erresse-shop.it\/fr\/wp-json\/wp\/v2\/types\/product"}],"wp:featuredmedia":[{"embeddable":true,"href":"https:\/\/www.erresse-shop.it\/fr\/wp-json\/wp\/v2\/media\/514549"}],"wp:attachment":[{"href":"https:\/\/www.erresse-shop.it\/fr\/wp-json\/wp\/v2\/media?parent=514532"}],"wp:term":[{"taxonomy":"product_cat","embeddable":true,"href":"https:\/\/www.erresse-shop.it\/fr\/wp-json\/wp\/v2\/product_cat?post=514532"},{"taxonomy":"product_tag","embeddable":true,"href":"https:\/\/www.erresse-shop.it\/fr\/wp-json\/wp\/v2\/product_tag?post=514532"}],"curies":[{"name":"wp","href":"https:\/\/api.w.org\/{rel}","templated":true}]}}