{"id":514226,"date":"2025-10-21T10:13:54","date_gmt":"2025-10-21T10:13:58","guid":{"rendered":"https:\/\/www.erresse-shop.it\/?post_type=product&#038;p=514226"},"modified":"2025-10-21T10:27:00","modified_gmt":"2025-10-21T10:27:00","slug":"le-creuset-gril-rectangulaire-en-fonte-32x22-cm-nuit","status":"publish","type":"product","link":"https:\/\/www.erresse-shop.it\/fr\/shop\/poeles-pots\/grils-a-steak\/le-creuset-gril-rectangulaire-en-fonte-32x22-cm-nuit\/","title":{"rendered":"LE CREUSET Gril rectangulaire en fonte 32\u00d722 cm Nuit"},"content":{"rendered":"<p>Profitez de tous les parfums et ar\u00f4mes d&#8217;un barbecue en plein air dans votre cuisine. Avec ce gril en fonte \u00e9maill\u00e9e, il est facile de griller du poulet, des steaks, du poisson, des l\u00e9gumes et plus encore, en pr\u00e9servant les saveurs et les ar\u00f4mes et en obtenant l&#8217;effet gril comme un barbecue parfait. Gr\u00e2ce \u00e0 sa forme, il prend peu de place.<\/p>\n<ul>\n<li>Polyvalence : Ce produit convient au four, \u00e0 la cuisini\u00e8re et au four en mode grill.<\/li>\n<li>Des aliments savoureux : la fonte \u00e9maill\u00e9e retient la chaleur pour une cuisson et un brunissement uniformes. Vos d\u00e9licieuses cr\u00e9ations resteront \u00e9galement chaudes plus longtemps \u00e0 table.<\/li>\n<li>Grill Grooves\u00a0: cr\u00e9ez des rayures de barbecue authentiques pour des aliments \u00e0 l&#8217;aspect incroyable.<\/li>\n<li>Pas trop chaud : faites cuire \u00e0 feu doux \u00e0 moyen constant pour prendre soin de votre produit en fonte et obtenir des r\u00e9sultats d\u00e9licieux.<\/li>\n<li>S&#8217;am\u00e9liore avec le temps : l&#8217;int\u00e9rieur \u00e9maill\u00e9 d\u00e9veloppe une patine naturelle qui agit presque comme une surface antiadh\u00e9sive. Sa finition poss\u00e8de des propri\u00e9t\u00e9s qui emp\u00eachent les aliments de coller m\u00eame avec de petites quantit\u00e9s d&#8217;huile. Laver le produit uniquement \u00e0 l&#8217;eau pour permettre \u00e0 la patine de se d\u00e9velopper.<\/li>\n<li>Le meilleur de sa cat\u00e9gorie\u00a0: nos produits sont fabriqu\u00e9s \u00e0 partir des meilleurs mat\u00e9riaux dans des usines du monde entier pour offrir la qualit\u00e9 que vous attendez de Le Creuset.<\/li>\n<\/ul>\n<p>Mat\u00e9riau : fonte vitrifi\u00e9e<br \/>\nFabriqu\u00e9 en: France<br \/>\nGarantie : \u00c0 vie<\/p>\n<p><strong>Source de chaleur\u00a0:<\/strong><\/p>\n<ul>\n<li>Four<\/li>\n<li>Four en mode gril<\/li>\n<li>Plaque de cuisson \u00e9lectrique<\/li>\n<li>C\u00e9ramique en verre<\/li>\n<li>Plan gaz<\/li>\n<li>Plaque \u00e0 induction<\/li>\n<\/ul>\n<p><strong>Nettoyage et entretien\u00a0:<\/strong><\/p>\n<ul>\n<li class=\"mb-3\">Attendez que le produit refroidisse compl\u00e8tement avant de commencer \u00e0 le nettoyer.<\/li>\n<li class=\"mb-3\">Retirez tout r\u00e9sidu de la base et des parois lat\u00e9rales du produit. Pour les r\u00e9sidus alimentaires tenaces, remplissez le produit d&#8217;eau chaude savonneuse et laissez-le tremper pendant 15 \u00e0 20 minutes avant de le laver comme d&#8217;habitude.<\/li>\n<li class=\"mb-3\">N&#8217;utilisez pas de d\u00e9tergents abrasifs ni d&#8217;\u00e9ponges m\u00e9talliques abrasives ni de brosses tr\u00e8s dures et rigides pour nettoyer les surfaces.<\/li>\n<li>Apr\u00e8s le lavage, s\u00e9chez soigneusement le produit et rangez-le dans un endroit sec.<\/li>\n<\/ul>\n","protected":false},"excerpt":{"rendered":"<p>Profitez de tous les parfums et ar\u00f4mes d&#8217;un barbecue en plein air dans votre cuisine. Avec ce gril en fonte<\/p>\n","protected":false},"featured_media":514249,"template":"","meta":{"_acf_changed":false,"inline_featured_image":false},"product_cat":[12458,12775],"product_tag":[25086,21529,25021,12994,12460,13269,12858,13192,12461],"acf":[],"yoast_head":"<!-- This site is optimized with the Yoast SEO Premium plugin v18.6 (Yoast SEO v19.13) - https:\/\/yoast.com\/wordpress\/plugins\/seo\/ -->\n<title>LE CREUSET Gril rectangulaire en fonte 32\u00d722 cm Nuit - Erresse Shop<\/title>\n<meta name=\"description\" content=\"Profitez de tous les parfums et ar\u00f4mes d&#039;un barbecue en plein air dans votre cuisine. Avec ce gril en fonte \u00e9maill\u00e9e, il est facile de griller du poulet,\" \/>\n<meta name=\"robots\" content=\"index, follow, max-snippet:-1, max-image-preview:large, max-video-preview:-1\" \/>\n<link rel=\"canonical\" href=\"https:\/\/www.erresse-shop.it\/fr\/shop\/poeles-pots\/grils-a-steak\/le-creuset-gril-rectangulaire-en-fonte-32x22-cm-nuit\/\" \/>\n<meta property=\"og:locale\" content=\"fr_FR\" \/>\n<meta property=\"og:type\" content=\"article\" \/>\n<meta property=\"og:title\" content=\"LE CREUSET Gril rectangulaire en fonte 32\u00d722 cm Nuit\" \/>\n<meta property=\"og:description\" content=\"Profitez de tous les parfums et ar\u00f4mes d&#039;un barbecue en plein air dans votre cuisine. Avec ce gril en fonte \u00e9maill\u00e9e, il est facile de griller du poulet,\" \/>\n<meta property=\"og:url\" content=\"https:\/\/www.erresse-shop.it\/fr\/shop\/poeles-pots\/grils-a-steak\/le-creuset-gril-rectangulaire-en-fonte-32x22-cm-nuit\/\" \/>\n<meta property=\"og:site_name\" content=\"Erresse Shop\" \/>\n<meta property=\"article:modified_time\" content=\"2025-10-21T10:27:00+00:00\" \/>\n<meta property=\"og:image\" content=\"https:\/\/www.erresse-shop.it\/wp-content\/uploads\/2025\/10\/LE-CREUSET-Griglia-Rettangolare-in-Ghisa-32-22-cm-Nuit.jpg\" \/>\n\t<meta property=\"og:image:width\" content=\"1200\" \/>\n\t<meta property=\"og:image:height\" content=\"1200\" \/>\n\t<meta property=\"og:image:type\" content=\"image\/jpeg\" \/>\n<meta name=\"twitter:card\" content=\"summary_large_image\" \/>\n<script type=\"application\/ld+json\" class=\"yoast-schema-graph\">{\"@context\":\"https:\/\/schema.org\",\"@graph\":[{\"@type\":\"WebPage\",\"@id\":\"https:\/\/www.erresse-shop.it\/fr\/shop\/poeles-pots\/grils-a-steak\/le-creuset-gril-rectangulaire-en-fonte-32x22-cm-nuit\/\",\"url\":\"https:\/\/www.erresse-shop.it\/fr\/shop\/poeles-pots\/grils-a-steak\/le-creuset-gril-rectangulaire-en-fonte-32x22-cm-nuit\/\",\"name\":\"LE CREUSET Gril rectangulaire en fonte 32\u00d722 cm Nuit - Erresse Shop\",\"isPartOf\":{\"@id\":\"https:\/\/www.erresse-shop.it\/fr\/#website\"},\"datePublished\":\"2025-10-21T10:13:58+00:00\",\"dateModified\":\"2025-10-21T10:27:00+00:00\",\"description\":\"Profitez de tous les parfums et ar\u00f4mes d'un barbecue en plein air dans votre cuisine. Avec ce gril en fonte \u00e9maill\u00e9e, il est facile de griller du poulet,\",\"breadcrumb\":{\"@id\":\"https:\/\/www.erresse-shop.it\/fr\/shop\/poeles-pots\/grils-a-steak\/le-creuset-gril-rectangulaire-en-fonte-32x22-cm-nuit\/#breadcrumb\"},\"inLanguage\":\"fr-FR\",\"potentialAction\":[{\"@type\":\"ReadAction\",\"target\":[\"https:\/\/www.erresse-shop.it\/fr\/shop\/poeles-pots\/grils-a-steak\/le-creuset-gril-rectangulaire-en-fonte-32x22-cm-nuit\/\"]}]},{\"@type\":\"BreadcrumbList\",\"@id\":\"https:\/\/www.erresse-shop.it\/fr\/shop\/poeles-pots\/grils-a-steak\/le-creuset-gril-rectangulaire-en-fonte-32x22-cm-nuit\/#breadcrumb\",\"itemListElement\":[{\"@type\":\"ListItem\",\"position\":1,\"name\":\"Home\",\"item\":\"https:\/\/www.erresse-shop.it\/fr\/\"},{\"@type\":\"ListItem\",\"position\":2,\"name\":\"Shop\",\"item\":\"https:\/\/www.erresse-shop.it\/fr\/shop\/\"},{\"@type\":\"ListItem\",\"position\":3,\"name\":\"LE CREUSET Gril rectangulaire en fonte 32\u00d722 cm Nuit\"}]},{\"@type\":\"WebSite\",\"@id\":\"https:\/\/www.erresse-shop.it\/fr\/#website\",\"url\":\"https:\/\/www.erresse-shop.it\/fr\/\",\"name\":\"Erresse Shop\",\"description\":\"Articoli di qualit\u00e0 per la casa\",\"potentialAction\":[{\"@type\":\"SearchAction\",\"target\":{\"@type\":\"EntryPoint\",\"urlTemplate\":\"https:\/\/www.erresse-shop.it\/fr\/?s={search_term_string}\"},\"query-input\":\"required name=search_term_string\"}],\"inLanguage\":\"fr-FR\"}]}<\/script>\n<!-- \/ Yoast SEO Premium plugin. -->","yoast_head_json":{"title":"LE CREUSET Gril rectangulaire en fonte 32\u00d722 cm Nuit - Erresse Shop","description":"Profitez de tous les parfums et ar\u00f4mes d'un barbecue en plein air dans votre cuisine. Avec ce gril en fonte \u00e9maill\u00e9e, il est facile de griller du poulet,","robots":{"index":"index","follow":"follow","max-snippet":"max-snippet:-1","max-image-preview":"max-image-preview:large","max-video-preview":"max-video-preview:-1"},"canonical":"https:\/\/www.erresse-shop.it\/fr\/shop\/poeles-pots\/grils-a-steak\/le-creuset-gril-rectangulaire-en-fonte-32x22-cm-nuit\/","og_locale":"fr_FR","og_type":"article","og_title":"LE CREUSET Gril rectangulaire en fonte 32\u00d722 cm Nuit","og_description":"Profitez de tous les parfums et ar\u00f4mes d'un barbecue en plein air dans votre cuisine. Avec ce gril en fonte \u00e9maill\u00e9e, il est facile de griller du poulet,","og_url":"https:\/\/www.erresse-shop.it\/fr\/shop\/poeles-pots\/grils-a-steak\/le-creuset-gril-rectangulaire-en-fonte-32x22-cm-nuit\/","og_site_name":"Erresse Shop","article_modified_time":"2025-10-21T10:27:00+00:00","og_image":[{"width":1200,"height":1200,"url":"https:\/\/www.erresse-shop.it\/wp-content\/uploads\/2025\/10\/LE-CREUSET-Griglia-Rettangolare-in-Ghisa-32-22-cm-Nuit.jpg","type":"image\/jpeg"}],"twitter_card":"summary_large_image","schema":{"@context":"https:\/\/schema.org","@graph":[{"@type":"WebPage","@id":"https:\/\/www.erresse-shop.it\/fr\/shop\/poeles-pots\/grils-a-steak\/le-creuset-gril-rectangulaire-en-fonte-32x22-cm-nuit\/","url":"https:\/\/www.erresse-shop.it\/fr\/shop\/poeles-pots\/grils-a-steak\/le-creuset-gril-rectangulaire-en-fonte-32x22-cm-nuit\/","name":"LE CREUSET Gril rectangulaire en fonte 32\u00d722 cm Nuit - Erresse Shop","isPartOf":{"@id":"https:\/\/www.erresse-shop.it\/fr\/#website"},"datePublished":"2025-10-21T10:13:58+00:00","dateModified":"2025-10-21T10:27:00+00:00","description":"Profitez de tous les parfums et ar\u00f4mes d'un barbecue en plein air dans votre cuisine. Avec ce gril en fonte \u00e9maill\u00e9e, il est facile de griller du poulet,","breadcrumb":{"@id":"https:\/\/www.erresse-shop.it\/fr\/shop\/poeles-pots\/grils-a-steak\/le-creuset-gril-rectangulaire-en-fonte-32x22-cm-nuit\/#breadcrumb"},"inLanguage":"fr-FR","potentialAction":[{"@type":"ReadAction","target":["https:\/\/www.erresse-shop.it\/fr\/shop\/poeles-pots\/grils-a-steak\/le-creuset-gril-rectangulaire-en-fonte-32x22-cm-nuit\/"]}]},{"@type":"BreadcrumbList","@id":"https:\/\/www.erresse-shop.it\/fr\/shop\/poeles-pots\/grils-a-steak\/le-creuset-gril-rectangulaire-en-fonte-32x22-cm-nuit\/#breadcrumb","itemListElement":[{"@type":"ListItem","position":1,"name":"Home","item":"https:\/\/www.erresse-shop.it\/fr\/"},{"@type":"ListItem","position":2,"name":"Shop","item":"https:\/\/www.erresse-shop.it\/fr\/shop\/"},{"@type":"ListItem","position":3,"name":"LE CREUSET Gril rectangulaire en fonte 32\u00d722 cm Nuit"}]},{"@type":"WebSite","@id":"https:\/\/www.erresse-shop.it\/fr\/#website","url":"https:\/\/www.erresse-shop.it\/fr\/","name":"Erresse Shop","description":"Articoli di qualit\u00e0 per la casa","potentialAction":[{"@type":"SearchAction","target":{"@type":"EntryPoint","urlTemplate":"https:\/\/www.erresse-shop.it\/fr\/?s={search_term_string}"},"query-input":"required name=search_term_string"}],"inLanguage":"fr-FR"}]}},"df_price":60.75,"df_sale_price":60.75,"df_regular_price":135,"df_image_link":"https:\/\/www.erresse-shop.it\/wp-content\/uploads\/2025\/10\/LE-CREUSET-Griglia-Rettangolare-in-Ghisa-32-22-cm-Nuit-300x300.jpg","_links":{"self":[{"href":"https:\/\/www.erresse-shop.it\/fr\/wp-json\/wp\/v2\/product\/514226"}],"collection":[{"href":"https:\/\/www.erresse-shop.it\/fr\/wp-json\/wp\/v2\/product"}],"about":[{"href":"https:\/\/www.erresse-shop.it\/fr\/wp-json\/wp\/v2\/types\/product"}],"wp:featuredmedia":[{"embeddable":true,"href":"https:\/\/www.erresse-shop.it\/fr\/wp-json\/wp\/v2\/media\/514249"}],"wp:attachment":[{"href":"https:\/\/www.erresse-shop.it\/fr\/wp-json\/wp\/v2\/media?parent=514226"}],"wp:term":[{"taxonomy":"product_cat","embeddable":true,"href":"https:\/\/www.erresse-shop.it\/fr\/wp-json\/wp\/v2\/product_cat?post=514226"},{"taxonomy":"product_tag","embeddable":true,"href":"https:\/\/www.erresse-shop.it\/fr\/wp-json\/wp\/v2\/product_tag?post=514226"}],"curies":[{"name":"wp","href":"https:\/\/api.w.org\/{rel}","templated":true}]}}