{"id":512978,"date":"2025-10-02T09:29:29","date_gmt":"2025-10-02T09:29:32","guid":{"rendered":"https:\/\/www.erresse-shop.it\/?post_type=product&#038;p=512978"},"modified":"2025-10-02T09:35:40","modified_gmt":"2025-10-02T09:35:40","slug":"le-creuset-moule-a-pain-en-fonte-noir","status":"publish","type":"product","link":"https:\/\/www.erresse-shop.it\/fr\/shop\/poeles-pots\/plats-et-casseroles-a-four\/le-creuset-moule-a-pain-en-fonte-noir\/","title":{"rendered":"LE CREUSET Moule \u00e0 pain en fonte Noir"},"content":{"rendered":"<div class=\"long-desc pt-1-2\">\n<p>Exp\u00e9rimentez diff\u00e9rentes recettes avec votre moule \u00e0 pain Evolution. Fabriqu\u00e9 en fonte avec un int\u00e9rieur en \u00e9mail noir, il pr\u00e9sente des bords et des angles droits pour une cuisson facile et uniforme, ainsi que des poign\u00e9es incurv\u00e9es pour une prise en main s\u00fbre. Utilisez-le pour pr\u00e9parer du pain, des g\u00e2teaux, des miches et bien plus encore.<\/p>\n<div><\/div>\n<div class=\"long-desc pt-1-2\">\n<p>D\u00e9tails\u00a0:<\/p>\n<div class=\"col-12 d-flex flex-column p-0 pt-1-2 border-image-top-2 border-image-bottom-2\">\n<div class=\"p-0 description-message t-style-2 t-swiss\">\n<ul>\n<li class=\"m-0\">Polyvalence\u00a0: Ce produit convient au four, \u00e0 la cuisini\u00e8re et au gril.<\/li>\n<li class=\"m-0\">Des plats savoureux\u00a0: La fonte \u00e9maill\u00e9e retient la chaleur pour une cuisson et un brunissement uniformes. Vos d\u00e9licieuses cr\u00e9ations resteront chaudes plus longtemps, m\u00eame \u00e0 table.<\/li>\n<li class=\"m-0\">S&#8217;am\u00e9liore avec le temps\u00a0: l&#8217;int\u00e9rieur \u00e9maill\u00e9 d\u00e9veloppe une patine naturelle qui agit presque comme une surface antiadh\u00e9sive. Sa finition emp\u00eache les aliments d&#8217;attacher, m\u00eame avec une petite quantit\u00e9 d&#8217;huile. Il est pr\u00e9f\u00e9rable de laver le produit \u00e0 l&#8217;eau uniquement.<\/li>\n<li class=\"m-0\">Le meilleur de sa cat\u00e9gorie\u00a0: Nos produits sont fabriqu\u00e9s \u00e0 partir des meilleurs mat\u00e9riaux dans des usines du monde entier pour garantir la qualit\u00e9 que vous attendez de Le Creuset.<\/li>\n<\/ul>\n<\/div>\n<\/div>\n<p>Mat\u00e9riau\u00a0: Fonte vitrifi\u00e9e<br \/>\nFabriqu\u00e9 en\u00a0: France<br \/>\nGarantie\u00a0: \u00c0 vie<\/p>\n<p><strong>Source de chaleur\u00a0:<\/strong><\/p>\n<ul>\n<li>Four<\/li>\n<li>Four en mode gril<\/li>\n<li>Plaque de cuisson \u00e9lectrique<\/li>\n<li>Vitroc\u00e9ramique<\/li>\n<li>Plaque de cuisson \u00e0 gaz<\/li>\n<li>Plaque de cuisson \u00e0 induction<\/li>\n<\/ul>\n<p><strong>Nettoyage et entretien\u00a0:<\/strong><\/p>\n<ul>\n<li>Attendre que le produit refroidisse avant de le nettoyer.<\/li>\n<li>Essuyer tout r\u00e9sidu sur la base et les c\u00f4t\u00e9s du produit. Si des aliments sont coinc\u00e9s, remplissez le produit d&#8217;eau chaude savonneuse et laissez-le tremper 15 \u00e0 20 minutes avant de le laver comme d&#8217;habitude.N&#8217;utilisez pas de nettoyants abrasifs, ni d&#8217;\u00e9ponges ou de brosses m\u00e9talliques, abrasives ou tr\u00e8s dures sur les surfaces.\n<p>S\u00e9chez soigneusement apr\u00e8s le lavage et rangez-le dans un endroit sec.<\/li>\n<\/ul>\n<\/div>\n<\/div>\n","protected":false},"excerpt":{"rendered":"<p>Exp\u00e9rimentez diff\u00e9rentes recettes avec votre moule \u00e0 pain Evolution. Fabriqu\u00e9 en fonte avec un int\u00e9rieur en \u00e9mail noir, il pr\u00e9sente<\/p>\n","protected":false},"featured_media":513008,"template":"","meta":{"_acf_changed":false,"inline_featured_image":false},"product_cat":[12458,14805],"product_tag":[25086,21529,25021,14826,12994,12460,12461,15900,19085],"acf":[],"yoast_head":"<!-- This site is optimized with the Yoast SEO Premium plugin v18.6 (Yoast SEO v19.13) - https:\/\/yoast.com\/wordpress\/plugins\/seo\/ -->\n<title>LE CREUSET Moule \u00e0 pain en fonte Noir - Erresse Shop<\/title>\n<meta name=\"description\" content=\"Exp\u00e9rimentez diff\u00e9rentes recettes avec votre moule \u00e0 pain Evolution. Fabriqu\u00e9 en fonte avec un int\u00e9rieur en \u00e9mail noir, il pr\u00e9sente des bords et des\" \/>\n<meta name=\"robots\" content=\"index, follow, max-snippet:-1, max-image-preview:large, max-video-preview:-1\" \/>\n<link rel=\"canonical\" href=\"https:\/\/www.erresse-shop.it\/fr\/shop\/poeles-pots\/plats-et-casseroles-a-four\/le-creuset-moule-a-pain-en-fonte-noir\/\" \/>\n<meta property=\"og:locale\" content=\"fr_FR\" \/>\n<meta property=\"og:type\" content=\"article\" \/>\n<meta property=\"og:title\" content=\"LE CREUSET Moule \u00e0 pain en fonte Noir\" \/>\n<meta property=\"og:description\" content=\"Exp\u00e9rimentez diff\u00e9rentes recettes avec votre moule \u00e0 pain Evolution. Fabriqu\u00e9 en fonte avec un int\u00e9rieur en \u00e9mail noir, il pr\u00e9sente des bords et des\" \/>\n<meta property=\"og:url\" content=\"https:\/\/www.erresse-shop.it\/fr\/shop\/poeles-pots\/plats-et-casseroles-a-four\/le-creuset-moule-a-pain-en-fonte-noir\/\" \/>\n<meta property=\"og:site_name\" content=\"Erresse Shop\" \/>\n<meta property=\"article:modified_time\" content=\"2025-10-02T09:35:40+00:00\" \/>\n<meta property=\"og:image\" content=\"https:\/\/www.erresse-shop.it\/wp-content\/uploads\/2025\/10\/LE-CREUSET-Stampo-Pane-in-ghisa-vetrificata-23-cm-Nero.jpg\" \/>\n\t<meta property=\"og:image:width\" content=\"1200\" \/>\n\t<meta property=\"og:image:height\" content=\"1200\" \/>\n\t<meta property=\"og:image:type\" content=\"image\/jpeg\" \/>\n<meta name=\"twitter:card\" content=\"summary_large_image\" \/>\n<script type=\"application\/ld+json\" class=\"yoast-schema-graph\">{\"@context\":\"https:\/\/schema.org\",\"@graph\":[{\"@type\":\"WebPage\",\"@id\":\"https:\/\/www.erresse-shop.it\/fr\/shop\/poeles-pots\/plats-et-casseroles-a-four\/le-creuset-moule-a-pain-en-fonte-noir\/\",\"url\":\"https:\/\/www.erresse-shop.it\/fr\/shop\/poeles-pots\/plats-et-casseroles-a-four\/le-creuset-moule-a-pain-en-fonte-noir\/\",\"name\":\"LE CREUSET Moule \u00e0 pain en fonte Noir - Erresse Shop\",\"isPartOf\":{\"@id\":\"https:\/\/www.erresse-shop.it\/fr\/#website\"},\"datePublished\":\"2025-10-02T09:29:32+00:00\",\"dateModified\":\"2025-10-02T09:35:40+00:00\",\"description\":\"Exp\u00e9rimentez diff\u00e9rentes recettes avec votre moule \u00e0 pain Evolution. Fabriqu\u00e9 en fonte avec un int\u00e9rieur en \u00e9mail noir, il pr\u00e9sente des bords et des\",\"breadcrumb\":{\"@id\":\"https:\/\/www.erresse-shop.it\/fr\/shop\/poeles-pots\/plats-et-casseroles-a-four\/le-creuset-moule-a-pain-en-fonte-noir\/#breadcrumb\"},\"inLanguage\":\"fr-FR\",\"potentialAction\":[{\"@type\":\"ReadAction\",\"target\":[\"https:\/\/www.erresse-shop.it\/fr\/shop\/poeles-pots\/plats-et-casseroles-a-four\/le-creuset-moule-a-pain-en-fonte-noir\/\"]}]},{\"@type\":\"BreadcrumbList\",\"@id\":\"https:\/\/www.erresse-shop.it\/fr\/shop\/poeles-pots\/plats-et-casseroles-a-four\/le-creuset-moule-a-pain-en-fonte-noir\/#breadcrumb\",\"itemListElement\":[{\"@type\":\"ListItem\",\"position\":1,\"name\":\"Home\",\"item\":\"https:\/\/www.erresse-shop.it\/fr\/\"},{\"@type\":\"ListItem\",\"position\":2,\"name\":\"Shop\",\"item\":\"https:\/\/www.erresse-shop.it\/fr\/shop\/\"},{\"@type\":\"ListItem\",\"position\":3,\"name\":\"LE CREUSET Moule \u00e0 pain en fonte Noir\"}]},{\"@type\":\"WebSite\",\"@id\":\"https:\/\/www.erresse-shop.it\/fr\/#website\",\"url\":\"https:\/\/www.erresse-shop.it\/fr\/\",\"name\":\"Erresse Shop\",\"description\":\"Articoli di qualit\u00e0 per la casa\",\"potentialAction\":[{\"@type\":\"SearchAction\",\"target\":{\"@type\":\"EntryPoint\",\"urlTemplate\":\"https:\/\/www.erresse-shop.it\/fr\/?s={search_term_string}\"},\"query-input\":\"required name=search_term_string\"}],\"inLanguage\":\"fr-FR\"}]}<\/script>\n<!-- \/ Yoast SEO Premium plugin. -->","yoast_head_json":{"title":"LE CREUSET Moule \u00e0 pain en fonte Noir - Erresse Shop","description":"Exp\u00e9rimentez diff\u00e9rentes recettes avec votre moule \u00e0 pain Evolution. Fabriqu\u00e9 en fonte avec un int\u00e9rieur en \u00e9mail noir, il pr\u00e9sente des bords et des","robots":{"index":"index","follow":"follow","max-snippet":"max-snippet:-1","max-image-preview":"max-image-preview:large","max-video-preview":"max-video-preview:-1"},"canonical":"https:\/\/www.erresse-shop.it\/fr\/shop\/poeles-pots\/plats-et-casseroles-a-four\/le-creuset-moule-a-pain-en-fonte-noir\/","og_locale":"fr_FR","og_type":"article","og_title":"LE CREUSET Moule \u00e0 pain en fonte Noir","og_description":"Exp\u00e9rimentez diff\u00e9rentes recettes avec votre moule \u00e0 pain Evolution. Fabriqu\u00e9 en fonte avec un int\u00e9rieur en \u00e9mail noir, il pr\u00e9sente des bords et des","og_url":"https:\/\/www.erresse-shop.it\/fr\/shop\/poeles-pots\/plats-et-casseroles-a-four\/le-creuset-moule-a-pain-en-fonte-noir\/","og_site_name":"Erresse Shop","article_modified_time":"2025-10-02T09:35:40+00:00","og_image":[{"width":1200,"height":1200,"url":"https:\/\/www.erresse-shop.it\/wp-content\/uploads\/2025\/10\/LE-CREUSET-Stampo-Pane-in-ghisa-vetrificata-23-cm-Nero.jpg","type":"image\/jpeg"}],"twitter_card":"summary_large_image","schema":{"@context":"https:\/\/schema.org","@graph":[{"@type":"WebPage","@id":"https:\/\/www.erresse-shop.it\/fr\/shop\/poeles-pots\/plats-et-casseroles-a-four\/le-creuset-moule-a-pain-en-fonte-noir\/","url":"https:\/\/www.erresse-shop.it\/fr\/shop\/poeles-pots\/plats-et-casseroles-a-four\/le-creuset-moule-a-pain-en-fonte-noir\/","name":"LE CREUSET Moule \u00e0 pain en fonte Noir - Erresse Shop","isPartOf":{"@id":"https:\/\/www.erresse-shop.it\/fr\/#website"},"datePublished":"2025-10-02T09:29:32+00:00","dateModified":"2025-10-02T09:35:40+00:00","description":"Exp\u00e9rimentez diff\u00e9rentes recettes avec votre moule \u00e0 pain Evolution. Fabriqu\u00e9 en fonte avec un int\u00e9rieur en \u00e9mail noir, il pr\u00e9sente des bords et des","breadcrumb":{"@id":"https:\/\/www.erresse-shop.it\/fr\/shop\/poeles-pots\/plats-et-casseroles-a-four\/le-creuset-moule-a-pain-en-fonte-noir\/#breadcrumb"},"inLanguage":"fr-FR","potentialAction":[{"@type":"ReadAction","target":["https:\/\/www.erresse-shop.it\/fr\/shop\/poeles-pots\/plats-et-casseroles-a-four\/le-creuset-moule-a-pain-en-fonte-noir\/"]}]},{"@type":"BreadcrumbList","@id":"https:\/\/www.erresse-shop.it\/fr\/shop\/poeles-pots\/plats-et-casseroles-a-four\/le-creuset-moule-a-pain-en-fonte-noir\/#breadcrumb","itemListElement":[{"@type":"ListItem","position":1,"name":"Home","item":"https:\/\/www.erresse-shop.it\/fr\/"},{"@type":"ListItem","position":2,"name":"Shop","item":"https:\/\/www.erresse-shop.it\/fr\/shop\/"},{"@type":"ListItem","position":3,"name":"LE CREUSET Moule \u00e0 pain en fonte Noir"}]},{"@type":"WebSite","@id":"https:\/\/www.erresse-shop.it\/fr\/#website","url":"https:\/\/www.erresse-shop.it\/fr\/","name":"Erresse Shop","description":"Articoli di qualit\u00e0 per la casa","potentialAction":[{"@type":"SearchAction","target":{"@type":"EntryPoint","urlTemplate":"https:\/\/www.erresse-shop.it\/fr\/?s={search_term_string}"},"query-input":"required name=search_term_string"}],"inLanguage":"fr-FR"}]}},"df_price":117,"df_sale_price":117,"df_regular_price":195,"df_image_link":"https:\/\/www.erresse-shop.it\/wp-content\/uploads\/2025\/10\/LE-CREUSET-Stampo-Pane-in-ghisa-vetrificata-23-cm-Nero-300x300.jpg","_links":{"self":[{"href":"https:\/\/www.erresse-shop.it\/fr\/wp-json\/wp\/v2\/product\/512978"}],"collection":[{"href":"https:\/\/www.erresse-shop.it\/fr\/wp-json\/wp\/v2\/product"}],"about":[{"href":"https:\/\/www.erresse-shop.it\/fr\/wp-json\/wp\/v2\/types\/product"}],"wp:featuredmedia":[{"embeddable":true,"href":"https:\/\/www.erresse-shop.it\/fr\/wp-json\/wp\/v2\/media\/513008"}],"wp:attachment":[{"href":"https:\/\/www.erresse-shop.it\/fr\/wp-json\/wp\/v2\/media?parent=512978"}],"wp:term":[{"taxonomy":"product_cat","embeddable":true,"href":"https:\/\/www.erresse-shop.it\/fr\/wp-json\/wp\/v2\/product_cat?post=512978"},{"taxonomy":"product_tag","embeddable":true,"href":"https:\/\/www.erresse-shop.it\/fr\/wp-json\/wp\/v2\/product_tag?post=512978"}],"curies":[{"name":"wp","href":"https:\/\/api.w.org\/{rel}","templated":true}]}}