{"id":512091,"date":"2025-09-11T07:24:28","date_gmt":"2025-09-11T07:24:32","guid":{"rendered":"https:\/\/www.erresse-shop.it\/?post_type=product&#038;p=512091"},"modified":"2025-09-11T07:43:38","modified_gmt":"2025-09-11T07:43:38","slug":"zwilling-ensemble-de-sacs-sous-vide-fresh-save-3-pieces","status":"publish","type":"product","link":"https:\/\/www.erresse-shop.it\/fr\/shop\/cuisine\/sous-vide\/zwilling-ensemble-de-sacs-sous-vide-fresh-save-3-pieces\/","title":{"rendered":"ZWILLING Ensemble de sacs sous vide Fresh &#038; Save 3 pi\u00e8ces"},"content":{"rendered":"<p data-start=\"112\" data-end=\"190\"><strong data-start=\"112\" data-end=\"190\">Sac sous vide L\u00a0: Format polyvalent pour un usage quotidien<\/strong><\/p>\n<p data-start=\"192\" data-end=\"531\">Le sac sous vide L de la gamme <strong data-start=\"262\" data-end=\"278\">FRESH &amp; SAVE<\/strong> a une capacit\u00e9 de <strong data-start=\"298\" data-end=\"311\">8,5 litres<\/strong>.<br data-start=\"312\" data-end=\"315\" \/>Comme tous les autres sacs du lot, il est <strong data-start=\"357\" data-end=\"375\">r\u00e9utilisable<\/strong>, <strong data-start=\"377\" data-end=\"406\">compatible micro-ondes<\/strong>, <strong data-start=\"408\" data-end=\"430\">compatible cong\u00e9lateur<\/strong> et, gr\u00e2ce \u00e0 sa <strong data-start=\"450\" data-end=\"487\">r\u00e9sistance \u00e0 la chaleur jusqu&#8217;\u00e0 100 \u00b0C<\/strong>, il est parfait pour la <strong data-start=\"507\" data-end=\"528\">cuisson sous vide<\/strong>.<\/p>\n<p data-start=\"533\" data-end=\"706\">Ces caract\u00e9ristiques en font &#8230; data-start=&#8221;567&#8243; data-end=&#8221;592&#8243;&gt;l&#8217;accessoire id\u00e9al.<br data-start=\"593\" data-end=\"596\" \/>Utilisez votre cong\u00e9lateur comme un rayon frais et congelez <strong data-start=\"668\" data-end=\"705\">l\u00e9gumes de saison, pain et viande<\/strong>.<\/p>\n<p data-start=\"708\" data-end=\"764\">Utiliser le sac sous vide est un jeu d&#8217;enfant\u00a0:<\/p>\n<ul data-start=\"766\" data-end=\"1122\">\n<li data-start=\"766\" data-end=\"804\">\n<p data-start=\"768\" data-end=\"804\">Ouvrez la <strong data-start=\"776\" data-end=\"802\">fermeture \u00e9clair du sac<\/strong><\/p>\n<\/li>\n<li data-start=\"805\" data-end=\"846\">\n<p data-start=\"807\" data-end=\"846\">Remplissez-le avec <strong data-start=\"823\" data-end=\"844\">des aliments \u00e0 congeler<\/strong><\/p>\n<\/li>\n<li data-start=\"847\" data-end=\"931\">\n<p data-start=\"849\" data-end=\"931\">Fermez-le et placez la <strong data-start=\"880\" data-end=\"915\">pompe \u00e0 vide sans fil<\/strong> sur la valve.<\/p>\n<\/li>\n<li data-start=\"932\" data-end=\"1028\">\n<p data-start=\"934\" data-end=\"1028\">D&#8217;une simple pression sur un bouton, l&#8217;air du sac sera extrait en <strong data-start=\"1009\" data-end=\"1026\">quelques secondes seulement<\/strong><\/p>\n<\/li>\n<li data-start=\"1029\" data-end=\"1122\">\n<p data-start=\"1031\" data-end=\"1122\">Appuyez sur le bouton au centre de la <strong data-start=\"1065\" data-end=\"1094\">valve en silicone rouge<\/strong> pour la fermer herm\u00e9tiquement.<\/p>\n<\/li>\n<\/ul>\n<p data-start=\"1124\" data-end=\"1287\"><strong data-start=\"1124\" data-end=\"1164\">Saveurs et vitamines seront pr\u00e9serv\u00e9es<\/strong> et les aliments resteront frais <strong data-start=\"1190\" data-end=\"1225\">jusqu&#8217;\u00e0 cinq fois plus longtemps<\/strong>\u00a0!<br data-start=\"1226\" data-end=\"1229\" \/>Les <strong data-start=\"1232\" data-end=\"1262\">br\u00fblures dues au gel appartiendront au pass\u00e9\u00a0!<\/strong><\/p>\n<p data-start=\"1289\" data-end=\"1576\">Connectez vos aliments au <strong data-start=\"1317\" data-end=\"1333\">L&#8217;application ZWILLING<\/strong> vous permet de ne jamais perdre de vue vos aliments stock\u00e9s.<br data-start=\"1385\" data-end=\"1388\" \/>Ainsi, vous saurez <strong data-start=\"1410\" data-end=\"1441\">exactement ce que vous avez \u00e0 la maison<\/strong> la prochaine fois que vous ferez vos courses\u00a0:<br data-start=\"1487\" data-end=\"1490\" \/>Il vous suffit de <strong data-start=\"1496\" data-end=\"1522\">scanner le QR code<\/strong> pr\u00e9sent sur les sacs pour suivre vos aliments stock\u00e9s.<\/p>\n<p data-start=\"1578\" data-end=\"1793\">La <strong data-start=\"1581\" data-end=\"1607\">fonction de rappel de l&#8217;application gratuite vous indique <strong data-start=\"1637\" data-end=\"1665\">quand il est temps de cuisiner un aliment particulier.<br data-start=\"1686\" data-end=\"1689\" \/>Les aliments surgel\u00e9s seront \u00e9galement impossibles \u00e0 m\u00e9langer gr\u00e2ce au <strong data-start=\"1753\" data-end=\"1792\">num\u00e9ro d&#8217;identification sur chaque sac<\/strong>.<\/strong><\/strong><\/p>\n<ul>\n<li>Fonction sous vide\u00a0: les aliments restent frais jusqu\u2019\u00e0 cinq fois plus longtemps que les m\u00e9thodes de conservation conventionnelles sans vide. Les saveurs et les nutriments sont pr\u00e9serv\u00e9s en toute s\u00e9curit\u00e9, tandis que le gaspillage alimentaire est r\u00e9duit.<\/li>\n<li>Id\u00e9al pour la cuisson sous vide, les marinades et la conservation des aliments au r\u00e9frig\u00e9rateur et au cong\u00e9lateur (la fermeture sous vide r\u00e9duit les br\u00fblures de cong\u00e9lation).<\/li>\n<li>Marinage facile gr\u00e2ce \u00e0 l&#8217;accessoire \u00e0 marinade.<\/li>\n<li>Passe au micro-ondes.<\/li>\n<li>Lot de 3 sacs sous vide, taille L (capacit\u00e9\u00a0: 8,5\u00a0L, dimensions\u00a0: 49\u00a0x\u00a030\u00a0cm (L x l).)<\/li>\n<li>Mat\u00e9riaux\u00a0: plastique (sacs, fermetures \u00e9clair), silicone (valve).<\/li>\n<li>R\u00e9utilisables, avec espace d&#8217;\u00e9tiquetage.<\/li>\n<li>Sacs sous vide faciles \u00e0 utiliser gr\u00e2ce \u00e0 la valve innovante (pompe \u00e0 vide avec verrouillage de s\u00e9curit\u00e9) et \u00e0 la fermeture \u00e9clair pour une ouverture et une fermeture simplifi\u00e9es.<\/li>\n<li>Connexion rapide des sacs via l&#8217;application ZWILLING et le QR code pr\u00e9sent sur les sacs, utile pour suivre les aliments et leur dur\u00e9e de conservation.<\/li>\n<li>Le num\u00e9ro d&#8217;identification figurant sur chaque sac sous vide permet d&#8217;identifier facilement un m\u00eame aliment, au r\u00e9frig\u00e9rateur comme au cong\u00e9lateur.<\/li>\n<li>L&#8217;application gratuite calcule la dur\u00e9e de conservation des aliments emball\u00e9s sous vide. La fonction rappel vous informe du moment opportun pour consommer les aliments stock\u00e9s. L&#8217;application propose \u00e9galement des recettes, une vid\u00e9o explicative et une liste de courses.<\/li>\n<\/ul>\n<p><strong>CARACT\u00c9RISTIQUES TECHNIQUES\u00a0:<\/strong><\/p>\n<div class=\"dimensions-content\">\n<div class=\"product-main-attributes\">\n<ul>\n<li class=\"attribute\"><span class=\"label\">R\u00e9sistance \u00e0 la chaleur\u00a0: <\/span><span class=\"value\">92\u00a0\u00b0C<\/span><\/li>\n<li class=\"attribute\"><span class=\"label\">R\u00e9sistance au froid\u00a0: <\/span><span class=\"value\">-18\u00a0\u00b0C<\/span><\/li>\n<li class=\"attribute\"><span class=\"label\">Mat\u00e9riau\u00a0: <\/span><span class=\"value\">Plastique<\/span><\/li>\n<li class=\"attribute\"><span class=\"label\">Cong\u00e9lateur\u00a0: <\/span><span class=\"value\">Oui<\/span><\/li>\n<li class=\"attribute\">Filet Poids\u00a0: <span class=\"value\">0,11\u00a0kg<\/span><\/li>\n<li class=\"attribute\"><span class=\"label\">Longueur du produit\u00a0: <\/span><span class=\"value\">49,00\u00a0cm<\/span><\/li>\n<li class=\"attribute\"><span class=\"label\">Largeur du produit\u00a0: <\/span><span class=\"value\">30,00\u00a0cm<\/span><\/li>\n<li class=\"attribute\"><span class=\"label\">Hauteur du produit\u00a0: <\/span><span class=\"value\">1,00\u00a0cm<\/span><\/li>\n<\/ul>\n<\/div>\n<\/div>\n","protected":false},"excerpt":{"rendered":"<p>Sac sous vide L\u00a0: Format polyvalent pour un usage quotidien Le sac sous vide L de la gamme FRESH &amp;<\/p>\n","protected":false},"featured_media":512114,"template":"","meta":{"_acf_changed":false,"inline_featured_image":false},"product_cat":[12748,26042],"product_tag":[],"acf":[],"yoast_head":"<!-- This site is optimized with the Yoast SEO Premium plugin v18.6 (Yoast SEO v19.13) - https:\/\/yoast.com\/wordpress\/plugins\/seo\/ -->\n<title>ZWILLING Ensemble de sacs sous vide Fresh &amp; Save 3 pi\u00e8ces - Erresse Shop<\/title>\n<meta name=\"description\" content=\"Sac sous vide L\u00a0: Format polyvalent pour un usage quotidien Le sac sous vide L de la gamme FRESH &amp; SAVE a une capacit\u00e9 de 8,5 litres.Comme tous les\" \/>\n<meta name=\"robots\" content=\"index, follow, max-snippet:-1, max-image-preview:large, max-video-preview:-1\" \/>\n<link rel=\"canonical\" href=\"https:\/\/www.erresse-shop.it\/fr\/shop\/cuisine\/sous-vide\/zwilling-ensemble-de-sacs-sous-vide-fresh-save-3-pieces\/\" \/>\n<meta property=\"og:locale\" content=\"fr_FR\" \/>\n<meta property=\"og:type\" content=\"article\" \/>\n<meta property=\"og:title\" content=\"ZWILLING Ensemble de sacs sous vide Fresh &amp; Save 3 pi\u00e8ces\" \/>\n<meta property=\"og:description\" content=\"Sac sous vide L\u00a0: Format polyvalent pour un usage quotidien Le sac sous vide L de la gamme FRESH &amp; SAVE a une capacit\u00e9 de 8,5 litres.Comme tous les\" \/>\n<meta property=\"og:url\" content=\"https:\/\/www.erresse-shop.it\/fr\/shop\/cuisine\/sous-vide\/zwilling-ensemble-de-sacs-sous-vide-fresh-save-3-pieces\/\" \/>\n<meta property=\"og:site_name\" content=\"Erresse Shop\" \/>\n<meta property=\"article:modified_time\" content=\"2025-09-11T07:43:38+00:00\" \/>\n<meta property=\"og:image\" content=\"https:\/\/www.erresse-shop.it\/wp-content\/uploads\/2025\/09\/ZWILLING-Set-Sacchetti-Sottovuoto-Fresh-e-Save-3-Pezzi.jpg\" \/>\n\t<meta property=\"og:image:width\" content=\"1200\" \/>\n\t<meta property=\"og:image:height\" content=\"1200\" \/>\n\t<meta property=\"og:image:type\" content=\"image\/jpeg\" \/>\n<meta name=\"twitter:card\" content=\"summary_large_image\" \/>\n<script type=\"application\/ld+json\" class=\"yoast-schema-graph\">{\"@context\":\"https:\/\/schema.org\",\"@graph\":[{\"@type\":\"WebPage\",\"@id\":\"https:\/\/www.erresse-shop.it\/fr\/shop\/cuisine\/sous-vide\/zwilling-ensemble-de-sacs-sous-vide-fresh-save-3-pieces\/\",\"url\":\"https:\/\/www.erresse-shop.it\/fr\/shop\/cuisine\/sous-vide\/zwilling-ensemble-de-sacs-sous-vide-fresh-save-3-pieces\/\",\"name\":\"ZWILLING Ensemble de sacs sous vide Fresh & Save 3 pi\u00e8ces - Erresse Shop\",\"isPartOf\":{\"@id\":\"https:\/\/www.erresse-shop.it\/fr\/#website\"},\"datePublished\":\"2025-09-11T07:24:32+00:00\",\"dateModified\":\"2025-09-11T07:43:38+00:00\",\"description\":\"Sac sous vide L\u00a0: Format polyvalent pour un usage quotidien Le sac sous vide L de la gamme FRESH &amp; SAVE a une capacit\u00e9 de 8,5 litres.Comme tous les\",\"breadcrumb\":{\"@id\":\"https:\/\/www.erresse-shop.it\/fr\/shop\/cuisine\/sous-vide\/zwilling-ensemble-de-sacs-sous-vide-fresh-save-3-pieces\/#breadcrumb\"},\"inLanguage\":\"fr-FR\",\"potentialAction\":[{\"@type\":\"ReadAction\",\"target\":[\"https:\/\/www.erresse-shop.it\/fr\/shop\/cuisine\/sous-vide\/zwilling-ensemble-de-sacs-sous-vide-fresh-save-3-pieces\/\"]}]},{\"@type\":\"BreadcrumbList\",\"@id\":\"https:\/\/www.erresse-shop.it\/fr\/shop\/cuisine\/sous-vide\/zwilling-ensemble-de-sacs-sous-vide-fresh-save-3-pieces\/#breadcrumb\",\"itemListElement\":[{\"@type\":\"ListItem\",\"position\":1,\"name\":\"Home\",\"item\":\"https:\/\/www.erresse-shop.it\/fr\/\"},{\"@type\":\"ListItem\",\"position\":2,\"name\":\"Shop\",\"item\":\"https:\/\/www.erresse-shop.it\/fr\/shop\/\"},{\"@type\":\"ListItem\",\"position\":3,\"name\":\"ZWILLING Ensemble de sacs sous vide Fresh &#038; Save 3 pi\u00e8ces\"}]},{\"@type\":\"WebSite\",\"@id\":\"https:\/\/www.erresse-shop.it\/fr\/#website\",\"url\":\"https:\/\/www.erresse-shop.it\/fr\/\",\"name\":\"Erresse Shop\",\"description\":\"Articoli di qualit\u00e0 per la casa\",\"potentialAction\":[{\"@type\":\"SearchAction\",\"target\":{\"@type\":\"EntryPoint\",\"urlTemplate\":\"https:\/\/www.erresse-shop.it\/fr\/?s={search_term_string}\"},\"query-input\":\"required name=search_term_string\"}],\"inLanguage\":\"fr-FR\"}]}<\/script>\n<!-- \/ Yoast SEO Premium plugin. -->","yoast_head_json":{"title":"ZWILLING Ensemble de sacs sous vide Fresh & Save 3 pi\u00e8ces - Erresse Shop","description":"Sac sous vide L\u00a0: Format polyvalent pour un usage quotidien Le sac sous vide L de la gamme FRESH &amp; SAVE a une capacit\u00e9 de 8,5 litres.Comme tous les","robots":{"index":"index","follow":"follow","max-snippet":"max-snippet:-1","max-image-preview":"max-image-preview:large","max-video-preview":"max-video-preview:-1"},"canonical":"https:\/\/www.erresse-shop.it\/fr\/shop\/cuisine\/sous-vide\/zwilling-ensemble-de-sacs-sous-vide-fresh-save-3-pieces\/","og_locale":"fr_FR","og_type":"article","og_title":"ZWILLING Ensemble de sacs sous vide Fresh & Save 3 pi\u00e8ces","og_description":"Sac sous vide L\u00a0: Format polyvalent pour un usage quotidien Le sac sous vide L de la gamme FRESH &amp; SAVE a une capacit\u00e9 de 8,5 litres.Comme tous les","og_url":"https:\/\/www.erresse-shop.it\/fr\/shop\/cuisine\/sous-vide\/zwilling-ensemble-de-sacs-sous-vide-fresh-save-3-pieces\/","og_site_name":"Erresse Shop","article_modified_time":"2025-09-11T07:43:38+00:00","og_image":[{"width":1200,"height":1200,"url":"https:\/\/www.erresse-shop.it\/wp-content\/uploads\/2025\/09\/ZWILLING-Set-Sacchetti-Sottovuoto-Fresh-e-Save-3-Pezzi.jpg","type":"image\/jpeg"}],"twitter_card":"summary_large_image","schema":{"@context":"https:\/\/schema.org","@graph":[{"@type":"WebPage","@id":"https:\/\/www.erresse-shop.it\/fr\/shop\/cuisine\/sous-vide\/zwilling-ensemble-de-sacs-sous-vide-fresh-save-3-pieces\/","url":"https:\/\/www.erresse-shop.it\/fr\/shop\/cuisine\/sous-vide\/zwilling-ensemble-de-sacs-sous-vide-fresh-save-3-pieces\/","name":"ZWILLING Ensemble de sacs sous vide Fresh & Save 3 pi\u00e8ces - Erresse Shop","isPartOf":{"@id":"https:\/\/www.erresse-shop.it\/fr\/#website"},"datePublished":"2025-09-11T07:24:32+00:00","dateModified":"2025-09-11T07:43:38+00:00","description":"Sac sous vide L\u00a0: Format polyvalent pour un usage quotidien Le sac sous vide L de la gamme FRESH &amp; SAVE a une capacit\u00e9 de 8,5 litres.Comme tous les","breadcrumb":{"@id":"https:\/\/www.erresse-shop.it\/fr\/shop\/cuisine\/sous-vide\/zwilling-ensemble-de-sacs-sous-vide-fresh-save-3-pieces\/#breadcrumb"},"inLanguage":"fr-FR","potentialAction":[{"@type":"ReadAction","target":["https:\/\/www.erresse-shop.it\/fr\/shop\/cuisine\/sous-vide\/zwilling-ensemble-de-sacs-sous-vide-fresh-save-3-pieces\/"]}]},{"@type":"BreadcrumbList","@id":"https:\/\/www.erresse-shop.it\/fr\/shop\/cuisine\/sous-vide\/zwilling-ensemble-de-sacs-sous-vide-fresh-save-3-pieces\/#breadcrumb","itemListElement":[{"@type":"ListItem","position":1,"name":"Home","item":"https:\/\/www.erresse-shop.it\/fr\/"},{"@type":"ListItem","position":2,"name":"Shop","item":"https:\/\/www.erresse-shop.it\/fr\/shop\/"},{"@type":"ListItem","position":3,"name":"ZWILLING Ensemble de sacs sous vide Fresh &#038; Save 3 pi\u00e8ces"}]},{"@type":"WebSite","@id":"https:\/\/www.erresse-shop.it\/fr\/#website","url":"https:\/\/www.erresse-shop.it\/fr\/","name":"Erresse Shop","description":"Articoli di qualit\u00e0 per la casa","potentialAction":[{"@type":"SearchAction","target":{"@type":"EntryPoint","urlTemplate":"https:\/\/www.erresse-shop.it\/fr\/?s={search_term_string}"},"query-input":"required name=search_term_string"}],"inLanguage":"fr-FR"}]}},"df_price":3.475,"df_sale_price":3.475,"df_regular_price":6.95,"df_image_link":"https:\/\/www.erresse-shop.it\/wp-content\/uploads\/2025\/09\/ZWILLING-Set-Sacchetti-Sottovuoto-Fresh-e-Save-3-Pezzi-300x300.jpg","_links":{"self":[{"href":"https:\/\/www.erresse-shop.it\/fr\/wp-json\/wp\/v2\/product\/512091"}],"collection":[{"href":"https:\/\/www.erresse-shop.it\/fr\/wp-json\/wp\/v2\/product"}],"about":[{"href":"https:\/\/www.erresse-shop.it\/fr\/wp-json\/wp\/v2\/types\/product"}],"wp:featuredmedia":[{"embeddable":true,"href":"https:\/\/www.erresse-shop.it\/fr\/wp-json\/wp\/v2\/media\/512114"}],"wp:attachment":[{"href":"https:\/\/www.erresse-shop.it\/fr\/wp-json\/wp\/v2\/media?parent=512091"}],"wp:term":[{"taxonomy":"product_cat","embeddable":true,"href":"https:\/\/www.erresse-shop.it\/fr\/wp-json\/wp\/v2\/product_cat?post=512091"},{"taxonomy":"product_tag","embeddable":true,"href":"https:\/\/www.erresse-shop.it\/fr\/wp-json\/wp\/v2\/product_tag?post=512091"}],"curies":[{"name":"wp","href":"https:\/\/api.w.org\/{rel}","templated":true}]}}