{"id":511808,"date":"2025-09-09T09:19:36","date_gmt":"2025-09-09T09:19:39","guid":{"rendered":"https:\/\/www.erresse-shop.it\/?post_type=product&#038;p=511808"},"modified":"2026-02-04T08:23:21","modified_gmt":"2026-02-04T08:23:21","slug":"cookut-casserole-la-merveilleuse-20-cm-guimauve","status":"publish","type":"product","link":"https:\/\/www.erresse-shop.it\/fr\/shop\/poeles-pots\/casseroles\/cookut-casserole-la-merveilleuse-20-cm-guimauve\/","title":{"rendered":"COOKUT Casserole &#8220;La Merveilleuse&#8221; 20 cm Guimauve"},"content":{"rendered":"<h3>LA BELLE GAMME EN ACIER INOXYDABLE<\/h3>\n<h4>UNE CUISSON SAINE ET FACILE<\/h4>\n<p>Acier inoxydable multicouche, sans nickel, sans PFOA ni PFAS, pour une cuisson saine, rapide, pr\u00e9cise et homog\u00e8ne.<\/p>\n<h4>COMPATIBLE TOUS FEUX, Y COMPRIS LE FOUR<\/h4>\n<p>Compatible avec les plaques \u00e0 induction, \u00e0 gaz, \u00e9lectriques, vitroc\u00e9ramiques et les fours, y compris le gril jusqu&#8217;\u00e0 220 \u00b0C.<\/p>\n<h4>DESIGN CONTEMPORAIN ET COLOR\u00c9<\/h4>\n<p>Une gamme compl\u00e8te de po\u00eales et casseroles aux couleurs vari\u00e9es<\/p>\n<h4>POIGN\u00c9ES AMOVIBLES<\/h4>\n<p>\u00c9l\u00e9gantes et innovantes, elles sont dot\u00e9es d&#8217;un m\u00e9canisme \u00e0 clip invisible. Ce m\u00e9canisme simple et robuste permet une utilisation facile d&#8217;une seule main.<\/p>\n<p><strong>L&#8217;acier inoxydable La Meravigliosa est renforc\u00e9 au cuivre et au titane\u00a0:<\/strong><\/p>\n<ul>\n<li>Acier inoxydable multicouche sans nickel, labellis\u00e9 STEEL GREEN<\/li>\n<li>Renforc\u00e9 au cuivre\u00a0: Favorise une cuisson rapide et uniforme.<\/li>\n<li>Renforc\u00e9 au titane\u00a0: Am\u00e9liore la r\u00e9sistance et la durabilit\u00e9.<\/li>\n<li>Sans PFAS\u00a0: La cuisson en acier inoxydable est naturellement sans PFAS.<\/li>\n<\/ul>\n<p><strong>20 cm (2 \u00e0 4 personnes, 2,8 L)<\/strong><\/p>\n<h2><span style=\"font-size: 14pt;\"><em><strong>Ce produit comprend uniquement la casserole. La poign\u00e9e et le couvercle ne sont pas inclus et doivent \u00eatre achet\u00e9s s\u00e9par\u00e9ment.<\/strong><\/em><\/span><\/h2>\n","protected":false},"excerpt":{"rendered":"<p>LA BELLE GAMME EN ACIER INOXYDABLE UNE CUISSON SAINE ET FACILE Acier inoxydable multicouche, sans nickel, sans PFOA ni PFAS,<\/p>\n","protected":false},"featured_media":512011,"template":"","meta":{"_acf_changed":false,"inline_featured_image":false},"product_cat":[12458,14777],"product_tag":[12465,12854],"acf":[],"yoast_head":"<!-- This site is optimized with the Yoast SEO Premium plugin v18.6 (Yoast SEO v19.13) - https:\/\/yoast.com\/wordpress\/plugins\/seo\/ -->\n<title>COOKUT Casserole &quot;La Merveilleuse&quot; 20 cm Guimauve - Erresse Shop<\/title>\n<meta name=\"description\" content=\"LA BELLE GAMME EN ACIER INOXYDABLE UNE CUISSON SAINE ET FACILE Acier inoxydable multicouche, sans nickel, sans PFOA ni PFAS, pour une cuisson saine,\" \/>\n<meta name=\"robots\" content=\"index, follow, max-snippet:-1, max-image-preview:large, max-video-preview:-1\" \/>\n<link rel=\"canonical\" href=\"https:\/\/www.erresse-shop.it\/fr\/shop\/poeles-pots\/casseroles\/cookut-casserole-la-merveilleuse-20-cm-guimauve\/\" \/>\n<meta property=\"og:locale\" content=\"fr_FR\" \/>\n<meta property=\"og:type\" content=\"article\" \/>\n<meta property=\"og:title\" content=\"COOKUT Casserole &quot;La Merveilleuse&quot; 20 cm Guimauve\" \/>\n<meta property=\"og:description\" content=\"LA BELLE GAMME EN ACIER INOXYDABLE UNE CUISSON SAINE ET FACILE Acier inoxydable multicouche, sans nickel, sans PFOA ni PFAS, pour une cuisson saine,\" \/>\n<meta property=\"og:url\" content=\"https:\/\/www.erresse-shop.it\/fr\/shop\/poeles-pots\/casseroles\/cookut-casserole-la-merveilleuse-20-cm-guimauve\/\" \/>\n<meta property=\"og:site_name\" content=\"Erresse Shop\" \/>\n<meta property=\"article:modified_time\" content=\"2026-02-04T08:23:21+00:00\" \/>\n<meta property=\"og:image\" content=\"https:\/\/www.erresse-shop.it\/wp-content\/uploads\/2025\/09\/COOKUT-Casseruola-La-Meravigliosa-20-cm-Marshmallow-3.jpg\" \/>\n\t<meta property=\"og:image:width\" content=\"1200\" \/>\n\t<meta property=\"og:image:height\" content=\"1200\" \/>\n\t<meta property=\"og:image:type\" content=\"image\/jpeg\" \/>\n<meta name=\"twitter:card\" content=\"summary_large_image\" \/>\n<script type=\"application\/ld+json\" class=\"yoast-schema-graph\">{\"@context\":\"https:\/\/schema.org\",\"@graph\":[{\"@type\":\"WebPage\",\"@id\":\"https:\/\/www.erresse-shop.it\/fr\/shop\/poeles-pots\/casseroles\/cookut-casserole-la-merveilleuse-20-cm-guimauve\/\",\"url\":\"https:\/\/www.erresse-shop.it\/fr\/shop\/poeles-pots\/casseroles\/cookut-casserole-la-merveilleuse-20-cm-guimauve\/\",\"name\":\"COOKUT Casserole \\\"La Merveilleuse\\\" 20 cm Guimauve - Erresse Shop\",\"isPartOf\":{\"@id\":\"https:\/\/www.erresse-shop.it\/fr\/#website\"},\"datePublished\":\"2025-09-09T09:19:39+00:00\",\"dateModified\":\"2026-02-04T08:23:21+00:00\",\"description\":\"LA BELLE GAMME EN ACIER INOXYDABLE UNE CUISSON SAINE ET FACILE Acier inoxydable multicouche, sans nickel, sans PFOA ni PFAS, pour une cuisson saine,\",\"breadcrumb\":{\"@id\":\"https:\/\/www.erresse-shop.it\/fr\/shop\/poeles-pots\/casseroles\/cookut-casserole-la-merveilleuse-20-cm-guimauve\/#breadcrumb\"},\"inLanguage\":\"fr-FR\",\"potentialAction\":[{\"@type\":\"ReadAction\",\"target\":[\"https:\/\/www.erresse-shop.it\/fr\/shop\/poeles-pots\/casseroles\/cookut-casserole-la-merveilleuse-20-cm-guimauve\/\"]}]},{\"@type\":\"BreadcrumbList\",\"@id\":\"https:\/\/www.erresse-shop.it\/fr\/shop\/poeles-pots\/casseroles\/cookut-casserole-la-merveilleuse-20-cm-guimauve\/#breadcrumb\",\"itemListElement\":[{\"@type\":\"ListItem\",\"position\":1,\"name\":\"Home\",\"item\":\"https:\/\/www.erresse-shop.it\/fr\/\"},{\"@type\":\"ListItem\",\"position\":2,\"name\":\"Shop\",\"item\":\"https:\/\/www.erresse-shop.it\/fr\/shop\/\"},{\"@type\":\"ListItem\",\"position\":3,\"name\":\"COOKUT Casserole &#8220;La Merveilleuse&#8221; 20 cm Guimauve\"}]},{\"@type\":\"WebSite\",\"@id\":\"https:\/\/www.erresse-shop.it\/fr\/#website\",\"url\":\"https:\/\/www.erresse-shop.it\/fr\/\",\"name\":\"Erresse Shop\",\"description\":\"Articoli di qualit\u00e0 per la casa\",\"potentialAction\":[{\"@type\":\"SearchAction\",\"target\":{\"@type\":\"EntryPoint\",\"urlTemplate\":\"https:\/\/www.erresse-shop.it\/fr\/?s={search_term_string}\"},\"query-input\":\"required name=search_term_string\"}],\"inLanguage\":\"fr-FR\"}]}<\/script>\n<!-- \/ Yoast SEO Premium plugin. -->","yoast_head_json":{"title":"COOKUT Casserole \"La Merveilleuse\" 20 cm Guimauve - Erresse Shop","description":"LA BELLE GAMME EN ACIER INOXYDABLE UNE CUISSON SAINE ET FACILE Acier inoxydable multicouche, sans nickel, sans PFOA ni PFAS, pour une cuisson saine,","robots":{"index":"index","follow":"follow","max-snippet":"max-snippet:-1","max-image-preview":"max-image-preview:large","max-video-preview":"max-video-preview:-1"},"canonical":"https:\/\/www.erresse-shop.it\/fr\/shop\/poeles-pots\/casseroles\/cookut-casserole-la-merveilleuse-20-cm-guimauve\/","og_locale":"fr_FR","og_type":"article","og_title":"COOKUT Casserole \"La Merveilleuse\" 20 cm Guimauve","og_description":"LA BELLE GAMME EN ACIER INOXYDABLE UNE CUISSON SAINE ET FACILE Acier inoxydable multicouche, sans nickel, sans PFOA ni PFAS, pour une cuisson saine,","og_url":"https:\/\/www.erresse-shop.it\/fr\/shop\/poeles-pots\/casseroles\/cookut-casserole-la-merveilleuse-20-cm-guimauve\/","og_site_name":"Erresse Shop","article_modified_time":"2026-02-04T08:23:21+00:00","og_image":[{"width":1200,"height":1200,"url":"https:\/\/www.erresse-shop.it\/wp-content\/uploads\/2025\/09\/COOKUT-Casseruola-La-Meravigliosa-20-cm-Marshmallow-3.jpg","type":"image\/jpeg"}],"twitter_card":"summary_large_image","schema":{"@context":"https:\/\/schema.org","@graph":[{"@type":"WebPage","@id":"https:\/\/www.erresse-shop.it\/fr\/shop\/poeles-pots\/casseroles\/cookut-casserole-la-merveilleuse-20-cm-guimauve\/","url":"https:\/\/www.erresse-shop.it\/fr\/shop\/poeles-pots\/casseroles\/cookut-casserole-la-merveilleuse-20-cm-guimauve\/","name":"COOKUT Casserole \"La Merveilleuse\" 20 cm Guimauve - Erresse Shop","isPartOf":{"@id":"https:\/\/www.erresse-shop.it\/fr\/#website"},"datePublished":"2025-09-09T09:19:39+00:00","dateModified":"2026-02-04T08:23:21+00:00","description":"LA BELLE GAMME EN ACIER INOXYDABLE UNE CUISSON SAINE ET FACILE Acier inoxydable multicouche, sans nickel, sans PFOA ni PFAS, pour une cuisson saine,","breadcrumb":{"@id":"https:\/\/www.erresse-shop.it\/fr\/shop\/poeles-pots\/casseroles\/cookut-casserole-la-merveilleuse-20-cm-guimauve\/#breadcrumb"},"inLanguage":"fr-FR","potentialAction":[{"@type":"ReadAction","target":["https:\/\/www.erresse-shop.it\/fr\/shop\/poeles-pots\/casseroles\/cookut-casserole-la-merveilleuse-20-cm-guimauve\/"]}]},{"@type":"BreadcrumbList","@id":"https:\/\/www.erresse-shop.it\/fr\/shop\/poeles-pots\/casseroles\/cookut-casserole-la-merveilleuse-20-cm-guimauve\/#breadcrumb","itemListElement":[{"@type":"ListItem","position":1,"name":"Home","item":"https:\/\/www.erresse-shop.it\/fr\/"},{"@type":"ListItem","position":2,"name":"Shop","item":"https:\/\/www.erresse-shop.it\/fr\/shop\/"},{"@type":"ListItem","position":3,"name":"COOKUT Casserole &#8220;La Merveilleuse&#8221; 20 cm Guimauve"}]},{"@type":"WebSite","@id":"https:\/\/www.erresse-shop.it\/fr\/#website","url":"https:\/\/www.erresse-shop.it\/fr\/","name":"Erresse Shop","description":"Articoli di qualit\u00e0 per la casa","potentialAction":[{"@type":"SearchAction","target":{"@type":"EntryPoint","urlTemplate":"https:\/\/www.erresse-shop.it\/fr\/?s={search_term_string}"},"query-input":"required name=search_term_string"}],"inLanguage":"fr-FR"}]}},"df_price":59,"df_sale_price":59,"df_regular_price":79.9,"df_image_link":"https:\/\/www.erresse-shop.it\/wp-content\/uploads\/2025\/09\/COOKUT-Casseruola-La-Meravigliosa-20-cm-Marshmallow-3-300x300.jpg","_links":{"self":[{"href":"https:\/\/www.erresse-shop.it\/fr\/wp-json\/wp\/v2\/product\/511808"}],"collection":[{"href":"https:\/\/www.erresse-shop.it\/fr\/wp-json\/wp\/v2\/product"}],"about":[{"href":"https:\/\/www.erresse-shop.it\/fr\/wp-json\/wp\/v2\/types\/product"}],"wp:featuredmedia":[{"embeddable":true,"href":"https:\/\/www.erresse-shop.it\/fr\/wp-json\/wp\/v2\/media\/512011"}],"wp:attachment":[{"href":"https:\/\/www.erresse-shop.it\/fr\/wp-json\/wp\/v2\/media?parent=511808"}],"wp:term":[{"taxonomy":"product_cat","embeddable":true,"href":"https:\/\/www.erresse-shop.it\/fr\/wp-json\/wp\/v2\/product_cat?post=511808"},{"taxonomy":"product_tag","embeddable":true,"href":"https:\/\/www.erresse-shop.it\/fr\/wp-json\/wp\/v2\/product_tag?post=511808"}],"curies":[{"name":"wp","href":"https:\/\/api.w.org\/{rel}","templated":true}]}}