{"id":511742,"date":"2025-09-08T13:37:07","date_gmt":"2025-09-08T13:37:07","guid":{"rendered":"https:\/\/www.erresse-shop.it\/?post_type=product&#038;p=511742"},"modified":"2025-09-08T13:50:07","modified_gmt":"2025-09-08T13:50:07","slug":"caso-design-refroidisseur-a-vin-winecase-deluxe-inox","status":"publish","type":"product","link":"https:\/\/www.erresse-shop.it\/fr\/shop\/petits-electromenagers\/caso-design-refroidisseur-a-vin-winecase-deluxe-inox\/","title":{"rendered":"CASO DESIGN Refroidisseur \u00e0 vin WineCase Deluxe Inox"},"content":{"rendered":"<h4>Le plaisir \u00e0 la temp\u00e9rature id\u00e9ale\u00a0: l&#8217;\u00e9l\u00e9gant CASO WineCase Deluxe Inox<\/h4>\n<p>Avec le refroidisseur \u00e0 vin \u00e0 piles CASO WineCase Deluxe Inox, servez votre vin pr\u00e9f\u00e9r\u00e9 \u00e0 la temp\u00e9rature id\u00e9ale.<\/p>\n<p>\u00c0 table, en terrasse ou lors d&#8217;une occasion festive, sa caisse en acier inoxydable de haute qualit\u00e9 mettra votre bouteille en valeur avec \u00e9l\u00e9gance.<\/p>\n<p>Ce refroidisseur \u00e0 vin maintient la temp\u00e9rature de vos vins, mousseux ou champagnes pr\u00e9-r\u00e9frig\u00e9r\u00e9s de mani\u00e8re fiable, pour une d\u00e9gustation parfaite \u00e0 chaque fois.<\/p>\n<h4>R\u00e9glage pr\u00e9cis de la temp\u00e9rature pour chaque vin<\/h4>\n<p>La temp\u00e9rature du WineCase Deluxe Inox est r\u00e9glable de 5 \u00e0 18\u00a0\u00b0C par paliers pr\u00e9cis de 1\u00a0degr\u00e9 gr\u00e2ce au panneau de commande tactile intuitif.<\/p>\n<p>Vous avez ainsi un contr\u00f4le total sur la temp\u00e9rature id\u00e9ale de d\u00e9gustation, adapt\u00e9e au vin blanc, au vin rouge ou au mousseux. Gr\u00e2ce \u00e0 l&#8217;affichage LED num\u00e9rique, vous gardez toujours un \u0153il sur vos r\u00e9glages.<\/p>\n<h4>Flexibilit\u00e9 maximale gr\u00e2ce au fonctionnement sur batterie<\/h4>\n<p>Avec jusqu&#8217;\u00e0 120 minutes d&#8217;autonomie, le WineCase Deluxe Inox s&#8217;utilise partout, sans prise de courant.<\/p>\n<p>Le refroidisseur \u00e0 vin peut \u00e9galement \u00eatre aliment\u00e9 directement par un adaptateur secteur. Son design pratique et sa compatibilit\u00e9 avec des bouteilles jusqu&#8217;\u00e0 90 mm de diam\u00e8tre en font le compagnon id\u00e9al en toute occasion.<\/p>\n<h4>Design \u00e9l\u00e9gant et technologie innovante<\/h4>\n<p>L&#8217;\u00e9l\u00e9gant bo\u00eetier en acier inoxydable est non seulement esth\u00e9tique, mais aussi robuste et durable.<\/p>\n<p>Le WineCase Deluxe Inox est particuli\u00e8rement silencieux et ne perturbe ni les conversations ni l&#8217;ambiance. L&#8217;alliance de l&#8217;esth\u00e9tique et de la fonctionnalit\u00e9 en fait un accessoire indispensable pour les amateurs de vin.<\/p>\n<p><strong>CASO WineCase Deluxe Inox &#8211; Pour les amateurs de vin en qu\u00eate d&#8217;originalit\u00e9.<br \/>\nDimensions (L x H x P cm)\u00a0: 13,5 x 24,5 x 28 cm<br \/>\nPoids\u00a0: 3,4 kg<br \/>\nPuissance (watts)\u00a0: 72<br \/>\nTension\u00a0: 100-240 V<\/p>\n","protected":false},"excerpt":{"rendered":"<p>Le plaisir \u00e0 la temp\u00e9rature id\u00e9ale\u00a0: l&#8217;\u00e9l\u00e9gant CASO WineCase Deluxe Inox Avec le refroidisseur \u00e0 vin \u00e0 piles CASO WineCase<\/p>\n","protected":false},"featured_media":511759,"template":"","meta":{"_acf_changed":false,"inline_featured_image":false},"product_cat":[12449],"product_tag":[21415,12948,16884],"acf":[],"yoast_head":"<!-- This site is optimized with the Yoast SEO Premium plugin v18.6 (Yoast SEO v19.13) - https:\/\/yoast.com\/wordpress\/plugins\/seo\/ -->\n<title>MAGIMIX Juice Expert 3 avec Coffret Coupe L\u00e9gumes Noir<\/title>\n<meta name=\"description\" content=\"D\u00e9couvrez MAGIMIX Juice Expert 3 avec Coffret Coupe L\u00e9gumes Noir sur ErresseShop. Qualit\u00e9, prix r\u00e9duits et achat s\u00e9curis\u00e9 \u2013 commandez d\u00e8s maintenant en ligne !\" \/>\n<meta name=\"robots\" content=\"index, follow, max-snippet:-1, max-image-preview:large, max-video-preview:-1\" \/>\n<link rel=\"canonical\" href=\"https:\/\/www.erresse-shop.it\/fr\/shop\/petits-electromenagers\/caso-design-refroidisseur-a-vin-winecase-deluxe-inox\/\" \/>\n<meta property=\"og:locale\" content=\"fr_FR\" \/>\n<meta property=\"og:type\" content=\"article\" \/>\n<meta property=\"og:title\" content=\"CASO DESIGN Refroidisseur \u00e0 vin WineCase Deluxe Inox\" \/>\n<meta property=\"og:description\" content=\"D\u00e9couvrez MAGIMIX Juice Expert 3 avec Coffret Coupe L\u00e9gumes Noir sur ErresseShop. Qualit\u00e9, prix r\u00e9duits et achat s\u00e9curis\u00e9 \u2013 commandez d\u00e8s maintenant en ligne !\" \/>\n<meta property=\"og:url\" content=\"https:\/\/www.erresse-shop.it\/fr\/shop\/petits-electromenagers\/caso-design-refroidisseur-a-vin-winecase-deluxe-inox\/\" \/>\n<meta property=\"og:site_name\" content=\"Erresse Shop\" \/>\n<meta property=\"article:modified_time\" content=\"2025-09-08T13:50:07+00:00\" \/>\n<meta property=\"og:image\" content=\"https:\/\/www.erresse-shop.it\/wp-content\/uploads\/2025\/09\/CASO-DESIGN-Raffreddatore-di-vino-WineCase-Deluxe-Inox.jpg\" \/>\n\t<meta property=\"og:image:width\" content=\"1200\" \/>\n\t<meta property=\"og:image:height\" content=\"1200\" \/>\n\t<meta property=\"og:image:type\" content=\"image\/jpeg\" \/>\n<meta name=\"twitter:card\" content=\"summary_large_image\" \/>\n<script type=\"application\/ld+json\" class=\"yoast-schema-graph\">{\"@context\":\"https:\/\/schema.org\",\"@graph\":[{\"@type\":\"WebPage\",\"@id\":\"https:\/\/www.erresse-shop.it\/fr\/shop\/petits-electromenagers\/caso-design-refroidisseur-a-vin-winecase-deluxe-inox\/\",\"url\":\"https:\/\/www.erresse-shop.it\/fr\/shop\/petits-electromenagers\/caso-design-refroidisseur-a-vin-winecase-deluxe-inox\/\",\"name\":\"MAGIMIX Juice Expert 3 avec Coffret Coupe L\u00e9gumes Noir\",\"isPartOf\":{\"@id\":\"https:\/\/www.erresse-shop.it\/fr\/#website\"},\"datePublished\":\"2025-09-08T13:37:07+00:00\",\"dateModified\":\"2025-09-08T13:50:07+00:00\",\"description\":\"D\u00e9couvrez MAGIMIX Juice Expert 3 avec Coffret Coupe L\u00e9gumes Noir sur ErresseShop. Qualit\u00e9, prix r\u00e9duits et achat s\u00e9curis\u00e9 \u2013 commandez d\u00e8s maintenant en ligne !\",\"breadcrumb\":{\"@id\":\"https:\/\/www.erresse-shop.it\/fr\/shop\/petits-electromenagers\/caso-design-refroidisseur-a-vin-winecase-deluxe-inox\/#breadcrumb\"},\"inLanguage\":\"fr-FR\",\"potentialAction\":[{\"@type\":\"ReadAction\",\"target\":[\"https:\/\/www.erresse-shop.it\/fr\/shop\/petits-electromenagers\/caso-design-refroidisseur-a-vin-winecase-deluxe-inox\/\"]}]},{\"@type\":\"BreadcrumbList\",\"@id\":\"https:\/\/www.erresse-shop.it\/fr\/shop\/petits-electromenagers\/caso-design-refroidisseur-a-vin-winecase-deluxe-inox\/#breadcrumb\",\"itemListElement\":[{\"@type\":\"ListItem\",\"position\":1,\"name\":\"Home\",\"item\":\"https:\/\/www.erresse-shop.it\/fr\/\"},{\"@type\":\"ListItem\",\"position\":2,\"name\":\"Shop\",\"item\":\"https:\/\/www.erresse-shop.it\/fr\/shop\/\"},{\"@type\":\"ListItem\",\"position\":3,\"name\":\"CASO DESIGN Refroidisseur \u00e0 vin WineCase Deluxe Inox\"}]},{\"@type\":\"WebSite\",\"@id\":\"https:\/\/www.erresse-shop.it\/fr\/#website\",\"url\":\"https:\/\/www.erresse-shop.it\/fr\/\",\"name\":\"Erresse Shop\",\"description\":\"Articoli di qualit\u00e0 per la casa\",\"potentialAction\":[{\"@type\":\"SearchAction\",\"target\":{\"@type\":\"EntryPoint\",\"urlTemplate\":\"https:\/\/www.erresse-shop.it\/fr\/?s={search_term_string}\"},\"query-input\":\"required name=search_term_string\"}],\"inLanguage\":\"fr-FR\"}]}<\/script>\n<!-- \/ Yoast SEO Premium plugin. -->","yoast_head_json":{"title":"MAGIMIX Juice Expert 3 avec Coffret Coupe L\u00e9gumes Noir","description":"D\u00e9couvrez MAGIMIX Juice Expert 3 avec Coffret Coupe L\u00e9gumes Noir sur ErresseShop. Qualit\u00e9, prix r\u00e9duits et achat s\u00e9curis\u00e9 \u2013 commandez d\u00e8s maintenant en ligne !","robots":{"index":"index","follow":"follow","max-snippet":"max-snippet:-1","max-image-preview":"max-image-preview:large","max-video-preview":"max-video-preview:-1"},"canonical":"https:\/\/www.erresse-shop.it\/fr\/shop\/petits-electromenagers\/caso-design-refroidisseur-a-vin-winecase-deluxe-inox\/","og_locale":"fr_FR","og_type":"article","og_title":"CASO DESIGN Refroidisseur \u00e0 vin WineCase Deluxe Inox","og_description":"D\u00e9couvrez MAGIMIX Juice Expert 3 avec Coffret Coupe L\u00e9gumes Noir sur ErresseShop. Qualit\u00e9, prix r\u00e9duits et achat s\u00e9curis\u00e9 \u2013 commandez d\u00e8s maintenant en ligne !","og_url":"https:\/\/www.erresse-shop.it\/fr\/shop\/petits-electromenagers\/caso-design-refroidisseur-a-vin-winecase-deluxe-inox\/","og_site_name":"Erresse Shop","article_modified_time":"2025-09-08T13:50:07+00:00","og_image":[{"width":1200,"height":1200,"url":"https:\/\/www.erresse-shop.it\/wp-content\/uploads\/2025\/09\/CASO-DESIGN-Raffreddatore-di-vino-WineCase-Deluxe-Inox.jpg","type":"image\/jpeg"}],"twitter_card":"summary_large_image","schema":{"@context":"https:\/\/schema.org","@graph":[{"@type":"WebPage","@id":"https:\/\/www.erresse-shop.it\/fr\/shop\/petits-electromenagers\/caso-design-refroidisseur-a-vin-winecase-deluxe-inox\/","url":"https:\/\/www.erresse-shop.it\/fr\/shop\/petits-electromenagers\/caso-design-refroidisseur-a-vin-winecase-deluxe-inox\/","name":"MAGIMIX Juice Expert 3 avec Coffret Coupe L\u00e9gumes Noir","isPartOf":{"@id":"https:\/\/www.erresse-shop.it\/fr\/#website"},"datePublished":"2025-09-08T13:37:07+00:00","dateModified":"2025-09-08T13:50:07+00:00","description":"D\u00e9couvrez MAGIMIX Juice Expert 3 avec Coffret Coupe L\u00e9gumes Noir sur ErresseShop. Qualit\u00e9, prix r\u00e9duits et achat s\u00e9curis\u00e9 \u2013 commandez d\u00e8s maintenant en ligne !","breadcrumb":{"@id":"https:\/\/www.erresse-shop.it\/fr\/shop\/petits-electromenagers\/caso-design-refroidisseur-a-vin-winecase-deluxe-inox\/#breadcrumb"},"inLanguage":"fr-FR","potentialAction":[{"@type":"ReadAction","target":["https:\/\/www.erresse-shop.it\/fr\/shop\/petits-electromenagers\/caso-design-refroidisseur-a-vin-winecase-deluxe-inox\/"]}]},{"@type":"BreadcrumbList","@id":"https:\/\/www.erresse-shop.it\/fr\/shop\/petits-electromenagers\/caso-design-refroidisseur-a-vin-winecase-deluxe-inox\/#breadcrumb","itemListElement":[{"@type":"ListItem","position":1,"name":"Home","item":"https:\/\/www.erresse-shop.it\/fr\/"},{"@type":"ListItem","position":2,"name":"Shop","item":"https:\/\/www.erresse-shop.it\/fr\/shop\/"},{"@type":"ListItem","position":3,"name":"CASO DESIGN Refroidisseur \u00e0 vin WineCase Deluxe Inox"}]},{"@type":"WebSite","@id":"https:\/\/www.erresse-shop.it\/fr\/#website","url":"https:\/\/www.erresse-shop.it\/fr\/","name":"Erresse Shop","description":"Articoli di qualit\u00e0 per la casa","potentialAction":[{"@type":"SearchAction","target":{"@type":"EntryPoint","urlTemplate":"https:\/\/www.erresse-shop.it\/fr\/?s={search_term_string}"},"query-input":"required name=search_term_string"}],"inLanguage":"fr-FR"}]}},"df_price":199.99,"df_sale_price":199.99,"df_regular_price":199.99,"df_image_link":"https:\/\/www.erresse-shop.it\/wp-content\/uploads\/2025\/09\/CASO-DESIGN-Raffreddatore-di-vino-WineCase-Deluxe-Inox-300x300.jpg","_links":{"self":[{"href":"https:\/\/www.erresse-shop.it\/fr\/wp-json\/wp\/v2\/product\/511742"}],"collection":[{"href":"https:\/\/www.erresse-shop.it\/fr\/wp-json\/wp\/v2\/product"}],"about":[{"href":"https:\/\/www.erresse-shop.it\/fr\/wp-json\/wp\/v2\/types\/product"}],"wp:featuredmedia":[{"embeddable":true,"href":"https:\/\/www.erresse-shop.it\/fr\/wp-json\/wp\/v2\/media\/511759"}],"wp:attachment":[{"href":"https:\/\/www.erresse-shop.it\/fr\/wp-json\/wp\/v2\/media?parent=511742"}],"wp:term":[{"taxonomy":"product_cat","embeddable":true,"href":"https:\/\/www.erresse-shop.it\/fr\/wp-json\/wp\/v2\/product_cat?post=511742"},{"taxonomy":"product_tag","embeddable":true,"href":"https:\/\/www.erresse-shop.it\/fr\/wp-json\/wp\/v2\/product_tag?post=511742"}],"curies":[{"name":"wp","href":"https:\/\/api.w.org\/{rel}","templated":true}]}}