{"id":511674,"date":"2025-09-08T06:18:47","date_gmt":"2025-09-08T06:18:47","guid":{"rendered":"https:\/\/www.erresse-shop.it\/?post_type=product&#038;p=511674"},"modified":"2025-09-08T06:38:06","modified_gmt":"2025-09-08T06:38:06","slug":"caso-design-mousseur-a-lait-cappulatte","status":"publish","type":"product","link":"https:\/\/www.erresse-shop.it\/fr\/shop\/petits-electromenagers\/mousseurs-a-lait\/caso-design-mousseur-a-lait-cappulatte\/","title":{"rendered":"CASO DESIGN Mousseur \u00e0 lait CappuLatte"},"content":{"rendered":"<p><strong>CASO CappuLatte &#8211; Une mousse de lait parfaite pour des moments de plaisir inoubliables<\/strong><br \/>\nLe mousseur \u00e0 lait design CappuLatte vous offre le plaisir d&#8217;une mousse de lait parfaite.<\/p>\n<p>Que vous aimiez un cappuccino, un latte macchiato ou un chai latte onctueux, ce mousseur \u00e0 lait \u00e9lectrique cr\u00e9e une mousse onctueuse et aromatique en un clin d&#8217;\u0153il.<\/p>\n<p>Gr\u00e2ce \u00e0 sa polyvalence, il convient aussi bien au lait de vache qu&#8217;aux alternatives v\u00e9g\u00e9tales comme le lait d&#8217;avoine, d&#8217;amande ou de soja. Son design en verre de haute qualit\u00e9 souligne non seulement son \u00e9l\u00e9gance, mais lui conf\u00e8re \u00e9galement un look moderne et \u00e9l\u00e9gant.<\/p>\n<p>Un mousseur \u00e0 lait \u00e9lectrique pour un plaisir polyvalent<br \/>\nCe mousseur \u00e0 lait est bien plus qu&#8217;un simple appareil\u00a0: c&#8217;est un outil polyvalent pour les boissons lact\u00e9es chaudes et froides.<\/p>\n<p>Avec ses cinq fonctions diff\u00e9rentes, pr\u00e9parez en un clin d&#8217;\u0153il une mousse de lait chaude, un chocolat chaud ou des sp\u00e9cialit\u00e9s froides comme des frapp\u00e9s. Particuli\u00e8rement pratique\u00a0: la carafe en verre amovible permet un versement pr\u00e9cis du lait, comme dans les caf\u00e9s professionnels.<\/p>\n<p>Id\u00e9al pour impressionner vos invit\u00e9s ou vous faire plaisir.<\/p>\n<h4>Hygi\u00e9nique, pratique et facile d&#8217;utilisation<\/h4>\n<p>Gr\u00e2ce \u00e0 ses composants compatibles lave-vaisselle (r\u00e9servoir \u00e0 mousse de lait, couvercle et agitateur), le nettoyage est un jeu d&#8217;enfant.<\/p>\n<p>Son fonctionnement intuitif par simple pression d&#8217;une touche fait du mousseur \u00e0 lait \u00e9lectrique le compagnon id\u00e9al au quotidien. Avec une capacit\u00e9 allant jusqu&#8217;\u00e0 250\u00a0ml pour faire mousser le lait et jusqu&#8217;\u00e0 400\u00a0ml pour chauffer le lait sans mousse, il est \u00e9galement id\u00e9al pour les grandes portions.<\/p>\n<h4>Faire mousser le lait facilement, pour tous les go\u00fbts<\/h4>\n<p>CappuLatte vous offre la libert\u00e9 de pr\u00e9parer vos boissons pr\u00e9f\u00e9r\u00e9es individuellement.<\/p>\n<p>Qu&#8217;il soit extra-mousseux pour un cappuccino ou onctueux et cr\u00e9meux pour un latte macchiato, le r\u00e9sultat est toujours parfaitement \u00e9quilibr\u00e9.<\/p>\n<p>Ce mousseur \u00e0 lait \u00e9lectrique est \u00e9galement id\u00e9al pour le chocolat chaud, les chai lattes ou comme substitut de cr\u00e8me. L&#8217;affichage LED des fonctions et l&#8217;arr\u00eat automatique garantissent une utilisation simple et une s\u00e9curit\u00e9 maximale.<\/p>\n<h4>Le meilleur mousseur \u00e0 lait pour vos moments de plaisir<\/h4>\n<p>Choisissez le mousseur \u00e0 lait \u00e9lectrique CappuLatte et profitez de l&#8217;alliance parfaite entre design, performance et simplicit\u00e9 d&#8217;utilisation.<\/p>\n<p>Cet appareil compact est id\u00e9al pour toutes les familles et indispensable pour tous ceux qui souhaitent savourer un caf\u00e9 encore plus savoureux. Achetez-le d\u00e8s maintenant et savourez-le chaque jour comme au caf\u00e9\u00a0!<\/p>\n<p>Dimensions\u00a0: 11,5 x 14,5 x 20,5<br \/>\nCapacit\u00e9\u00a0: 400 ml<br \/>\nPoids\u00a0: 0,9 kg<br \/>\nPuissance (watts)\u00a0: 600<br \/>\nTension\u00a0: 220-240 V~, 50-60 Hz<\/p>\n","protected":false},"excerpt":{"rendered":"<p>CASO CappuLatte &#8211; Une mousse de lait parfaite pour des moments de plaisir inoubliables Le mousseur \u00e0 lait design CappuLatte<\/p>\n","protected":false},"featured_media":511691,"template":"","meta":{"_acf_changed":false,"inline_featured_image":false},"product_cat":[20620,12449],"product_tag":[12948,20625],"acf":[],"yoast_head":"<!-- This site is optimized with the Yoast SEO Premium plugin v18.6 (Yoast SEO v19.13) - https:\/\/yoast.com\/wordpress\/plugins\/seo\/ -->\n<title>MAGIMIX Juice Expert 3 avec Coffret Coupe L\u00e9gumes Noir<\/title>\n<meta name=\"description\" content=\"D\u00e9couvrez MAGIMIX Juice Expert 3 avec Coffret Coupe L\u00e9gumes Noir sur ErresseShop. Qualit\u00e9, prix r\u00e9duits et achat s\u00e9curis\u00e9 \u2013 commandez d\u00e8s maintenant en ligne !\" \/>\n<meta name=\"robots\" content=\"index, follow, max-snippet:-1, max-image-preview:large, max-video-preview:-1\" \/>\n<link rel=\"canonical\" href=\"https:\/\/www.erresse-shop.it\/fr\/shop\/petits-electromenagers\/mousseurs-a-lait\/caso-design-mousseur-a-lait-cappulatte\/\" \/>\n<meta property=\"og:locale\" content=\"fr_FR\" \/>\n<meta property=\"og:type\" content=\"article\" \/>\n<meta property=\"og:title\" content=\"CASO DESIGN Mousseur \u00e0 lait CappuLatte\" \/>\n<meta property=\"og:description\" content=\"D\u00e9couvrez MAGIMIX Juice Expert 3 avec Coffret Coupe L\u00e9gumes Noir sur ErresseShop. Qualit\u00e9, prix r\u00e9duits et achat s\u00e9curis\u00e9 \u2013 commandez d\u00e8s maintenant en ligne !\" \/>\n<meta property=\"og:url\" content=\"https:\/\/www.erresse-shop.it\/fr\/shop\/petits-electromenagers\/mousseurs-a-lait\/caso-design-mousseur-a-lait-cappulatte\/\" \/>\n<meta property=\"og:site_name\" content=\"Erresse Shop\" \/>\n<meta property=\"article:modified_time\" content=\"2025-09-08T06:38:06+00:00\" \/>\n<meta property=\"og:image\" content=\"https:\/\/www.erresse-shop.it\/wp-content\/uploads\/2025\/09\/CASO-DESIGN-Montalatte-CappuLatte.jpg\" \/>\n\t<meta property=\"og:image:width\" content=\"1200\" \/>\n\t<meta property=\"og:image:height\" content=\"1200\" \/>\n\t<meta property=\"og:image:type\" content=\"image\/jpeg\" \/>\n<meta name=\"twitter:card\" content=\"summary_large_image\" \/>\n<script type=\"application\/ld+json\" class=\"yoast-schema-graph\">{\"@context\":\"https:\/\/schema.org\",\"@graph\":[{\"@type\":\"WebPage\",\"@id\":\"https:\/\/www.erresse-shop.it\/fr\/shop\/petits-electromenagers\/mousseurs-a-lait\/caso-design-mousseur-a-lait-cappulatte\/\",\"url\":\"https:\/\/www.erresse-shop.it\/fr\/shop\/petits-electromenagers\/mousseurs-a-lait\/caso-design-mousseur-a-lait-cappulatte\/\",\"name\":\"MAGIMIX Juice Expert 3 avec Coffret Coupe L\u00e9gumes Noir\",\"isPartOf\":{\"@id\":\"https:\/\/www.erresse-shop.it\/fr\/#website\"},\"datePublished\":\"2025-09-08T06:18:47+00:00\",\"dateModified\":\"2025-09-08T06:38:06+00:00\",\"description\":\"D\u00e9couvrez MAGIMIX Juice Expert 3 avec Coffret Coupe L\u00e9gumes Noir sur ErresseShop. Qualit\u00e9, prix r\u00e9duits et achat s\u00e9curis\u00e9 \u2013 commandez d\u00e8s maintenant en ligne !\",\"breadcrumb\":{\"@id\":\"https:\/\/www.erresse-shop.it\/fr\/shop\/petits-electromenagers\/mousseurs-a-lait\/caso-design-mousseur-a-lait-cappulatte\/#breadcrumb\"},\"inLanguage\":\"fr-FR\",\"potentialAction\":[{\"@type\":\"ReadAction\",\"target\":[\"https:\/\/www.erresse-shop.it\/fr\/shop\/petits-electromenagers\/mousseurs-a-lait\/caso-design-mousseur-a-lait-cappulatte\/\"]}]},{\"@type\":\"BreadcrumbList\",\"@id\":\"https:\/\/www.erresse-shop.it\/fr\/shop\/petits-electromenagers\/mousseurs-a-lait\/caso-design-mousseur-a-lait-cappulatte\/#breadcrumb\",\"itemListElement\":[{\"@type\":\"ListItem\",\"position\":1,\"name\":\"Home\",\"item\":\"https:\/\/www.erresse-shop.it\/fr\/\"},{\"@type\":\"ListItem\",\"position\":2,\"name\":\"Shop\",\"item\":\"https:\/\/www.erresse-shop.it\/fr\/shop\/\"},{\"@type\":\"ListItem\",\"position\":3,\"name\":\"CASO DESIGN Mousseur \u00e0 lait CappuLatte\"}]},{\"@type\":\"WebSite\",\"@id\":\"https:\/\/www.erresse-shop.it\/fr\/#website\",\"url\":\"https:\/\/www.erresse-shop.it\/fr\/\",\"name\":\"Erresse Shop\",\"description\":\"Articoli di qualit\u00e0 per la casa\",\"potentialAction\":[{\"@type\":\"SearchAction\",\"target\":{\"@type\":\"EntryPoint\",\"urlTemplate\":\"https:\/\/www.erresse-shop.it\/fr\/?s={search_term_string}\"},\"query-input\":\"required name=search_term_string\"}],\"inLanguage\":\"fr-FR\"}]}<\/script>\n<!-- \/ Yoast SEO Premium plugin. -->","yoast_head_json":{"title":"MAGIMIX Juice Expert 3 avec Coffret Coupe L\u00e9gumes Noir","description":"D\u00e9couvrez MAGIMIX Juice Expert 3 avec Coffret Coupe L\u00e9gumes Noir sur ErresseShop. Qualit\u00e9, prix r\u00e9duits et achat s\u00e9curis\u00e9 \u2013 commandez d\u00e8s maintenant en ligne !","robots":{"index":"index","follow":"follow","max-snippet":"max-snippet:-1","max-image-preview":"max-image-preview:large","max-video-preview":"max-video-preview:-1"},"canonical":"https:\/\/www.erresse-shop.it\/fr\/shop\/petits-electromenagers\/mousseurs-a-lait\/caso-design-mousseur-a-lait-cappulatte\/","og_locale":"fr_FR","og_type":"article","og_title":"CASO DESIGN Mousseur \u00e0 lait CappuLatte","og_description":"D\u00e9couvrez MAGIMIX Juice Expert 3 avec Coffret Coupe L\u00e9gumes Noir sur ErresseShop. Qualit\u00e9, prix r\u00e9duits et achat s\u00e9curis\u00e9 \u2013 commandez d\u00e8s maintenant en ligne !","og_url":"https:\/\/www.erresse-shop.it\/fr\/shop\/petits-electromenagers\/mousseurs-a-lait\/caso-design-mousseur-a-lait-cappulatte\/","og_site_name":"Erresse Shop","article_modified_time":"2025-09-08T06:38:06+00:00","og_image":[{"width":1200,"height":1200,"url":"https:\/\/www.erresse-shop.it\/wp-content\/uploads\/2025\/09\/CASO-DESIGN-Montalatte-CappuLatte.jpg","type":"image\/jpeg"}],"twitter_card":"summary_large_image","schema":{"@context":"https:\/\/schema.org","@graph":[{"@type":"WebPage","@id":"https:\/\/www.erresse-shop.it\/fr\/shop\/petits-electromenagers\/mousseurs-a-lait\/caso-design-mousseur-a-lait-cappulatte\/","url":"https:\/\/www.erresse-shop.it\/fr\/shop\/petits-electromenagers\/mousseurs-a-lait\/caso-design-mousseur-a-lait-cappulatte\/","name":"MAGIMIX Juice Expert 3 avec Coffret Coupe L\u00e9gumes Noir","isPartOf":{"@id":"https:\/\/www.erresse-shop.it\/fr\/#website"},"datePublished":"2025-09-08T06:18:47+00:00","dateModified":"2025-09-08T06:38:06+00:00","description":"D\u00e9couvrez MAGIMIX Juice Expert 3 avec Coffret Coupe L\u00e9gumes Noir sur ErresseShop. Qualit\u00e9, prix r\u00e9duits et achat s\u00e9curis\u00e9 \u2013 commandez d\u00e8s maintenant en ligne !","breadcrumb":{"@id":"https:\/\/www.erresse-shop.it\/fr\/shop\/petits-electromenagers\/mousseurs-a-lait\/caso-design-mousseur-a-lait-cappulatte\/#breadcrumb"},"inLanguage":"fr-FR","potentialAction":[{"@type":"ReadAction","target":["https:\/\/www.erresse-shop.it\/fr\/shop\/petits-electromenagers\/mousseurs-a-lait\/caso-design-mousseur-a-lait-cappulatte\/"]}]},{"@type":"BreadcrumbList","@id":"https:\/\/www.erresse-shop.it\/fr\/shop\/petits-electromenagers\/mousseurs-a-lait\/caso-design-mousseur-a-lait-cappulatte\/#breadcrumb","itemListElement":[{"@type":"ListItem","position":1,"name":"Home","item":"https:\/\/www.erresse-shop.it\/fr\/"},{"@type":"ListItem","position":2,"name":"Shop","item":"https:\/\/www.erresse-shop.it\/fr\/shop\/"},{"@type":"ListItem","position":3,"name":"CASO DESIGN Mousseur \u00e0 lait CappuLatte"}]},{"@type":"WebSite","@id":"https:\/\/www.erresse-shop.it\/fr\/#website","url":"https:\/\/www.erresse-shop.it\/fr\/","name":"Erresse Shop","description":"Articoli di qualit\u00e0 per la casa","potentialAction":[{"@type":"SearchAction","target":{"@type":"EntryPoint","urlTemplate":"https:\/\/www.erresse-shop.it\/fr\/?s={search_term_string}"},"query-input":"required name=search_term_string"}],"inLanguage":"fr-FR"}]}},"df_price":69.99,"df_sale_price":69.99,"df_regular_price":69.99,"df_image_link":"https:\/\/www.erresse-shop.it\/wp-content\/uploads\/2025\/09\/CASO-DESIGN-Montalatte-CappuLatte-300x300.jpg","_links":{"self":[{"href":"https:\/\/www.erresse-shop.it\/fr\/wp-json\/wp\/v2\/product\/511674"}],"collection":[{"href":"https:\/\/www.erresse-shop.it\/fr\/wp-json\/wp\/v2\/product"}],"about":[{"href":"https:\/\/www.erresse-shop.it\/fr\/wp-json\/wp\/v2\/types\/product"}],"wp:featuredmedia":[{"embeddable":true,"href":"https:\/\/www.erresse-shop.it\/fr\/wp-json\/wp\/v2\/media\/511691"}],"wp:attachment":[{"href":"https:\/\/www.erresse-shop.it\/fr\/wp-json\/wp\/v2\/media?parent=511674"}],"wp:term":[{"taxonomy":"product_cat","embeddable":true,"href":"https:\/\/www.erresse-shop.it\/fr\/wp-json\/wp\/v2\/product_cat?post=511674"},{"taxonomy":"product_tag","embeddable":true,"href":"https:\/\/www.erresse-shop.it\/fr\/wp-json\/wp\/v2\/product_tag?post=511674"}],"curies":[{"name":"wp","href":"https:\/\/api.w.org\/{rel}","templated":true}]}}