{"id":511651,"date":"2025-09-08T06:00:05","date_gmt":"2025-09-08T06:00:05","guid":{"rendered":"https:\/\/www.erresse-shop.it\/?post_type=product&#038;p=511651"},"modified":"2025-09-08T06:15:46","modified_gmt":"2025-09-08T06:15:46","slug":"caso-design-mousseur-a-lait-crema-choco-black","status":"publish","type":"product","link":"https:\/\/www.erresse-shop.it\/fr\/shop\/petits-electromenagers\/mousseurs-a-lait\/caso-design-mousseur-a-lait-crema-choco-black\/","title":{"rendered":"CASO DESIGN Mousseur \u00e0 lait Crema &#038; Choco Black"},"content":{"rendered":"<h4>Un caf\u00e9 et un chocolat chaud comme un pro &#8211; avec CASO Crema &amp; Choco Black<\/h4>\n<p>Une mousse de lait onctueuse qui transforme chaque boisson en une exp\u00e9rience unique\u00a0: voil\u00e0 ce que vous offre le CASO Crema &amp; Choco Black.<\/p>\n<p>Ce mousseur \u00e0 lait design allie un design \u00e9l\u00e9gant \u00e0 une technologie de pointe pour pr\u00e9parer facilement des boissons lact\u00e9es chaudes et froides.<\/p>\n<p>Que ce soit un cappuccino, un latte macchiato, un chocolat chaud ou un caf\u00e9 glac\u00e9, ce mousseur \u00e0 lait produit une mousse et une onctuosit\u00e9 parfaites en quelques minutes seulement. Savourez vos boissons pr\u00e9f\u00e9r\u00e9es, dignes d&#8217;un caf\u00e9, quand vous le souhaitez.<\/p>\n<h4>Polyvalence pour diff\u00e9rents types de lait<\/h4>\n<p>Gr\u00e2ce \u00e0 un contr\u00f4le pr\u00e9cis de la temp\u00e9rature et \u00e0 des fonctions sp\u00e9ciales, le Crema &amp; Choco Black convient aussi bien au lait de vache qu&#8217;aux alternatives v\u00e9g\u00e9tales.<\/p>\n<p>Savourez la m\u00eame d\u00e9licieuse mousse de lait avec du lait d&#8217;avoine, d&#8217;amande ou de soja. Ce mousseur \u00e0 lait est suffisamment polyvalent pour r\u00e9pondre aux besoins des laits v\u00e9g\u00e9taux sans compromettre la qualit\u00e9 de la mousse.<\/p>\n<p>Pr\u00e9parer des boissons chaudes \u00e0 base de lait, comme un caf\u00e9 macchiato ou un chocolat chaud, est tout aussi simple. Laissez libre cours \u00e0 votre cr\u00e9ativit\u00e9 et cr\u00e9ez de d\u00e9licieuses boissons qui \u00e9gayeront votre journ\u00e9e.<\/p>\n<h4>Facilit\u00e9 d&#8217;utilisation et design \u00e9l\u00e9gant<\/h4>\n<p>L&#8217;utilisation intuitive par simple pression d&#8217;une touche et l&#8217;\u00e9cran LED rendent l&#8217;utilisation du CASO Crema &amp; Choco Black plus simple que jamais.<\/p>\n<p>S\u00e9lectionnez la fonction souhait\u00e9e en un seul clic\u00a0: mousse de lait chaude ou lait chaud, les inserts magn\u00e9tiques int\u00e9gr\u00e9s s&#8217;occupent du reste.<\/p>\n<p>Son design noir \u00e9l\u00e9gant et sa fa\u00e7ade en acier inoxydable de haute qualit\u00e9 conf\u00e8rent \u00e0 l&#8217;appareil un look moderne qui s&#8217;int\u00e8gre parfaitement \u00e0 toutes les cuisines. La base rotative \u00e0 360\u00b0 garantit une utilisation pratique et flexible.<\/p>\n<h4>Fonctionnalit\u00e9 et l\u00e9g\u00e8ret\u00e9<\/h4>\n<p>Le CASO Crema &amp; Choco Black est non seulement puissant, mais aussi pratique. Avec une capacit\u00e9 allant jusqu&#8217;\u00e0 250 ml de mousse de lait et 350 ml de lait chaud, elle est id\u00e9ale au quotidien, m\u00eame press\u00e9e.<\/p>\n<p>Le r\u00e9cipient en acier inoxydable avec poign\u00e9e isotherme garantit une utilisation s\u00fbre \u00e0 tout moment.<\/p>\n<p>Apr\u00e8s utilisation, les inserts magn\u00e9tiques, le r\u00e9cipient en acier inoxydable et le couvercle passent facilement au lave-vaisselle, vous laissant plus de temps pour savourer vos boissons.<\/p>\n<h4>Des r\u00e9sultats parfaits pour un caf\u00e9 au go\u00fbt optimal<\/h4>\n<p>Qu&#8217;il s&#8217;agisse d&#8217;un cappuccino parfait, d&#8217;un frapp\u00e9 onctueux ou de votre chocolat chaud pr\u00e9f\u00e9r\u00e9, Crema &amp; Choco Black offre toujours d&#8217;excellents r\u00e9sultats.<\/p>\n<p>L&#8217;arr\u00eat automatique vous \u00e9vite tout risque de surchauffe\u00a0: une s\u00e9curit\u00e9 suppl\u00e9mentaire qui rend l&#8217;utilisation quotidienne encore plus agr\u00e9able.<\/p>\n<p>Savourez une mousse de lait parfaite et du lait chaud d&#8217;une simple pression sur un bouton, quand vous le souhaitez.<\/p>\n<p><strong>Dimensions\u00a0:<\/strong> 12,5 x 16,5 x 22<br \/>\n<strong>Capacit\u00e9\u00a0:<\/strong> 350 ml<br \/>\n<strong>Poids\u00a0:<\/strong> 0,9 kg<br \/>\n<strong>Puissance (watts)\u00a0:<\/strong> 500<br \/>\n<strong>Tension\u00a0:<\/strong> 220-240 V~, 50-60 Hz<\/p>\n","protected":false},"excerpt":{"rendered":"<p>Un caf\u00e9 et un chocolat chaud comme un pro &#8211; avec CASO Crema &amp; Choco Black Une mousse de lait<\/p>\n","protected":false},"featured_media":511668,"template":"","meta":{"_acf_changed":false,"inline_featured_image":false},"product_cat":[20620,12449],"product_tag":[12948,20625],"acf":[],"yoast_head":"<!-- This site is optimized with the Yoast SEO Premium plugin v18.6 (Yoast SEO v19.13) - https:\/\/yoast.com\/wordpress\/plugins\/seo\/ -->\n<title>MAGIMIX Juice Expert 3 avec Coffret Coupe L\u00e9gumes Noir<\/title>\n<meta name=\"description\" content=\"D\u00e9couvrez MAGIMIX Juice Expert 3 avec Coffret Coupe L\u00e9gumes Noir sur ErresseShop. Qualit\u00e9, prix r\u00e9duits et achat s\u00e9curis\u00e9 \u2013 commandez d\u00e8s maintenant en ligne !\" \/>\n<meta name=\"robots\" content=\"index, follow, max-snippet:-1, max-image-preview:large, max-video-preview:-1\" \/>\n<link rel=\"canonical\" href=\"https:\/\/www.erresse-shop.it\/fr\/shop\/petits-electromenagers\/mousseurs-a-lait\/caso-design-mousseur-a-lait-crema-choco-black\/\" \/>\n<meta property=\"og:locale\" content=\"fr_FR\" \/>\n<meta property=\"og:type\" content=\"article\" \/>\n<meta property=\"og:title\" content=\"CASO DESIGN Mousseur \u00e0 lait Crema &amp; Choco Black\" \/>\n<meta property=\"og:description\" content=\"D\u00e9couvrez MAGIMIX Juice Expert 3 avec Coffret Coupe L\u00e9gumes Noir sur ErresseShop. Qualit\u00e9, prix r\u00e9duits et achat s\u00e9curis\u00e9 \u2013 commandez d\u00e8s maintenant en ligne !\" \/>\n<meta property=\"og:url\" content=\"https:\/\/www.erresse-shop.it\/fr\/shop\/petits-electromenagers\/mousseurs-a-lait\/caso-design-mousseur-a-lait-crema-choco-black\/\" \/>\n<meta property=\"og:site_name\" content=\"Erresse Shop\" \/>\n<meta property=\"article:modified_time\" content=\"2025-09-08T06:15:46+00:00\" \/>\n<meta property=\"og:image\" content=\"https:\/\/www.erresse-shop.it\/wp-content\/uploads\/2025\/09\/CASO-DESIGN-Montalatte-Crema-e-Choco-Black.jpg\" \/>\n\t<meta property=\"og:image:width\" content=\"1200\" \/>\n\t<meta property=\"og:image:height\" content=\"1200\" \/>\n\t<meta property=\"og:image:type\" content=\"image\/jpeg\" \/>\n<meta name=\"twitter:card\" content=\"summary_large_image\" \/>\n<script type=\"application\/ld+json\" class=\"yoast-schema-graph\">{\"@context\":\"https:\/\/schema.org\",\"@graph\":[{\"@type\":\"WebPage\",\"@id\":\"https:\/\/www.erresse-shop.it\/fr\/shop\/petits-electromenagers\/mousseurs-a-lait\/caso-design-mousseur-a-lait-crema-choco-black\/\",\"url\":\"https:\/\/www.erresse-shop.it\/fr\/shop\/petits-electromenagers\/mousseurs-a-lait\/caso-design-mousseur-a-lait-crema-choco-black\/\",\"name\":\"MAGIMIX Juice Expert 3 avec Coffret Coupe L\u00e9gumes Noir\",\"isPartOf\":{\"@id\":\"https:\/\/www.erresse-shop.it\/fr\/#website\"},\"datePublished\":\"2025-09-08T06:00:05+00:00\",\"dateModified\":\"2025-09-08T06:15:46+00:00\",\"description\":\"D\u00e9couvrez MAGIMIX Juice Expert 3 avec Coffret Coupe L\u00e9gumes Noir sur ErresseShop. Qualit\u00e9, prix r\u00e9duits et achat s\u00e9curis\u00e9 \u2013 commandez d\u00e8s maintenant en ligne !\",\"breadcrumb\":{\"@id\":\"https:\/\/www.erresse-shop.it\/fr\/shop\/petits-electromenagers\/mousseurs-a-lait\/caso-design-mousseur-a-lait-crema-choco-black\/#breadcrumb\"},\"inLanguage\":\"fr-FR\",\"potentialAction\":[{\"@type\":\"ReadAction\",\"target\":[\"https:\/\/www.erresse-shop.it\/fr\/shop\/petits-electromenagers\/mousseurs-a-lait\/caso-design-mousseur-a-lait-crema-choco-black\/\"]}]},{\"@type\":\"BreadcrumbList\",\"@id\":\"https:\/\/www.erresse-shop.it\/fr\/shop\/petits-electromenagers\/mousseurs-a-lait\/caso-design-mousseur-a-lait-crema-choco-black\/#breadcrumb\",\"itemListElement\":[{\"@type\":\"ListItem\",\"position\":1,\"name\":\"Home\",\"item\":\"https:\/\/www.erresse-shop.it\/fr\/\"},{\"@type\":\"ListItem\",\"position\":2,\"name\":\"Shop\",\"item\":\"https:\/\/www.erresse-shop.it\/fr\/shop\/\"},{\"@type\":\"ListItem\",\"position\":3,\"name\":\"CASO DESIGN Mousseur \u00e0 lait Crema &#038; Choco Black\"}]},{\"@type\":\"WebSite\",\"@id\":\"https:\/\/www.erresse-shop.it\/fr\/#website\",\"url\":\"https:\/\/www.erresse-shop.it\/fr\/\",\"name\":\"Erresse Shop\",\"description\":\"Articoli di qualit\u00e0 per la casa\",\"potentialAction\":[{\"@type\":\"SearchAction\",\"target\":{\"@type\":\"EntryPoint\",\"urlTemplate\":\"https:\/\/www.erresse-shop.it\/fr\/?s={search_term_string}\"},\"query-input\":\"required name=search_term_string\"}],\"inLanguage\":\"fr-FR\"}]}<\/script>\n<!-- \/ Yoast SEO Premium plugin. -->","yoast_head_json":{"title":"MAGIMIX Juice Expert 3 avec Coffret Coupe L\u00e9gumes Noir","description":"D\u00e9couvrez MAGIMIX Juice Expert 3 avec Coffret Coupe L\u00e9gumes Noir sur ErresseShop. Qualit\u00e9, prix r\u00e9duits et achat s\u00e9curis\u00e9 \u2013 commandez d\u00e8s maintenant en ligne !","robots":{"index":"index","follow":"follow","max-snippet":"max-snippet:-1","max-image-preview":"max-image-preview:large","max-video-preview":"max-video-preview:-1"},"canonical":"https:\/\/www.erresse-shop.it\/fr\/shop\/petits-electromenagers\/mousseurs-a-lait\/caso-design-mousseur-a-lait-crema-choco-black\/","og_locale":"fr_FR","og_type":"article","og_title":"CASO DESIGN Mousseur \u00e0 lait Crema & Choco Black","og_description":"D\u00e9couvrez MAGIMIX Juice Expert 3 avec Coffret Coupe L\u00e9gumes Noir sur ErresseShop. Qualit\u00e9, prix r\u00e9duits et achat s\u00e9curis\u00e9 \u2013 commandez d\u00e8s maintenant en ligne !","og_url":"https:\/\/www.erresse-shop.it\/fr\/shop\/petits-electromenagers\/mousseurs-a-lait\/caso-design-mousseur-a-lait-crema-choco-black\/","og_site_name":"Erresse Shop","article_modified_time":"2025-09-08T06:15:46+00:00","og_image":[{"width":1200,"height":1200,"url":"https:\/\/www.erresse-shop.it\/wp-content\/uploads\/2025\/09\/CASO-DESIGN-Montalatte-Crema-e-Choco-Black.jpg","type":"image\/jpeg"}],"twitter_card":"summary_large_image","schema":{"@context":"https:\/\/schema.org","@graph":[{"@type":"WebPage","@id":"https:\/\/www.erresse-shop.it\/fr\/shop\/petits-electromenagers\/mousseurs-a-lait\/caso-design-mousseur-a-lait-crema-choco-black\/","url":"https:\/\/www.erresse-shop.it\/fr\/shop\/petits-electromenagers\/mousseurs-a-lait\/caso-design-mousseur-a-lait-crema-choco-black\/","name":"MAGIMIX Juice Expert 3 avec Coffret Coupe L\u00e9gumes Noir","isPartOf":{"@id":"https:\/\/www.erresse-shop.it\/fr\/#website"},"datePublished":"2025-09-08T06:00:05+00:00","dateModified":"2025-09-08T06:15:46+00:00","description":"D\u00e9couvrez MAGIMIX Juice Expert 3 avec Coffret Coupe L\u00e9gumes Noir sur ErresseShop. Qualit\u00e9, prix r\u00e9duits et achat s\u00e9curis\u00e9 \u2013 commandez d\u00e8s maintenant en ligne !","breadcrumb":{"@id":"https:\/\/www.erresse-shop.it\/fr\/shop\/petits-electromenagers\/mousseurs-a-lait\/caso-design-mousseur-a-lait-crema-choco-black\/#breadcrumb"},"inLanguage":"fr-FR","potentialAction":[{"@type":"ReadAction","target":["https:\/\/www.erresse-shop.it\/fr\/shop\/petits-electromenagers\/mousseurs-a-lait\/caso-design-mousseur-a-lait-crema-choco-black\/"]}]},{"@type":"BreadcrumbList","@id":"https:\/\/www.erresse-shop.it\/fr\/shop\/petits-electromenagers\/mousseurs-a-lait\/caso-design-mousseur-a-lait-crema-choco-black\/#breadcrumb","itemListElement":[{"@type":"ListItem","position":1,"name":"Home","item":"https:\/\/www.erresse-shop.it\/fr\/"},{"@type":"ListItem","position":2,"name":"Shop","item":"https:\/\/www.erresse-shop.it\/fr\/shop\/"},{"@type":"ListItem","position":3,"name":"CASO DESIGN Mousseur \u00e0 lait Crema &#038; Choco Black"}]},{"@type":"WebSite","@id":"https:\/\/www.erresse-shop.it\/fr\/#website","url":"https:\/\/www.erresse-shop.it\/fr\/","name":"Erresse Shop","description":"Articoli di qualit\u00e0 per la casa","potentialAction":[{"@type":"SearchAction","target":{"@type":"EntryPoint","urlTemplate":"https:\/\/www.erresse-shop.it\/fr\/?s={search_term_string}"},"query-input":"required name=search_term_string"}],"inLanguage":"fr-FR"}]}},"df_price":69.99,"df_sale_price":69.99,"df_regular_price":69.99,"df_image_link":"https:\/\/www.erresse-shop.it\/wp-content\/uploads\/2025\/09\/CASO-DESIGN-Montalatte-Crema-e-Choco-Black-300x300.jpg","_links":{"self":[{"href":"https:\/\/www.erresse-shop.it\/fr\/wp-json\/wp\/v2\/product\/511651"}],"collection":[{"href":"https:\/\/www.erresse-shop.it\/fr\/wp-json\/wp\/v2\/product"}],"about":[{"href":"https:\/\/www.erresse-shop.it\/fr\/wp-json\/wp\/v2\/types\/product"}],"wp:featuredmedia":[{"embeddable":true,"href":"https:\/\/www.erresse-shop.it\/fr\/wp-json\/wp\/v2\/media\/511668"}],"wp:attachment":[{"href":"https:\/\/www.erresse-shop.it\/fr\/wp-json\/wp\/v2\/media?parent=511651"}],"wp:term":[{"taxonomy":"product_cat","embeddable":true,"href":"https:\/\/www.erresse-shop.it\/fr\/wp-json\/wp\/v2\/product_cat?post=511651"},{"taxonomy":"product_tag","embeddable":true,"href":"https:\/\/www.erresse-shop.it\/fr\/wp-json\/wp\/v2\/product_tag?post=511651"}],"curies":[{"name":"wp","href":"https:\/\/api.w.org\/{rel}","templated":true}]}}