{"id":511596,"date":"2025-09-05T12:38:27","date_gmt":"2025-09-05T12:38:27","guid":{"rendered":"https:\/\/www.erresse-shop.it\/?post_type=product&#038;p=511596"},"modified":"2025-09-05T12:47:50","modified_gmt":"2025-09-05T12:47:50","slug":"caso-design-hachoir-chop-go","status":"publish","type":"product","link":"https:\/\/www.erresse-shop.it\/fr\/shop\/petits-electromenagers\/robots-de-cuisine\/caso-design-hachoir-chop-go\/","title":{"rendered":"CASO DESIGN hachoir Chop &#038; Go"},"content":{"rendered":"<p>Hachoir multifonction CASO Design \u00ab Chop &#038; Go \u00bb\u00a0: pr\u00eat \u00e0 l&#8217;emploi partout<br \/>\nHachez, mixez et mixez o\u00f9 et quand vous le souhaitez\u00a0: avec le hachoir multifonction sans fil \u00ab\u00a0Chop &#038; Go\u00a0\u00bb de CASO Design\u00a0!<\/p>\n<p>Fini les c\u00e2bles emm\u00eal\u00e9s\u00a0!<\/p>\n<p>Ce hachoir multifonction sans fil est pr\u00eat \u00e0 l&#8217;emploi partout. Il laisse libre cours \u00e0 votre cr\u00e9ativit\u00e9 et vous offre plus d&#8217;espace de travail.<\/p>\n<p>Le syst\u00e8me de lames \u00e0 quatre lames en acier inoxydable hache et r\u00e9duit en pur\u00e9e l\u00e9gumes, fruits, viande, poisson, noix et bien plus encore, rapidement et facilement.<\/p>\n<p>Pratique, le \u00ab\u00a0Chop &#038; Go\u00a0\u00bb est livr\u00e9 avec un bol en verre de 1,0\u00a0litre, un tapis antid\u00e9rapant et un couvercle de rangement, pour un travail plus facile\u00a0: id\u00e9al pour une utilisation quotidienne en cuisine et id\u00e9al pour les d\u00e9placements\u00a0! <\/p>\n<h4>Avec disque \u00e9mulsionneur pour fouetter et mixer<\/h4>\n<p>L&#8217;\u00e9l\u00e9gant robot culinaire \u00ab\u00a0Chop &#038; Go\u00a0\u00bb offre deux vitesses (jusqu&#8217;\u00e0 2\u00a0300 tr\/min) et un disque \u00e9mulsionneur pour fouetter et mixer, par exemple de la cr\u00e8me fouett\u00e9e, des sauces ou des vinaigrettes.<\/p>\n<p>Une spatule et un c\u00e2ble de charge USB-C sont \u00e9galement inclus. La batterie lithium-ion longue dur\u00e9e offre jusqu&#8217;\u00e0 60 minutes d&#8217;autonomie, selon la quantit\u00e9 de garniture et la vitesse.<\/p>\n<p>Pour une meilleure visibilit\u00e9, un indicateur de batterie blanc avec indicateur de charge est int\u00e9gr\u00e9.<\/p>\n<p>Dimensions\u00a0: 14 x 14 x 23,5 cm<br \/>\nPoids\u00a0: 1,63 kg<\/p>\n","protected":false},"excerpt":{"rendered":"<p>Hachoir multifonction CASO Design \u00ab Chop &#038; Go \u00bb\u00a0: pr\u00eat \u00e0 l&#8217;emploi partout Hachez, mixez et mixez o\u00f9 et quand<\/p>\n","protected":false},"featured_media":511619,"template":"","meta":{"_acf_changed":false,"inline_featured_image":false},"product_cat":[12449,12768],"product_tag":[12948,20906],"acf":[],"yoast_head":"<!-- This site is optimized with the Yoast SEO Premium plugin v18.6 (Yoast SEO v19.13) - https:\/\/yoast.com\/wordpress\/plugins\/seo\/ -->\n<title>MAGIMIX Juice Expert 3 avec Coffret Coupe L\u00e9gumes Noir<\/title>\n<meta name=\"description\" content=\"D\u00e9couvrez MAGIMIX Juice Expert 3 avec Coffret Coupe L\u00e9gumes Noir sur ErresseShop. Qualit\u00e9, prix r\u00e9duits et achat s\u00e9curis\u00e9 \u2013 commandez d\u00e8s maintenant en ligne !\" \/>\n<meta name=\"robots\" content=\"index, follow, max-snippet:-1, max-image-preview:large, max-video-preview:-1\" \/>\n<link rel=\"canonical\" href=\"https:\/\/www.erresse-shop.it\/fr\/shop\/petits-electromenagers\/robots-de-cuisine\/caso-design-hachoir-chop-go\/\" \/>\n<meta property=\"og:locale\" content=\"fr_FR\" \/>\n<meta property=\"og:type\" content=\"article\" \/>\n<meta property=\"og:title\" content=\"CASO DESIGN hachoir Chop &amp; Go\" \/>\n<meta property=\"og:description\" content=\"D\u00e9couvrez MAGIMIX Juice Expert 3 avec Coffret Coupe L\u00e9gumes Noir sur ErresseShop. Qualit\u00e9, prix r\u00e9duits et achat s\u00e9curis\u00e9 \u2013 commandez d\u00e8s maintenant en ligne !\" \/>\n<meta property=\"og:url\" content=\"https:\/\/www.erresse-shop.it\/fr\/shop\/petits-electromenagers\/robots-de-cuisine\/caso-design-hachoir-chop-go\/\" \/>\n<meta property=\"og:site_name\" content=\"Erresse Shop\" \/>\n<meta property=\"article:modified_time\" content=\"2025-09-05T12:47:50+00:00\" \/>\n<meta property=\"og:image\" content=\"https:\/\/www.erresse-shop.it\/wp-content\/uploads\/2025\/09\/CASO-DESIGN-Tritatutto-Chop-Go.jpg\" \/>\n\t<meta property=\"og:image:width\" content=\"1200\" \/>\n\t<meta property=\"og:image:height\" content=\"1200\" \/>\n\t<meta property=\"og:image:type\" content=\"image\/jpeg\" \/>\n<meta name=\"twitter:card\" content=\"summary_large_image\" \/>\n<script type=\"application\/ld+json\" class=\"yoast-schema-graph\">{\"@context\":\"https:\/\/schema.org\",\"@graph\":[{\"@type\":\"WebPage\",\"@id\":\"https:\/\/www.erresse-shop.it\/fr\/shop\/petits-electromenagers\/robots-de-cuisine\/caso-design-hachoir-chop-go\/\",\"url\":\"https:\/\/www.erresse-shop.it\/fr\/shop\/petits-electromenagers\/robots-de-cuisine\/caso-design-hachoir-chop-go\/\",\"name\":\"MAGIMIX Juice Expert 3 avec Coffret Coupe L\u00e9gumes Noir\",\"isPartOf\":{\"@id\":\"https:\/\/www.erresse-shop.it\/fr\/#website\"},\"datePublished\":\"2025-09-05T12:38:27+00:00\",\"dateModified\":\"2025-09-05T12:47:50+00:00\",\"description\":\"D\u00e9couvrez MAGIMIX Juice Expert 3 avec Coffret Coupe L\u00e9gumes Noir sur ErresseShop. Qualit\u00e9, prix r\u00e9duits et achat s\u00e9curis\u00e9 \u2013 commandez d\u00e8s maintenant en ligne !\",\"breadcrumb\":{\"@id\":\"https:\/\/www.erresse-shop.it\/fr\/shop\/petits-electromenagers\/robots-de-cuisine\/caso-design-hachoir-chop-go\/#breadcrumb\"},\"inLanguage\":\"fr-FR\",\"potentialAction\":[{\"@type\":\"ReadAction\",\"target\":[\"https:\/\/www.erresse-shop.it\/fr\/shop\/petits-electromenagers\/robots-de-cuisine\/caso-design-hachoir-chop-go\/\"]}]},{\"@type\":\"BreadcrumbList\",\"@id\":\"https:\/\/www.erresse-shop.it\/fr\/shop\/petits-electromenagers\/robots-de-cuisine\/caso-design-hachoir-chop-go\/#breadcrumb\",\"itemListElement\":[{\"@type\":\"ListItem\",\"position\":1,\"name\":\"Home\",\"item\":\"https:\/\/www.erresse-shop.it\/fr\/\"},{\"@type\":\"ListItem\",\"position\":2,\"name\":\"Shop\",\"item\":\"https:\/\/www.erresse-shop.it\/fr\/shop\/\"},{\"@type\":\"ListItem\",\"position\":3,\"name\":\"CASO DESIGN hachoir Chop &#038; Go\"}]},{\"@type\":\"WebSite\",\"@id\":\"https:\/\/www.erresse-shop.it\/fr\/#website\",\"url\":\"https:\/\/www.erresse-shop.it\/fr\/\",\"name\":\"Erresse Shop\",\"description\":\"Articoli di qualit\u00e0 per la casa\",\"potentialAction\":[{\"@type\":\"SearchAction\",\"target\":{\"@type\":\"EntryPoint\",\"urlTemplate\":\"https:\/\/www.erresse-shop.it\/fr\/?s={search_term_string}\"},\"query-input\":\"required name=search_term_string\"}],\"inLanguage\":\"fr-FR\"}]}<\/script>\n<!-- \/ Yoast SEO Premium plugin. -->","yoast_head_json":{"title":"MAGIMIX Juice Expert 3 avec Coffret Coupe L\u00e9gumes Noir","description":"D\u00e9couvrez MAGIMIX Juice Expert 3 avec Coffret Coupe L\u00e9gumes Noir sur ErresseShop. Qualit\u00e9, prix r\u00e9duits et achat s\u00e9curis\u00e9 \u2013 commandez d\u00e8s maintenant en ligne !","robots":{"index":"index","follow":"follow","max-snippet":"max-snippet:-1","max-image-preview":"max-image-preview:large","max-video-preview":"max-video-preview:-1"},"canonical":"https:\/\/www.erresse-shop.it\/fr\/shop\/petits-electromenagers\/robots-de-cuisine\/caso-design-hachoir-chop-go\/","og_locale":"fr_FR","og_type":"article","og_title":"CASO DESIGN hachoir Chop & Go","og_description":"D\u00e9couvrez MAGIMIX Juice Expert 3 avec Coffret Coupe L\u00e9gumes Noir sur ErresseShop. Qualit\u00e9, prix r\u00e9duits et achat s\u00e9curis\u00e9 \u2013 commandez d\u00e8s maintenant en ligne !","og_url":"https:\/\/www.erresse-shop.it\/fr\/shop\/petits-electromenagers\/robots-de-cuisine\/caso-design-hachoir-chop-go\/","og_site_name":"Erresse Shop","article_modified_time":"2025-09-05T12:47:50+00:00","og_image":[{"width":1200,"height":1200,"url":"https:\/\/www.erresse-shop.it\/wp-content\/uploads\/2025\/09\/CASO-DESIGN-Tritatutto-Chop-Go.jpg","type":"image\/jpeg"}],"twitter_card":"summary_large_image","schema":{"@context":"https:\/\/schema.org","@graph":[{"@type":"WebPage","@id":"https:\/\/www.erresse-shop.it\/fr\/shop\/petits-electromenagers\/robots-de-cuisine\/caso-design-hachoir-chop-go\/","url":"https:\/\/www.erresse-shop.it\/fr\/shop\/petits-electromenagers\/robots-de-cuisine\/caso-design-hachoir-chop-go\/","name":"MAGIMIX Juice Expert 3 avec Coffret Coupe L\u00e9gumes Noir","isPartOf":{"@id":"https:\/\/www.erresse-shop.it\/fr\/#website"},"datePublished":"2025-09-05T12:38:27+00:00","dateModified":"2025-09-05T12:47:50+00:00","description":"D\u00e9couvrez MAGIMIX Juice Expert 3 avec Coffret Coupe L\u00e9gumes Noir sur ErresseShop. Qualit\u00e9, prix r\u00e9duits et achat s\u00e9curis\u00e9 \u2013 commandez d\u00e8s maintenant en ligne !","breadcrumb":{"@id":"https:\/\/www.erresse-shop.it\/fr\/shop\/petits-electromenagers\/robots-de-cuisine\/caso-design-hachoir-chop-go\/#breadcrumb"},"inLanguage":"fr-FR","potentialAction":[{"@type":"ReadAction","target":["https:\/\/www.erresse-shop.it\/fr\/shop\/petits-electromenagers\/robots-de-cuisine\/caso-design-hachoir-chop-go\/"]}]},{"@type":"BreadcrumbList","@id":"https:\/\/www.erresse-shop.it\/fr\/shop\/petits-electromenagers\/robots-de-cuisine\/caso-design-hachoir-chop-go\/#breadcrumb","itemListElement":[{"@type":"ListItem","position":1,"name":"Home","item":"https:\/\/www.erresse-shop.it\/fr\/"},{"@type":"ListItem","position":2,"name":"Shop","item":"https:\/\/www.erresse-shop.it\/fr\/shop\/"},{"@type":"ListItem","position":3,"name":"CASO DESIGN hachoir Chop &#038; Go"}]},{"@type":"WebSite","@id":"https:\/\/www.erresse-shop.it\/fr\/#website","url":"https:\/\/www.erresse-shop.it\/fr\/","name":"Erresse Shop","description":"Articoli di qualit\u00e0 per la casa","potentialAction":[{"@type":"SearchAction","target":{"@type":"EntryPoint","urlTemplate":"https:\/\/www.erresse-shop.it\/fr\/?s={search_term_string}"},"query-input":"required name=search_term_string"}],"inLanguage":"fr-FR"}]}},"df_price":69.99,"df_sale_price":69.99,"df_regular_price":69.99,"df_image_link":"https:\/\/www.erresse-shop.it\/wp-content\/uploads\/2025\/09\/CASO-DESIGN-Tritatutto-Chop-Go-300x300.jpg","_links":{"self":[{"href":"https:\/\/www.erresse-shop.it\/fr\/wp-json\/wp\/v2\/product\/511596"}],"collection":[{"href":"https:\/\/www.erresse-shop.it\/fr\/wp-json\/wp\/v2\/product"}],"about":[{"href":"https:\/\/www.erresse-shop.it\/fr\/wp-json\/wp\/v2\/types\/product"}],"wp:featuredmedia":[{"embeddable":true,"href":"https:\/\/www.erresse-shop.it\/fr\/wp-json\/wp\/v2\/media\/511619"}],"wp:attachment":[{"href":"https:\/\/www.erresse-shop.it\/fr\/wp-json\/wp\/v2\/media?parent=511596"}],"wp:term":[{"taxonomy":"product_cat","embeddable":true,"href":"https:\/\/www.erresse-shop.it\/fr\/wp-json\/wp\/v2\/product_cat?post=511596"},{"taxonomy":"product_tag","embeddable":true,"href":"https:\/\/www.erresse-shop.it\/fr\/wp-json\/wp\/v2\/product_tag?post=511596"}],"curies":[{"name":"wp","href":"https:\/\/api.w.org\/{rel}","templated":true}]}}